{"id":135,"date":"2025-03-27T22:32:49","date_gmt":"2025-03-27T22:32:49","guid":{"rendered":"https:\/\/itdd.au.dk\/sniksnakkerne\/?page_id=135"},"modified":"2025-04-24T14:26:53","modified_gmt":"2025-04-24T14:26:53","slug":"om-os","status":"publish","type":"page","link":"https:\/\/itdd.au.dk\/sniksnakkerne\/om-os\/","title":{"rendered":"Om os"},"content":{"rendered":"\n<div class=\"wp-block-columns is-layout-flex wp-container-core-columns-is-layout-9d6595d7 wp-block-columns-is-layout-flex\">\n<div class=\"wp-block-column is-layout-flow wp-block-column-is-layout-flow\">\n<div class=\"wp-block-media-text is-stacked-on-mobile has-background\" style=\"background-color:#feffc3;grid-template-columns:35% auto\"><figure class=\"wp-block-media-text__media\"><img loading=\"lazy\" decoding=\"async\" width=\"695\" height=\"1024\" src=\"https:\/\/itdd.au.dk\/sniksnakkerne\/wp-content\/uploads\/sites\/31\/2025\/03\/D-695x1024.png\" alt=\"\" class=\"wp-image-179 size-full\" srcset=\"https:\/\/itdd.au.dk\/sniksnakkerne\/wp-content\/uploads\/sites\/31\/2025\/03\/D-695x1024.png 695w, https:\/\/itdd.au.dk\/sniksnakkerne\/wp-content\/uploads\/sites\/31\/2025\/03\/D-204x300.png 204w, https:\/\/itdd.au.dk\/sniksnakkerne\/wp-content\/uploads\/sites\/31\/2025\/03\/D-768x1131.png 768w, https:\/\/itdd.au.dk\/sniksnakkerne\/wp-content\/uploads\/sites\/31\/2025\/03\/D.png 905w\" sizes=\"auto, (max-width: 695px) 100vw, 695px\" \/><\/figure><div class=\"wp-block-media-text__content\">\n<p class=\"has-medium-font-size\"><strong>Dorthe<\/strong> er en livsnydende lille sj\u00e6l, f\u00f8dt den 10. april 2024, hvilket g\u00f8r hende til en \u00e6gte V\u00e6dder \u2013 fuld af energi, charme og et glimt i \u00f8jet!<br><strong>Fun fact om V\u00e6ddere:<\/strong><br>De er kendt for deres entusiasme, legesyge natur og nysgerrighed \u2013 en V\u00e6dder springer gerne hovedkulds ud i nye eventyr (eller ind i en vasket\u00f8jskurv).<\/p>\n\n\n\n<p class=\"has-medium-font-size\">Set p\u00e5 Dorthe, er hun ikke bare uimodst\u00e5eligt nuttet og fuld af k\u00e6rlighed; hun har ogs\u00e5 en urokkelig loyalitet og et hjerte af guld, hvilket tydeligt ses i hendes Hogwarts-hus: Hufflepuff. Som en \u00e6gte Hufflepuff er hun hengiven, k\u00e6rlig og altid klar p\u00e5 et putte-eventyr \u2013 uanset om det er i sofaen, p\u00e5 sk\u00f8det eller i sengen.<\/p>\n\n\n\n<p class=\"has-medium-font-size\">Dorthe elsker at blive nusset bag \u00f8rerne, tage lange lure i solstr\u00e5ler, slippe en lille diskret prut, og lege med alt fra bamser til sokker. Hun er kendt og elsket for sin sjove personlighed og varme tilstedev\u00e6relse \u2013 en sand hjertevarmer i familien og en trofast ven gennem tykt og tyndt.<\/p>\n<\/div><\/div>\n<\/div>\n<\/div>\n\n\n\n<div class=\"wp-block-media-text is-stacked-on-mobile has-background\" style=\"background-color:#ff8686;grid-template-columns:35% auto\"><figure class=\"wp-block-media-text__media\"><img loading=\"lazy\" decoding=\"async\" width=\"695\" height=\"1024\" src=\"https:\/\/itdd.au.dk\/sniksnakkerne\/wp-content\/uploads\/sites\/31\/2025\/03\/A-695x1024.png\" alt=\"\" class=\"wp-image-180 size-full\" srcset=\"https:\/\/itdd.au.dk\/sniksnakkerne\/wp-content\/uploads\/sites\/31\/2025\/03\/A-695x1024.png 695w, https:\/\/itdd.au.dk\/sniksnakkerne\/wp-content\/uploads\/sites\/31\/2025\/03\/A-204x300.png 204w, https:\/\/itdd.au.dk\/sniksnakkerne\/wp-content\/uploads\/sites\/31\/2025\/03\/A-768x1131.png 768w, https:\/\/itdd.au.dk\/sniksnakkerne\/wp-content\/uploads\/sites\/31\/2025\/03\/A.png 905w\" sizes=\"auto, (max-width: 695px) 100vw, 695px\" \/><\/figure><div class=\"wp-block-media-text__content\">\n<p class=\"has-medium-font-size\"><strong>Asta<\/strong> er 25 \u00e5r gammel og blev f\u00f8dt den 23. juli 1999, hvilket g\u00f8r dem til en energisk og karismatisk L\u00f8ve. <br><strong>Fun fact om L\u00f8ven:<\/strong><br>De er kendt for deres st\u00e6rke personlighed og naturlige selvtillid, men ogs\u00e5 for deres loyalitet over for dem, de holder af.<\/p>\n\n\n\n<p class=\"has-medium-font-size\">Asta er uddannet skole-fritidsp\u00e6dagog og br\u00e6nder for at skabe et trygt og inkluderende milj\u00f8 for b\u00f8rnene. Som en \u00e6gte Gryffindor er de modige, handlekraftige og st\u00e5r altid op for retf\u00e6rdighed. Selvom L\u00f8ver ofte forbindes med en udadvendt energi, adskiller Asta sig ved at v\u00e6re rolig, detaljeorienteret og afslappet \u2013 en kombination, som g\u00f8r dem b\u00e5de p\u00e5lidelige og behagelige at v\u00e6re omkring.<\/p>\n\n\n\n<p class=\"has-medium-font-size\">N\u00e5r studierne er lagt til side, finder Asta gl\u00e6de i en imponerende plantesamling, som t\u00e6ller hele 28 planter i forskellige st\u00f8rrelser. Planterne bliver plejet med omhu og t\u00e5lmodighed. Dette afspejler Astas sans for detaljer og deres afslappede tilgang til livet.<\/p>\n<\/div><\/div>\n\n\n\n<div class=\"wp-block-media-text is-stacked-on-mobile has-background\" style=\"background-color:#b2f8df;grid-template-columns:35% auto\"><figure class=\"wp-block-media-text__media\"><img loading=\"lazy\" decoding=\"async\" width=\"695\" height=\"1024\" src=\"https:\/\/itdd.au.dk\/sniksnakkerne\/wp-content\/uploads\/sites\/31\/2025\/03\/K-695x1024.png\" alt=\"\" class=\"wp-image-181 size-full\" srcset=\"https:\/\/itdd.au.dk\/sniksnakkerne\/wp-content\/uploads\/sites\/31\/2025\/03\/K-695x1024.png 695w, https:\/\/itdd.au.dk\/sniksnakkerne\/wp-content\/uploads\/sites\/31\/2025\/03\/K-204x300.png 204w, https:\/\/itdd.au.dk\/sniksnakkerne\/wp-content\/uploads\/sites\/31\/2025\/03\/K-768x1131.png 768w, https:\/\/itdd.au.dk\/sniksnakkerne\/wp-content\/uploads\/sites\/31\/2025\/03\/K.png 905w\" sizes=\"auto, (max-width: 695px) 100vw, 695px\" \/><\/figure><div class=\"wp-block-media-text__content\">\n<p class=\"has-medium-font-size\"><strong>Katarina <\/strong>er 26 \u00e5r gammel og blev f\u00f8dt i den 28. december 1998, hvilket g\u00f8r hende til en ambiti\u00f8s og m\u00e5lrettet Stenbuk.<br><strong>Fun fact om Stenbukke:<\/strong>&nbsp;<br>De er kendt for deres vedholdenhed og st\u00e6rke arbejdsmoral \u2013 n\u00e5r en Stenbuk s\u00e6tter sig et m\u00e5l, stopper de ikke, f\u00f8r det er n\u00e5et!<\/p>\n\n\n\n<p class=\"has-medium-font-size\">Set p\u00e5 Katarina, er hun ikke kun struktureret og m\u00e5lrettet; hun har ogs\u00e5 en kreativ og strategisk side, hvilket afspejles i hendes Hogwarts-hus: Slytherin. Som en \u00e6gte Slytherin er hun ambiti\u00f8s, beslutsom og ressourcest\u00e6rk.<\/p>\n\n\n\n<p class=\"has-medium-font-size\">Hun er uddannet b\u00e5de l\u00e6rer og HR-konsulent, og&nbsp;&nbsp;arbejder p\u00e5 nuv\u00e6rende tidspunkt som studentermedhj\u00e6lper i en stor IT-virksomhed. Katarina elsker at sove l\u00e6nge og fordybe sig i gode b\u00f8ger i sin fritid. Hun er kendt for altid at v\u00e6re positiv og smilende, hvilket g\u00f8r hende vellidt blandt b\u00e5de kolleger, venner og familie.<\/p>\n<\/div><\/div>\n\n\n\n<div class=\"wp-block-media-text is-stacked-on-mobile has-background\" style=\"background-color:#bbd1fa;grid-template-columns:35% auto\"><figure class=\"wp-block-media-text__media\"><img loading=\"lazy\" decoding=\"async\" width=\"695\" height=\"1024\" src=\"https:\/\/itdd.au.dk\/sniksnakkerne\/wp-content\/uploads\/sites\/31\/2025\/03\/C-695x1024.png\" alt=\"\" class=\"wp-image-183 size-full\" srcset=\"https:\/\/itdd.au.dk\/sniksnakkerne\/wp-content\/uploads\/sites\/31\/2025\/03\/C-695x1024.png 695w, https:\/\/itdd.au.dk\/sniksnakkerne\/wp-content\/uploads\/sites\/31\/2025\/03\/C-204x300.png 204w, https:\/\/itdd.au.dk\/sniksnakkerne\/wp-content\/uploads\/sites\/31\/2025\/03\/C-768x1131.png 768w, https:\/\/itdd.au.dk\/sniksnakkerne\/wp-content\/uploads\/sites\/31\/2025\/03\/C.png 905w\" sizes=\"auto, (max-width: 695px) 100vw, 695px\" \/><\/figure><div class=\"wp-block-media-text__content\">\n<p class=\"has-medium-font-size\"><strong>Christine<\/strong> er 34 \u00e5r gammel og blev f\u00f8dt den 17. december 1990, hvilket g\u00f8r hende til en eventyrlysten og optimistisk Skytte.&nbsp;<br><strong>Fun fact om Skytten:<\/strong><br>De er kendt for deres nysgerrighed og trang til at udforske verden \u2013 b\u00e5de fysisk og mentalt. Skytten elsker frihed og har en naturlig entusiasme, der smitter af p\u00e5 omgivelserne.<\/p>\n\n\n\n<p class=\"has-medium-font-size\">Professionelt er Christine gymnasiel\u00e6rer og begyndte sin undervisningskarriere i 2018. Som en \u00e6gte Ravenclaw er hun klog, kreativ og v\u00e6rds\u00e6tter viden \u2013 altid p\u00e5 udkig efter nye m\u00e5der at engagere sine elever p\u00e5.<\/p>\n\n\n\n<p class=\"has-medium-font-size\">Privat er Christine mor til to sk\u00f8nne b\u00f8rn: en pige p\u00e5 5 og en dreng p\u00e5 4. Familien er ogs\u00e5 beriget med Sniksnakkernes elskede maskot, Dorthe.<\/p>\n\n\n\n<p class=\"has-medium-font-size\">Christine form\u00e5r at balancere arbejdsliv og familieliv med sit karakteristiske gode hum\u00f8r og sin smittende livsgl\u00e6de<\/p>\n<\/div><\/div>\n","protected":false},"excerpt":{"rendered":"<p>Dorthe er en livsnydende lille sj\u00e6l, f\u00f8dt den 10. april 2024, hvilket g\u00f8r hende til en \u00e6gte V\u00e6dder \u2013 fuld af energi, charme og et glimt i \u00f8jet!Fun fact om V\u00e6ddere:De er kendt for deres entusiasme, legesyge natur og nysgerrighed \u2013 en V\u00e6dder springer gerne hovedkulds ud i nye eventyr (eller ind i en vasket\u00f8jskurv). [&hellip;]<\/p>\n","protected":false},"author":51,"featured_media":0,"parent":0,"menu_order":0,"comment_status":"closed","ping_status":"closed","template":"","meta":{"footnotes":""},"class_list":["post-135","page","type-page","status-publish","hentry","entry"],"_links":{"self":[{"href":"https:\/\/itdd.au.dk\/sniksnakkerne\/wp-json\/wp\/v2\/pages\/135","targetHints":{"allow":["GET"]}}],"collection":[{"href":"https:\/\/itdd.au.dk\/sniksnakkerne\/wp-json\/wp\/v2\/pages"}],"about":[{"href":"https:\/\/itdd.au.dk\/sniksnakkerne\/wp-json\/wp\/v2\/types\/page"}],"author":[{"embeddable":true,"href":"https:\/\/itdd.au.dk\/sniksnakkerne\/wp-json\/wp\/v2\/users\/51"}],"replies":[{"embeddable":true,"href":"https:\/\/itdd.au.dk\/sniksnakkerne\/wp-json\/wp\/v2\/comments?post=135"}],"version-history":[{"count":25,"href":"https:\/\/itdd.au.dk\/sniksnakkerne\/wp-json\/wp\/v2\/pages\/135\/revisions"}],"predecessor-version":[{"id":441,"href":"https:\/\/itdd.au.dk\/sniksnakkerne\/wp-json\/wp\/v2\/pages\/135\/revisions\/441"}],"wp:attachment":[{"href":"https:\/\/itdd.au.dk\/sniksnakkerne\/wp-json\/wp\/v2\/media?parent=135"}],"curies":[{"name":"wp","href":"https:\/\/api.w.org\/{rel}","templated":true}]}}