{"id":103,"date":"2025-03-26T07:26:40","date_gmt":"2025-03-26T07:26:40","guid":{"rendered":"https:\/\/itdd.au.dk\/sniksnakkerne\/?page_id=103"},"modified":"2025-03-27T23:02:00","modified_gmt":"2025-03-27T23:02:00","slug":"forside","status":"publish","type":"page","link":"https:\/\/itdd.au.dk\/sniksnakkerne\/","title":{"rendered":"Forside"},"content":{"rendered":"\n<p><\/p>\n\n\n\n<div class=\"wp-block-columns alignwide is-layout-flex wp-container-core-columns-is-layout-829b1d53 wp-block-columns-is-layout-flex\" style=\"margin-bottom:0\">\n<div class=\"wp-block-column has-white-color has-text-color has-background has-link-color wp-elements-6d6013641ae7181138279502f83c1c42 is-layout-flow wp-block-column-is-layout-flow\" style=\"background-color:#f2b1e5;padding-top:2em;padding-right:2em;padding-bottom:2em;padding-left:2em\">\n<h2 class=\"wp-block-heading has-text-align-center\" id=\"single\" style=\"font-size:40px\"><img loading=\"lazy\" decoding=\"async\" width=\"300\" height=\"81\" class=\"wp-image-54\" style=\"width: 300px;\" src=\"https:\/\/itdd.au.dk\/sniksnakkerne\/wp-content\/uploads\/sites\/31\/2025\/03\/hvemer.png\" alt=\"\" srcset=\"https:\/\/itdd.au.dk\/sniksnakkerne\/wp-content\/uploads\/sites\/31\/2025\/03\/hvemer.png 1434w, https:\/\/itdd.au.dk\/sniksnakkerne\/wp-content\/uploads\/sites\/31\/2025\/03\/hvemer-300x81.png 300w, https:\/\/itdd.au.dk\/sniksnakkerne\/wp-content\/uploads\/sites\/31\/2025\/03\/hvemer-1024x276.png 1024w, https:\/\/itdd.au.dk\/sniksnakkerne\/wp-content\/uploads\/sites\/31\/2025\/03\/hvemer-768x207.png 768w\" sizes=\"auto, (max-width: 300px) 100vw, 300px\" \/><\/h2>\n\n\n\n<p class=\"has-medium-font-size\">Vi er tre engagerede studerende (og vores maskot Dorthe, en fransk bulldog) p\u00e5 kandidatuddannelsen IT-didaktisk design, og her p\u00e5 bloggen kan du f\u00f8lge med i vores studiearbejde. <\/p>\n\n\n\n<p class=\"has-medium-font-size\">Bloggen er skabet for at dele vores opgaver\/eksperimenter og refleksioner omhandlende vores projekter.<\/p>\n\n\n\n<p class=\"has-medium-font-size\">Vi h\u00e5ber, du vil finde inspiration i vores arbejde! <\/p>\n\n\n\n<div class=\"wp-block-buttons is-content-justification-center is-layout-flex wp-container-core-buttons-is-layout-16018d1d wp-block-buttons-is-layout-flex\">\n<div class=\"wp-block-button\"><a class=\"wp-block-button__link has-background wp-element-button\" href=\"https:\/\/itdd.au.dk\/sniksnakkerne\/om-os\/\" style=\"border-radius:0px;background-color:#f186ec\"><img loading=\"lazy\" decoding=\"async\" width=\"200\" height=\"57\" class=\"wp-image-58\" style=\"width: 200px;\" src=\"https:\/\/itdd.au.dk\/sniksnakkerne\/wp-content\/uploads\/sites\/31\/2025\/03\/knap.png\" alt=\"\" srcset=\"https:\/\/itdd.au.dk\/sniksnakkerne\/wp-content\/uploads\/sites\/31\/2025\/03\/knap.png 721w, https:\/\/itdd.au.dk\/sniksnakkerne\/wp-content\/uploads\/sites\/31\/2025\/03\/knap-300x85.png 300w\" sizes=\"auto, (max-width: 200px) 100vw, 200px\" \/><\/a><\/div>\n<\/div>\n<\/div>\n\n\n\n<div class=\"wp-block-column has-white-color has-text-color has-background has-link-color wp-elements-71435b831ad4f45b275d5d36e775944e is-layout-flow wp-block-column-is-layout-flow\" style=\"background-color:#f2b1e5;padding-top:2em;padding-right:2em;padding-bottom:2em;padding-left:2em\">\n<h2 class=\"wp-block-heading has-text-align-center\" id=\"family\" style=\"font-size:40px\"><img loading=\"lazy\" decoding=\"async\" width=\"300\" height=\"81\" class=\"wp-image-55\" style=\"width: 300px;\" src=\"https:\/\/itdd.au.dk\/sniksnakkerne\/wp-content\/uploads\/sites\/31\/2025\/03\/Seneste.png\" alt=\"\" srcset=\"https:\/\/itdd.au.dk\/sniksnakkerne\/wp-content\/uploads\/sites\/31\/2025\/03\/Seneste.png 1434w, https:\/\/itdd.au.dk\/sniksnakkerne\/wp-content\/uploads\/sites\/31\/2025\/03\/Seneste-300x81.png 300w, https:\/\/itdd.au.dk\/sniksnakkerne\/wp-content\/uploads\/sites\/31\/2025\/03\/Seneste-1024x276.png 1024w, https:\/\/itdd.au.dk\/sniksnakkerne\/wp-content\/uploads\/sites\/31\/2025\/03\/Seneste-768x207.png 768w\" sizes=\"auto, (max-width: 300px) 100vw, 300px\" \/><\/h2>\n\n\n<ul class=\"wp-block-latest-posts__list has-dates has-link-color wp-elements-8fbc988eee72a72dbf28b84a6d107ee7 wp-block-latest-posts has-text-color has-white-color has-medium-font-size\"><li><a class=\"wp-block-latest-posts__post-title\" href=\"https:\/\/itdd.au.dk\/sniksnakkerne\/2025\/06\/01\/hvordan-designer-vi-postdigital-undervisning\/\">Hvordan designer vi postdigital undervisning?<\/a><time datetime=\"2025-06-01T20:17:52+00:00\" class=\"wp-block-latest-posts__post-date\">juni 1, 2025<\/time><\/li>\n<li><a class=\"wp-block-latest-posts__post-title\" href=\"https:\/\/itdd.au.dk\/sniksnakkerne\/2025\/05\/19\/d-i-g-i-r-t-i-aktion\/\">D.I.G.I.R.T i aktion<\/a><time datetime=\"2025-05-19T07:59:12+00:00\" class=\"wp-block-latest-posts__post-date\">maj 19, 2025<\/time><\/li>\n<li><a class=\"wp-block-latest-posts__post-title\" href=\"https:\/\/itdd.au.dk\/sniksnakkerne\/2025\/04\/28\/digital-dannelse-med-eleverne-som-meddesignere\/\">Digital dannelse med eleverne som meddesignere<\/a><time datetime=\"2025-04-28T08:16:58+00:00\" class=\"wp-block-latest-posts__post-date\">april 28, 2025<\/time><\/li>\n<li><a class=\"wp-block-latest-posts__post-title\" href=\"https:\/\/itdd.au.dk\/sniksnakkerne\/2025\/04\/01\/digitalt-dannede-eller-bare-online\/\">Digitalt dannet&#8230;..eller bare online?<\/a><time datetime=\"2025-04-01T10:02:24+00:00\" class=\"wp-block-latest-posts__post-date\">april 1, 2025<\/time><\/li>\n<\/ul><\/div>\n<\/div>\n\n\n\n<p><\/p>\n","protected":false},"excerpt":{"rendered":"<p>Vi er tre engagerede studerende (og vores maskot Dorthe, en fransk bulldog) p\u00e5 kandidatuddannelsen IT-didaktisk design, og her p\u00e5 bloggen kan du f\u00f8lge med i vores studiearbejde. Bloggen er skabet for at dele vores opgaver\/eksperimenter og refleksioner omhandlende vores projekter. Vi h\u00e5ber, du vil finde inspiration i vores arbejde!<\/p>\n","protected":false},"author":3,"featured_media":0,"parent":0,"menu_order":0,"comment_status":"closed","ping_status":"closed","template":"","meta":{"footnotes":""},"class_list":["post-103","page","type-page","status-publish","hentry","entry"],"_links":{"self":[{"href":"https:\/\/itdd.au.dk\/sniksnakkerne\/wp-json\/wp\/v2\/pages\/103","targetHints":{"allow":["GET"]}}],"collection":[{"href":"https:\/\/itdd.au.dk\/sniksnakkerne\/wp-json\/wp\/v2\/pages"}],"about":[{"href":"https:\/\/itdd.au.dk\/sniksnakkerne\/wp-json\/wp\/v2\/types\/page"}],"author":[{"embeddable":true,"href":"https:\/\/itdd.au.dk\/sniksnakkerne\/wp-json\/wp\/v2\/users\/3"}],"replies":[{"embeddable":true,"href":"https:\/\/itdd.au.dk\/sniksnakkerne\/wp-json\/wp\/v2\/comments?post=103"}],"version-history":[{"count":18,"href":"https:\/\/itdd.au.dk\/sniksnakkerne\/wp-json\/wp\/v2\/pages\/103\/revisions"}],"predecessor-version":[{"id":160,"href":"https:\/\/itdd.au.dk\/sniksnakkerne\/wp-json\/wp\/v2\/pages\/103\/revisions\/160"}],"wp:attachment":[{"href":"https:\/\/itdd.au.dk\/sniksnakkerne\/wp-json\/wp\/v2\/media?parent=103"}],"curies":[{"name":"wp","href":"https:\/\/api.w.org\/{rel}","templated":true}]}}