{"id":40,"date":"2026-03-26T19:51:49","date_gmt":"2026-03-26T19:51:49","guid":{"rendered":"https:\/\/itdd.au.dk\/singleplayer-101\/?page_id=40"},"modified":"2026-04-06T18:13:36","modified_gmt":"2026-04-06T18:13:36","slug":"define","status":"publish","type":"page","link":"https:\/\/itdd.au.dk\/singleplayer-101\/define\/","title":{"rendered":"Define"},"content":{"rendered":"\n<div class=\"wp-block-group alignfull is-style-section-2 has-global-padding is-layout-constrained wp-block-group-is-layout-constrained is-style-section-2--1\" style=\"margin-top:0;margin-bottom:0;padding-top:var(--wp--preset--spacing--60);padding-bottom:var(--wp--preset--spacing--60)\">\n<div class=\"wp-block-columns alignwide is-layout-flex wp-container-core-columns-is-layout-643ced6b wp-block-columns-is-layout-flex\">\n<div class=\"wp-block-column is-layout-flow wp-block-column-is-layout-flow\" style=\"flex-basis:40%\">\n<figure class=\"wp-block-gallery has-nested-images columns-default is-cropped wp-block-gallery-2 is-layout-flex wp-block-gallery-is-layout-flex\">\n<figure class=\"wp-block-image size-full\"><a href=\"https:\/\/itdd.au.dk\/singleplayer-101\/wp-content\/uploads\/sites\/104\/2026\/03\/Skaermbillede-2026-03-26-kl.-20.50.52.png\"><img loading=\"lazy\" decoding=\"async\" width=\"962\" height=\"1120\" data-id=\"61\" src=\"https:\/\/itdd.au.dk\/singleplayer-101\/wp-content\/uploads\/sites\/104\/2026\/03\/Skaermbillede-2026-03-26-kl.-20.50.52.png\" alt=\"\" class=\"wp-image-61\" srcset=\"https:\/\/itdd.au.dk\/singleplayer-101\/wp-content\/uploads\/sites\/104\/2026\/03\/Skaermbillede-2026-03-26-kl.-20.50.52.png 962w, https:\/\/itdd.au.dk\/singleplayer-101\/wp-content\/uploads\/sites\/104\/2026\/03\/Skaermbillede-2026-03-26-kl.-20.50.52-258x300.png 258w, https:\/\/itdd.au.dk\/singleplayer-101\/wp-content\/uploads\/sites\/104\/2026\/03\/Skaermbillede-2026-03-26-kl.-20.50.52-880x1024.png 880w, https:\/\/itdd.au.dk\/singleplayer-101\/wp-content\/uploads\/sites\/104\/2026\/03\/Skaermbillede-2026-03-26-kl.-20.50.52-768x894.png 768w\" sizes=\"auto, (max-width: 962px) 100vw, 962px\" \/><\/a><\/figure>\n<\/figure>\n<\/div>\n\n\n\n<div class=\"wp-block-column is-vertically-aligned-center is-layout-flow wp-container-core-column-is-layout-119bc444 wp-block-column-is-layout-flow\" style=\"flex-basis:60%\">\n<h2 class=\"wp-block-heading has-text-align-center has-xx-large-font-size\">Projektets forskningssp\u00f8rgsm\u00e5l<\/h2>\n\n\n\n<blockquote class=\"wp-block-quote is-layout-flow wp-block-quote-is-layout-flow\">\n<p><em>&#8220;Hvordan kan digitale l\u00e6ringsdesigns underst\u00f8tte socialp\u00e6dagogers arbejde med seksualitet blandt borgere med udviklingsh\u00e6mning i en praksis pr\u00e6get af tabu, manglende viden og begr\u00e6nsede ressourcer?&#8221;<\/em><\/p>\n<\/blockquote>\n\n\n\n<p><\/p>\n<\/div>\n<\/div>\n<\/div>\n\n\n\n<div class=\"wp-block-group alignfull is-style-section-5 has-global-padding is-layout-constrained wp-block-group-is-layout-constrained is-style-section-5--3\" style=\"margin-top:0;margin-bottom:0;padding-top:var(--wp--preset--spacing--50);padding-bottom:var(--wp--preset--spacing--50)\">\n<div class=\"wp-block-columns alignwide is-layout-flex wp-container-core-columns-is-layout-7ee84d44 wp-block-columns-is-layout-flex\">\n<div class=\"wp-block-column is-vertically-aligned-center is-layout-flow wp-block-column-is-layout-flow\" style=\"flex-basis:50%\">\n<h2 class=\"wp-block-heading\"><strong>Baggrund og designudfordring<\/strong><\/h2>\n\n\n\n<p class=\"has-medium-font-size\"><\/p>\n\n\n\n<p>I dette projekt unders\u00f8ges det, hvordan seksualitet h\u00e5ndteres i socialp\u00e6dagogisk praksis \u2013 s\u00e6rligt i arbejdet med borgere med udviklingsh\u00e6mning \u2013 og hvordan digitale l\u00e6ringsdesigns kan spille en rolle i dette arbejde.<\/p>\n\n\n\n<p>B\u00e5de litteraturreviewet og det udf\u00f8rte interview peger p\u00e5, at seksualitet er et komplekst og ofte underprioriteret omr\u00e5de. Seksualitet fremst\u00e5r som et tabubelagt emne, der kan v\u00e6re vanskeligt at itales\u00e6tte \u2013 b\u00e5de for borgere og p\u00e6dagoger. Samtidig er der tydelige tegn p\u00e5 manglende viden hos borgerne, hvilket kan f\u00f8re til usikkerhed, misforst\u00e5elser og \u00f8get s\u00e5rbarhed i relationer.<\/p>\n\n\n\n<p>Derudover viser den indsamlede empiri, at arbejdet med seksualitet ofte er pr\u00e6get af strukturelle udfordringer. Mange p\u00e6dagoger oplever emnet som gr\u00e6nseoverskridende eller uden for deres arbejdsomr\u00e5de, hvilket betyder, at indsatsen ofte overlades til f\u00e5 specialiserede medarbejdere. Samtidig er der begr\u00e6nsede ressourcer, hvilket medf\u00f8rer, at arbejdet typisk bliver reaktivt frem for forebyggende.<\/p>\n\n\n\n<p>P\u00e5 den baggrund ses en central designudfordring i f\u00f8lgende sp\u00e6ndingsfelt:<\/p>\n\n\n\n<p class=\"has-medium-font-size\"><em>Hvordan kan man skabe p\u00e6dagogiske tilgange til seksualitet, der b\u00e5de er tilg\u00e6ngelige, trygge og fagligt forankrede \u2013 i en praksis, hvor tid, kompetencer og \u00e5benhed er begr\u00e6nsede?<\/em><\/p>\n<\/div>\n\n\n\n<div class=\"wp-block-column is-vertically-aligned-center is-layout-flow wp-block-column-is-layout-flow\" style=\"flex-basis:50%\">\n<figure class=\"wp-block-image size-full is-resized\"><img loading=\"lazy\" decoding=\"async\" width=\"608\" height=\"886\" src=\"https:\/\/itdd.au.dk\/singleplayer-101\/wp-content\/uploads\/sites\/104\/2026\/03\/Skaermbillede-2026-03-26-kl.-20.50.15.png\" alt=\"\" class=\"wp-image-60\" style=\"aspect-ratio:1;object-fit:cover;width:380px;height:auto\" srcset=\"https:\/\/itdd.au.dk\/singleplayer-101\/wp-content\/uploads\/sites\/104\/2026\/03\/Skaermbillede-2026-03-26-kl.-20.50.15.png 608w, https:\/\/itdd.au.dk\/singleplayer-101\/wp-content\/uploads\/sites\/104\/2026\/03\/Skaermbillede-2026-03-26-kl.-20.50.15-206x300.png 206w\" sizes=\"auto, (max-width: 608px) 100vw, 608px\" \/><\/figure>\n<\/div>\n<\/div>\n<\/div>\n\n\n\n<div class=\"wp-block-group alignfull is-style-section-1 has-global-padding is-layout-constrained wp-block-group-is-layout-constrained is-style-section-1--4\" style=\"margin-top:0;margin-bottom:0;padding-top:var(--wp--preset--spacing--80);padding-bottom:var(--wp--preset--spacing--80)\">\n<h2 class=\"wp-block-heading has-text-align-center\">Postdigitalt perspektiv<\/h2>\n\n\n\n<p>Med afs\u00e6t i et postdigitalt perspektiv (Fawns) ses digitale teknologier ikke som noget, der kan st\u00e5 alene eller \u201cl\u00f8se\u201d udfordringerne. I stedet m\u00e5 digitale l\u00e6ringsdesigns forst\u00e5s som en del af en<strong> <\/strong>praksis, hvor teknologi, relationer, didaktik og kontekst spiller sammen.<\/p>\n\n\n\n<p>Det betyder ogs\u00e5, at fokus ikke kun er p\u00e5 hvilken teknologi der anvendes, men hvordan den indg\u00e5r i praksis:<\/p>\n\n\n\n<ul class=\"wp-block-list\">\n<li>Hvem bruger den?<\/li>\n\n\n\n<li>I hvilke situationer?<\/li>\n\n\n\n<li>Med hvilket form\u00e5l?<\/li>\n\n\n\n<li>Og i samspil med hvilke relationer?<\/li>\n<\/ul>\n\n\n\n<div style=\"height:0px\" aria-hidden=\"true\" class=\"wp-block-spacer\"><\/div>\n<\/div>\n\n\n\n<div class=\"wp-block-group alignfull has-global-padding is-layout-constrained wp-container-core-group-is-layout-ebee8dc1 wp-block-group-is-layout-constrained\" style=\"margin-top:0;margin-bottom:0;padding-top:var(--wp--preset--spacing--50);padding-bottom:var(--wp--preset--spacing--50)\">\n<div class=\"wp-block-group alignwide is-content-justification-space-between is-layout-flex wp-container-core-group-is-layout-9366075c wp-block-group-is-layout-flex\">\n<h2 class=\"wp-block-heading alignwide has-text-align-center is-style-text-subtitle has-x-large-font-size is-style-text-subtitle--5\">Forel\u00f8bige designprincipper (til diskussion)<\/h2>\n<\/div>\n\n\n\n<h3 class=\"wp-block-heading has-text-align-left\">1. <strong>Tilg\u00e6ngelig og visuel formidling<\/strong><br><br>L\u00e6ringsindhold b\u00f8r v\u00e6re visuelt, konkret og let at forst\u00e5 \u2013 fx gennem video, billeder eller simple digitale guides.<br><br>Sp\u00f8rgsm\u00e5l:<br>Hvordan sikres det, at materialet er inkluderende uden at blive for simplificeret?<\/h3>\n\n\n\n<hr class=\"wp-block-separator has-alpha-channel-opacity\"\/>\n\n\n\n<h3 class=\"wp-block-heading\">2. <strong>St\u00f8tte til p\u00e6dagogisk praksis \u2013 ikke erstatning<\/strong><br><br>Digitale l\u00f8sninger skal underst\u00f8tte p\u00e6dagoger i at tage samtaler \u2013 ikke erstatte relationen.<br><br>Sp\u00f8rgsm\u00e5l:<br>Hvordan kan designet fungere som \u201csamtalestarter\u201d frem for \u201cerstatning\u201d?<\/h3>\n\n\n\n<hr class=\"wp-block-separator has-alpha-channel-opacity\"\/>\n\n\n\n<h3 class=\"wp-block-heading\">3. <strong>Forebyggende frem for reaktiv tilgang<\/strong><br><br>Designet b\u00f8r kunne bruges f\u00f8r problemer opst\u00e5r \u2013 som en naturlig del af hverdagen.<br><br>Sp\u00f8rgsm\u00e5l:<br>Hvordan kan man integrere seksualitet som et kontinuerligt l\u00e6ringstema?<\/h3>\n\n\n\n<hr class=\"wp-block-separator has-alpha-channel-opacity\"\/>\n\n\n\n<h3 class=\"wp-block-heading\">4. <strong>Fokus p\u00e5 trivsel og ikke kun risiko<\/strong><br><br>Der b\u00f8r v\u00e6re fokus p\u00e5 lyst, relationer og livskvalitet \u2013 ikke kun gr\u00e6nser og overgreb.<br><br>Sp\u00f8rgsm\u00e5l:<br>Hvordan balancerer man mellem beskyttelse og positiv seksualitet?<\/h3>\n\n\n\n<hr class=\"wp-block-separator has-alpha-channel-opacity\"\/>\n\n\n\n<h3 class=\"wp-block-heading\">5. <strong>Fleksibilitet i forhold til m\u00e5lgruppen<\/strong><br><br>M\u00e5lgruppen er heterogen, og designet skal kunne tilpasses forskellige kognitive niveauer.<br><br>Sp\u00f8rgsm\u00e5l:<br>Hvordan designer man noget, der b\u00e5de er enkelt og differentierbart?<\/h3>\n\n\n\n<hr class=\"wp-block-separator has-alpha-channel-opacity\"\/>\n\n\n\n<h3 class=\"wp-block-heading\">6. <strong>Lav adgangsbarriere for personale<\/strong><br><br>Designet skal v\u00e6re let at anvende i en travl praksis med begr\u00e6nsede ressourcer.<br><br>Sp\u00f8rgsm\u00e5l:<br>Hvordan sikrer man, at det faktisk bliver brugt?<\/h3>\n<\/div>\n\n\n\n<aside class=\"wp-block-group alignfull is-style-section-3 has-global-padding is-layout-constrained wp-container-core-group-is-layout-f0f2a97b wp-block-group-is-layout-constrained is-style-section-3--6\" style=\"margin-top:0;margin-bottom:0;padding-top:var(--wp--preset--spacing--50);padding-right:var(--wp--preset--spacing--50);padding-bottom:var(--wp--preset--spacing--50);padding-left:var(--wp--preset--spacing--50)\">\n<div class=\"wp-block-group is-vertical is-content-justification-center is-layout-flex wp-container-core-group-is-layout-8778ca4a wp-block-group-is-layout-flex\" style=\"min-height:360px;margin-top:0;margin-bottom:0\">\n<h2 class=\"wp-block-heading has-text-align-center has-xx-large-font-size\">Til debat<\/h2>\n\n\n\n<p class=\"has-text-align-center\">Jeres perspektiver \u00f8nskes!<\/p>\n\n\n\n<div class=\"wp-block-buttons is-layout-flex wp-block-buttons-is-layout-flex\">\n<div class=\"wp-block-button\"><a class=\"wp-block-button__link wp-element-button\" href=\"https:\/\/itdd.au.dk\/singleplayer-101\/2026\/03\/26\/kommentarspor-og-debat\/\">G\u00e5 til kommentarspor\/debat her<\/a><\/div>\n<\/div>\n\n\n\n<div style=\"height:0px\" aria-hidden=\"true\" class=\"wp-block-spacer wp-container-content-62aae154\"><\/div>\n<\/div>\n<\/aside>\n\n\n\n<p><\/p>\n","protected":false},"excerpt":{"rendered":"<p>Projektets forskningssp\u00f8rgsm\u00e5l &#8220;Hvordan kan digitale l\u00e6ringsdesigns underst\u00f8tte socialp\u00e6dagogers arbejde med seksualitet blandt borgere med udviklingsh\u00e6mning i en praksis pr\u00e6get af tabu, manglende viden og begr\u00e6nsede ressourcer?&#8221; Baggrund og designudfordring I dette projekt unders\u00f8ges det, hvordan seksualitet h\u00e5ndteres i socialp\u00e6dagogisk praksis \u2013 s\u00e6rligt i arbejdet med borgere med udviklingsh\u00e6mning \u2013 og hvordan digitale l\u00e6ringsdesigns kan spille [&hellip;]<\/p>\n","protected":false},"author":83,"featured_media":0,"parent":0,"menu_order":0,"comment_status":"open","ping_status":"closed","template":"","meta":{"footnotes":""},"class_list":["post-40","page","type-page","status-publish","hentry"],"_links":{"self":[{"href":"https:\/\/itdd.au.dk\/singleplayer-101\/wp-json\/wp\/v2\/pages\/40","targetHints":{"allow":["GET"]}}],"collection":[{"href":"https:\/\/itdd.au.dk\/singleplayer-101\/wp-json\/wp\/v2\/pages"}],"about":[{"href":"https:\/\/itdd.au.dk\/singleplayer-101\/wp-json\/wp\/v2\/types\/page"}],"author":[{"embeddable":true,"href":"https:\/\/itdd.au.dk\/singleplayer-101\/wp-json\/wp\/v2\/users\/83"}],"replies":[{"embeddable":true,"href":"https:\/\/itdd.au.dk\/singleplayer-101\/wp-json\/wp\/v2\/comments?post=40"}],"version-history":[{"count":9,"href":"https:\/\/itdd.au.dk\/singleplayer-101\/wp-json\/wp\/v2\/pages\/40\/revisions"}],"predecessor-version":[{"id":75,"href":"https:\/\/itdd.au.dk\/singleplayer-101\/wp-json\/wp\/v2\/pages\/40\/revisions\/75"}],"wp:attachment":[{"href":"https:\/\/itdd.au.dk\/singleplayer-101\/wp-json\/wp\/v2\/media?parent=40"}],"curies":[{"name":"wp","href":"https:\/\/api.w.org\/{rel}","templated":true}]}}