{"id":28,"date":"2026-03-17T11:39:09","date_gmt":"2026-03-17T11:39:09","guid":{"rendered":"https:\/\/itdd.au.dk\/singleplayer-101\/?page_id=28"},"modified":"2026-04-22T19:30:25","modified_gmt":"2026-04-22T19:30:25","slug":"designfag-2026","status":"publish","type":"page","link":"https:\/\/itdd.au.dk\/singleplayer-101\/designfag-2026\/","title":{"rendered":"Designfag 2026"},"content":{"rendered":"\n<p><em>Adgang til viden om krop og seksualitet for mennesker med udviklingsh\u00e6mning<\/em><\/p>\n\n\n\n<div class=\"quiz-box\" style=\"max-width: 800px; margin: 20px auto; padding: 20px; border: 1px solid #ddd; border-radius: 16px; font-family: Arial, sans-serif; background: #fafafa;\">\n  <h2 style=\"margin-top: 0;\">Quiz: Hvilket udsagn passer?<\/h2>\n\n  <div class=\"question\" style=\"margin-bottom: 28px;\">\n    <p><strong>1. Hvilket udsagn passer?<\/strong><\/p>\n    <button onclick=\"checkAnswer(this, false)\" style=\"display:block; width:100%; margin:8px 0; padding:12px; text-align:left; border:1px solid #ccc; border-radius:10px; background:white; cursor:pointer;\">\n      A: Udviklingsh\u00e6mmede har ikke en seksualitet.\n    <\/button>\n    <button onclick=\"checkAnswer(this, false)\" style=\"display:block; width:100%; margin:8px 0; padding:12px; text-align:left; border:1px solid #ccc; border-radius:10px; background:white; cursor:pointer;\">\n      B: Udviklingsh\u00e6mmedes seksualitet er ikke vigtigt\n    <\/button>\n    <button onclick=\"checkAnswer(this, true)\" style=\"display:block; width:100%; margin:8px 0; padding:12px; text-align:left; border:1px solid #ccc; border-radius:10px; background:white; cursor:pointer;\">\n      C: Udviklingsh\u00e6mmedes seksualitet kan v\u00e6re lige som alle vores andres, og det er vigtigt at de l\u00e6rer om den.\n    <\/button>\n    <p class=\"result\" style=\"font-weight:bold; margin-top:10px;\"><\/p>\n  <\/div>\n\n  <div class=\"question\" style=\"margin-bottom: 28px;\">\n    <p><strong>2. Hvilket udsagn passer?<\/strong><\/p>\n    <button onclick=\"checkAnswer(this, true)\" style=\"display:block; width:100%; margin:8px 0; padding:12px; text-align:left; border:1px solid #ccc; border-radius:10px; background:white; cursor:pointer;\">\n      A: Forskning og praksis peger p\u00e5, at der er plads til forbedringer i forhold til udviklingsh\u00e6mmedes viden og muligheder for l\u00e6ring inden for seksualitet.\n    <\/button>\n    <button onclick=\"checkAnswer(this, false)\" style=\"display:block; width:100%; margin:8px 0; padding:12px; text-align:left; border:1px solid #ccc; border-radius:10px; background:white; cursor:pointer;\">\n      B: Udviklingsh\u00e6mmede har og har altid haft god adgang til viden og l\u00e6ring om seksualitet.\n    <\/button>\n    <button onclick=\"checkAnswer(this, false)\" style=\"display:block; width:100%; margin:8px 0; padding:12px; text-align:left; border:1px solid #ccc; border-radius:10px; background:white; cursor:pointer;\">\n      C: Udviklingsh\u00e6mmede beh\u00f8ver slet ikke at l\u00e6re om den slags.\n    <\/button>\n    <p class=\"result\" style=\"font-weight:bold; margin-top:10px;\"><\/p>\n  <\/div>\n\n  <div class=\"question\" style=\"margin-bottom: 10px;\">\n    <p><strong>3. Hvilket udsagn passer?<\/strong><\/p>\n    <button onclick=\"checkAnswer(this, true)\" style=\"display:block; width:100%; margin:8px 0; padding:12px; text-align:left; border:1px solid #ccc; border-radius:10px; background:white; cursor:pointer;\">\n      A: Det er vigtigt, at p\u00e6dagoger og fagfolk har kompetencer og ressourcer til at tage h\u00e5nd om emnet &#8220;seksualitet&#8221; p\u00e5 bosteder for udviklingsh\u00e6mmede.\n    <\/button>\n    <button onclick=\"checkAnswer(this, false)\" style=\"display:block; width:100%; margin:8px 0; padding:12px; text-align:left; border:1px solid #ccc; border-radius:10px; background:white; cursor:pointer;\">\n      B: Hvis en borger vil l\u00e6re om seksualitet, m\u00e5 det v\u00e6re de p\u00e5r\u00f8rendes opgave at l\u00e6re fra sig.\n    <\/button>\n    <button onclick=\"checkAnswer(this, false)\" style=\"display:block; width:100%; margin:8px 0; padding:12px; text-align:left; border:1px solid #ccc; border-radius:10px; background:white; cursor:pointer;\">\n      C: Det er vigtigere, at udviklingsh\u00e6mmede f\u00e5r sat en gammel, dansk film p\u00e5 \u2013 og s\u00e5 snakker vi ikke mere om det.\n    <\/button>\n    <p class=\"result\" style=\"font-weight:bold; margin-top:10px;\"><\/p>\n  <\/div>\n<\/div>\n\n<script>\n  function checkAnswer(button, correct) {\n    const questionBox = button.parentElement;\n    const result = questionBox.querySelector(\".result\");\n\n    const buttons = questionBox.querySelectorAll(\"button\");\n    buttons.forEach(btn => {\n      btn.style.background = \"white\";\n      btn.style.borderColor = \"#ccc\";\n    });\n\n    if (correct) {\n      button.style.background = \"#e7f7ed\";\n      button.style.borderColor = \"#2e7d32\";\n      result.textContent = \"\u2705 Korrekt!\";\n      result.style.color = \"#2e7d32\";\n    } else {\n      button.style.background = \"#fdecea\";\n      button.style.borderColor = \"#c62828\";\n      result.textContent = \"\u274c Ikke helt. Pr\u00f8v igen.\";\n      result.style.color = \"#c62828\";\n    }\n  }\n<\/script>\n\n\n\n<div class=\"wp-block-columns is-layout-flex wp-container-core-columns-is-layout-28f84493 wp-block-columns-is-layout-flex\">\n<div class=\"wp-block-column is-layout-flow wp-block-column-is-layout-flow\" style=\"flex-basis:100%\">\n<div class=\"wp-block-group has-global-padding is-layout-constrained wp-block-group-is-layout-constrained\">\n<div class=\"wp-block-buttons is-content-justification-center is-layout-flex wp-container-core-buttons-is-layout-a89b3969 wp-block-buttons-is-layout-flex\">\n<div class=\"wp-block-button\"><a class=\"wp-block-button__link wp-element-button\" href=\"https:\/\/itdd.au.dk\/singleplayer-101\/wp-admin\/post.php?post=37&amp;action=edit\">Discover<\/a><\/div>\n\n\n\n<div class=\"wp-block-button\"><a class=\"wp-block-button__link wp-element-button\" href=\"https:\/\/itdd.au.dk\/singleplayer-101\/define\/\">Define<\/a><\/div>\n\n\n\n<div class=\"wp-block-button\"><a class=\"wp-block-button__link wp-element-button\" href=\"https:\/\/itdd.au.dk\/singleplayer-101\/hvordan-designes-der-til-det-der-kan-vaere-svaert-at-tale-om\/\">Develop<\/a><\/div>\n\n\n\n<div class=\"wp-block-button\"><a class=\"wp-block-button__link wp-element-button\" href=\"https:\/\/itdd.au.dk\/singleplayer-101\/wp-admin\/post-new.php?post_type=page\">Deliver<\/a><\/div>\n\n\n\n<div class=\"wp-block-button\"><a class=\"wp-block-button__link wp-element-button\" href=\"https:\/\/itdd.au.dk\/singleplayer-101\/wp-admin\/post-new.php?post_type=page\">Reflect<\/a><\/div>\n<\/div>\n<\/div>\n<\/div>\n<\/div>\n\n\n\n<p><\/p>\n","protected":false},"excerpt":{"rendered":"<p>Adgang til viden om krop og seksualitet for mennesker med udviklingsh\u00e6mning Quiz: Hvilket udsagn passer? 1. Hvilket udsagn passer? A: Udviklingsh\u00e6mmede har ikke en seksualitet. B: Udviklingsh\u00e6mmedes seksualitet er ikke vigtigt C: Udviklingsh\u00e6mmedes seksualitet kan v\u00e6re lige som alle vores andres, og det er vigtigt at de l\u00e6rer om den. 2. Hvilket udsagn passer? A: [&hellip;]<\/p>\n","protected":false},"author":83,"featured_media":0,"parent":0,"menu_order":0,"comment_status":"open","ping_status":"closed","template":"","meta":{"footnotes":""},"class_list":["post-28","page","type-page","status-publish","hentry"],"_links":{"self":[{"href":"https:\/\/itdd.au.dk\/singleplayer-101\/wp-json\/wp\/v2\/pages\/28","targetHints":{"allow":["GET"]}}],"collection":[{"href":"https:\/\/itdd.au.dk\/singleplayer-101\/wp-json\/wp\/v2\/pages"}],"about":[{"href":"https:\/\/itdd.au.dk\/singleplayer-101\/wp-json\/wp\/v2\/types\/page"}],"author":[{"embeddable":true,"href":"https:\/\/itdd.au.dk\/singleplayer-101\/wp-json\/wp\/v2\/users\/83"}],"replies":[{"embeddable":true,"href":"https:\/\/itdd.au.dk\/singleplayer-101\/wp-json\/wp\/v2\/comments?post=28"}],"version-history":[{"count":10,"href":"https:\/\/itdd.au.dk\/singleplayer-101\/wp-json\/wp\/v2\/pages\/28\/revisions"}],"predecessor-version":[{"id":110,"href":"https:\/\/itdd.au.dk\/singleplayer-101\/wp-json\/wp\/v2\/pages\/28\/revisions\/110"}],"wp:attachment":[{"href":"https:\/\/itdd.au.dk\/singleplayer-101\/wp-json\/wp\/v2\/media?parent=28"}],"curies":[{"name":"wp","href":"https:\/\/api.w.org\/{rel}","templated":true}]}}