{"id":25,"date":"2026-03-17T11:36:21","date_gmt":"2026-03-17T11:36:21","guid":{"rendered":"https:\/\/itdd.au.dk\/singleplayer-101\/?page_id=25"},"modified":"2026-03-26T20:01:32","modified_gmt":"2026-03-26T20:01:32","slug":"velkommen-til","status":"publish","type":"page","link":"https:\/\/itdd.au.dk\/singleplayer-101\/","title":{"rendered":"Velkommen til!"},"content":{"rendered":"\n<div class=\"wp-block-cover alignfull is-light wp-duotone-36345d-abaaaa-1\" style=\"margin-top:0;padding-top:5vw;padding-right:5vw;padding-bottom:5vw;padding-left:5vw\"><img decoding=\"async\" class=\"wp-block-cover__image-background wp-image-334\" alt=\"\" src=\"https:\/\/pd.w.org\/2022\/01\/95161f850d22f0c06.37817431.jpg\" style=\"object-position:50% 5%\" data-object-fit=\"cover\" data-object-position=\"50% 5%\"\/><span aria-hidden=\"true\" class=\"wp-block-cover__background has-background-dim-60 has-background-dim\" style=\"background-color:#c2b7a4\"><\/span><div class=\"wp-block-cover__inner-container is-layout-flow wp-block-cover-is-layout-flow\">\n<div class=\"wp-block-group is-vertical is-content-justification-center is-nowrap is-layout-flex wp-container-core-group-is-layout-b77dfac5 wp-block-group-is-layout-flex\">\n<h5 data-wp-context---core-fit-text=\"core\/fit-text::{&quot;fontSize&quot;:&quot;&quot;}\" data-wp-init---core-fit-text=\"core\/fit-text::callbacks.init\" data-wp-interactive data-wp-style--font-size=\"core\/fit-text::context.fontSize\" class=\"wp-block-heading has-text-align-right is-style-default has-fit-text has-text-color\" style=\"color:#c8c4d3;font-size:148px\"><em>Velkommen til mit lille hj\u00f8rne af internettet!<\/em><\/h5>\n\n\n\n<p class=\"has-text-align-left\"><br>  Jeg l\u00e6ser en kandidat i <strong>IT-didaktisk design<\/strong>, hvilket nogenlunde betyder, at jeg bruger meget tid p\u00e5 at t\u00e6nke over sp\u00f8rgsm\u00e5l som:<\/p>\n\n\n\n<ul class=\"wp-block-list\">\n<li>Hvorfor virker nogle digitale v\u00e6rkt\u00f8jer virkelig godt i, blandt andet, undervisning?<\/li>\n\n\n\n<li>Hvorfor kr\u00e6ver andre 17 klik, 3 logins og et offer til IT-supporten?<\/li>\n\n\n\n<li>Og hvordan designer man egentlig noget, der giver mening i en verden fuld af apps, platforme og \u201csmarte l\u00f8sninger\u201d?<br><br>Denne side er mit <strong>digitale eksperiment<\/strong>.<br>Her kommer jeg til at dele: <br><\/li>\n\n\n\n<li>Id\u00e9er fra studiet<\/li>\n\n\n\n<li>Projekter jeg arbejder p\u00e5<\/li>\n\n\n\n<li>Ting jeg pr\u00f8ver af<\/li>\n\n\n\n<li>&#8230;. og sandsynligvis ogs\u00e5 et par ting, der gik helt galt men stadig var l\u00e6rerige.<br>Internettet er fyldt med perfekte projekter og polerede resultater.<br>Her f\u00e5r du i stedet <strong>processen<\/strong>.<br><br><br>Forestil dig lidt en blanding af:<br><\/li>\n\n\n\n<li>Sm\u00e5 eksperimenter med teknologi<\/li>\n\n\n\n<li>Tanker som opst\u00e5r kl. 23:47 n\u00e5r man egentlig bare \u201clige ville l\u00e6se \u00e9n artikel\u201d&#8230;.<br><br><br>Hvis du interesserer dig for l\u00e6ring, teknologi, design eller bare digital n\u00f8rderi, s\u00e5 er du meget velkommen til at l\u00e6se med!<\/li>\n<\/ul>\n<\/div>\n\n\n\n<div style=\"height:48px\" aria-hidden=\"true\" class=\"wp-block-spacer\"><\/div>\n\n\n\n<div class=\"wp-block-buttons is-layout-flex wp-block-buttons-is-layout-flex\">\n<div class=\"wp-block-button\"><a class=\"wp-block-button__link wp-element-button\" href=\"https:\/\/itdd.au.dk\/singleplayer-101\/designfag-2026\/\">Designfag 2026<\/a><\/div>\n<\/div>\n\n\n\n<figure class=\"wp-block-image size-large is-resized\"><img loading=\"lazy\" decoding=\"async\" width=\"683\" height=\"1024\" src=\"https:\/\/itdd.au.dk\/singleplayer-101\/wp-content\/uploads\/sites\/104\/2026\/03\/klik-her-blog-gif-683x1024.gif\" alt=\"\" class=\"wp-image-10\" style=\"aspect-ratio:0.6669947601540109;width:192px;height:auto\" srcset=\"https:\/\/itdd.au.dk\/singleplayer-101\/wp-content\/uploads\/sites\/104\/2026\/03\/klik-her-blog-gif-683x1024.gif 683w, https:\/\/itdd.au.dk\/singleplayer-101\/wp-content\/uploads\/sites\/104\/2026\/03\/klik-her-blog-gif-200x300.gif 200w, https:\/\/itdd.au.dk\/singleplayer-101\/wp-content\/uploads\/sites\/104\/2026\/03\/klik-her-blog-gif-768x1152.gif 768w\" sizes=\"auto, (max-width: 683px) 100vw, 683px\" \/><\/figure>\n<\/div><\/div>\n","protected":false},"excerpt":{"rendered":"","protected":false},"author":83,"featured_media":0,"parent":0,"menu_order":0,"comment_status":"open","ping_status":"closed","template":"","meta":{"footnotes":""},"class_list":["post-25","page","type-page","status-publish","hentry"],"_links":{"self":[{"href":"https:\/\/itdd.au.dk\/singleplayer-101\/wp-json\/wp\/v2\/pages\/25","targetHints":{"allow":["GET"]}}],"collection":[{"href":"https:\/\/itdd.au.dk\/singleplayer-101\/wp-json\/wp\/v2\/pages"}],"about":[{"href":"https:\/\/itdd.au.dk\/singleplayer-101\/wp-json\/wp\/v2\/types\/page"}],"author":[{"embeddable":true,"href":"https:\/\/itdd.au.dk\/singleplayer-101\/wp-json\/wp\/v2\/users\/83"}],"replies":[{"embeddable":true,"href":"https:\/\/itdd.au.dk\/singleplayer-101\/wp-json\/wp\/v2\/comments?post=25"}],"version-history":[{"count":3,"href":"https:\/\/itdd.au.dk\/singleplayer-101\/wp-json\/wp\/v2\/pages\/25\/revisions"}],"predecessor-version":[{"id":33,"href":"https:\/\/itdd.au.dk\/singleplayer-101\/wp-json\/wp\/v2\/pages\/25\/revisions\/33"}],"wp:attachment":[{"href":"https:\/\/itdd.au.dk\/singleplayer-101\/wp-json\/wp\/v2\/media?parent=25"}],"curies":[{"name":"wp","href":"https:\/\/api.w.org\/{rel}","templated":true}]}}