{"id":71,"date":"2024-08-23T12:59:32","date_gmt":"2024-08-23T12:59:32","guid":{"rendered":"https:\/\/itdd.au.dk\/pof25\/?page_id=71"},"modified":"2025-09-03T16:22:04","modified_gmt":"2025-09-03T16:22:04","slug":"introduktion","status":"publish","type":"page","link":"https:\/\/itdd.au.dk\/pof25\/","title":{"rendered":"Intro"},"content":{"rendered":"\n<h1 class=\"wp-block-heading has-text-align-center\">Projektorienteret forl\u00f8b &amp; Erhvervsrettet projektforl\u00f8b<\/h1>\n\n\n\n<h2 class=\"wp-block-heading\">Indhold<\/h2>\n\n\n\n<p>Introduktion til efter\u00e5rets webseminarer, form\u00e5let og pr\u00e6sentation af de tilknyttede aktiviteter.<\/p>\n\n\n\n<ul class=\"wp-block-list\">\n<li>Opholdet: forventninger og forberedelse\n<ul class=\"wp-block-list\">\n<li>De individuelle projektforl\u00f8b: indhold og m\u00e5l<\/li>\n\n\n\n<li>Hvilken viden skal opn\u00e5s og hvordan?<\/li>\n\n\n\n<li>Analytisk f\u00e6rdighed og teori\/litteratur \u2013 hvordan g\u00f8r jeg det?<\/li>\n\n\n\n<li>Indkredsning af kompetencer<\/li>\n<\/ul>\n<\/li>\n\n\n\n<li>Formidling af en unders\u00f8gelse: den akademiske genre?\n<ul class=\"wp-block-list\">\n<li>Eksamensopgaven, forberedelse til specialet<\/li>\n<\/ul>\n<\/li>\n\n\n\n<li>Rammes\u00e6tning og milep\u00e6le i forl\u00f8b\n<ul class=\"wp-block-list\">\n<li>Faglig vejledning vs. webseminarer<\/li>\n<\/ul>\n<\/li>\n<\/ul>\n\n\n\n<hr class=\"wp-block-separator has-alpha-channel-opacity\"\/>\n\n\n\n<h2 class=\"wp-block-heading\">Undervisningsaktiviteter<\/h2>\n\n\n\n<p class=\"has-background\" style=\"background-color:#fdf1d2\">Fysisk seminar onsdag den 2\/9 2025 kl. 10.00-14.00<\/p>\n\n\n\n<div class=\"padlet-embed\" style=\"border:1px solid rgba(0,0,0,0.1);border-radius:2px;box-sizing:border-box;overflow:hidden;position:relative;width:100%;background:#F4F4F4\"><p style=\"padding:0;margin:0\"><iframe src=\"https:\/\/padlet.com\/embed\/9jubsoyhi489poli\" frameborder=\"0\" allow=\"camera;microphone;geolocation;display-capture;clipboard-write\" style=\"width:100%;height:608px;display:block;padding:0;margin:0\"><\/iframe><\/p><div style=\"display:flex;align-items:center;justify-content:end;margin:0;height:28px\"><a href=\"https:\/\/padlet.com?ref=embed\" style=\"display:block;flex-grow:0;margin:0;border:none;padding:0;text-decoration:none\" target=\"_blank\"><div style=\"display:flex;align-items:center;\"><img loading=\"lazy\" decoding=\"async\" src=\"https:\/\/padlet.net\/embeds\/made_with_padlet_2022.png\" width=\"114\" height=\"28\" style=\"padding:0;margin:0;background:0 0;border:none;box-shadow:none\" alt=\"Made with Padlet\"><\/div><\/a><\/div><\/div>\n","protected":false},"excerpt":{"rendered":"<p>Projektorienteret forl\u00f8b &amp; Erhvervsrettet projektforl\u00f8b Indhold Introduktion til efter\u00e5rets webseminarer, form\u00e5let og pr\u00e6sentation af de tilknyttede aktiviteter. Undervisningsaktiviteter Fysisk seminar onsdag den 2\/9 2025 kl. 10.00-14.00<\/p>\n","protected":false},"author":4,"featured_media":0,"parent":0,"menu_order":0,"comment_status":"closed","ping_status":"closed","template":"","meta":{"footnotes":""},"class_list":["post-71","page","type-page","status-publish","hentry","entry"],"_links":{"self":[{"href":"https:\/\/itdd.au.dk\/pof25\/wp-json\/wp\/v2\/pages\/71","targetHints":{"allow":["GET"]}}],"collection":[{"href":"https:\/\/itdd.au.dk\/pof25\/wp-json\/wp\/v2\/pages"}],"about":[{"href":"https:\/\/itdd.au.dk\/pof25\/wp-json\/wp\/v2\/types\/page"}],"author":[{"embeddable":true,"href":"https:\/\/itdd.au.dk\/pof25\/wp-json\/wp\/v2\/users\/4"}],"replies":[{"embeddable":true,"href":"https:\/\/itdd.au.dk\/pof25\/wp-json\/wp\/v2\/comments?post=71"}],"version-history":[{"count":11,"href":"https:\/\/itdd.au.dk\/pof25\/wp-json\/wp\/v2\/pages\/71\/revisions"}],"predecessor-version":[{"id":330,"href":"https:\/\/itdd.au.dk\/pof25\/wp-json\/wp\/v2\/pages\/71\/revisions\/330"}],"wp:attachment":[{"href":"https:\/\/itdd.au.dk\/pof25\/wp-json\/wp\/v2\/media?parent=71"}],"curies":[{"name":"wp","href":"https:\/\/api.w.org\/{rel}","templated":true}]}}