{"id":63,"date":"2026-04-06T20:55:48","date_gmt":"2026-04-06T20:55:48","guid":{"rendered":"https:\/\/itdd.au.dk\/notorious-ects\/?page_id=63"},"modified":"2026-04-07T07:56:16","modified_gmt":"2026-04-07T07:56:16","slug":"define","status":"publish","type":"page","link":"https:\/\/itdd.au.dk\/notorious-ects\/define\/","title":{"rendered":"DEFINE"},"content":{"rendered":"\n<div class=\"wp-block-columns is-layout-flex wp-container-core-columns-is-layout-28f84493 wp-block-columns-is-layout-flex\">\n<div class=\"wp-block-column is-layout-flow wp-block-column-is-layout-flow\" style=\"flex-basis:100%\"><\/div>\n<\/div>\n\n\n\n<div class=\"wp-block-comments\"><h2 id=\"comments\" class=\"wp-block-comments-title\">\u00c9t svar til &#8220;DEFINE&#8221;<\/h2>\n\n<ol class=\"wp-block-comment-template\"><li id=\"comment-16\" class=\"comment byuser comment-author-ruka25 even thread-even depth-1\">\n\n<div class=\"wp-block-columns is-layout-flex wp-container-core-columns-is-layout-28f84493 wp-block-columns-is-layout-flex\">\n<div class=\"wp-block-column is-layout-flow wp-block-column-is-layout-flow\" style=\"flex-basis:40px\"><div class=\"wp-block-avatar\"><img alt='ruka25 Avatar' src='https:\/\/secure.gravatar.com\/avatar\/309ad21008a58aad3ceb26230134567935d963f62e47c6b5083bd3386063cdb6?s=40&#038;d=mm&#038;r=g' srcset='https:\/\/secure.gravatar.com\/avatar\/309ad21008a58aad3ceb26230134567935d963f62e47c6b5083bd3386063cdb6?s=80&#038;d=mm&#038;r=g 2x' class='avatar avatar-40 photo wp-block-avatar__image' height='40' width='40'  style=\"border-radius:20px;\"\/><\/div><\/div>\n\n\n\n<div class=\"wp-block-column is-layout-flow wp-block-column-is-layout-flow\"><div class=\"wp-block-comment-author-name has-small-font-size\">ruka25<\/div>\n\n\n<div class=\"wp-block-group is-layout-flex wp-block-group-is-layout-flex\" style=\"margin-top:0px;margin-bottom:0px\"><div class=\"wp-block-comment-date has-small-font-size\"><time datetime=\"2026-04-08T10:06:24+00:00\"><a href=\"https:\/\/itdd.au.dk\/notorious-ects\/define\/#comment-16\">april 8, 2026<\/a><\/time><\/div>\n\n<\/div>\n\n\n<div class=\"wp-block-comment-content\"><p>Det er et sp\u00e6ndende omr\u00e5de I unders\u00f8ger, som vi alle kan relatere til! Der er et kommercielt perspektiv, som jeg synes I kan v\u00e6re nysgerrige p\u00e5 ogs\u00e5. Jeg ved ikke om I i jeres unders\u00f8gelse har interviewet ansatte ansvarlige for indretning eller andre fra brancen? Jeg husker fra min tid i konsulentbranchen at brands kunne k\u00f8be bestemte steder i butikken til deres varer i forbindelse med kampagner. Steder hvor kunderne i h\u00f8jere grad s\u00e5 deres produkter. Der er forskellige studier af &#8220;consumer trends&#8221; I kan unders\u00f8ge ogs\u00e5. McKinsey laver \u00e5rligt et studie: <a href=\"https:\/\/www.mckinsey.com\/industries\/retail\/our-insights\/state-of-grocery-europe-report#customerengagement\" rel=\"nofollow ugc\">https:\/\/www.mckinsey.com\/industries\/retail\/our-insights\/state-of-grocery-europe-report#customerengagement<\/a><br \/>\nAndre anerkendte dataudbydere indenfor grocery retail er Euromonitor og Nielsen.<\/p>\n<\/div>\n\n<div class=\"wp-block-comment-reply-link has-small-font-size\"><a rel=\"nofollow\" class=\"comment-reply-login\" href=\"https:\/\/itdd.au.dk\/notorious-ects\/wp-login.php?redirect_to=https%3A%2F%2Fitdd.au.dk%2Fnotorious-ects%2Fdefine%2F\">Log ind for at svare<\/a><\/div><\/div>\n<\/div>\n\n<\/li><\/ol>\n\n\n\n\t<div id=\"respond\" class=\"comment-respond wp-block-post-comments-form\">\n\t\t<h3 id=\"reply-title\" class=\"comment-reply-title\">Skriv et svar <small><a rel=\"nofollow\" id=\"cancel-comment-reply-link\" href=\"\/notorious-ects\/wp-json\/wp\/v2\/pages\/63#respond\" style=\"display:none;\">Annuller svar<\/a><\/small><\/h3><p class=\"must-log-in\">Du skal v\u00e6re <a href=\"https:\/\/itdd.au.dk\/notorious-ects\/wp-login.php?redirect_to=https%3A%2F%2Fitdd.au.dk%2Fnotorious-ects%2Fdefine%2F\">logget ind<\/a> for at skrive en kommentar.<\/p>\t<\/div><!-- #respond -->\n\t<\/div>\n","protected":false},"excerpt":{"rendered":"","protected":false},"author":73,"featured_media":0,"parent":0,"menu_order":0,"comment_status":"open","ping_status":"closed","template":"","meta":{"footnotes":""},"class_list":["post-63","page","type-page","status-publish","hentry"],"_links":{"self":[{"href":"https:\/\/itdd.au.dk\/notorious-ects\/wp-json\/wp\/v2\/pages\/63","targetHints":{"allow":["GET"]}}],"collection":[{"href":"https:\/\/itdd.au.dk\/notorious-ects\/wp-json\/wp\/v2\/pages"}],"about":[{"href":"https:\/\/itdd.au.dk\/notorious-ects\/wp-json\/wp\/v2\/types\/page"}],"author":[{"embeddable":true,"href":"https:\/\/itdd.au.dk\/notorious-ects\/wp-json\/wp\/v2\/users\/73"}],"replies":[{"embeddable":true,"href":"https:\/\/itdd.au.dk\/notorious-ects\/wp-json\/wp\/v2\/comments?post=63"}],"version-history":[{"count":5,"href":"https:\/\/itdd.au.dk\/notorious-ects\/wp-json\/wp\/v2\/pages\/63\/revisions"}],"predecessor-version":[{"id":81,"href":"https:\/\/itdd.au.dk\/notorious-ects\/wp-json\/wp\/v2\/pages\/63\/revisions\/81"}],"wp:attachment":[{"href":"https:\/\/itdd.au.dk\/notorious-ects\/wp-json\/wp\/v2\/media?parent=63"}],"curies":[{"name":"wp","href":"https:\/\/api.w.org\/{rel}","templated":true}]}}