{"id":33,"date":"2024-05-12T14:40:32","date_gmt":"2024-05-12T14:40:32","guid":{"rendered":"https:\/\/itdd.au.dk\/navigarina-app\/?page_id=33"},"modified":"2024-05-14T15:50:05","modified_gmt":"2024-05-14T15:50:05","slug":"om","status":"publish","type":"page","link":"https:\/\/itdd.au.dk\/navigarina-app\/om\/","title":{"rendered":"OM"},"content":{"rendered":"\n<p>Denne app er udviklet i samarbejde med nuv\u00e6rende og kommende navigat\u00f8rer i Marinehjemmev\u00e6rnet og har til form\u00e5l at hj\u00e6lpe navigationsstuderende i deres uddannelse. <\/p>\n\n\n\n<p>En varm tak til alle jer, der har bidraget med interviews, sp\u00f8rgeskemabesvarelser og feedback \ud83d\ude42<\/p>\n","protected":false},"excerpt":{"rendered":"<p>Denne app er udviklet i samarbejde med nuv\u00e6rende og kommende navigat\u00f8rer i Marinehjemmev\u00e6rnet og har til form\u00e5l at hj\u00e6lpe navigationsstuderende i deres uddannelse. En varm tak til alle jer, der har bidraget med interviews, sp\u00f8rgeskemabesvarelser og feedback \ud83d\ude42<\/p>\n","protected":false},"author":29,"featured_media":0,"parent":0,"menu_order":0,"comment_status":"closed","ping_status":"closed","template":"","meta":{"footnotes":""},"class_list":["post-33","page","type-page","status-publish","hentry","entry"],"_links":{"self":[{"href":"https:\/\/itdd.au.dk\/navigarina-app\/wp-json\/wp\/v2\/pages\/33","targetHints":{"allow":["GET"]}}],"collection":[{"href":"https:\/\/itdd.au.dk\/navigarina-app\/wp-json\/wp\/v2\/pages"}],"about":[{"href":"https:\/\/itdd.au.dk\/navigarina-app\/wp-json\/wp\/v2\/types\/page"}],"author":[{"embeddable":true,"href":"https:\/\/itdd.au.dk\/navigarina-app\/wp-json\/wp\/v2\/users\/29"}],"replies":[{"embeddable":true,"href":"https:\/\/itdd.au.dk\/navigarina-app\/wp-json\/wp\/v2\/comments?post=33"}],"version-history":[{"count":6,"href":"https:\/\/itdd.au.dk\/navigarina-app\/wp-json\/wp\/v2\/pages\/33\/revisions"}],"predecessor-version":[{"id":209,"href":"https:\/\/itdd.au.dk\/navigarina-app\/wp-json\/wp\/v2\/pages\/33\/revisions\/209"}],"wp:attachment":[{"href":"https:\/\/itdd.au.dk\/navigarina-app\/wp-json\/wp\/v2\/media?parent=33"}],"curies":[{"name":"wp","href":"https:\/\/api.w.org\/{rel}","templated":true}]}}