{"id":167,"date":"2024-05-13T10:08:58","date_gmt":"2024-05-13T10:08:58","guid":{"rendered":"https:\/\/itdd.au.dk\/navigarina-app\/?page_id=167"},"modified":"2024-05-14T15:44:40","modified_gmt":"2024-05-14T15:44:40","slug":"begraensninger","status":"publish","type":"page","link":"https:\/\/itdd.au.dk\/navigarina-app\/begraensninger\/","title":{"rendered":"BEGR\u00c6NSNINGER"},"content":{"rendered":"\n<p>Dette er en prototype p\u00e5 en intervention rettet mod nye og kommende navigat\u00f8rer og navigationsstuderende i Marinehjemmev\u00e6rnet.<\/p>\n\n\n\n<p>Prototypen er udarbejdet i WordPress og er tilt\u00e6nkt som st\u00f8tte til navigat\u00f8rer og navigationsstuderende i deres virke ombord og er derfor udarbejdet med henblik p\u00e5 at fungere bedst p\u00e5 mobiltelefoner og tablets.<\/p>\n\n\n\n<p>Prototypen er kun testet i begr\u00e6nses omfang p\u00e5 Android og iPhone; derfor kan der forekomme funktioner, som ikke fungerer.<\/p>\n\n\n\n<p>Bem\u00e6rk at der er en del links til andre websider; disse sider er i sagens natur udenfor min kontrol, og jeg garanterer derfor ikke for funktionen af disse.<\/p>\n\n\n\n<p><\/p>\n","protected":false},"excerpt":{"rendered":"<p>Dette er en prototype p\u00e5 en intervention rettet mod nye og kommende navigat\u00f8rer og navigationsstuderende i Marinehjemmev\u00e6rnet. Prototypen er udarbejdet i WordPress og er tilt\u00e6nkt som st\u00f8tte til navigat\u00f8rer og navigationsstuderende i deres virke ombord og er derfor udarbejdet med henblik p\u00e5 at fungere bedst p\u00e5 mobiltelefoner og tablets. Prototypen er kun testet i begr\u00e6nses [&hellip;]<\/p>\n","protected":false},"author":29,"featured_media":0,"parent":0,"menu_order":0,"comment_status":"closed","ping_status":"closed","template":"","meta":{"footnotes":""},"class_list":["post-167","page","type-page","status-publish","hentry","entry"],"_links":{"self":[{"href":"https:\/\/itdd.au.dk\/navigarina-app\/wp-json\/wp\/v2\/pages\/167","targetHints":{"allow":["GET"]}}],"collection":[{"href":"https:\/\/itdd.au.dk\/navigarina-app\/wp-json\/wp\/v2\/pages"}],"about":[{"href":"https:\/\/itdd.au.dk\/navigarina-app\/wp-json\/wp\/v2\/types\/page"}],"author":[{"embeddable":true,"href":"https:\/\/itdd.au.dk\/navigarina-app\/wp-json\/wp\/v2\/users\/29"}],"replies":[{"embeddable":true,"href":"https:\/\/itdd.au.dk\/navigarina-app\/wp-json\/wp\/v2\/comments?post=167"}],"version-history":[{"count":5,"href":"https:\/\/itdd.au.dk\/navigarina-app\/wp-json\/wp\/v2\/pages\/167\/revisions"}],"predecessor-version":[{"id":205,"href":"https:\/\/itdd.au.dk\/navigarina-app\/wp-json\/wp\/v2\/pages\/167\/revisions\/205"}],"wp:attachment":[{"href":"https:\/\/itdd.au.dk\/navigarina-app\/wp-json\/wp\/v2\/media?parent=167"}],"curies":[{"name":"wp","href":"https:\/\/api.w.org\/{rel}","templated":true}]}}