{"id":159,"date":"2024-05-13T09:58:23","date_gmt":"2024-05-13T09:58:23","guid":{"rendered":"https:\/\/itdd.au.dk\/navigarina-app\/?page_id=159"},"modified":"2024-05-13T10:06:58","modified_gmt":"2024-05-13T10:06:58","slug":"oplaesning","status":"publish","type":"page","link":"https:\/\/itdd.au.dk\/navigarina-app\/oplaesning\/","title":{"rendered":"Opl\u00e6sning"},"content":{"rendered":"\n<p>B\u00e5de Android og iOS (iPhone\/iPad) kan opl\u00e6se indhold p\u00e5 sk\u00e6rmen.<\/p>\n\n\n\n<figure class=\"wp-block-video\"><video height=\"1600\" style=\"aspect-ratio: 720 \/ 1600;\" width=\"720\" controls src=\"https:\/\/itdd.au.dk\/navigarina-app\/wp-content\/uploads\/sites\/16\/2024\/05\/oplaesning-android.mp4\"><\/video><\/figure>\n\n\n\n<p>Vejledning iOS [ <a href=\"https:\/\/support.apple.com\/da-dk\/guide\/iphone\/iph96b214f0\/12.0\/ios\/12.0\" data-type=\"link\" data-id=\"https:\/\/support.apple.com\/da-dk\/guide\/iphone\/iph96b214f0\/12.0\/ios\/12.0\" target=\"_blank\" rel=\"noreferrer noopener nofollow\">tekst <\/a>] &#8211; [ <a href=\"https:\/\/www.youtube.com\/watch?v=umY_AsXXIUI\" data-type=\"link\" data-id=\"https:\/\/www.youtube.com\/watch?v=fgrZqDA2-oY\" target=\"_blank\" rel=\"noreferrer noopener nofollow\">video <\/a>]<\/p>\n\n\n\n<p>Vejledning Android [ <a href=\"https:\/\/support.google.com\/accessibility\/android\/answer\/7349565?hl=da\" data-type=\"link\" data-id=\"https:\/\/support.google.com\/accessibility\/android\/answer\/7349565?hl=da\" target=\"_blank\" rel=\"noreferrer noopener nofollow\">tekst <\/a>] &#8211; [ <a href=\"https:\/\/www.youtube.com\/watch?v=5ZW7Cvs5bTk\" data-type=\"link\" data-id=\"https:\/\/www.youtube.com\/watch?v=5ZW7Cvs5bTk\" target=\"_blank\" rel=\"noreferrer noopener nofollow\">video <\/a>]<\/p>\n\n\n\n<p>Du kan ogs\u00e5 altid s\u00f8ge hj\u00e6lp hos flotillens ITSPEC. <\/p>\n","protected":false},"excerpt":{"rendered":"<p>B\u00e5de Android og iOS (iPhone\/iPad) kan opl\u00e6se indhold p\u00e5 sk\u00e6rmen. Vejledning iOS [ tekst ] &#8211; [ video ] Vejledning Android [ tekst ] &#8211; [ video ] Du kan ogs\u00e5 altid s\u00f8ge hj\u00e6lp hos flotillens ITSPEC.<\/p>\n","protected":false},"author":29,"featured_media":0,"parent":0,"menu_order":0,"comment_status":"closed","ping_status":"closed","template":"","meta":{"footnotes":""},"class_list":["post-159","page","type-page","status-publish","hentry","entry"],"_links":{"self":[{"href":"https:\/\/itdd.au.dk\/navigarina-app\/wp-json\/wp\/v2\/pages\/159","targetHints":{"allow":["GET"]}}],"collection":[{"href":"https:\/\/itdd.au.dk\/navigarina-app\/wp-json\/wp\/v2\/pages"}],"about":[{"href":"https:\/\/itdd.au.dk\/navigarina-app\/wp-json\/wp\/v2\/types\/page"}],"author":[{"embeddable":true,"href":"https:\/\/itdd.au.dk\/navigarina-app\/wp-json\/wp\/v2\/users\/29"}],"replies":[{"embeddable":true,"href":"https:\/\/itdd.au.dk\/navigarina-app\/wp-json\/wp\/v2\/comments?post=159"}],"version-history":[{"count":3,"href":"https:\/\/itdd.au.dk\/navigarina-app\/wp-json\/wp\/v2\/pages\/159\/revisions"}],"predecessor-version":[{"id":166,"href":"https:\/\/itdd.au.dk\/navigarina-app\/wp-json\/wp\/v2\/pages\/159\/revisions\/166"}],"wp:attachment":[{"href":"https:\/\/itdd.au.dk\/navigarina-app\/wp-json\/wp\/v2\/media?parent=159"}],"curies":[{"name":"wp","href":"https:\/\/api.w.org\/{rel}","templated":true}]}}