{"id":84,"date":"2024-09-13T18:09:31","date_gmt":"2024-09-13T18:09:31","guid":{"rendered":"https:\/\/itdd.au.dk\/tech-trio\/?page_id=84"},"modified":"2024-09-16T08:55:37","modified_gmt":"2024-09-16T08:55:37","slug":"home","status":"publish","type":"page","link":"https:\/\/itdd.au.dk\/mtlg\/home\/","title":{"rendered":"Om os"},"content":{"rendered":"\n<div class=\"wp-block-group alignfull has-background-color has-white-color has-black-background-color has-text-color has-background has-link-color wp-elements-4634fd6fd7714ed67180c2845c632cf4\" style=\"padding-top:var(--wp--preset--spacing--30);padding-right:var(--wp--preset--spacing--30);padding-bottom:var(--wp--preset--spacing--30);padding-left:var(--wp--preset--spacing--30)\"><div class=\"wp-block-group__inner-container is-layout-constrained wp-container-core-group-is-layout-97875daf wp-block-group-is-layout-constrained\">\n<div class=\"wp-block-group alignwide is-content-justification-space-between is-layout-flex wp-container-core-group-is-layout-256aec57 wp-block-group-is-layout-flex\">\n<div class=\"wp-block-group is-layout-flex wp-block-group-is-layout-flex\"><\/div>\n\n\n\n<h1 class=\"wp-block-heading\"><strong><mark style=\"background-color:rgba(0, 0, 0, 0)\" class=\"has-inline-color has-cyan-bluish-gray-color\">Tre kandidatstuderende i IT-didaktisk design p\u00e5 Aarhus Universitet<\/mark><\/strong><\/h1>\n\n\n\n<div class=\"wp-block-group is-layout-flex wp-block-group-is-layout-flex\"><\/div>\n<\/div>\n<\/div><\/div>\n\n\n\n<div class=\"wp-block-columns alignfull is-layout-flex wp-container-core-columns-is-layout-9d6595d7 wp-block-columns-is-layout-flex\">\n<div class=\"wp-block-column is-vertically-aligned-center is-layout-flow wp-block-column-is-layout-flow\" style=\"padding-top:1em;padding-right:1em;padding-bottom:1em;padding-left:1em\">\n<div class=\"wp-block-columns alignwide are-vertically-aligned-top is-layout-flex wp-container-core-columns-is-layout-9d6595d7 wp-block-columns-is-layout-flex\">\n<div class=\"wp-block-column is-vertically-aligned-top is-layout-flow wp-block-column-is-layout-flow\" style=\"flex-basis:320px\">\n<p class=\"has-text-align-right has-small-font-size\" style=\"line-height:1.6\"><strong>Teitur Virgarsson Nilssen<\/strong><\/p>\n\n\n\n<p class=\"has-text-align-right has-small-font-size\" style=\"line-height:1.6\">Mit navn er Teitur Virgarsson Nilssen. Jeg er 30 \u00e5r og kommer fra F\u00e6r\u00f8erne. Jeg blev uddannet folkeskolel\u00e6rer i sommeren 2024. Ved siden af skolen, arbejder jeg som vikar p\u00e5 en skole i T\u00f3rshavn.<\/p>\n<\/div>\n<\/div>\n\n\n\n<ul class=\"wp-block-social-links alignleft is-layout-flex wp-block-social-links-is-layout-flex\"><li class=\"wp-social-link wp-social-link-linkedin  wp-block-social-link\"><a href=\"https:\/\/www.linkedin.com\/in\/teitur-virgarsson-nilssen-2a4688147\/\" class=\"wp-block-social-link-anchor\"><svg width=\"24\" height=\"24\" viewBox=\"0 0 24 24\" version=\"1.1\" xmlns=\"http:\/\/www.w3.org\/2000\/svg\" aria-hidden=\"true\" focusable=\"false\"><path d=\"M19.7,3H4.3C3.582,3,3,3.582,3,4.3v15.4C3,20.418,3.582,21,4.3,21h15.4c0.718,0,1.3-0.582,1.3-1.3V4.3 C21,3.582,20.418,3,19.7,3z M8.339,18.338H5.667v-8.59h2.672V18.338z M7.004,8.574c-0.857,0-1.549-0.694-1.549-1.548 c0-0.855,0.691-1.548,1.549-1.548c0.854,0,1.547,0.694,1.547,1.548C8.551,7.881,7.858,8.574,7.004,8.574z M18.339,18.338h-2.669 v-4.177c0-0.996-0.017-2.278-1.387-2.278c-1.389,0-1.601,1.086-1.601,2.206v4.249h-2.667v-8.59h2.559v1.174h0.037 c0.356-0.675,1.227-1.387,2.526-1.387c2.703,0,3.203,1.779,3.203,4.092V18.338z\"><\/path><\/svg><span class=\"wp-block-social-link-label screen-reader-text\">LinkedIn<\/span><\/a><\/li><\/ul>\n<\/div>\n\n\n\n<div class=\"wp-block-column is-layout-flow wp-block-column-is-layout-flow\" style=\"flex-basis:50%\">\n<div class=\"wp-block-cover\" style=\"min-height:100vh;aspect-ratio:unset;\"><span aria-hidden=\"true\" class=\"wp-block-cover__background has-background-dim-100 has-background-dim\" style=\"background-color:#f6f6f6\"><\/span><div class=\"wp-block-cover__inner-container is-layout-flow wp-block-cover-is-layout-flow\"><div class=\"wp-block-image wp-duotone-grayscale\">\n<figure class=\"aligncenter size-medium is-resized\"><img loading=\"lazy\" decoding=\"async\" width=\"169\" height=\"300\" src=\"https:\/\/itdd.au.dk\/tech-trio\/wp-content\/uploads\/sites\/25\/2024\/09\/Mynd-Teitur-169x300.jpg\" alt=\"\" class=\"wp-image-45\" style=\"width:259px;height:auto\" srcset=\"https:\/\/itdd.au.dk\/mtlg\/wp-content\/uploads\/sites\/25\/2024\/09\/Mynd-Teitur-169x300.jpg 169w, https:\/\/itdd.au.dk\/mtlg\/wp-content\/uploads\/sites\/25\/2024\/09\/Mynd-Teitur-577x1024.jpg 577w, https:\/\/itdd.au.dk\/mtlg\/wp-content\/uploads\/sites\/25\/2024\/09\/Mynd-Teitur-768x1363.jpg 768w, https:\/\/itdd.au.dk\/mtlg\/wp-content\/uploads\/sites\/25\/2024\/09\/Mynd-Teitur-866x1536.jpg 866w, https:\/\/itdd.au.dk\/mtlg\/wp-content\/uploads\/sites\/25\/2024\/09\/Mynd-Teitur.jpg 1154w\" sizes=\"auto, (max-width: 169px) 100vw, 169px\" \/><\/figure>\n<\/div><\/div><\/div>\n<\/div>\n<\/div>\n\n\n\n<div class=\"wp-block-columns alignfull is-layout-flex wp-container-core-columns-is-layout-9d6595d7 wp-block-columns-is-layout-flex\">\n<div class=\"wp-block-column is-layout-flow wp-block-column-is-layout-flow\" style=\"flex-basis:50%\">\n<div class=\"wp-block-cover\" style=\"min-height:100vh;aspect-ratio:unset;\"><span aria-hidden=\"true\" class=\"wp-block-cover__background has-background-dim-100 has-background-dim\" style=\"background-color:#f6f6f6\"><\/span><div class=\"wp-block-cover__inner-container is-layout-flow wp-block-cover-is-layout-flow\"><div class=\"wp-block-image wp-duotone-grayscale\">\n<figure class=\"aligncenter size-medium is-resized\"><img loading=\"lazy\" decoding=\"async\" width=\"189\" height=\"300\" src=\"https:\/\/itdd.au.dk\/tech-trio\/wp-content\/uploads\/sites\/25\/2024\/09\/Michell-1-189x300.jpeg\" alt=\"\" class=\"wp-image-24\" style=\"width:259px;height:auto\" srcset=\"https:\/\/itdd.au.dk\/mtlg\/wp-content\/uploads\/sites\/25\/2024\/09\/Michell-1-189x300.jpeg 189w, https:\/\/itdd.au.dk\/mtlg\/wp-content\/uploads\/sites\/25\/2024\/09\/Michell-1-647x1024.jpeg 647w, https:\/\/itdd.au.dk\/mtlg\/wp-content\/uploads\/sites\/25\/2024\/09\/Michell-1-768x1216.jpeg 768w, https:\/\/itdd.au.dk\/mtlg\/wp-content\/uploads\/sites\/25\/2024\/09\/Michell-1-970x1536.jpeg 970w, https:\/\/itdd.au.dk\/mtlg\/wp-content\/uploads\/sites\/25\/2024\/09\/Michell-1-1294x2048.jpeg 1294w, https:\/\/itdd.au.dk\/mtlg\/wp-content\/uploads\/sites\/25\/2024\/09\/Michell-1.jpeg 1447w\" sizes=\"auto, (max-width: 189px) 100vw, 189px\" \/><\/figure>\n<\/div><\/div><\/div>\n<\/div>\n\n\n\n<div class=\"wp-block-column is-vertically-aligned-center is-layout-flow wp-block-column-is-layout-flow\" style=\"padding-top:1em;padding-right:1em;padding-bottom:1em;padding-left:1em\">\n<div class=\"wp-block-columns is-layout-flex wp-container-core-columns-is-layout-9d6595d7 wp-block-columns-is-layout-flex\">\n<div class=\"wp-block-column is-layout-flow wp-block-column-is-layout-flow\" style=\"flex-basis:320px\">\n<p class=\"has-small-font-size\" style=\"line-height:1.6\"><strong>Michell Varenholt Nejad<\/strong><\/p>\n\n\n\n<p class=\"has-small-font-size\" style=\"line-height:1.6\">Jeg er uddannet socialp\u00e6dagog i 2018, hvor jeg har arbejdet indenfor handicap og psykiatri. Jeg studerer ITDD grundet interesse om at videreudvikle p\u00e6dagogiske l\u00e6ringsteorier sammen med teknologi.<\/p>\n<\/div>\n<\/div>\n\n\n\n<ul class=\"wp-block-social-links is-layout-flex wp-block-social-links-is-layout-flex\"><li class=\"wp-social-link wp-social-link-linkedin  wp-block-social-link\"><a href=\"https:\/\/www.linkedin.com\/in\/michell-varenholt-nejad-48890a1b4\/\" class=\"wp-block-social-link-anchor\"><svg width=\"24\" height=\"24\" viewBox=\"0 0 24 24\" version=\"1.1\" xmlns=\"http:\/\/www.w3.org\/2000\/svg\" aria-hidden=\"true\" focusable=\"false\"><path d=\"M19.7,3H4.3C3.582,3,3,3.582,3,4.3v15.4C3,20.418,3.582,21,4.3,21h15.4c0.718,0,1.3-0.582,1.3-1.3V4.3 C21,3.582,20.418,3,19.7,3z M8.339,18.338H5.667v-8.59h2.672V18.338z M7.004,8.574c-0.857,0-1.549-0.694-1.549-1.548 c0-0.855,0.691-1.548,1.549-1.548c0.854,0,1.547,0.694,1.547,1.548C8.551,7.881,7.858,8.574,7.004,8.574z M18.339,18.338h-2.669 v-4.177c0-0.996-0.017-2.278-1.387-2.278c-1.389,0-1.601,1.086-1.601,2.206v4.249h-2.667v-8.59h2.559v1.174h0.037 c0.356-0.675,1.227-1.387,2.526-1.387c2.703,0,3.203,1.779,3.203,4.092V18.338z\"><\/path><\/svg><span class=\"wp-block-social-link-label screen-reader-text\">LinkedIn<\/span><\/a><\/li><\/ul>\n<\/div>\n<\/div>\n\n\n\n<div class=\"wp-block-columns alignfull is-layout-flex wp-container-core-columns-is-layout-9d6595d7 wp-block-columns-is-layout-flex\">\n<div class=\"wp-block-column is-vertically-aligned-center is-layout-flow wp-block-column-is-layout-flow\" style=\"padding-top:1em;padding-right:1em;padding-bottom:1em;padding-left:1em\">\n<div class=\"wp-block-columns is-layout-flex wp-container-core-columns-is-layout-9d6595d7 wp-block-columns-is-layout-flex\">\n<div class=\"wp-block-column is-layout-flow wp-block-column-is-layout-flow\" style=\"flex-basis:320px\">\n<p class=\"has-text-align-right has-small-font-size\" style=\"line-height:1.6\"><strong>Jonas Nygaard Kristensen<\/strong><\/p>\n\n\n\n<p class=\"has-text-align-right has-small-font-size\" style=\"line-height:1.6\"> Jeg blev uddannet p\u00e6dagog i sommeren 2024. Jeg studerer p\u00e5 kandidaten i ITDD, da jeg t\u00e6nker, at det er en uddannelse, der er relevant for fremtiden..<\/p>\n<\/div>\n<\/div>\n\n\n\n<ul class=\"wp-block-social-links alignleft is-layout-flex wp-block-social-links-is-layout-flex\"><li class=\"wp-social-link wp-social-link-linkedin  wp-block-social-link\"><a href=\"https:\/\/www.linkedin.com\/in\/jonas-nygaard-kristensen-2207b7302\/\" class=\"wp-block-social-link-anchor\"><svg width=\"24\" height=\"24\" viewBox=\"0 0 24 24\" version=\"1.1\" xmlns=\"http:\/\/www.w3.org\/2000\/svg\" aria-hidden=\"true\" focusable=\"false\"><path d=\"M19.7,3H4.3C3.582,3,3,3.582,3,4.3v15.4C3,20.418,3.582,21,4.3,21h15.4c0.718,0,1.3-0.582,1.3-1.3V4.3 C21,3.582,20.418,3,19.7,3z M8.339,18.338H5.667v-8.59h2.672V18.338z M7.004,8.574c-0.857,0-1.549-0.694-1.549-1.548 c0-0.855,0.691-1.548,1.549-1.548c0.854,0,1.547,0.694,1.547,1.548C8.551,7.881,7.858,8.574,7.004,8.574z M18.339,18.338h-2.669 v-4.177c0-0.996-0.017-2.278-1.387-2.278c-1.389,0-1.601,1.086-1.601,2.206v4.249h-2.667v-8.59h2.559v1.174h0.037 c0.356-0.675,1.227-1.387,2.526-1.387c2.703,0,3.203,1.779,3.203,4.092V18.338z\"><\/path><\/svg><span class=\"wp-block-social-link-label screen-reader-text\">LinkedIn<\/span><\/a><\/li><\/ul>\n<\/div>\n\n\n\n<div class=\"wp-block-column is-layout-flow wp-block-column-is-layout-flow\" style=\"flex-basis:50%\">\n<div class=\"wp-block-cover\" style=\"min-height:100vh;aspect-ratio:unset;\"><span aria-hidden=\"true\" class=\"wp-block-cover__background has-background-dim-100 has-background-dim\" style=\"background-color:#f6f6f6\"><\/span><div class=\"wp-block-cover__inner-container is-layout-flow wp-block-cover-is-layout-flow\"><div class=\"wp-block-image wp-duotone-grayscale\">\n<figure class=\"aligncenter size-medium is-resized\"><img decoding=\"async\" src=\"https:\/\/itdd.au.dk\/tech-trio\/wp-content\/uploads\/sites\/25\/2024\/09\/Studiebillede-233x300.jpg\" alt=\"\" class=\"wp-image-14\" style=\"width:259px;height:auto\"\/><\/figure>\n<\/div><\/div><\/div>\n<\/div>\n<\/div>\n\n\n\n<p><\/p>\n","protected":false},"excerpt":{"rendered":"<p>Tre kandidatstuderende i IT-didaktisk design p\u00e5 Aarhus Universitet Teitur Virgarsson Nilssen Mit navn er Teitur Virgarsson Nilssen. Jeg er 30 \u00e5r og kommer fra F\u00e6r\u00f8erne. Jeg blev uddannet folkeskolel\u00e6rer i sommeren 2024. Ved siden af skolen, arbejder jeg som vikar p\u00e5 en skole i T\u00f3rshavn. Michell Varenholt Nejad Jeg er uddannet socialp\u00e6dagog i 2018, hvor [&hellip;]<\/p>\n","protected":false},"author":46,"featured_media":0,"parent":0,"menu_order":0,"comment_status":"closed","ping_status":"closed","template":"","meta":{"footnotes":""},"class_list":["post-84","page","type-page","status-publish","hentry","entry"],"_links":{"self":[{"href":"https:\/\/itdd.au.dk\/mtlg\/wp-json\/wp\/v2\/pages\/84","targetHints":{"allow":["GET"]}}],"collection":[{"href":"https:\/\/itdd.au.dk\/mtlg\/wp-json\/wp\/v2\/pages"}],"about":[{"href":"https:\/\/itdd.au.dk\/mtlg\/wp-json\/wp\/v2\/types\/page"}],"author":[{"embeddable":true,"href":"https:\/\/itdd.au.dk\/mtlg\/wp-json\/wp\/v2\/users\/46"}],"replies":[{"embeddable":true,"href":"https:\/\/itdd.au.dk\/mtlg\/wp-json\/wp\/v2\/comments?post=84"}],"version-history":[{"count":20,"href":"https:\/\/itdd.au.dk\/mtlg\/wp-json\/wp\/v2\/pages\/84\/revisions"}],"predecessor-version":[{"id":262,"href":"https:\/\/itdd.au.dk\/mtlg\/wp-json\/wp\/v2\/pages\/84\/revisions\/262"}],"wp:attachment":[{"href":"https:\/\/itdd.au.dk\/mtlg\/wp-json\/wp\/v2\/media?parent=84"}],"curies":[{"name":"wp","href":"https:\/\/api.w.org\/{rel}","templated":true}]}}