{"id":109,"date":"2024-09-13T18:37:15","date_gmt":"2024-09-13T18:37:15","guid":{"rendered":"https:\/\/itdd.au.dk\/tech-trio\/?page_id=109"},"modified":"2024-09-16T18:27:00","modified_gmt":"2024-09-16T18:27:00","slug":"forside","status":"publish","type":"page","link":"https:\/\/itdd.au.dk\/mtlg\/","title":{"rendered":"IT &#8211; DIDAKTIK &#8211; DESIGN"},"content":{"rendered":"\n<div class=\"wp-block-cover alignfull is-light\" style=\"min-height:800px;aspect-ratio:unset;\"><span aria-hidden=\"true\" class=\"wp-block-cover__background has-background-dim-60 has-background-dim\" style=\"background-color:#d9dcdf\"><\/span><img loading=\"lazy\" decoding=\"async\" width=\"2500\" height=\"1667\" class=\"wp-block-cover__image-background wp-image-154\" alt=\"\" src=\"https:\/\/itdd.au.dk\/tech-trio\/wp-content\/uploads\/sites\/25\/2024\/09\/ai3-3.jpg\" data-object-fit=\"cover\" srcset=\"https:\/\/itdd.au.dk\/mtlg\/wp-content\/uploads\/sites\/25\/2024\/09\/ai3-3.jpg 2500w, https:\/\/itdd.au.dk\/mtlg\/wp-content\/uploads\/sites\/25\/2024\/09\/ai3-3-300x200.jpg 300w, https:\/\/itdd.au.dk\/mtlg\/wp-content\/uploads\/sites\/25\/2024\/09\/ai3-3-1024x683.jpg 1024w, https:\/\/itdd.au.dk\/mtlg\/wp-content\/uploads\/sites\/25\/2024\/09\/ai3-3-768x512.jpg 768w, https:\/\/itdd.au.dk\/mtlg\/wp-content\/uploads\/sites\/25\/2024\/09\/ai3-3-1536x1024.jpg 1536w, https:\/\/itdd.au.dk\/mtlg\/wp-content\/uploads\/sites\/25\/2024\/09\/ai3-3-2048x1366.jpg 2048w\" sizes=\"auto, (max-width: 2500px) 100vw, 2500px\" \/><div class=\"wp-block-cover__inner-container is-layout-flow wp-block-cover-is-layout-flow\">\n<h2 class=\"wp-block-heading alignwide has-text-color\" style=\"color:#ffe074;font-size:64px\"><mark style=\"background-color:rgba(0, 0, 0, 0)\" class=\"has-inline-color has-luminous-vivid-amber-color\">The future is AI<\/mark><br><br><br><mark style=\"background-color:rgba(0, 0, 0, 0)\" class=\"has-inline-color has-luminous-vivid-amber-color\"><br><\/mark><br><br><\/h2>\n\n\n\n<div class=\"wp-block-columns alignwide is-layout-flex wp-container-core-columns-is-layout-9d6595d7 wp-block-columns-is-layout-flex\">\n<div class=\"wp-block-column is-layout-flow wp-block-column-is-layout-flow\" style=\"flex-basis:55%\">\n<div style=\"height:330px\" aria-hidden=\"true\" class=\"wp-block-spacer\"><\/div>\n\n\n\n<p class=\"has-text-align-center\"><mark style=\"background-color:rgba(0, 0, 0, 0);color:#919598\" class=\"has-inline-color\"><em>&#8220;IT \u00e5bner d\u00f8rene til en ny \u00e6ra af l\u00e6ring, hvor traditionelle gr\u00e6nser udfordres, og nye muligheder skabes. Med teknologi som vores partner kan vi redefinere, hvordan vi l\u00e6rer, t\u00e6nker og interagerer, og dermed skabe en verden, hvor viden er gr\u00e6nsel\u00f8s.<\/em>&#8221; ChatGPT<\/mark><\/p>\n\n\n\n<blockquote class=\"wp-block-quote is-layout-flow wp-block-quote-is-layout-flow\">\n<p><\/p>\n<\/blockquote>\n<\/div>\n\n\n\n<div class=\"wp-block-column is-layout-flow wp-block-column-is-layout-flow\"><\/div>\n<\/div>\n<\/div><\/div>\n\n\n\n<p class=\"has-text-align-right has-small-font-size\"><\/p>\n\n\n\n<div class=\"wp-block-cover alignwide\" style=\"min-height:493px;aspect-ratio:unset;\"><span aria-hidden=\"true\" class=\"wp-block-cover__background has-background-dim\" style=\"background-color:#fffdea\"><\/span><img loading=\"lazy\" decoding=\"async\" width=\"1024\" height=\"576\" class=\"wp-block-cover__image-background wp-image-157\" alt=\"\" src=\"https:\/\/itdd.au.dk\/tech-trio\/wp-content\/uploads\/sites\/25\/2024\/09\/ai-1-1024x576.jpeg\" data-object-fit=\"cover\" srcset=\"https:\/\/itdd.au.dk\/mtlg\/wp-content\/uploads\/sites\/25\/2024\/09\/ai-1-1024x576.jpeg 1024w, https:\/\/itdd.au.dk\/mtlg\/wp-content\/uploads\/sites\/25\/2024\/09\/ai-1-300x169.jpeg 300w, https:\/\/itdd.au.dk\/mtlg\/wp-content\/uploads\/sites\/25\/2024\/09\/ai-1-768x432.jpeg 768w, https:\/\/itdd.au.dk\/mtlg\/wp-content\/uploads\/sites\/25\/2024\/09\/ai-1-800x450.jpeg 800w, https:\/\/itdd.au.dk\/mtlg\/wp-content\/uploads\/sites\/25\/2024\/09\/ai-1.jpeg 1280w\" sizes=\"auto, (max-width: 1024px) 100vw, 1024px\" \/><div class=\"wp-block-cover__inner-container is-layout-flow wp-block-cover-is-layout-flow\">\n<p class=\"has-text-align-center\" style=\"font-size:36px;line-height:1.2\"><mark style=\"background-color:rgba(0, 0, 0, 0)\" class=\"has-inline-color has-luminous-vivid-amber-color\"><strong>And we want you to join us<\/strong><\/mark><\/p>\n\n\n\n<div class=\"wp-block-buttons is-content-justification-center is-layout-flex wp-container-core-buttons-is-layout-16018d1d wp-block-buttons-is-layout-flex\">\n<div class=\"wp-block-button is-style-outline is-style-outline--1\"><a class=\"wp-block-button__link wp-element-button\" href=\"https:\/\/itdd.au.dk\/tech-trio\/svenskpoelseret-laves-og-spises-sammen-alt-sammen-online-og-synkront\"><mark style=\"background-color:rgba(0, 0, 0, 0)\" class=\"has-inline-color has-luminous-vivid-amber-color\">Get inspired<\/mark><\/a><\/div>\n<\/div>\n\n\n\n<div class=\"wp-block-group\" style=\"padding-top:2em;padding-right:2em;padding-bottom:2em;padding-left:2em\"><div class=\"wp-block-group__inner-container is-layout-flow wp-block-group-is-layout-flow\">\n<p class=\"has-extra-small-font-size\"><\/p>\n<\/div><\/div>\n<\/div><\/div>\n\n\n\n<blockquote class=\"wp-block-quote is-layout-flow wp-block-quote-is-layout-flow\">\n<p><\/p>\n<\/blockquote>\n\n\n\n<div class=\"wp-block-cover alignfull has-custom-content-position is-position-top-left\" style=\"margin-top:0;padding-top:5vw;padding-right:5vw;padding-bottom:5vw;padding-left:5vw;min-height:50vh;aspect-ratio:unset;\"><span aria-hidden=\"true\" class=\"wp-block-cover__background has-background-dim-90 has-background-dim\" style=\"background-color:#141414\"><\/span><img decoding=\"async\" class=\"wp-block-cover__image-background wp-image-333\" alt=\"\" src=\"https:\/\/pd.w.org\/2022\/07\/87262c92d42acd1c3.73206444.jpg\" style=\"object-position:50% 0%\" data-object-fit=\"cover\" data-object-position=\"50% 0%\"\/><div class=\"wp-block-cover__inner-container is-layout-flow wp-block-cover-is-layout-flow\">\n<div class=\"wp-block-group wp-container-content-9cfa9a5a is-vertical is-nowrap is-layout-flex wp-container-core-group-is-layout-929c89a5 wp-block-group-is-layout-flex\">\n<blockquote class=\"wp-block-quote is-style-default is-layout-flow wp-block-quote-is-layout-flow\">\n<p class=\"has-text-align-left has-text-color has-source-serif-pro-font-family\" style=\"color:#d8a557;font-size:160px;font-style:italic;font-weight:900;letter-spacing:-4px;line-height:0.8;text-transform:none\"><a href=\"https:\/\/kandidat.au.dk\/it-didaktiskdesign\">IT-didaktisk design<\/a><\/p>\n<\/blockquote>\n<\/div>\n<\/div><\/div>\n","protected":false},"excerpt":{"rendered":"","protected":false},"author":46,"featured_media":310,"parent":0,"menu_order":0,"comment_status":"closed","ping_status":"closed","template":"","meta":{"footnotes":""},"class_list":["post-109","page","type-page","status-publish","has-post-thumbnail","hentry","entry","has-media"],"_links":{"self":[{"href":"https:\/\/itdd.au.dk\/mtlg\/wp-json\/wp\/v2\/pages\/109","targetHints":{"allow":["GET"]}}],"collection":[{"href":"https:\/\/itdd.au.dk\/mtlg\/wp-json\/wp\/v2\/pages"}],"about":[{"href":"https:\/\/itdd.au.dk\/mtlg\/wp-json\/wp\/v2\/types\/page"}],"author":[{"embeddable":true,"href":"https:\/\/itdd.au.dk\/mtlg\/wp-json\/wp\/v2\/users\/46"}],"replies":[{"embeddable":true,"href":"https:\/\/itdd.au.dk\/mtlg\/wp-json\/wp\/v2\/comments?post=109"}],"version-history":[{"count":27,"href":"https:\/\/itdd.au.dk\/mtlg\/wp-json\/wp\/v2\/pages\/109\/revisions"}],"predecessor-version":[{"id":331,"href":"https:\/\/itdd.au.dk\/mtlg\/wp-json\/wp\/v2\/pages\/109\/revisions\/331"}],"wp:featuredmedia":[{"embeddable":true,"href":"https:\/\/itdd.au.dk\/mtlg\/wp-json\/wp\/v2\/media\/310"}],"wp:attachment":[{"href":"https:\/\/itdd.au.dk\/mtlg\/wp-json\/wp\/v2\/media?parent=109"}],"curies":[{"name":"wp","href":"https:\/\/api.w.org\/{rel}","templated":true}]}}