{"id":871,"date":"2025-02-20T10:06:59","date_gmt":"2025-02-20T10:06:59","guid":{"rendered":"https:\/\/itdd.au.dk\/metode25\/?page_id=871"},"modified":"2025-02-27T16:39:06","modified_gmt":"2025-02-27T16:39:06","slug":"uge-9-og-10","status":"publish","type":"page","link":"https:\/\/itdd.au.dk\/metode25\/uge-9-og-10\/","title":{"rendered":"Uge 9 og 10"},"content":{"rendered":"\n<h1 class=\"wp-block-heading has-text-align-center\"><strong>Uge 9 <\/strong>og 10<\/h1>\n\n\n\n<div class=\"wp-block-columns has-white-background-color has-background is-layout-flex wp-container-core-columns-is-layout-9d6595d7 wp-block-columns-is-layout-flex\"><\/div>\n\n\n\n<p class=\"has-pale-pink-background-color has-background\"><strong>DEADLINE<\/strong>(s): <br>&#8211; tirsdag d. 25. kl. 12:00 (men gerne f\u00f8r): 1-2 sider udkast til synopse i <a href=\"https:\/\/aarhusuniversitet.sharepoint.com\/:w:\/s\/ARTSITDD_UDDANNELSE-ITDD_2024\/EaSANiX237xJvD-5dX-unlQBcNDtX9U98ey9jFSixkO7XA?e=ufvN64\" data-type=\"link\" data-id=\"https:\/\/aarhusuniversitet.sharepoint.com\/:w:\/s\/ARTSITDD_UDDANNELSE-ITDD_2024\/EaSANiX237xJvD-5dX-unlQBcNDtX9U98ey9jFSixkO7XA?e=ufvN64\" target=\"_blank\" rel=\"noreferrer noopener\">denne tabel <\/a>(gerne med sp\u00f8rgsm\u00e5l).<br>&#8211; onsdag d. 5. kl. 12:00 aflevering af synopsen (l <a href=\"https:\/\/aarhusuniversitet.sharepoint.com\/:w:\/r\/sites\/ARTSITDD_UDDANNELSE-ITDD_2024\/Delte%20dokumenter\/ITDD_2024\/Metodefag\/Jeres_mapper\/Aflevering_synopser_ons_5_marts.docx?d=w5495f344cd4d490fb9b2dd9b83904166&amp;csf=1&amp;web=1&amp;e=v0L18P\" data-type=\"link\" data-id=\"https:\/\/aarhusuniversitet.sharepoint.com\/:w:\/r\/sites\/ARTSITDD_UDDANNELSE-ITDD_2024\/Delte%20dokumenter\/ITDD_2024\/Metodefag\/Jeres_mapper\/Aflevering_synopser_ons_5_marts.docx?d=w5495f344cd4d490fb9b2dd9b83904166&amp;csf=1&amp;web=1&amp;e=v0L18P\" target=\"_blank\" rel=\"noreferrer noopener\">denne nye tabel<\/a>) <br>(Husk <a href=\"https:\/\/aarhusuniversitet.sharepoint.com\/:w:\/r\/sites\/ARTSITDD_UDDANNELSE-ITDD_2024\/Delte%20dokumenter\/ITDD_2024\/Metodefag\/Regler_og_skabeloner\/Om_synopsen.docx?d=w394ecb8a61ad4ba89d68c9be820ff5c7&amp;csf=1&amp;web=1&amp;e=cKkA95\" data-type=\"link\" data-id=\"https:\/\/aarhusuniversitet.sharepoint.com\/:w:\/r\/sites\/ARTSITDD_UDDANNELSE-ITDD_2024\/Delte%20dokumenter\/ITDD_2024\/Metodefag\/Regler_og_skabeloner\/Om_synopsen.docx?d=w394ecb8a61ad4ba89d68c9be820ff5c7&amp;csf=1&amp;web=1&amp;e=cKkA95\" target=\"_blank\" rel=\"noreferrer noopener\">skabelonen<\/a> til inspiration)<\/p>\n\n\n\n<p class=\"has-background\" style=\"background-color:#fdf1d2\"><strong>UNDERVISNINGSAKTIVITETER<\/strong> Uge 9 &#8211; Med <em>eksamensagtige<\/em> opl\u00e6g og feeedback til synopser<br><br><em><strong>Tirsdag d. 25. feb.<\/strong><\/em> (<a href=\"https:\/\/aarhusuniversitet.sharepoint.com\/:p:\/s\/ARTSITDD_UDDANNELSE-ITDD_2024\/ERi2Pj_IEKFHgEHVPGj9M1wBd1ousRKPHh8uAx3eA6sm-A?e=Bd5mdS\" data-type=\"link\" data-id=\"https:\/\/aarhusuniversitet.sharepoint.com\/:p:\/s\/ARTSITDD_UDDANNELSE-ITDD_2024\/ERi2Pj_IEKFHgEHVPGj9M1wBd1ousRKPHh8uAx3eA6sm-A?e=Bd5mdS\" target=\"_blank\" rel=\"noreferrer noopener\">slides<\/a> og <a href=\"https:\/\/aarhusuniversitet.sharepoint.com\/:v:\/r\/sites\/ARTSITDD_UDDANNELSE-ITDD_2024\/Delte%20dokumenter\/Optagelser\/Meeting%20in%20_ITDD_2024_-20250226_161418-Meeting%20Recording.mp4?csf=1&amp;web=1&amp;nav=eyJyZWZlcnJhbEluZm8iOnsicmVmZXJyYWxBcHAiOiJTdHJlYW1XZWJBcHAiLCJyZWZlcnJhbFZpZXciOiJTaGFyZURpYWxvZy1MaW5rIiwicmVmZXJyYWxBcHBQbGF0Zm9ybSI6IldlYiIsInJlZmVycmFsTW9kZSI6InZpZXcifX0%3D&amp;e=7DuWXS\" data-type=\"link\" data-id=\"https:\/\/aarhusuniversitet.sharepoint.com\/:v:\/r\/sites\/ARTSITDD_UDDANNELSE-ITDD_2024\/Delte%20dokumenter\/Optagelser\/Meeting%20in%20_ITDD_2024_-20250226_161418-Meeting%20Recording.mp4?csf=1&amp;web=1&amp;nav=eyJyZWZlcnJhbEluZm8iOnsicmVmZXJyYWxBcHAiOiJTdHJlYW1XZWJBcHAiLCJyZWZlcnJhbFZpZXciOiJTaGFyZURpYWxvZy1MaW5rIiwicmVmZXJyYWxBcHBQbGF0Zm9ybSI6IldlYiIsInJlZmVycmFsTW9kZSI6InZpZXcifX0%3D&amp;e=7DuWXS\" target=\"_blank\" rel=\"noreferrer noopener\">video<\/a>)<br>\u2022 maks 7 minutter opl\u00e6g: overblik over unders\u00f8gelse + \u00e9t eksempel af empiri+analyse<br>\u2022 kriterier til feedback p\u00e5 synopser, til self-evaluering og peer-feedback<br><br><em><strong>Torsdag d. 27. feb.<\/strong><\/em> (<a href=\"https:\/\/aarhusuniversitet.sharepoint.com\/:v:\/r\/sites\/ARTSITDD_UDDANNELSE-ITDD_2024\/Delte%20dokumenter\/ITDD_2024\/Metodefag\/Slides_og_optagelser\/sidst_undervisning_27_feb.mp4?csf=1&amp;web=1&amp;e=Rmhamw\" data-type=\"link\" data-id=\"https:\/\/aarhusuniversitet.sharepoint.com\/:v:\/r\/sites\/ARTSITDD_UDDANNELSE-ITDD_2024\/Delte%20dokumenter\/ITDD_2024\/Metodefag\/Slides_og_optagelser\/sidst_undervisning_27_feb.mp4?csf=1&amp;web=1&amp;e=Rmhamw\" target=\"_blank\" rel=\"noreferrer noopener\">video<\/a>)<br>\u2022 3 grupper skal nok lave deres 7 minutter-opl\u00e6g med: overblik over unders\u00f8gelse + \u00e9t eksempel af empiri+analyse<br>\u2022 eksempler\/afpr\u00f8vning af individuel dialog (er der frivillige? skriv gerne til Anja og Francesco inden onsdag kl. 11)<br>\u2022 Q&amp;A om eksamen<br>\u2022 overblik over begreber og sp\u00e6ndinger<br><br><br>VEJLEDNING Uge 10 <br>Tidsramme: <strong>Tirsdag d. 3. og torsdag d. 6. februar <\/strong>kl. 12:00 &#8211; 15:00 on Teams<br>Her er <a href=\"https:\/\/aarhusuniversitet.sharepoint.com\/:w:\/s\/ARTSITDD_UDDANNELSE-ITDD_2024\/ERF3ScRopM5LiEQI9VdNiTMBBzNV08p_YHEO_DUfS2ok_g?e=sghMhJ\" target=\"_blank\" rel=\"noreferrer noopener\">tabellen til at registrere slots<\/a> p\u00e5 tirsdag d. 4 og torsdag d. 6. Skriv hvis I fortr\u00e6kker andre tidspunkter<\/p>\n\n\n\n<hr class=\"wp-block-separator has-alpha-channel-opacity\"\/>\n\n\n\n<p class=\"has-background\" style=\"background-color:#beecbf\"><strong>Litteratur<\/strong>: genbrug og genl\u00e6s litteraturen, som I har brugt indtil nu &#8211; hvad har hjulpet? hvad er I stadigv\u00e6k i tvivl? <br>(skriv gerne sp\u00f8rgsm\u00e5l i <a href=\"https:\/\/aarhusuniversitet.sharepoint.com\/:w:\/r\/sites\/ARTSITDD_UDDANNELSE-ITDD_2024\/Delte%20dokumenter\/ITDD_2024\/Metodefag\/Jeres_mapper\/Aflevering_udcast_synopser_tir_25_feb.docx?d=w253680a4dff649bcbc3fb9757fae9e54&amp;csf=1&amp;web=1&amp;e=I7U9ck\" data-type=\"link\" data-id=\"https:\/\/aarhusuniversitet.sharepoint.com\/:w:\/r\/sites\/ARTSITDD_UDDANNELSE-ITDD_2024\/Delte%20dokumenter\/ITDD_2024\/Metodefag\/Jeres_mapper\/Aflevering_udcast_synopser_tir_25_feb.docx?d=w253680a4dff649bcbc3fb9757fae9e54&amp;csf=1&amp;web=1&amp;e=I7U9ck\" target=\"_blank\" rel=\"noreferrer noopener\">denne tabel til synopse-aflevering<\/a>)<\/p>\n","protected":false},"excerpt":{"rendered":"<p>Uge 9 og 10 DEADLINE(s): &#8211; tirsdag d. 25. kl. 12:00 (men gerne f\u00f8r): 1-2 sider udkast til synopse i denne tabel (gerne med sp\u00f8rgsm\u00e5l).&#8211; onsdag d. 5. kl. 12:00 aflevering af synopsen (l denne nye tabel) (Husk skabelonen til inspiration) UNDERVISNINGSAKTIVITETER Uge 9 &#8211; Med eksamensagtige opl\u00e6g og feeedback til synopser Tirsdag d. 25. [&hellip;]<\/p>\n","protected":false},"author":1,"featured_media":0,"parent":0,"menu_order":0,"comment_status":"closed","ping_status":"closed","template":"","meta":{"footnotes":""},"class_list":["post-871","page","type-page","status-publish","hentry","entry"],"_links":{"self":[{"href":"https:\/\/itdd.au.dk\/metode25\/wp-json\/wp\/v2\/pages\/871","targetHints":{"allow":["GET"]}}],"collection":[{"href":"https:\/\/itdd.au.dk\/metode25\/wp-json\/wp\/v2\/pages"}],"about":[{"href":"https:\/\/itdd.au.dk\/metode25\/wp-json\/wp\/v2\/types\/page"}],"author":[{"embeddable":true,"href":"https:\/\/itdd.au.dk\/metode25\/wp-json\/wp\/v2\/users\/1"}],"replies":[{"embeddable":true,"href":"https:\/\/itdd.au.dk\/metode25\/wp-json\/wp\/v2\/comments?post=871"}],"version-history":[{"count":13,"href":"https:\/\/itdd.au.dk\/metode25\/wp-json\/wp\/v2\/pages\/871\/revisions"}],"predecessor-version":[{"id":980,"href":"https:\/\/itdd.au.dk\/metode25\/wp-json\/wp\/v2\/pages\/871\/revisions\/980"}],"wp:attachment":[{"href":"https:\/\/itdd.au.dk\/metode25\/wp-json\/wp\/v2\/media?parent=871"}],"curies":[{"name":"wp","href":"https:\/\/api.w.org\/{rel}","templated":true}]}}