{"id":867,"date":"2025-01-31T21:46:28","date_gmt":"2025-01-31T21:46:28","guid":{"rendered":"https:\/\/itdd.au.dk\/metode25\/?page_id=867"},"modified":"2025-02-14T12:01:19","modified_gmt":"2025-02-14T12:01:19","slug":"uge-7-operationalisering","status":"publish","type":"page","link":"https:\/\/itdd.au.dk\/metode25\/uge-7-operationalisering\/","title":{"rendered":"Uge 7 &#8211; Operationalisering"},"content":{"rendered":"\n<h1 class=\"wp-block-heading has-text-align-center\"><strong>Uge 7 <\/strong>&#8211; Hvor vi s\u00e6tter ord p\u00e5 operationalisering og I bruger ugen til fordybelse<\/h1>\n\n\n\n<p class=\"has-pale-pink-background-color has-background\"><strong>DEADLINE<\/strong>: <br>\u2022 mandag d. 10 kl. 13:00 &#8211; et styk empiri som vi analyserer sammen p\u00e5 tirsdag d. 11<a href=\"https:\/\/aarhusuniversitet.sharepoint.com\/:w:\/s\/ARTSITDD_UDDANNELSE-ITDD_2024\/EfaqWanTTRBKmY8p50i4EhQBnOaUlDGZYqTgo2hLAaaCrA?e=WHE59c\" data-type=\"link\" data-id=\"https:\/\/aarhusuniversitet.sharepoint.com\/:w:\/s\/ARTSITDD_UDDANNELSE-ITDD_2024\/EfaqWanTTRBKmY8p50i4EhQBnOaUlDGZYqTgo2hLAaaCrA?e=WHE59c\" target=\"_blank\" rel=\"noreferrer noopener\"> i denne tabel<\/a><br><br>\u2022 fredag d. 14. kl. 13.00 | Del et udvalgt afsnit af jeres skriftlige analyse <a href=\"https:\/\/aarhusuniversitet.sharepoint.com\/:w:\/r\/sites\/ARTSITDD_UDDANNELSE-ITDD_2024\/Delte%20dokumenter\/ITDD_2024\/Metodefag\/Jeres_mapper\/Respons%20til%20uge%208.docx?d=wb3e843309ec940259177ee629e52b346&amp;csf=1&amp;web=1&amp;e=Tvwezu\" data-type=\"link\" data-id=\"https:\/\/aarhusuniversitet.sharepoint.com\/:w:\/r\/sites\/ARTSITDD_UDDANNELSE-ITDD_2024\/Delte%20dokumenter\/ITDD_2024\/Metodefag\/Jeres_mapper\/Respons%20til%20uge%208.docx?d=wb3e843309ec940259177ee629e52b346&amp;csf=1&amp;web=1&amp;e=Tvwezu\" target=\"_blank\" rel=\"noreferrer noopener\">i <\/a><a href=\"https:\/\/aarhusuniversitet.sharepoint.com\/:w:\/s\/ARTSITDD_UDDANNELSE-ITDD_2024\/ETBD6LPJniVAkXfuYp5Ss0YB0qs-mwglmpKCS75CoNuQ4g?e=Hu1op7\" data-type=\"link\" data-id=\"https:\/\/aarhusuniversitet.sharepoint.com\/:w:\/r\/sites\/ARTSITDD_UDDANNELSE-ITDD_2024\/Delte%20dokumenter\/ITDD_2024\/Metodefag\/Jeres_mapper\/Respons%20til%20uge%208.docx?d=wb3e843309ec940259177ee629e52b346&amp;csf=1&amp;web=1&amp;e=Tvwezu\" target=\"_blank\" rel=\"noreferrer noopener\">denne tabel<\/a>. <br>I bliver derefter hinandens skriftlige responsgrupper.<\/p>\n\n\n\n<p class=\"has-background\" style=\"background-color:#fdf1d2\"><strong>UNDERVISNINGSAKTIVITETER<\/strong> &#8211; kl. 13:00-15:00 &#8211; <strong>Vi s\u00e6tter ord p\u00e5 operationalisering<\/strong><br><strong>Tirsdag d. 11. februar<\/strong> <br><em>Forberedelse:<\/em><br>\u2022 I forbereder at kunne dr\u00f8fte eksempler fra jeres arbejde, hvor I har kodet og kategoriseret jeres data. <br>I skal kunne s\u00e6tte ord p\u00e5 jeres analysemetode og forklare hvordan kodning og kategorisering kan \u201dsvare p\u00e5\u201d p\u00e5 jeres unders\u00f8gelsessp\u00f8rgsm\u00e5l<br>\u2022 I skal nu gerne v\u00e6re i gang med at skrive p\u00e5 synopsen<br><br><em>I timer:<\/em><br>\u2022 deduktiv og induktiv tilgang<br>\u2022 kodning og kategorisering af interview og observation <br>\u2022 mulighed for at stille sp\u00f8rgsm\u00e5l til og dr\u00f8fte teorien bag<br><br><strong>Torsdag d. 13. februar<\/strong> &#8211; <strong>Online gruppevejledning<\/strong><br><em>Forberedelse:<\/em><br>\u2022 til uge 8 skal I kunne dele et udvalgt afsnit af jeres skriftlige analyse \u2013 deadline for aflevering til fredag kl. 13.00.<br><br><em>I timer:<\/em> &#8211; Mulighed for online gruppevejledning med analyse af jeres empiri<\/p>\n\n\n\n<hr class=\"wp-block-separator has-alpha-channel-opacity\"\/>\n\n\n\n<p class=\"has-background\" style=\"background-color:#beecbf\">Litteratur:<br>Se is\u00e6r p\u00e5 tekster om <a href=\"https:\/\/aarhusuniversitet.sharepoint.com\/:w:\/r\/sites\/ARTSITDD_UDDANNELSE-ITDD_2024\/Delte%20dokumenter\/ITDD_2024\/Metodefag\/Regler_og_skabeloner\/Metodefag_Litteratur.docx?d=web221bfbf004426a8407462478c5a78e&amp;csf=1&amp;web=1&amp;e=DuVLLo&amp;nav=eyJjIjoxNDIwMjU0MTk5fQ%3D%3D\" data-type=\"link\" data-id=\"https:\/\/aarhusuniversitet-my.sharepoint.com\/:w:\/r\/personal\/au181755_uni_au_dk\/Documents\/Vedh%C3%A6ftede%20filer\/Metodefag_25_draft_05.docx?d=wcc617808b73e47e899bd20cf627f59f5&amp;csf=1&amp;web=1&amp;e=bBS9dp&amp;nav=eyJjIjoxMDcyNDc1MTM5fQ\" target=\"_blank\" rel=\"noreferrer noopener\">observation, operationalisering og analyse<\/a><br><br>\u00d8vrig litteratur <a href=\"https:\/\/aarhusuniversitet.sharepoint.com\/:w:\/r\/sites\/ARTSITDD_UDDANNELSE-ITDD_2024\/Delte%20dokumenter\/ITDD_2024\/-Metodefag\/Metodefag_Litteratur.docx?d=web221bfbf004426a8407462478c5a78e&amp;csf=1&amp;web=1&amp;e=IEaIYV&amp;nav=eyJjIjoxODc0OTIxNTI5fQ\" target=\"_blank\" rel=\"noreferrer noopener\">i denne fil<\/a>.<\/p>\n","protected":false},"excerpt":{"rendered":"<p>Uge 7 &#8211; Hvor vi s\u00e6tter ord p\u00e5 operationalisering og I bruger ugen til fordybelse DEADLINE: \u2022 mandag d. 10 kl. 13:00 &#8211; et styk empiri som vi analyserer sammen p\u00e5 tirsdag d. 11 i denne tabel \u2022 fredag d. 14. kl. 13.00 | Del et udvalgt afsnit af jeres skriftlige analyse i denne tabel. [&hellip;]<\/p>\n","protected":false},"author":1,"featured_media":0,"parent":0,"menu_order":0,"comment_status":"closed","ping_status":"closed","template":"","meta":{"footnotes":""},"class_list":["post-867","page","type-page","status-publish","hentry","entry"],"_links":{"self":[{"href":"https:\/\/itdd.au.dk\/metode25\/wp-json\/wp\/v2\/pages\/867","targetHints":{"allow":["GET"]}}],"collection":[{"href":"https:\/\/itdd.au.dk\/metode25\/wp-json\/wp\/v2\/pages"}],"about":[{"href":"https:\/\/itdd.au.dk\/metode25\/wp-json\/wp\/v2\/types\/page"}],"author":[{"embeddable":true,"href":"https:\/\/itdd.au.dk\/metode25\/wp-json\/wp\/v2\/users\/1"}],"replies":[{"embeddable":true,"href":"https:\/\/itdd.au.dk\/metode25\/wp-json\/wp\/v2\/comments?post=867"}],"version-history":[{"count":8,"href":"https:\/\/itdd.au.dk\/metode25\/wp-json\/wp\/v2\/pages\/867\/revisions"}],"predecessor-version":[{"id":956,"href":"https:\/\/itdd.au.dk\/metode25\/wp-json\/wp\/v2\/pages\/867\/revisions\/956"}],"wp:attachment":[{"href":"https:\/\/itdd.au.dk\/metode25\/wp-json\/wp\/v2\/media?parent=867"}],"curies":[{"name":"wp","href":"https:\/\/api.w.org\/{rel}","templated":true}]}}