{"id":861,"date":"2025-01-31T18:03:20","date_gmt":"2025-01-31T18:03:20","guid":{"rendered":"https:\/\/itdd.au.dk\/metode25\/?page_id=861"},"modified":"2025-02-06T14:49:14","modified_gmt":"2025-02-06T14:49:14","slug":"uge-6-undersoegelsesdesign-og-interview","status":"publish","type":"page","link":"https:\/\/itdd.au.dk\/metode25\/uge-6-undersoegelsesdesign-og-interview\/","title":{"rendered":"Uge 6 &#8211; Unders\u00f8gelsesdesign og interview"},"content":{"rendered":"\n<h1 class=\"wp-block-heading has-text-align-center\"><strong>Uge 6 <\/strong><\/h1>\n\n\n\n<p><\/p>\n\n\n\n<p class=\"has-background\" style=\"background-color:#beecbf\">L\u00e6s is\u00e6r <br>\u2022 om <a href=\"https:\/\/aarhusuniversitet.sharepoint.com\/:w:\/r\/sites\/ARTSITDD_UDDANNELSE-ITDD_2024\/Delte%20dokumenter\/ITDD_2024\/Metodefag\/Regler_og_skabeloner\/Metodefag_Litteratur.docx?d=web221bfbf004426a8407462478c5a78e&amp;csf=1&amp;web=1&amp;e=a41G84&amp;nav=eyJjIjoxMjU4NzYzMzYxfQ\" target=\"_blank\" rel=\"noreferrer noopener\">interviewet<\/a><br>\u2022 om <a href=\"https:\/\/aarhusuniversitet.sharepoint.com\/:w:\/r\/sites\/ARTSITDD_UDDANNELSE-ITDD_2024\/Delte%20dokumenter\/ITDD_2024\/Metodefag\/Regler_og_skabeloner\/Metodefag_Litteratur.docx?d=web221bfbf004426a8407462478c5a78e&amp;csf=1&amp;web=1&amp;e=9dF4fU&amp;nav=eyJjIjoxMTM1MTIzNjJ9\" target=\"_blank\" rel=\"noreferrer noopener\">casestudiet<\/a><br><br><em>Forberedelse til uge 7:<\/em><br>\u2022 I forbereder at kunne dr\u00f8fte eksempler fra jeres arbejde, hvor I har kodet og kategoriseret jeres data. I skal kunne s\u00e6tte ord p\u00e5 jeres analysemetode og forklare hvordan kodning og kategorisering kan \u201dsvare p\u00e5\u201d p\u00e5 jeres unders\u00f8gelsessp\u00f8rgsm\u00e5l.<br>\u2022 I skal nu gerne v\u00e6re i gang med at skrive p\u00e5 synopsen.<br><br>\u00d8vrig litteratur <a href=\"https:\/\/aarhusuniversitet.sharepoint.com\/:w:\/r\/sites\/ARTSITDD_UDDANNELSE-ITDD_2024\/Delte%20dokumenter\/ITDD_2024\/-Metodefag\/Metodefag_Litteratur.docx?d=web221bfbf004426a8407462478c5a78e&amp;csf=1&amp;web=1&amp;e=IEaIYV&amp;nav=eyJjIjoxODc0OTIxNTI5fQ\" target=\"_blank\" rel=\"noreferrer noopener\">i denne fil<\/a>.<\/p>\n\n\n\n<p class=\"has-background\" style=\"background-color:#fdf1d2\"><strong>UNDERVISNINGSAKTIVITETER<\/strong> &#8211; kl. 13:00-15:00<br><strong>Mandag d. 3. februar<\/strong> <strong>&#8211; S\u00e6t ord p\u00e5 jeres projekts struktur og planl\u00e6ggelse<\/strong> (<a href=\"https:\/\/aarhusuniversitet.sharepoint.com\/:v:\/r\/sites\/ARTSITDD_UDDANNELSE-ITDD_2024\/Delte%20dokumenter\/ITDD_2024\/Metodefag\/Slides_og_optagelser\/3_feb_2025.mp4?csf=1&amp;web=1&amp;nav=eyJyZWZlcnJhbEluZm8iOnsicmVmZXJyYWxBcHAiOiJTdHJlYW1XZWJBcHAiLCJyZWZlcnJhbFZpZXciOiJTaGFyZURpYWxvZy1MaW5rIiwicmVmZXJyYWxBcHBQbGF0Zm9ybSI6IldlYiIsInJlZmVycmFsTW9kZSI6InZpZXcifX0%3D&amp;e=nrTivq\" data-type=\"link\" data-id=\"https:\/\/aarhusuniversitet.sharepoint.com\/:v:\/r\/sites\/ARTSITDD_UDDANNELSE-ITDD_2024\/Delte%20dokumenter\/ITDD_2024\/Metodefag\/Slides_og_optagelser\/3_feb_2025.mp4?csf=1&amp;web=1&amp;nav=eyJyZWZlcnJhbEluZm8iOnsicmVmZXJyYWxBcHAiOiJTdHJlYW1XZWJBcHAiLCJyZWZlcnJhbFZpZXciOiJTaGFyZURpYWxvZy1MaW5rIiwicmVmZXJyYWxBcHBQbGF0Zm9ybSI6IldlYiIsInJlZmVycmFsTW9kZSI6InZpZXcifX0%3D&amp;e=nrTivq\" target=\"_blank\" rel=\"noreferrer noopener\">video<\/a>)<br><em>Forberedelse:<\/em><br>\u2022 forbered\/ finpuds online-pr\u00e6sentation til holdet (10 min maks.)<br>\u2022 indkreds problemformulering og\/ eller unders\u00f8gelsessp\u00f8rgsm\u00e5l<br><br><em>I timer:<\/em><br>\u2022 pr\u00e6sent\u00e9r jeres design inkl. overvejelser fra feedback (d\u00e9t fra uge 5)<br>\u2022 del overvejelser over unders\u00f8gelsessp\u00f8rgsm\u00e5l med holdet<br><br><strong>Torsdag d. 6. februar<\/strong> &#8211; <strong>S\u00e6t ord p\u00e5 interview <s>og sk\u00e6rmoptagelser<\/s><\/strong> (<a href=\"https:\/\/aarhusuniversitet.sharepoint.com\/:v:\/r\/sites\/ARTSITDD_UDDANNELSE-ITDD_2024\/Delte%20dokumenter\/ITDD_2024\/Metodefag\/Slides_og_optagelser\/25_02_06_torrsdag_uge_6-00.00.00.000-02.00.50.972.mp4?csf=1&amp;web=1&amp;e=kkWJFk&amp;nav=eyJyZWZlcnJhbEluZm8iOnsicmVmZXJyYWxBcHAiOiJTdHJlYW1XZWJBcHAiLCJyZWZlcnJhbFZpZXciOiJTaGFyZURpYWxvZy1MaW5rIiwicmVmZXJyYWxBcHBQbGF0Zm9ybSI6IldlYiIsInJlZmVycmFsTW9kZSI6InZpZXcifX0%3D\" data-type=\"link\" data-id=\"https:\/\/aarhusuniversitet.sharepoint.com\/:v:\/r\/sites\/ARTSITDD_UDDANNELSE-ITDD_2024\/Delte%20dokumenter\/ITDD_2024\/Metodefag\/Slides_og_optagelser\/25_02_06_torrsdag_uge_6-00.00.00.000-02.00.50.972.mp4?csf=1&amp;web=1&amp;e=kkWJFk&amp;nav=eyJyZWZlcnJhbEluZm8iOnsicmVmZXJyYWxBcHAiOiJTdHJlYW1XZWJBcHAiLCJyZWZlcnJhbFZpZXciOiJTaGFyZURpYWxvZy1MaW5rIiwicmVmZXJyYWxBcHBQbGF0Zm9ybSI6IldlYiIsInJlZmVycmFsTW9kZSI6InZpZXcifX0%3D\" target=\"_blank\" rel=\"noreferrer noopener\">video<\/a> + FCs <a href=\"https:\/\/aarhusuniversitet.sharepoint.com\/sites\/ARTSITDD_UDDANNELSE-ITDD_2024\/Delte%20dokumenter\/ITDD_2024\/Metodefag\/Slides_og_optagelser\/epistemisk_kultur%232.pdf?CT=1738853188254&amp;OR=ItemsView\" data-type=\"link\" data-id=\"https:\/\/aarhusuniversitet.sharepoint.com\/sites\/ARTSITDD_UDDANNELSE-ITDD_2024\/Delte%20dokumenter\/ITDD_2024\/Metodefag\/Slides_og_optagelser\/epistemisk_kultur%232.pdf?CT=1738853188254&amp;OR=ItemsView\" target=\"_blank\" rel=\"noreferrer noopener\">slides<\/a> med <a href=\"https:\/\/aarhusuniversitet.sharepoint.com\/:v:\/r\/sites\/ARTSITDD_UDDANNELSE-ITDD_2024\/Delte%20dokumenter\/ITDD_2024\/Metodefag\/Slides_og_optagelser\/epistemisk_kultur%232.mp4?csf=1&amp;web=1&amp;nav=eyJyZWZlcnJhbEluZm8iOnsicmVmZXJyYWxBcHAiOiJTdHJlYW1XZWJBcHAiLCJyZWZlcnJhbFZpZXciOiJTaGFyZURpYWxvZy1MaW5rIiwicmVmZXJyYWxBcHBQbGF0Zm9ybSI6IldlYiIsInJlZmVycmFsTW9kZSI6InZpZXcifX0%3D&amp;e=xBFqav\" data-type=\"link\" data-id=\"https:\/\/aarhusuniversitet.sharepoint.com\/:v:\/r\/sites\/ARTSITDD_UDDANNELSE-ITDD_2024\/Delte%20dokumenter\/ITDD_2024\/Metodefag\/Slides_og_optagelser\/epistemisk_kultur%232.mp4?csf=1&amp;web=1&amp;nav=eyJyZWZlcnJhbEluZm8iOnsicmVmZXJyYWxBcHAiOiJTdHJlYW1XZWJBcHAiLCJyZWZlcnJhbFZpZXciOiJTaGFyZURpYWxvZy1MaW5rIiwicmVmZXJyYWxBcHBQbGF0Zm9ybSI6IldlYiIsInJlZmVycmFsTW9kZSI6InZpZXcifX0%3D&amp;e=xBFqav\" target=\"_blank\" rel=\"noreferrer noopener\">video<\/a>)<br><em>Forberedelse fra l\u00e6seplanen:<\/em><br>\u2022 l\u00e6s tekster\/ se videoer om interviewet fra l\u00e6seplanen<br>\u2022 forbered at indvie holdet i jeres refleksioner om jeres interview<br><br><em>I timer:<\/em><br>Mulighed for at stille sp\u00f8rgsm\u00e5l til teorien<br>* del og dr\u00f8ft med holdet hvilke overvejelser I har haft om jeres interview &#8211; inklusive vise en interviewguide, hvis I har en<br>* del og dr\u00f8ft overvejelser over sk\u00e6rmoptagelser<br><\/p>\n\n\n\n<p><\/p>\n","protected":false},"excerpt":{"rendered":"<p>Uge 6 L\u00e6s is\u00e6r \u2022 om interviewet\u2022 om casestudiet Forberedelse til uge 7:\u2022 I forbereder at kunne dr\u00f8fte eksempler fra jeres arbejde, hvor I har kodet og kategoriseret jeres data. I skal kunne s\u00e6tte ord p\u00e5 jeres analysemetode og forklare hvordan kodning og kategorisering kan \u201dsvare p\u00e5\u201d p\u00e5 jeres unders\u00f8gelsessp\u00f8rgsm\u00e5l.\u2022 I skal nu gerne v\u00e6re [&hellip;]<\/p>\n","protected":false},"author":1,"featured_media":0,"parent":0,"menu_order":0,"comment_status":"closed","ping_status":"closed","template":"","meta":{"footnotes":""},"class_list":["post-861","page","type-page","status-publish","hentry","entry"],"_links":{"self":[{"href":"https:\/\/itdd.au.dk\/metode25\/wp-json\/wp\/v2\/pages\/861","targetHints":{"allow":["GET"]}}],"collection":[{"href":"https:\/\/itdd.au.dk\/metode25\/wp-json\/wp\/v2\/pages"}],"about":[{"href":"https:\/\/itdd.au.dk\/metode25\/wp-json\/wp\/v2\/types\/page"}],"author":[{"embeddable":true,"href":"https:\/\/itdd.au.dk\/metode25\/wp-json\/wp\/v2\/users\/1"}],"replies":[{"embeddable":true,"href":"https:\/\/itdd.au.dk\/metode25\/wp-json\/wp\/v2\/comments?post=861"}],"version-history":[{"count":10,"href":"https:\/\/itdd.au.dk\/metode25\/wp-json\/wp\/v2\/pages\/861\/revisions"}],"predecessor-version":[{"id":951,"href":"https:\/\/itdd.au.dk\/metode25\/wp-json\/wp\/v2\/pages\/861\/revisions\/951"}],"wp:attachment":[{"href":"https:\/\/itdd.au.dk\/metode25\/wp-json\/wp\/v2\/media?parent=861"}],"curies":[{"name":"wp","href":"https:\/\/api.w.org\/{rel}","templated":true}]}}