{"id":835,"date":"2025-01-23T05:04:33","date_gmt":"2025-01-23T05:04:33","guid":{"rendered":"https:\/\/itdd.au.dk\/metode25\/?page_id=835"},"modified":"2025-01-31T23:40:42","modified_gmt":"2025-01-31T23:40:42","slug":"uge-5","status":"publish","type":"page","link":"https:\/\/itdd.au.dk\/metode25\/uge-5\/","title":{"rendered":"Uge 5 &#8211; Finpuds jeres plan"},"content":{"rendered":"\n<h1 class=\"wp-block-heading has-text-align-center\"><strong>Uge 5 <\/strong><\/h1>\n\n\n\n<div class=\"wp-block-columns has-white-background-color has-background is-layout-flex wp-container-core-columns-is-layout-9d6595d7 wp-block-columns-is-layout-flex\">\n<div class=\"wp-block-column is-layout-flow wp-block-column-is-layout-flow\">\n<p><\/p>\n\n\n\n<p>I denne uge har I mulighed for at tale om teori, som I har l\u00e6st og har brug for at kvalificere. <br>I.e. hav evt. sp\u00f8rgsm\u00e5l eller kommentarer klar og send dem til Anja og Francesco, hvis det er muligt.<br>Pr\u00e6sent\u00e9r for vejlederne:<br>1. hvad I gerne vil unders\u00f8ge?<br>2. om I forestiller jer en deduktiv eller induktiv tilgang &#8211; eller begge?<br>3. forslag til unders\u00f8gelsesdesign i grafisk form inklusive: interviewpersoner, observationer, kvantitativt element.<br><br>P\u00e5 baggrund af vejlederes kommentarer skal I finpudse og g\u00f8re klar til at vise online for holdet <strong>mandag<\/strong> i uge 6.<\/p>\n\n\n\n<p><br><strong>Fokus i denne uge<br><\/strong>\u2022 at forst\u00e5 &#8220;[personal] knowledge management&#8221;-begrebet og gerne starte vores glossar<br>\u2022 at finpudse jeres unders\u00f8gelsedesign<br>\u2022 at komme i gang med interviewene<\/p>\n<\/div>\n<\/div>\n\n\n\n<p class=\"has-pale-pink-background-color has-background\"><strong>DEADLINE<\/strong>s: <br><strong>Mandag d. 27.<\/strong> kl. 12:30 I skal v\u00e6re tilmeldte til vejledning <a href=\"https:\/\/aarhusuniversitet.sharepoint.com\/:w:\/s\/ARTSITDD_UDDANNELSE-ITDD_2024\/EUdx44QCQ4JEoNlAeAYKDMgB2UfaSmSnpjQjB75KkYogQQ?e=kSmYd2\" target=\"_blank\" rel=\"noreferrer noopener\">i dette dokument<\/a> p\u00e5 mindst \u00e9n af de to dage (ons. og fre. kl. 13-16). Vi bruger 30-minutter slots.<br><strong>Torsdag d. 30.<\/strong> januar kl. 17:00 <br>&#8211; Projektets interviewpersoner skal v\u00e6re identificeret med aftale p\u00e5 plads<br>&#8211; Unders\u00f8gelsesideen skal v\u00e6re klar og afleveret som link i <a href=\"https:\/\/aarhusuniversitet.sharepoint.com\/:w:\/s\/ARTSITDD_UDDANNELSE-ITDD_2024\/EdcNCpLQSxtLvpFeYvpB5MEB9I2v9aLVQzd1Glx36QOcgA?e=uV1jv4\">dette f\u00e6lles dokument<\/a><\/p>\n\n\n\n<p class=\"has-background\" style=\"background-color:#fdf1d2\"><strong>UNDERVISNINGSAKTIVITETER<\/strong> <br><strong>Mandag d. 27. januar 14:16 &#8211; Workshop om <\/strong>personal og kollaborativ knowledge management<br><strong>Onsdag d. 29.<\/strong> og <strong>fredag d. 31.<\/strong> mellem 13:00-16:00 vejledning &#8211; I kan reservere 30 minutter slots i dette dokument<\/p>\n\n\n\n<hr class=\"wp-block-separator has-alpha-channel-opacity\"\/>\n\n\n\n<p class=\"has-background\" style=\"background-color:#beecbf\"><strong>Litteratur om<\/strong> is\u00e6r:<br>&lt;I skal l\u00e6se dokumenter, som er specifikke til jeres kontekst og unders\u00f8gelse&gt;<br>\u00d8vrig litteratur <a href=\"https:\/\/aarhusuniversitet.sharepoint.com\/:w:\/r\/sites\/ARTSITDD_UDDANNELSE-ITDD_2024\/Delte%20dokumenter\/ITDD_2024\/-Metodefag\/Metodefag_Litteratur.docx?d=web221bfbf004426a8407462478c5a78e&amp;csf=1&amp;web=1&amp;e=IEaIYV&amp;nav=eyJjIjoxODc0OTIxNTI5fQ\" target=\"_blank\" rel=\"noreferrer noopener\">i denne fil<\/a>.<\/p>\n","protected":false},"excerpt":{"rendered":"<p>Uge 5 I denne uge har I mulighed for at tale om teori, som I har l\u00e6st og har brug for at kvalificere. I.e. hav evt. sp\u00f8rgsm\u00e5l eller kommentarer klar og send dem til Anja og Francesco, hvis det er muligt.Pr\u00e6sent\u00e9r for vejlederne:1. hvad I gerne vil unders\u00f8ge?2. om I forestiller jer en deduktiv eller [&hellip;]<\/p>\n","protected":false},"author":1,"featured_media":0,"parent":0,"menu_order":0,"comment_status":"closed","ping_status":"closed","template":"","meta":{"footnotes":""},"class_list":["post-835","page","type-page","status-publish","hentry","entry"],"_links":{"self":[{"href":"https:\/\/itdd.au.dk\/metode25\/wp-json\/wp\/v2\/pages\/835","targetHints":{"allow":["GET"]}}],"collection":[{"href":"https:\/\/itdd.au.dk\/metode25\/wp-json\/wp\/v2\/pages"}],"about":[{"href":"https:\/\/itdd.au.dk\/metode25\/wp-json\/wp\/v2\/types\/page"}],"author":[{"embeddable":true,"href":"https:\/\/itdd.au.dk\/metode25\/wp-json\/wp\/v2\/users\/1"}],"replies":[{"embeddable":true,"href":"https:\/\/itdd.au.dk\/metode25\/wp-json\/wp\/v2\/comments?post=835"}],"version-history":[{"count":12,"href":"https:\/\/itdd.au.dk\/metode25\/wp-json\/wp\/v2\/pages\/835\/revisions"}],"predecessor-version":[{"id":929,"href":"https:\/\/itdd.au.dk\/metode25\/wp-json\/wp\/v2\/pages\/835\/revisions\/929"}],"wp:attachment":[{"href":"https:\/\/itdd.au.dk\/metode25\/wp-json\/wp\/v2\/media?parent=835"}],"curies":[{"name":"wp","href":"https:\/\/api.w.org\/{rel}","templated":true}]}}