{"id":530,"date":"2024-03-04T13:15:44","date_gmt":"2024-03-04T13:15:44","guid":{"rendered":"https:\/\/itdd.au.dk\/metode25\/?page_id=530"},"modified":"2025-01-20T14:43:15","modified_gmt":"2025-01-20T14:43:15","slug":"dag2","status":"publish","type":"page","link":"https:\/\/itdd.au.dk\/metode25\/dag2\/","title":{"rendered":"Dag 2 &#8211; Etnografisk metode"},"content":{"rendered":"\n<h1 class=\"wp-block-heading\">Dag 2 &#8211; Onsdag d. 22. januar &#8211; <a href=\"https:\/\/www.au.dk\/om\/organisation\/find-au\/bygningskort?b=1915\" target=\"_blank\" rel=\"noreferrer noopener\">bygning 1915 lok. 224<\/a><\/h1>\n\n\n\n<h1 class=\"wp-block-heading has-text-align-center\"><em>Om etnografisk metode og fort\u00e6lling-drevet viden<\/em><\/h1>\n\n\n\n<div class=\"wp-block-columns has-white-background-color has-background is-layout-flex wp-container-core-columns-is-layout-9d6595d7 wp-block-columns-is-layout-flex\">\n<div class=\"wp-block-column is-layout-flow wp-block-column-is-layout-flow\">\n<p><strong>Kompetencer til metodefaget<br><\/strong>\u2022 Hvad skal vi vide? <br>\u2022 Hvad skal vi kunne? <br>\u2022 hvilke &#8220;f\u00e6rdigheder og v\u00e6rdier&#8221; skal vi tage hensyn til?<br>\u2022 hvilke ressourcer (fx. tid, kontakter) har vi brug for?<\/p>\n<\/div>\n<\/div>\n\n\n\n<p class=\"has-background\" style=\"background-color:#beecbf\"><strong>Litteratur til forberedelse<\/strong> (med annotering):<br><em>Bem\u00e6rk at annoteringsopgaven som fors\u00f8g er stillet til holdet og der er opgaver til alle tre dage:<br>I skal mens I l\u00e6ser annotere efter de vejledende sp\u00f8rgsm\u00e5l og huske at #tagge jeres kommentarer. Det er ikke n\u00f8dvendigvis alle der kommer til at lave en annotering, det vigtigste er at holdet som helhed f\u00e5r annoteret teksten og fundet svar. Man m\u00e5 naturligvis ogs\u00e5 annotere som \u201cman plejer\u201d hvis der dukker noget relevant op.<\/em><br><br>Goffman, Alice (2014). Appendix: A methodological note. I <em>On the run: Fugitive life in an American city<\/em> (s. 211\u2013261). University of Chicago Press. (<a href=\"https:\/\/aarhusuniversitet.sharepoint.com\/sites\/ARTSITDD_UDDANNELSE-ITDD_2024\/Delte%20dokumenter\/ITDD_2024\/Litteratur_i_PDF\/Metode_mm\/Goffman_on_the_run_2014_appendix.pdf\" target=\"_blank\" rel=\"noreferrer noopener\">OneDrive<\/a>)<br><em>Hvor \u201dden etnografiske metode\u201d forklares ved et flot og ber\u00f8mt eksempel.<\/em><br>Vejledende sp\u00f8rgsm\u00e5l til annotering:<br>\u2022 <em>hvad skal vi vide? <\/em>(#viden)<br>\u2022 <em>hvad skal vi kunne?<\/em> (#f\u00e6rdigheder)<br>\u2022 <em>hvilke &#8220;f\u00e6rdigheder og v\u00e6rdier&#8221; skal vi tage hensyn til?<\/em> (#etos)<br>\u2022 <em>hvor lang tid har vi brug for?<\/em> (#tid)<br><br><em>Til minietnografisk \u00f8velse:<\/em>&nbsp;<br>\u2022 \u201d<strong>tykke beskrivelser<\/strong>\u201d (<a href=\"https:\/\/nsuworks.nova.edu\/tqr\/vol11\/iss3\/6\/\" target=\"_blank\" rel=\"noreferrer noopener\"><em>Ponterotto, 2015<\/em><\/a> [<a href=\"https:\/\/aarhusuniversitet.sharepoint.com\/sites\/ARTSITDD2023test\/Delte%20dokumenter\/ITDD2023\/Litteratur_i_PDF\/Ponterotto_2006_thick_description.pdf\" target=\"_blank\" rel=\"noreferrer noopener\">OneDrive<\/a>], udviklet fra <a href=\"https:\/\/philpapers.org\/archive\/GEETTD.pdf\" target=\"_blank\" rel=\"noreferrer noopener\">Geertz, 1973<\/a>)<br> <em>I kan bruge <a href=\"https:\/\/hyp.is\/-cBpFpdXEe62kbPHxKLIsA\/nsuworks.nova.edu\/cgi\/viewcontent.cgi?article=1666&amp;context=tqr\" target=\"_blank\" rel=\"noreferrer noopener\">min annotering som l\u00e6sevejledning<\/a> og Alice Goffmans tekst <\/em><br> <em>som eksempel af \u201ctykke beskrivelse\u201d&nbsp;<\/em><br>\u2022 l\u00e6s kap. 1, 2 og 3 i Brandi og Sprog\u00f8e (2019) + afsnit om&nbsp;<br> <strong>teori- <\/strong>og<strong> empiridrevet analysestrategi<\/strong> i <a href=\"https:\/\/laeremiddel.dk\/viden-og-vaerktoejer\/datakodning-analyse-og-fortolkning-af-empiriske-data\/introduktion-til-analyse-og-fortolkning\/kodning-og-bearbejdning-af-kvalitative-data\/\" target=\"_blank\" rel=\"noreferrer noopener\">Lisa Pr\u00e6torius\u2019 intro til emnet<\/a> &nbsp;<br> NB: sp\u00e6ndingen mellem <strong>teori- og empiridrevet analyse<\/strong> &nbsp;<br> bliver en r\u00f8d tr\u00e5d gennem hele vores kursus!&nbsp;<br><br><em>Til overvejelser i forhold til eget projekt:<\/em>&nbsp;<br>S\u00f8ren S. E. Bengtsen &#8211; screencasts om casestudiet:\u202f<a href=\"https:\/\/www.youtube.com\/watch?v=MlhYNb6_KI4&amp;feature=youtu.be\" target=\"_blank\" rel=\"noreferrer noopener\"><s>del_1<\/s><\/a><s>,<\/s> <a href=\"https:\/\/www.youtube.com\/watch?v=24lHeH4wNO0&amp;feature=youtu.be\" target=\"_blank\" rel=\"noreferrer noopener\">del_2<\/a>, <a href=\"https:\/\/www.youtube.com\/watch?v=LC8chbkiGAs&amp;feature=youtu.be\" target=\"_blank\" rel=\"noreferrer noopener\">del_3<\/a>&nbsp;<br><em>Videoer 2 og 3 er baseret p\u00e5 Flyvbjerg (2006\/2010).<\/em>&nbsp;<br><em>Eksemplet af casestudie: Malcom Gladwells \u201cRevisionist history\u201d-podcast <\/em><br><em>om <\/em><a href=\"https:\/\/timharford.com\/2023\/09\/cautionary-tales-the-tragedy-of-sydney-opera-house\/\" target=\"_blank\" rel=\"noreferrer noopener\"><em>arkitekten J\u00f8rn Outzon og det Sidney Operahus<\/em><\/a><em>.<\/em>&nbsp;<br><br>\u00d8vrig litteratur <a href=\"https:\/\/aarhusuniversitet.sharepoint.com\/:w:\/r\/sites\/ARTSITDD_UDDANNELSE-ITDD_2024\/Delte%20dokumenter\/ITDD_2024\/-Metodefag\/Metodefag_Litteratur.docx?d=web221bfbf004426a8407462478c5a78e&amp;csf=1&amp;web=1&amp;e=IEaIYV&amp;nav=eyJjIjoxODc0OTIxNTI5fQ\" target=\"_blank\" rel=\"noreferrer noopener\">i denne fil<\/a>.<\/p>\n\n\n\n<hr class=\"wp-block-separator has-alpha-channel-opacity\"\/>\n\n\n\n<h2 class=\"wp-block-heading\">Undervisningsaktiviteter<\/h2>\n\n\n\n<p class=\"has-background\" style=\"background-color:#fdf1d2\"><strong>Onsdag d. 22. januar &#8211; Anja Bols Sl\u00e5ttvik om<\/strong>:<br><strong>9:00 -12:00<\/strong> <br>1. Observation:<br>&#8211; thick description (inddrag gerne Alice Goffmans &#8220;On the Run&#8221;)<br>&#8211; feltnoter, video-\/lyd-\/sk\u00e6rmoptagelser<br>2. Kategorisering: empiristyret vs. teoristyret<br>   (men ogs\u00e5: induktiv\/deduktiv\/abduktiv eller bottom-up vs. top-down tilgange)<br>3. Interview<br>4. Etiske overvejelser<br><br><strong>13.00-15.00<\/strong> <br>Minietnografisk \u00f8velse, med fokus p\u00e5 <em>thick description<\/em><br><br><strong>15:00 &#8211; 16:00<\/strong> Anja og FC<br><em>Fra observation til analyse<\/em><br><br><strong>16:00 &#8211; 17:00<\/strong><br>Gruppearbejde om unders\u00f8gelsesobjekter og interviewpersoner<\/p>\n\n\n\n<hr class=\"wp-block-separator has-alpha-channel-opacity\"\/>\n\n\n\n<p class=\"has-pale-pink-background-color has-background\"><strong>DEADLINE<\/strong>: Onsdag d. 22. januar kl. 17:00<br>Projektets interviewpersoner<\/p>\n","protected":false},"excerpt":{"rendered":"<p>Dag 2 &#8211; Onsdag d. 22. januar &#8211; bygning 1915 lok. 224 Om etnografisk metode og fort\u00e6lling-drevet viden Kompetencer til metodefaget\u2022 Hvad skal vi vide? \u2022 Hvad skal vi kunne? \u2022 hvilke &#8220;f\u00e6rdigheder og v\u00e6rdier&#8221; skal vi tage hensyn til?\u2022 hvilke ressourcer (fx. tid, kontakter) har vi brug for? Litteratur til forberedelse (med annotering):Bem\u00e6rk at [&hellip;]<\/p>\n","protected":false},"author":1,"featured_media":0,"parent":0,"menu_order":0,"comment_status":"closed","ping_status":"closed","template":"","meta":{"footnotes":""},"class_list":["post-530","page","type-page","status-publish","hentry","entry"],"_links":{"self":[{"href":"https:\/\/itdd.au.dk\/metode25\/wp-json\/wp\/v2\/pages\/530","targetHints":{"allow":["GET"]}}],"collection":[{"href":"https:\/\/itdd.au.dk\/metode25\/wp-json\/wp\/v2\/pages"}],"about":[{"href":"https:\/\/itdd.au.dk\/metode25\/wp-json\/wp\/v2\/types\/page"}],"author":[{"embeddable":true,"href":"https:\/\/itdd.au.dk\/metode25\/wp-json\/wp\/v2\/users\/1"}],"replies":[{"embeddable":true,"href":"https:\/\/itdd.au.dk\/metode25\/wp-json\/wp\/v2\/comments?post=530"}],"version-history":[{"count":38,"href":"https:\/\/itdd.au.dk\/metode25\/wp-json\/wp\/v2\/pages\/530\/revisions"}],"predecessor-version":[{"id":890,"href":"https:\/\/itdd.au.dk\/metode25\/wp-json\/wp\/v2\/pages\/530\/revisions\/890"}],"wp:attachment":[{"href":"https:\/\/itdd.au.dk\/metode25\/wp-json\/wp\/v2\/media?parent=530"}],"curies":[{"name":"wp","href":"https:\/\/api.w.org\/{rel}","templated":true}]}}