{"id":527,"date":"2026-01-09T08:23:22","date_gmt":"2026-01-09T08:23:22","guid":{"rendered":"https:\/\/itdd.au.dk\/lab\/?page_id=527"},"modified":"2026-01-18T13:35:34","modified_gmt":"2026-01-18T13:35:34","slug":"medieoekologi","status":"publish","type":"page","link":"https:\/\/itdd.au.dk\/lab\/","title":{"rendered":"Forside &#8211; NY"},"content":{"rendered":"\n<h2 class=\"wp-block-heading\">Workshops og medie\u00f8kologi for ITDD<\/h2>\n\n\n\n<p>Brug menuen ovenover eller klik p\u00e5 de enkelte workshops herunder for at f\u00e5 mere at vide.<\/p>\n\n\n\n<div class=\"wp-block-group has-medium-font-size is-horizontal is-content-justification-center is-nowrap is-layout-flex wp-container-core-group-is-layout-c1dfda1e wp-block-group-is-layout-flex\">\n<div class=\"wp-block-cover is-light has-custom-content-position is-position-bottom-right has-black-color has-text-color has-link-color has-small-font-size wp-elements-a895cab1764ff1de41e4b5bdf4b65d6c wp-container-content-95fa7573 wp-duotone-abb8c3-ffffff-1\" style=\"min-height:170px;aspect-ratio:unset;\"><img loading=\"lazy\" decoding=\"async\" width=\"170\" height=\"170\" class=\"wp-block-cover__image-background wp-image-529 size-full\" alt=\"\" src=\"https:\/\/itdd.au.dk\/lab\/wp-content\/uploads\/sites\/8\/2026\/01\/00.png\" style=\"object-position:100% 50%\" data-object-fit=\"cover\" data-object-position=\"100% 50%\" srcset=\"https:\/\/itdd.au.dk\/lab\/wp-content\/uploads\/sites\/8\/2026\/01\/00.png 170w, https:\/\/itdd.au.dk\/lab\/wp-content\/uploads\/sites\/8\/2026\/01\/00-150x150.png 150w\" sizes=\"auto, (max-width: 170px) 100vw, 170px\" \/><span aria-hidden=\"true\" class=\"wp-block-cover__background has-vivid-red-background-color has-background-dim-0 has-background-dim\"><\/span><div class=\"wp-block-cover__inner-container is-layout-flow wp-block-cover-is-layout-flow\">\n<p class=\"has-text-align-center has-black-color has-text-color has-link-color has-medium-font-size wp-elements-a5083381231cf49ef788a2a7062fe51a\"><a href=\"https:\/\/itdd.au.dk\/lab\/workshop-annotering\/\" data-type=\"page\" data-id=\"492\">Social Annotering<\/a><\/p>\n<\/div><\/div>\n\n\n\n<div class=\"wp-block-cover is-light has-custom-content-position is-position-bottom-center has-small-font-size wp-container-content-95fa7573 wp-duotone-abb8c3-ffffff-2\" style=\"min-height:170px;aspect-ratio:unset;\"><img loading=\"lazy\" decoding=\"async\" width=\"170\" height=\"170\" class=\"wp-block-cover__image-background wp-image-532 size-full\" alt=\"\" src=\"https:\/\/itdd.au.dk\/lab\/wp-content\/uploads\/sites\/8\/2026\/01\/10.png\" data-object-fit=\"cover\" srcset=\"https:\/\/itdd.au.dk\/lab\/wp-content\/uploads\/sites\/8\/2026\/01\/10.png 170w, https:\/\/itdd.au.dk\/lab\/wp-content\/uploads\/sites\/8\/2026\/01\/10-150x150.png 150w\" sizes=\"auto, (max-width: 170px) 100vw, 170px\" \/><span aria-hidden=\"true\" class=\"wp-block-cover__background has-background-dim-0 has-background-dim\"><\/span><div class=\"wp-block-cover__inner-container is-layout-flow wp-block-cover-is-layout-flow\">\n<p class=\"has-text-align-center has-black-color has-text-color has-link-color has-medium-font-size wp-elements-1800274639e28f684e7ab0ea74245755\"><a href=\"https:\/\/itdd.au.dk\/lab\/workshop-wordpress-cms\/\" data-type=\"page\" data-id=\"585\">WordPress   \/CMS<\/a><\/p>\n<\/div><\/div>\n\n\n\n<div class=\"wp-block-cover is-light has-custom-content-position is-position-bottom-left has-small-font-size wp-container-content-95fa7573 wp-duotone-abb8c3-ffffff-3\" style=\"min-height:170px;aspect-ratio:unset;\"><img loading=\"lazy\" decoding=\"async\" width=\"170\" height=\"170\" class=\"wp-block-cover__image-background wp-image-535\" alt=\"\" src=\"https:\/\/itdd.au.dk\/lab\/wp-content\/uploads\/sites\/8\/2026\/01\/20.png\" style=\"object-position:50% 50%\" data-object-fit=\"cover\" data-object-position=\"50% 50%\" srcset=\"https:\/\/itdd.au.dk\/lab\/wp-content\/uploads\/sites\/8\/2026\/01\/20.png 170w, https:\/\/itdd.au.dk\/lab\/wp-content\/uploads\/sites\/8\/2026\/01\/20-150x150.png 150w\" sizes=\"auto, (max-width: 170px) 100vw, 170px\" \/><span aria-hidden=\"true\" class=\"wp-block-cover__background has-background-dim-0 has-background-dim\"><\/span><div class=\"wp-block-cover__inner-container is-layout-flow wp-block-cover-is-layout-flow\">\n<p class=\"has-text-align-center has-black-color has-text-color has-link-color has-medium-font-size wp-elements-f4ae8f130171a91f65355c46a74c0062\"><a href=\"https:\/\/itdd.au.dk\/lab\/workshop-wordpress-cms\/\" data-type=\"page\" data-id=\"585\"><\/a><a href=\"https:\/\/itdd.au.dk\/lab\/workshop-gen-ai\/\" data-type=\"page\" data-id=\"563\">Generativ AI \/Sprogmodeller<\/a><\/p>\n<\/div><\/div>\n<\/div>\n\n\n\n<div class=\"wp-block-columns is-not-stacked-on-mobile is-layout-flex wp-container-core-columns-is-layout-9d6595d7 wp-block-columns-is-layout-flex\">\n<div class=\"wp-block-column is-vertically-aligned-top has-small-font-size is-layout-flow wp-block-column-is-layout-flow\" style=\"flex-basis:100%\">\n<div class=\"wp-block-group has-medium-font-size is-content-justification-center is-nowrap is-layout-flex wp-container-core-group-is-layout-94bc23d7 wp-block-group-is-layout-flex\">\n<div class=\"wp-block-cover is-light has-small-font-size wp-container-content-95fa7573 wp-duotone-abb8c3-ffffff-4\" style=\"min-height:170px;aspect-ratio:unset;\"><img loading=\"lazy\" decoding=\"async\" width=\"170\" height=\"170\" class=\"wp-block-cover__image-background wp-image-530\" alt=\"\" src=\"https:\/\/itdd.au.dk\/lab\/wp-content\/uploads\/sites\/8\/2026\/01\/01.png\" data-object-fit=\"cover\" srcset=\"https:\/\/itdd.au.dk\/lab\/wp-content\/uploads\/sites\/8\/2026\/01\/01.png 170w, https:\/\/itdd.au.dk\/lab\/wp-content\/uploads\/sites\/8\/2026\/01\/01-150x150.png 150w\" sizes=\"auto, (max-width: 170px) 100vw, 170px\" \/><span aria-hidden=\"true\" class=\"wp-block-cover__background has-background-dim-0 has-background-dim\"><\/span><div class=\"wp-block-cover__inner-container is-layout-flow wp-block-cover-is-layout-flow\">\n<p class=\"has-text-align-center has-black-color has-text-color has-link-color has-medium-font-size wp-elements-a47a5b2f3a092a9e44e8c1beeb0e7afd\"><a href=\"https:\/\/itdd.au.dk\/lab\/workshop-personal-knowledge-management\/\" data-type=\"page\" data-id=\"516\">Personal Knowledge Managment<\/a><\/p>\n<\/div><\/div>\n\n\n\n<div class=\"wp-block-cover is-light has-small-font-size wp-container-content-95fa7573 wp-duotone-abb8c3-ffffff-5\" style=\"min-height:170px;aspect-ratio:unset;\"><img loading=\"lazy\" decoding=\"async\" width=\"170\" height=\"170\" class=\"wp-block-cover__image-background wp-image-533\" alt=\"\" src=\"https:\/\/itdd.au.dk\/lab\/wp-content\/uploads\/sites\/8\/2026\/01\/11.png\" data-object-fit=\"cover\" srcset=\"https:\/\/itdd.au.dk\/lab\/wp-content\/uploads\/sites\/8\/2026\/01\/11.png 170w, https:\/\/itdd.au.dk\/lab\/wp-content\/uploads\/sites\/8\/2026\/01\/11-150x150.png 150w\" sizes=\"auto, (max-width: 170px) 100vw, 170px\" \/><span aria-hidden=\"true\" class=\"wp-block-cover__background has-background-dim-0 has-background-dim\"><\/span><div class=\"wp-block-cover__inner-container is-layout-flow wp-block-cover-is-layout-flow\">\n<p class=\"has-text-align-center has-black-color has-text-color has-link-color has-medium-font-size wp-elements-a3a0673e4d9b7bbaef296d3f9b3c4d87\"><a href=\"https:\/\/itdd.au.dk\/lab\/workshop-design\/\" data-type=\"page\" data-id=\"568\">Design- v\u00e6rkt\u00f8jer<\/a><\/p>\n<\/div><\/div>\n\n\n\n<div class=\"wp-block-cover is-light has-small-font-size wp-container-content-95fa7573 wp-duotone-abb8c3-ffffff-6\" style=\"min-height:170px;aspect-ratio:unset;\"><img loading=\"lazy\" decoding=\"async\" width=\"170\" height=\"170\" class=\"wp-block-cover__image-background wp-image-536 size-full\" alt=\"\" src=\"https:\/\/itdd.au.dk\/lab\/wp-content\/uploads\/sites\/8\/2026\/01\/21.png\" data-object-fit=\"cover\" srcset=\"https:\/\/itdd.au.dk\/lab\/wp-content\/uploads\/sites\/8\/2026\/01\/21.png 170w, https:\/\/itdd.au.dk\/lab\/wp-content\/uploads\/sites\/8\/2026\/01\/21-150x150.png 150w\" sizes=\"auto, (max-width: 170px) 100vw, 170px\" \/><span aria-hidden=\"true\" class=\"wp-block-cover__background has-background-dim-0 has-background-dim\"><\/span><div class=\"wp-block-cover__inner-container is-layout-flow wp-block-cover-is-layout-flow\">\n<p class=\"has-text-align-center has-black-color has-text-color has-link-color has-medium-font-size wp-elements-57abb9a74ccbc9619ff8111d44957a9e\"><a href=\"https:\/\/itdd.au.dk\/lab\/workshop-collaborative-knowledge-managment\/\" data-type=\"page\" data-id=\"570\">Collaborative Knowledge Managment<\/a><\/p>\n<\/div><\/div>\n<\/div>\n<\/div>\n<\/div>\n\n\n\n<div class=\"wp-block-group has-medium-font-size is-content-justification-center is-nowrap is-layout-flex wp-container-core-group-is-layout-94bc23d7 wp-block-group-is-layout-flex\">\n<div class=\"wp-block-cover has-custom-content-position is-position-top-right has-small-font-size wp-container-content-95fa7573 wp-duotone-abb8c3-ffffff-7\" style=\"min-height:170px;aspect-ratio:unset;\"><img loading=\"lazy\" decoding=\"async\" width=\"170\" height=\"170\" class=\"wp-block-cover__image-background wp-image-531\" alt=\"\" src=\"https:\/\/itdd.au.dk\/lab\/wp-content\/uploads\/sites\/8\/2026\/01\/02.png\" data-object-fit=\"cover\" srcset=\"https:\/\/itdd.au.dk\/lab\/wp-content\/uploads\/sites\/8\/2026\/01\/02.png 170w, https:\/\/itdd.au.dk\/lab\/wp-content\/uploads\/sites\/8\/2026\/01\/02-150x150.png 150w\" sizes=\"auto, (max-width: 170px) 100vw, 170px\" \/><span aria-hidden=\"true\" class=\"wp-block-cover__background has-background-dim-0 has-background-dim\"><\/span><div class=\"wp-block-cover__inner-container is-layout-flow wp-block-cover-is-layout-flow\">\n<p class=\"has-text-align-center has-black-color has-text-color has-link-color has-medium-font-size wp-elements-b0d5b05124e6078661c4cd2780104a34\"><a href=\"https:\/\/itdd.au.dk\/lab\/workshop-creativity-and-ideation-support\/\" data-type=\"page\" data-id=\"572\">Creativity and Ideation Support<\/a><\/p>\n<\/div><\/div>\n\n\n\n<div class=\"wp-block-cover has-small-font-size wp-container-content-95fa7573 wp-duotone-abb8c3-ffffff-8\" style=\"min-height:170px;aspect-ratio:unset;\"><img loading=\"lazy\" decoding=\"async\" width=\"170\" height=\"170\" class=\"wp-block-cover__image-background wp-image-534\" alt=\"\" src=\"https:\/\/itdd.au.dk\/lab\/wp-content\/uploads\/sites\/8\/2026\/01\/12.png\" data-object-fit=\"cover\" srcset=\"https:\/\/itdd.au.dk\/lab\/wp-content\/uploads\/sites\/8\/2026\/01\/12.png 170w, https:\/\/itdd.au.dk\/lab\/wp-content\/uploads\/sites\/8\/2026\/01\/12-150x150.png 150w\" sizes=\"auto, (max-width: 170px) 100vw, 170px\" \/><span aria-hidden=\"true\" class=\"wp-block-cover__background has-background-dim-0 has-background-dim\"><\/span><div class=\"wp-block-cover__inner-container is-layout-flow wp-block-cover-is-layout-flow\">\n<p class=\"has-text-align-center has-black-color has-text-color has-link-color has-medium-font-size wp-elements-1ca8a2bfd329ba4c158cdb55e191ed10\"><a href=\"https:\/\/itdd.au.dk\/lab\/workshop-prototyping\/\" data-type=\"page\" data-id=\"574\">Prototyping<\/a><\/p>\n<\/div><\/div>\n\n\n\n<div class=\"wp-block-cover has-custom-content-position is-position-top-left has-small-font-size wp-container-content-95fa7573 wp-duotone-abb8c3-ffffff-9\" style=\"min-height:170px;aspect-ratio:unset;\"><img loading=\"lazy\" decoding=\"async\" width=\"170\" height=\"170\" class=\"wp-block-cover__image-background wp-image-537\" alt=\"\" src=\"https:\/\/itdd.au.dk\/lab\/wp-content\/uploads\/sites\/8\/2026\/01\/22.png\" data-object-fit=\"cover\" srcset=\"https:\/\/itdd.au.dk\/lab\/wp-content\/uploads\/sites\/8\/2026\/01\/22.png 170w, https:\/\/itdd.au.dk\/lab\/wp-content\/uploads\/sites\/8\/2026\/01\/22-150x150.png 150w\" sizes=\"auto, (max-width: 170px) 100vw, 170px\" \/><span aria-hidden=\"true\" class=\"wp-block-cover__background has-background-dim-0 has-background-dim\"><\/span><div class=\"wp-block-cover__inner-container is-layout-flow wp-block-cover-is-layout-flow\">\n<p class=\"has-text-align-center has-black-color has-text-color has-link-color has-medium-font-size wp-elements-acec493a84f0e22a6593bca6b9c349e7\"><a href=\"https:\/\/itdd.au.dk\/lab\/workshop-project-management-tools\/\" data-type=\"page\" data-id=\"576\">Project Managment<\/a><\/p>\n<\/div><\/div>\n<\/div>\n\n\n\n<p><strong>Medie\u00f8kologi: Hvordan vores digitale milj\u00f8 former os<\/strong><\/p>\n\n\n\n<p>Forestil dig at tr\u00e6de ind i en frodig skov. Dine sanser bliver straks bombarderet med forskellige stimuli &#8211; duftene, lydene, synet af tr\u00e6erne og planterne. Disse elementer former din oplevelse og din adf\u00e6rd i skoven. P\u00e5 samme m\u00e5de fungerer medierne som milj\u00f8er, der former vores perception, adf\u00e6rd og interaktioner. Ligegyldigt om det er en nyhedsapp p\u00e5 din telefon, et tv-show, du ser om aftenen, eller den musik, du lytter til p\u00e5 vej til studiet, s\u00e5 er disse teknologier milj\u00f8er med deres egne regels\u00e6t, normer og interaktionsm\u00f8nstre.<\/p>\n\n\n\n<p>P\u00e5 studiet kommer din personlige medie\u00f8kologi til at m\u00f8de en r\u00e6kke af andre teknologier som kan v\u00e6re med til at udvide din personlige mediehorisont, du kan klikke p\u00e5 &#8220;tr\u00e6et&#8221; ovenfor for at se de enkelte teknologier som der arbejdes med i l\u00f8bet af studiet.<\/p>\n\n\n\n<div class=\"wp-block-columns is-not-stacked-on-mobile is-layout-flex wp-container-core-columns-is-layout-9d6595d7 wp-block-columns-is-layout-flex\">\n<div class=\"wp-block-column is-layout-flow wp-block-column-is-layout-flow\"><div class=\"wp-block-image\">\n<figure class=\"aligncenter size-full is-resized\"><img loading=\"lazy\" decoding=\"async\" width=\"947\" height=\"897\" src=\"https:\/\/itdd.au.dk\/lab\/wp-content\/uploads\/sites\/8\/2023\/10\/Screenshot-2023-10-08-164534.png\" alt=\"Medie\u00f8kologi p\u00e5 ITDD\" class=\"wp-image-155\" style=\"aspect-ratio:1.0557451649601821;width:488px;height:auto\" srcset=\"https:\/\/itdd.au.dk\/lab\/wp-content\/uploads\/sites\/8\/2023\/10\/Screenshot-2023-10-08-164534.png 947w, https:\/\/itdd.au.dk\/lab\/wp-content\/uploads\/sites\/8\/2023\/10\/Screenshot-2023-10-08-164534-300x284.png 300w, https:\/\/itdd.au.dk\/lab\/wp-content\/uploads\/sites\/8\/2023\/10\/Screenshot-2023-10-08-164534-768x727.png 768w\" sizes=\"auto, (max-width: 947px) 100vw, 947px\" \/><\/figure>\n<\/div><\/div>\n<\/div>\n\n\n\n<p><\/p>\n","protected":false},"excerpt":{"rendered":"<p>Workshops og medie\u00f8kologi for ITDD Brug menuen ovenover eller klik p\u00e5 de enkelte workshops herunder for at f\u00e5 mere at vide. Medie\u00f8kologi: Hvordan vores digitale milj\u00f8 former os Forestil dig at tr\u00e6de ind i en frodig skov. Dine sanser bliver straks bombarderet med forskellige stimuli &#8211; duftene, lydene, synet af tr\u00e6erne og planterne. Disse elementer [&hellip;]<\/p>\n","protected":false},"author":3,"featured_media":0,"parent":0,"menu_order":0,"comment_status":"closed","ping_status":"closed","template":"","meta":{"footnotes":""},"class_list":["post-527","page","type-page","status-publish","hentry","entry"],"_links":{"self":[{"href":"https:\/\/itdd.au.dk\/lab\/wp-json\/wp\/v2\/pages\/527","targetHints":{"allow":["GET"]}}],"collection":[{"href":"https:\/\/itdd.au.dk\/lab\/wp-json\/wp\/v2\/pages"}],"about":[{"href":"https:\/\/itdd.au.dk\/lab\/wp-json\/wp\/v2\/types\/page"}],"author":[{"embeddable":true,"href":"https:\/\/itdd.au.dk\/lab\/wp-json\/wp\/v2\/users\/3"}],"replies":[{"embeddable":true,"href":"https:\/\/itdd.au.dk\/lab\/wp-json\/wp\/v2\/comments?post=527"}],"version-history":[{"count":44,"href":"https:\/\/itdd.au.dk\/lab\/wp-json\/wp\/v2\/pages\/527\/revisions"}],"predecessor-version":[{"id":652,"href":"https:\/\/itdd.au.dk\/lab\/wp-json\/wp\/v2\/pages\/527\/revisions\/652"}],"wp:attachment":[{"href":"https:\/\/itdd.au.dk\/lab\/wp-json\/wp\/v2\/media?parent=527"}],"curies":[{"name":"wp","href":"https:\/\/api.w.org\/{rel}","templated":true}]}}