{"id":319,"date":"2023-10-22T12:25:46","date_gmt":"2023-10-22T10:25:46","guid":{"rendered":"https:\/\/itdd.au.dk\/?page_id=319"},"modified":"2026-01-18T13:59:56","modified_gmt":"2026-01-18T13:59:56","slug":"itdd-lab","status":"publish","type":"page","link":"https:\/\/itdd.au.dk\/lab\/itdd-lab\/","title":{"rendered":"ITDD-LAB"},"content":{"rendered":"<div class=\"wp-block-image\">\n<figure class=\"aligncenter size-large is-resized\"><img loading=\"lazy\" decoding=\"async\" width=\"1024\" height=\"585\" src=\"https:\/\/itdd.au.dk\/lab\/wp-content\/uploads\/sites\/8\/2023\/10\/Watercolor-painting-of-a-spirited-workshop-with-sun-rays-streaming-in-highlighting-the-details-of-wooden-tables-1024x585.png\" alt=\"atercolor-painting-of-a-spirited-workshop-with-sun-rays-streaming-in-highlighting-the-details-of-wooden-tables\" class=\"wp-image-326\" style=\"aspect-ratio:1.7504558478770513;width:632px;height:auto\" srcset=\"https:\/\/itdd.au.dk\/lab\/wp-content\/uploads\/sites\/8\/2023\/10\/Watercolor-painting-of-a-spirited-workshop-with-sun-rays-streaming-in-highlighting-the-details-of-wooden-tables-1024x585.png 1024w, https:\/\/itdd.au.dk\/lab\/wp-content\/uploads\/sites\/8\/2023\/10\/Watercolor-painting-of-a-spirited-workshop-with-sun-rays-streaming-in-highlighting-the-details-of-wooden-tables-300x171.png 300w, https:\/\/itdd.au.dk\/lab\/wp-content\/uploads\/sites\/8\/2023\/10\/Watercolor-painting-of-a-spirited-workshop-with-sun-rays-streaming-in-highlighting-the-details-of-wooden-tables-768x439.png 768w, https:\/\/itdd.au.dk\/lab\/wp-content\/uploads\/sites\/8\/2023\/10\/Watercolor-painting-of-a-spirited-workshop-with-sun-rays-streaming-in-highlighting-the-details-of-wooden-tables-1536x878.png 1536w, https:\/\/itdd.au.dk\/lab\/wp-content\/uploads\/sites\/8\/2023\/10\/Watercolor-painting-of-a-spirited-workshop-with-sun-rays-streaming-in-highlighting-the-details-of-wooden-tables.png 1792w\" sizes=\"auto, (max-width: 1024px) 100vw, 1024px\" \/><\/figure>\n<\/div>\n\n\n<p>ITDD-LAB er det fysiske laboratorie p\u00e5 it-didaktisk design hvor studerende og undervisere har mulighed for at afpr\u00f8ve og eksperimentere med nye it didaktiske undervisningsformer.<strong> Laboratoriet er fysisk beliggende i Nobelparken i \u00c5rhus<\/strong> og du vil som studerende v\u00e6re velkommen til at komme forbi for at benytte faciliteterne eller l\u00e5ne udstyr:<br><br><strong>Laboratoriet indeholder:<\/strong><\/p>\n\n\n\n<ul class=\"wp-block-list\">\n<li>Studie med mulighed for optagelse<\/li>\n\n\n\n<li>Green Screen<\/li>\n\n\n\n<li>Kameraer<\/li>\n\n\n\n<li>VR Briller<\/li>\n\n\n\n<li>Lego<\/li>\n\n\n\n<li>GoPRO kameraer<\/li>\n\n\n\n<li>Mikrofoner<\/li>\n<\/ul>\n","protected":false},"excerpt":{"rendered":"<p>ITDD-LAB er det fysiske laboratorie p\u00e5 it-didaktisk design hvor studerende og undervisere har mulighed for at afpr\u00f8ve og eksperimentere med nye it didaktiske undervisningsformer. Laboratoriet er fysisk beliggende i Nobelparken i \u00c5rhus og du vil som studerende v\u00e6re velkommen til at komme forbi for at benytte faciliteterne eller l\u00e5ne udstyr: Laboratoriet indeholder:<\/p>\n","protected":false},"author":3,"featured_media":0,"parent":0,"menu_order":0,"comment_status":"closed","ping_status":"closed","template":"","meta":{"footnotes":""},"class_list":["post-319","page","type-page","status-publish","hentry","entry"],"_links":{"self":[{"href":"https:\/\/itdd.au.dk\/lab\/wp-json\/wp\/v2\/pages\/319","targetHints":{"allow":["GET"]}}],"collection":[{"href":"https:\/\/itdd.au.dk\/lab\/wp-json\/wp\/v2\/pages"}],"about":[{"href":"https:\/\/itdd.au.dk\/lab\/wp-json\/wp\/v2\/types\/page"}],"author":[{"embeddable":true,"href":"https:\/\/itdd.au.dk\/lab\/wp-json\/wp\/v2\/users\/3"}],"replies":[{"embeddable":true,"href":"https:\/\/itdd.au.dk\/lab\/wp-json\/wp\/v2\/comments?post=319"}],"version-history":[{"count":2,"href":"https:\/\/itdd.au.dk\/lab\/wp-json\/wp\/v2\/pages\/319\/revisions"}],"predecessor-version":[{"id":686,"href":"https:\/\/itdd.au.dk\/lab\/wp-json\/wp\/v2\/pages\/319\/revisions\/686"}],"wp:attachment":[{"href":"https:\/\/itdd.au.dk\/lab\/wp-json\/wp\/v2\/media?parent=319"}],"curies":[{"name":"wp","href":"https:\/\/api.w.org\/{rel}","templated":true}]}}