{"id":10,"date":"2025-09-15T09:00:09","date_gmt":"2025-09-15T09:00:09","guid":{"rendered":"https:\/\/itdd.au.dk\/it-takes-two\/?page_id=10"},"modified":"2025-09-15T09:21:15","modified_gmt":"2025-09-15T09:21:15","slug":"hvem-er-vi","status":"publish","type":"page","link":"https:\/\/itdd.au.dk\/it-takes-two\/hvem-er-vi\/","title":{"rendered":"Hvem er vi?"},"content":{"rendered":"\n<div class=\"wp-block-cover alignfull is-light has-contrast-color has-text-color has-link-color wp-elements-9a038608df8de31d6f7788ed2655f4e9\" style=\"margin-top:0;margin-bottom:0;padding-top:var(--wp--preset--spacing--60);padding-right:var(--wp--preset--spacing--50);padding-bottom:var(--wp--preset--spacing--60);padding-left:var(--wp--preset--spacing--50)\"><span aria-hidden=\"true\" class=\"wp-block-cover__background has-base-background-color has-background-dim-100 has-background-dim\"><\/span><div class=\"wp-block-cover__inner-container has-global-padding is-layout-constrained wp-container-core-cover-is-layout-873ee6b1 wp-block-cover-is-layout-constrained\">\n<div class=\"wp-block-columns alignwide is-layout-flex wp-container-core-columns-is-layout-7ee84d44 wp-block-columns-is-layout-flex\">\n<div class=\"wp-block-column is-layout-flow wp-block-column-is-layout-flow\" style=\"flex-basis:65%\">\n<div class=\"wp-block-group is-vertical is-content-justification-stretch is-layout-flex wp-container-core-group-is-layout-353c4f5a wp-block-group-is-layout-flex\">\n<h1 class=\"wp-block-heading has-text-align-left\" style=\"font-size:0.3rem;font-style:normal;font-weight:300;letter-spacing:-0.03em;line-height:1.4\"><\/h1>\n\n\n\n<p class=\"is-style-text-subtitle is-style-text-subtitle--1\"><strong>Lin\u00e9a<\/strong><\/p>\n\n\n\n<p>Mit navn er Lin\u00e9a, og jeg er 24 \u00e5r gammel. Jeg er uddannet l\u00e6rer og har fagene Engelsk, Dansk og Samfundsfag. <\/p>\n\n\n\n<p>Jeg er f\u00f8dt i Frankrig, men jeg har boet i Danmark det meste af mit liv. Nu bor jeg i Silkeborg.<\/p>\n\n\n\n<p>Jeg bruger en stor del af min fritid p\u00e5 at ride.<\/p>\n\n\n\n<p class=\"is-style-text-subtitle is-style-text-subtitle--2\"><strong>Sophie<\/strong><\/p>\n\n\n\n<p>Jeg hedder Sophie og jeg er 24 \u00e5r gammel. Jeg er uddannet l\u00e6rer med fagene Engelsk, Fysik\/kemi og Matematik. Jeg er opvokset b\u00e5de i Silkeborg-omr\u00e5det og i Vejle. Nu bor jeg i Silkeborg igen.<\/p>\n\n\n\n<p>Mine hobbyer er mest kreative ting s\u00e5som h\u00e6kling. Jeg er ogs\u00e5 ved at fors\u00f8ge mig med at sy.<\/p>\n\n\n\n<p class=\"is-style-text-subtitle is-style-text-subtitle--3\"><strong>It Takes Two<\/strong><\/p>\n\n\n\n<p>Vi m\u00f8dte hinanden p\u00e5 L\u00e6reruddannelsen i Silkeborg, hvor vi startede p\u00e5 samme stamhold. Vi har i l\u00f8bet af uddannelsen haft Engelsk og alle de p\u00e6dagogiske fag sammen, hvor vi altid var i samme studiegruppe. Vi har derfor 4 \u00e5rs erfaring med at arbejde sammen.<\/p>\n\n\n\n<p>Udover dette er vi gode venner og bruger meget tid sammen udenfor uddannelsen, hvor vi fx spiser sammen, ser h\u00e5ndbold eller rejser sammen.<\/p>\n<\/div>\n<\/div>\n\n\n\n<div class=\"wp-block-column is-style-default is-layout-flow wp-block-column-is-layout-flow\" style=\"flex-basis:35%\">\n<div class=\"wp-block-group is-vertical is-content-justification-stretch is-nowrap is-layout-flex wp-container-core-group-is-layout-73b0033c wp-block-group-is-layout-flex\">\n<figure class=\"wp-block-image size-full\"><img loading=\"lazy\" decoding=\"async\" width=\"1542\" height=\"2271\" src=\"https:\/\/itdd.au.dk\/it-takes-two\/wp-content\/uploads\/sites\/45\/2025\/09\/610a664963c9a6e8e403d6f2ad20e069-1.jpg\" alt=\"\" class=\"wp-image-11\" style=\"aspect-ratio:3\/4;object-fit:cover\" srcset=\"https:\/\/itdd.au.dk\/it-takes-two\/wp-content\/uploads\/sites\/45\/2025\/09\/610a664963c9a6e8e403d6f2ad20e069-1.jpg 1542w, https:\/\/itdd.au.dk\/it-takes-two\/wp-content\/uploads\/sites\/45\/2025\/09\/610a664963c9a6e8e403d6f2ad20e069-1-204x300.jpg 204w, https:\/\/itdd.au.dk\/it-takes-two\/wp-content\/uploads\/sites\/45\/2025\/09\/610a664963c9a6e8e403d6f2ad20e069-1-695x1024.jpg 695w, https:\/\/itdd.au.dk\/it-takes-two\/wp-content\/uploads\/sites\/45\/2025\/09\/610a664963c9a6e8e403d6f2ad20e069-1-768x1131.jpg 768w, https:\/\/itdd.au.dk\/it-takes-two\/wp-content\/uploads\/sites\/45\/2025\/09\/610a664963c9a6e8e403d6f2ad20e069-1-1043x1536.jpg 1043w, https:\/\/itdd.au.dk\/it-takes-two\/wp-content\/uploads\/sites\/45\/2025\/09\/610a664963c9a6e8e403d6f2ad20e069-1-1391x2048.jpg 1391w\" sizes=\"auto, (max-width: 1542px) 100vw, 1542px\" \/><\/figure>\n\n\n\n<p class=\"has-text-align-right has-medium-font-size\" style=\"line-height:1.2\">Lin\u00e9a (venstre) og Sophie (h\u00f8jre)<\/p>\n<\/div>\n<\/div>\n<\/div>\n<\/div><\/div>\n","protected":false},"excerpt":{"rendered":"","protected":false},"author":77,"featured_media":0,"parent":0,"menu_order":0,"comment_status":"closed","ping_status":"closed","template":"","meta":{"footnotes":""},"class_list":["post-10","page","type-page","status-publish","hentry"],"_links":{"self":[{"href":"https:\/\/itdd.au.dk\/it-takes-two\/wp-json\/wp\/v2\/pages\/10","targetHints":{"allow":["GET"]}}],"collection":[{"href":"https:\/\/itdd.au.dk\/it-takes-two\/wp-json\/wp\/v2\/pages"}],"about":[{"href":"https:\/\/itdd.au.dk\/it-takes-two\/wp-json\/wp\/v2\/types\/page"}],"author":[{"embeddable":true,"href":"https:\/\/itdd.au.dk\/it-takes-two\/wp-json\/wp\/v2\/users\/77"}],"replies":[{"embeddable":true,"href":"https:\/\/itdd.au.dk\/it-takes-two\/wp-json\/wp\/v2\/comments?post=10"}],"version-history":[{"count":5,"href":"https:\/\/itdd.au.dk\/it-takes-two\/wp-json\/wp\/v2\/pages\/10\/revisions"}],"predecessor-version":[{"id":51,"href":"https:\/\/itdd.au.dk\/it-takes-two\/wp-json\/wp\/v2\/pages\/10\/revisions\/51"}],"wp:attachment":[{"href":"https:\/\/itdd.au.dk\/it-takes-two\/wp-json\/wp\/v2\/media?parent=10"}],"curies":[{"name":"wp","href":"https:\/\/api.w.org\/{rel}","templated":true}]}}