{"id":7,"date":"2024-09-06T08:55:16","date_gmt":"2024-09-06T08:55:16","guid":{"rendered":"https:\/\/itdd.au.dk\/fremtidens-it-didaktiker\/?page_id=7"},"modified":"2024-09-18T18:25:58","modified_gmt":"2024-09-18T18:25:58","slug":"blogpost-1-madlavning","status":"publish","type":"page","link":"https:\/\/itdd.au.dk\/fremtidens-it-didaktiker\/blogpost-1-madlavning\/","title":{"rendered":"Blogpost 1 &#8211; Madlavning"},"content":{"rendered":"\n<h1 class=\"wp-block-heading has-text-align-left\">Det er \u00c6gge&#8217; d\u00e5rligt <\/h1>\n\n\n<div class=\"wp-block-image\">\n<figure class=\"aligncenter size-large\"><img loading=\"lazy\" decoding=\"async\" width=\"1024\" height=\"575\" src=\"https:\/\/itdd.au.dk\/fremtidens-it-didaktiker\/wp-content\/uploads\/sites\/23\/2024\/09\/Skaermbillede-2024-09-06-kl.-11.31.19-1024x575.png\" alt=\"\" class=\"wp-image-32\" srcset=\"https:\/\/itdd.au.dk\/fremtidens-it-didaktiker\/wp-content\/uploads\/sites\/23\/2024\/09\/Skaermbillede-2024-09-06-kl.-11.31.19-1024x575.png 1024w, https:\/\/itdd.au.dk\/fremtidens-it-didaktiker\/wp-content\/uploads\/sites\/23\/2024\/09\/Skaermbillede-2024-09-06-kl.-11.31.19-300x168.png 300w, https:\/\/itdd.au.dk\/fremtidens-it-didaktiker\/wp-content\/uploads\/sites\/23\/2024\/09\/Skaermbillede-2024-09-06-kl.-11.31.19-768x431.png 768w, https:\/\/itdd.au.dk\/fremtidens-it-didaktiker\/wp-content\/uploads\/sites\/23\/2024\/09\/Skaermbillede-2024-09-06-kl.-11.31.19-1536x862.png 1536w, https:\/\/itdd.au.dk\/fremtidens-it-didaktiker\/wp-content\/uploads\/sites\/23\/2024\/09\/Skaermbillede-2024-09-06-kl.-11.31.19-2048x1150.png 2048w, https:\/\/itdd.au.dk\/fremtidens-it-didaktiker\/wp-content\/uploads\/sites\/23\/2024\/09\/Skaermbillede-2024-09-06-kl.-11.31.19-800x450.png 800w\" sizes=\"auto, (max-width: 1024px) 100vw, 1024px\" \/><\/figure>\n<\/div>\n\n\n<p class=\"has-pale-pink-background-color has-background\"><strong>F\u00e6lles madlavning p\u00e5 Zoom<\/strong><\/p>\n\n\n\n<p><strong>Synkron og asynkron kommunikation: <\/strong>&nbsp;<\/p>\n\n\n\n<p>Vi havde i vores madlavningsproces valgt den asynkrone kommunikation, s\u00e5ledes at vi havde kameraet t\u00e6ndt men ingen lyd p\u00e5. S\u00e5 kunne vi ikke afbryde hinanden, men se hinandens madlavningsproces undervejs<em> (<\/em><em>Baym, Nancy. K. (2015).&nbsp;Personal connections in the digital age. Cambridge, UK)<\/em> &nbsp;<br>Da vi var f\u00e6rdige med madlavningen, og skulle spise f\u00e6lles t\u00e6ndte vi for mikrofonerne igen og kunne snakke om processen. Her kunne vi sp\u00f8rge ind til hvilke krydderier vi brugte, hvordan vi valgte at stege vores \u00e6g og hvordan en simpel ret som \u201c\u00e6g\u201d kunne resultere i 4 forskellige f\u00e6rdige produkter. &nbsp;<br><\/p>\n\n\n\n<blockquote class=\"wp-block-quote is-layout-flow wp-block-quote-is-layout-flow\">\n<p><em>\u201cThe beauty of synchronous media is. That they allow for the very rapid transmission of messages even across distance.\u201d<\/em> <em>(Baym, Nancy. K. (2015).&nbsp;Personal connections in the digital age. Cambridge, UK). <\/em>&nbsp;<\/p>\n<\/blockquote>\n\n\n\n<p>Kreativitet b\u00f8r ikke n\u00f8dvendigvis v\u00e6re kompliceret; den kreative proces opst\u00e5r ofte gennem forskellige platforme, hvor struktur, sted og materialer har en betydningsfuld rolle. Vores madlavningsprojekt blev lavet p\u00e5 en digital platform, hvor den kreative proces opstod under og efter forl\u00f8bet. Afh\u00e6ngig af hvorvidt man \u00f8nsker at udfordre sig selv \u2013 kan det udf\u00f8res p\u00e5 to m\u00e5der, \u201clow flow\u201d (ligetil og ukompliceret) og high ceiling\u201d (kompliceret og udfordrende). Hele forl\u00f8bet var en \u201dlow floor\u201d metode, hvilket betyder at vores madlavningsforl\u00f8b med \u00e6gget var nemt at udf\u00f8re.&nbsp;Gauntlett D. 2023. Platforms for creativity s. 69-70. Cambrigde, UK).&nbsp;&nbsp;<\/p>\n\n\n\n<p>Link: Gauntlett Platforms for creativity_OCR.pdf (onedrev)<\/p>\n\n\n\n<p class=\"has-small-font-size\"><strong>Refleksion:&nbsp;<\/strong><br>Vi startede med et f\u00e6lles udgangspunkt som var at tilberede \u00e6g. Med interaktion over zoom og individuel frihed til at tilberede \u00e6ggene, blev vi en del af et f\u00e6llesskab, hvor kreativitet ikke kun blev set som et individuelt udtryk, men som noget der opstod gennem samarbejde, l\u00e6ring og gensidig inspiration.&nbsp;<\/p>\n\n\n\n<p>Vores aktivitet udviklede sig til en \u201cculture of creativity\u201d ved at balancere det materielle (\u00e6g og k\u00f8kkenredskaber), det sociale (zoom) og de id\u00e9er og v\u00e6rdier som hver enkelt deltager bidrog med.&nbsp;<br>&nbsp;(Gauntlett D. 2023. Platforms for creativity S. 6, Cambridge, UK)&nbsp;<\/p>\n\n\n\n<p>At arbejde med \u00e6g via madlavningsopgaven p\u00e5 Zoom udfordrede vores evne til at skabe en klar og pr\u00e6cis kommunikation med hinanden. Som beskrevet i \u201cCultures of Creativity\u201d, hvor kreativitet opst\u00e5r i samspil mellem individ og kultur, oplevede vi, at vores kollektive indsats, trods den fysiske afstand, blev styrket af deling af id\u00e9er og erfaringer i b\u00e5de \u201cide-fasen\u201d og den \u201cafsluttende fase\u201d. Zoom fungerede som vores f\u00e6lles platform for \u201cPlaying, making, and sharing,\u201d hvilket skabte en digital kultur, hvor kreativitet blev fremmet p\u00e5 tv\u00e6rs af lokationer og sk\u00e6rme&nbsp;(Gauntlett, D &amp; Thomsen, B.S (2013), s. 19 &#8211; 20).&nbsp;<br><\/p>\n\n\n\n<p><strong>Sp\u00f8rgsm\u00e5l<\/strong><br>Hvordan havde resultatet v\u00e6ret, hvis vi anvendte high ceiling metoden?<\/p>\n\n\n\n<p class=\"has-medium-font-size\"><strong>Madlavningsprocessen:<\/strong><\/p>\n\n\n\n<div class=\"wp-block-file\"><a id=\"wp-block-file--media-ce90f818-3514-4359-8717-ec9fccf16a73\" href=\"https:\/\/itdd.au.dk\/fremtidens-it-didaktiker\/wp-content\/uploads\/sites\/23\/2024\/09\/Faelles-madlavning.mp4\">F\u00e6lles madlavning<\/a><a href=\"https:\/\/itdd.au.dk\/fremtidens-it-didaktiker\/wp-content\/uploads\/sites\/23\/2024\/09\/Faelles-madlavning.mp4\" class=\"wp-block-file__button wp-element-button\" download aria-describedby=\"wp-block-file--media-ce90f818-3514-4359-8717-ec9fccf16a73\">Download<\/a><\/div>\n\n\n\n<figure class=\"wp-block-video\"><video height=\"720\" style=\"aspect-ratio: 1280 \/ 720;\" width=\"1280\" controls src=\"https:\/\/itdd.au.dk\/fremtidens-it-didaktiker\/wp-content\/uploads\/sites\/23\/2024\/09\/Faelles-madlavning.mp4\"><\/video><\/figure>\n\n\n\n<figure class=\"wp-block-gallery alignwide has-nested-images columns-default is-cropped wp-block-gallery-1 is-layout-flex wp-block-gallery-is-layout-flex\">\n<figure class=\"wp-block-image size-large\"><img loading=\"lazy\" decoding=\"async\" width=\"768\" height=\"1024\" data-id=\"64\" src=\"https:\/\/itdd.au.dk\/fremtidens-it-didaktiker\/wp-content\/uploads\/sites\/23\/2024\/09\/457540155_1269180254073106_8840226283367324545_n-768x1024.jpg\" alt=\"\" class=\"wp-image-64\" srcset=\"https:\/\/itdd.au.dk\/fremtidens-it-didaktiker\/wp-content\/uploads\/sites\/23\/2024\/09\/457540155_1269180254073106_8840226283367324545_n-768x1024.jpg 768w, https:\/\/itdd.au.dk\/fremtidens-it-didaktiker\/wp-content\/uploads\/sites\/23\/2024\/09\/457540155_1269180254073106_8840226283367324545_n-225x300.jpg 225w, https:\/\/itdd.au.dk\/fremtidens-it-didaktiker\/wp-content\/uploads\/sites\/23\/2024\/09\/457540155_1269180254073106_8840226283367324545_n-1152x1536.jpg 1152w, https:\/\/itdd.au.dk\/fremtidens-it-didaktiker\/wp-content\/uploads\/sites\/23\/2024\/09\/457540155_1269180254073106_8840226283367324545_n.jpg 1368w\" sizes=\"auto, (max-width: 768px) 100vw, 768px\" \/><\/figure>\n\n\n\n<figure class=\"wp-block-image size-full\"><img loading=\"lazy\" decoding=\"async\" width=\"668\" height=\"936\" data-id=\"61\" src=\"https:\/\/itdd.au.dk\/fremtidens-it-didaktiker\/wp-content\/uploads\/sites\/23\/2024\/09\/Skaermbillede-2024-09-09-kl.-11.44.17.png\" alt=\"\" class=\"wp-image-61\" srcset=\"https:\/\/itdd.au.dk\/fremtidens-it-didaktiker\/wp-content\/uploads\/sites\/23\/2024\/09\/Skaermbillede-2024-09-09-kl.-11.44.17.png 668w, https:\/\/itdd.au.dk\/fremtidens-it-didaktiker\/wp-content\/uploads\/sites\/23\/2024\/09\/Skaermbillede-2024-09-09-kl.-11.44.17-214x300.png 214w\" sizes=\"auto, (max-width: 668px) 100vw, 668px\" \/><\/figure>\n<\/figure>\n\n\n\n<figure class=\"wp-block-gallery alignwide has-nested-images columns-default is-cropped wp-block-gallery-2 is-layout-flex wp-block-gallery-is-layout-flex\">\n<figure class=\"wp-block-image size-large\"><img loading=\"lazy\" decoding=\"async\" width=\"768\" height=\"1024\" data-id=\"62\" src=\"https:\/\/itdd.au.dk\/fremtidens-it-didaktiker\/wp-content\/uploads\/sites\/23\/2024\/09\/456546586_898944128936372_2035436808156948651_n-768x1024.jpg\" alt=\"\" class=\"wp-image-62\" srcset=\"https:\/\/itdd.au.dk\/fremtidens-it-didaktiker\/wp-content\/uploads\/sites\/23\/2024\/09\/456546586_898944128936372_2035436808156948651_n-768x1024.jpg 768w, https:\/\/itdd.au.dk\/fremtidens-it-didaktiker\/wp-content\/uploads\/sites\/23\/2024\/09\/456546586_898944128936372_2035436808156948651_n-225x300.jpg 225w, https:\/\/itdd.au.dk\/fremtidens-it-didaktiker\/wp-content\/uploads\/sites\/23\/2024\/09\/456546586_898944128936372_2035436808156948651_n-1152x1536.jpg 1152w, https:\/\/itdd.au.dk\/fremtidens-it-didaktiker\/wp-content\/uploads\/sites\/23\/2024\/09\/456546586_898944128936372_2035436808156948651_n-1536x2048.jpg 1536w, https:\/\/itdd.au.dk\/fremtidens-it-didaktiker\/wp-content\/uploads\/sites\/23\/2024\/09\/456546586_898944128936372_2035436808156948651_n-scaled.jpg 1920w\" sizes=\"auto, (max-width: 768px) 100vw, 768px\" \/><\/figure>\n\n\n\n<figure class=\"wp-block-image size-large\"><img loading=\"lazy\" decoding=\"async\" width=\"768\" height=\"1024\" data-id=\"66\" src=\"https:\/\/itdd.au.dk\/fremtidens-it-didaktiker\/wp-content\/uploads\/sites\/23\/2024\/09\/457456209_1575738023337867_3617314496632919988_n-768x1024.jpg\" alt=\"\" class=\"wp-image-66\" srcset=\"https:\/\/itdd.au.dk\/fremtidens-it-didaktiker\/wp-content\/uploads\/sites\/23\/2024\/09\/457456209_1575738023337867_3617314496632919988_n-768x1024.jpg 768w, https:\/\/itdd.au.dk\/fremtidens-it-didaktiker\/wp-content\/uploads\/sites\/23\/2024\/09\/457456209_1575738023337867_3617314496632919988_n-225x300.jpg 225w, https:\/\/itdd.au.dk\/fremtidens-it-didaktiker\/wp-content\/uploads\/sites\/23\/2024\/09\/457456209_1575738023337867_3617314496632919988_n-1152x1536.jpg 1152w, https:\/\/itdd.au.dk\/fremtidens-it-didaktiker\/wp-content\/uploads\/sites\/23\/2024\/09\/457456209_1575738023337867_3617314496632919988_n.jpg 1500w\" sizes=\"auto, (max-width: 768px) 100vw, 768px\" \/><\/figure>\n<\/figure>\n\n\n\n<div class=\"wp-block-comments\"><\/div>\n\n\n\n<p><\/p>\n","protected":false},"excerpt":{"rendered":"<p>Det er \u00c6gge&#8217; d\u00e5rligt F\u00e6lles madlavning p\u00e5 Zoom Synkron og asynkron kommunikation: &nbsp; Vi havde i vores madlavningsproces valgt den asynkrone kommunikation, s\u00e5ledes at vi havde kameraet t\u00e6ndt men ingen lyd p\u00e5. S\u00e5 kunne vi ikke afbryde hinanden, men se hinandens madlavningsproces undervejs (Baym, Nancy. K. (2015).&nbsp;Personal connections in the digital age. Cambridge, UK) &nbsp;Da [&hellip;]<\/p>\n","protected":false},"author":41,"featured_media":0,"parent":0,"menu_order":0,"comment_status":"open","ping_status":"closed","template":"","meta":{"footnotes":""},"class_list":["post-7","page","type-page","status-publish","hentry","entry"],"_links":{"self":[{"href":"https:\/\/itdd.au.dk\/fremtidens-it-didaktiker\/wp-json\/wp\/v2\/pages\/7","targetHints":{"allow":["GET"]}}],"collection":[{"href":"https:\/\/itdd.au.dk\/fremtidens-it-didaktiker\/wp-json\/wp\/v2\/pages"}],"about":[{"href":"https:\/\/itdd.au.dk\/fremtidens-it-didaktiker\/wp-json\/wp\/v2\/types\/page"}],"author":[{"embeddable":true,"href":"https:\/\/itdd.au.dk\/fremtidens-it-didaktiker\/wp-json\/wp\/v2\/users\/41"}],"replies":[{"embeddable":true,"href":"https:\/\/itdd.au.dk\/fremtidens-it-didaktiker\/wp-json\/wp\/v2\/comments?post=7"}],"version-history":[{"count":33,"href":"https:\/\/itdd.au.dk\/fremtidens-it-didaktiker\/wp-json\/wp\/v2\/pages\/7\/revisions"}],"predecessor-version":[{"id":224,"href":"https:\/\/itdd.au.dk\/fremtidens-it-didaktiker\/wp-json\/wp\/v2\/pages\/7\/revisions\/224"}],"wp:attachment":[{"href":"https:\/\/itdd.au.dk\/fremtidens-it-didaktiker\/wp-json\/wp\/v2\/media?parent=7"}],"curies":[{"name":"wp","href":"https:\/\/api.w.org\/{rel}","templated":true}]}}