{"id":118,"date":"2024-09-12T16:45:51","date_gmt":"2024-09-12T16:45:51","guid":{"rendered":"https:\/\/itdd.au.dk\/fremtidens-it-didaktiker\/?page_id=118"},"modified":"2024-09-12T16:48:56","modified_gmt":"2024-09-12T16:48:56","slug":"hvem-er-vi","status":"publish","type":"page","link":"https:\/\/itdd.au.dk\/fremtidens-it-didaktiker\/hvem-er-vi\/","title":{"rendered":"Hvem er vi"},"content":{"rendered":"\n<div class=\"wp-block-media-text is-stacked-on-mobile\"><figure class=\"wp-block-media-text__media\"><img loading=\"lazy\" decoding=\"async\" width=\"768\" height=\"833\" src=\"https:\/\/itdd.au.dk\/fremtidens-it-didaktiker\/wp-content\/uploads\/sites\/23\/2024\/09\/IMG_0071-3.png\" alt=\"\" class=\"wp-image-123 size-full\" srcset=\"https:\/\/itdd.au.dk\/fremtidens-it-didaktiker\/wp-content\/uploads\/sites\/23\/2024\/09\/IMG_0071-3.png 768w, https:\/\/itdd.au.dk\/fremtidens-it-didaktiker\/wp-content\/uploads\/sites\/23\/2024\/09\/IMG_0071-3-277x300.png 277w\" sizes=\"auto, (max-width: 768px) 100vw, 768px\" \/><\/figure><div class=\"wp-block-media-text__content\">\n<p><strong>Malak \u2013 <\/strong>Jeg hedder Malak, er 28 \u00e5r gammel og uddannet folkeskolel\u00e6rer i 2020. \u00a0<br>Jeg arbejder p\u00e5 en behandlingsskole, hvor jeg arbejder med elever med diverse diagnoser og udfordringer. \u00a0<\/p>\n<\/div><\/div>\n\n\n\n<div class=\"wp-block-media-text has-media-on-the-right is-stacked-on-mobile\"><div class=\"wp-block-media-text__content\">\n<p><strong>Katarina \u2013 <\/strong>Mit navn er Katarina, og jeg er 25 \u00e5r. I 2023 blev jeg uddannet folkeskolel\u00e6rer og i 2024 blev jeg uddannet HR-konsulent. Til daglig arbejder jeg som studentermedhj\u00e6lper hos Bankdata, hvor jeg laver webinar, manualer og andre l\u00e6ringsmidler til b\u00e5de intern og ekstern brug. \u00a0<\/p>\n<\/div><figure class=\"wp-block-media-text__media\"><img loading=\"lazy\" decoding=\"async\" width=\"768\" height=\"1024\" src=\"https:\/\/itdd.au.dk\/fremtidens-it-didaktiker\/wp-content\/uploads\/sites\/23\/2024\/09\/Messenger_creation_1889651948181297-3-768x1024.jpeg\" alt=\"\" class=\"wp-image-124 size-full\" srcset=\"https:\/\/itdd.au.dk\/fremtidens-it-didaktiker\/wp-content\/uploads\/sites\/23\/2024\/09\/Messenger_creation_1889651948181297-3-768x1024.jpeg 768w, https:\/\/itdd.au.dk\/fremtidens-it-didaktiker\/wp-content\/uploads\/sites\/23\/2024\/09\/Messenger_creation_1889651948181297-3-225x300.jpeg 225w, https:\/\/itdd.au.dk\/fremtidens-it-didaktiker\/wp-content\/uploads\/sites\/23\/2024\/09\/Messenger_creation_1889651948181297-3-1152x1536.jpeg 1152w, https:\/\/itdd.au.dk\/fremtidens-it-didaktiker\/wp-content\/uploads\/sites\/23\/2024\/09\/Messenger_creation_1889651948181297-3-1536x2048.jpeg 1536w, https:\/\/itdd.au.dk\/fremtidens-it-didaktiker\/wp-content\/uploads\/sites\/23\/2024\/09\/Messenger_creation_1889651948181297-3-scaled.jpeg 1920w\" sizes=\"auto, (max-width: 768px) 100vw, 768px\" \/><\/figure><\/div>\n\n\n\n<div class=\"wp-block-media-text is-stacked-on-mobile\"><figure class=\"wp-block-media-text__media\"><img loading=\"lazy\" decoding=\"async\" width=\"768\" height=\"1024\" src=\"https:\/\/itdd.au.dk\/fremtidens-it-didaktiker\/wp-content\/uploads\/sites\/23\/2024\/09\/Messenger_creation_828054479485923-2-768x1024.jpeg\" alt=\"\" class=\"wp-image-126 size-full\" srcset=\"https:\/\/itdd.au.dk\/fremtidens-it-didaktiker\/wp-content\/uploads\/sites\/23\/2024\/09\/Messenger_creation_828054479485923-2-768x1024.jpeg 768w, https:\/\/itdd.au.dk\/fremtidens-it-didaktiker\/wp-content\/uploads\/sites\/23\/2024\/09\/Messenger_creation_828054479485923-2-225x300.jpeg 225w, https:\/\/itdd.au.dk\/fremtidens-it-didaktiker\/wp-content\/uploads\/sites\/23\/2024\/09\/Messenger_creation_828054479485923-2-1152x1536.jpeg 1152w, https:\/\/itdd.au.dk\/fremtidens-it-didaktiker\/wp-content\/uploads\/sites\/23\/2024\/09\/Messenger_creation_828054479485923-2.jpeg 1272w\" sizes=\"auto, (max-width: 768px) 100vw, 768px\" \/><\/figure><div class=\"wp-block-media-text__content\">\n<p><strong>Christine \u2013 <\/strong>Mit navn er Christine, 33 \u00e5r og gymnasiel\u00e6rer p\u00e5 HTX og HHX, hvor jeg har hhv. Studieretningerne kommunikation og it, samt innovation. Som mor til 2 sk\u00f8nne unger, med en fransk bulldog der hedder Dorthe og en kat, Viola, er min hverdag fyldt med b\u00e5de l\u00e6ring og leg. \u00a0<\/p>\n<\/div><\/div>\n\n\n\n<div class=\"wp-block-media-text has-media-on-the-right is-stacked-on-mobile\"><div class=\"wp-block-media-text__content\">\n<p><strong>Jenisa &#8211; <\/strong>Mit navn er Jenisa, 31 \u00e5r og blev udannet p\u00e6dagog i 2022. Jeg arbejder tildagligt som vikar i en b\u00f8rnehave, hvor jeg arbejder med b\u00f8rn fra udsatte positioner.<\/p>\n<\/div><figure class=\"wp-block-media-text__media\"><img loading=\"lazy\" decoding=\"async\" width=\"768\" height=\"1024\" src=\"https:\/\/itdd.au.dk\/fremtidens-it-didaktiker\/wp-content\/uploads\/sites\/23\/2024\/09\/IMG_20240911_153853-2-768x1024.jpeg\" alt=\"\" class=\"wp-image-127 size-full\" srcset=\"https:\/\/itdd.au.dk\/fremtidens-it-didaktiker\/wp-content\/uploads\/sites\/23\/2024\/09\/IMG_20240911_153853-2-768x1024.jpeg 768w, https:\/\/itdd.au.dk\/fremtidens-it-didaktiker\/wp-content\/uploads\/sites\/23\/2024\/09\/IMG_20240911_153853-2-225x300.jpeg 225w, https:\/\/itdd.au.dk\/fremtidens-it-didaktiker\/wp-content\/uploads\/sites\/23\/2024\/09\/IMG_20240911_153853-2-1152x1536.jpeg 1152w, https:\/\/itdd.au.dk\/fremtidens-it-didaktiker\/wp-content\/uploads\/sites\/23\/2024\/09\/IMG_20240911_153853-2-1536x2048.jpeg 1536w, https:\/\/itdd.au.dk\/fremtidens-it-didaktiker\/wp-content\/uploads\/sites\/23\/2024\/09\/IMG_20240911_153853-2-scaled.jpeg 1920w\" sizes=\"auto, (max-width: 768px) 100vw, 768px\" \/><\/figure><\/div>\n","protected":false},"excerpt":{"rendered":"<p>Malak \u2013 Jeg hedder Malak, er 28 \u00e5r gammel og uddannet folkeskolel\u00e6rer i 2020. \u00a0Jeg arbejder p\u00e5 en behandlingsskole, hvor jeg arbejder med elever med diverse diagnoser og udfordringer. \u00a0 Katarina \u2013 Mit navn er Katarina, og jeg er 25 \u00e5r. I 2023 blev jeg uddannet folkeskolel\u00e6rer og i 2024 blev jeg uddannet HR-konsulent. Til [&hellip;]<\/p>\n","protected":false},"author":53,"featured_media":0,"parent":0,"menu_order":0,"comment_status":"closed","ping_status":"closed","template":"","meta":{"footnotes":""},"class_list":["post-118","page","type-page","status-publish","hentry","entry"],"_links":{"self":[{"href":"https:\/\/itdd.au.dk\/fremtidens-it-didaktiker\/wp-json\/wp\/v2\/pages\/118","targetHints":{"allow":["GET"]}}],"collection":[{"href":"https:\/\/itdd.au.dk\/fremtidens-it-didaktiker\/wp-json\/wp\/v2\/pages"}],"about":[{"href":"https:\/\/itdd.au.dk\/fremtidens-it-didaktiker\/wp-json\/wp\/v2\/types\/page"}],"author":[{"embeddable":true,"href":"https:\/\/itdd.au.dk\/fremtidens-it-didaktiker\/wp-json\/wp\/v2\/users\/53"}],"replies":[{"embeddable":true,"href":"https:\/\/itdd.au.dk\/fremtidens-it-didaktiker\/wp-json\/wp\/v2\/comments?post=118"}],"version-history":[{"count":3,"href":"https:\/\/itdd.au.dk\/fremtidens-it-didaktiker\/wp-json\/wp\/v2\/pages\/118\/revisions"}],"predecessor-version":[{"id":128,"href":"https:\/\/itdd.au.dk\/fremtidens-it-didaktiker\/wp-json\/wp\/v2\/pages\/118\/revisions\/128"}],"wp:attachment":[{"href":"https:\/\/itdd.au.dk\/fremtidens-it-didaktiker\/wp-json\/wp\/v2\/media?parent=118"}],"curies":[{"name":"wp","href":"https:\/\/api.w.org\/{rel}","templated":true}]}}