{"id":40,"date":"2026-04-06T11:38:00","date_gmt":"2026-04-06T11:38:00","guid":{"rendered":"https:\/\/itdd.au.dk\/edb-kursisterne\/?page_id=40"},"modified":"2026-04-27T09:02:33","modified_gmt":"2026-04-27T09:02:33","slug":"develop","status":"publish","type":"page","link":"https:\/\/itdd.au.dk\/edb-kursisterne\/develop\/","title":{"rendered":"Develop"},"content":{"rendered":"\n<h1 class=\"wp-block-heading\"><strong><em>\ud83d\udd2c<\/em><mark style=\"background-color:rgba(0, 0, 0, 0)\" class=\"has-inline-color has-black-color\">\u00a0Generativ AI skaber utryghed blandt studerende!\u00a0\ud83d\udd2c\u00a0<\/mark><\/strong><\/h1>\n\n\n<div class=\"wp-block-image\">\n<figure class=\"alignleft size-full\"><img loading=\"lazy\" decoding=\"async\" width=\"901\" height=\"901\" src=\"https:\/\/itdd.au.dk\/edb-kursisterne\/wp-content\/uploads\/sites\/51\/2026\/04\/image.png\" alt=\"\" class=\"wp-image-79\" srcset=\"https:\/\/itdd.au.dk\/edb-kursisterne\/wp-content\/uploads\/sites\/51\/2026\/04\/image.png 901w, https:\/\/itdd.au.dk\/edb-kursisterne\/wp-content\/uploads\/sites\/51\/2026\/04\/image-300x300.png 300w, https:\/\/itdd.au.dk\/edb-kursisterne\/wp-content\/uploads\/sites\/51\/2026\/04\/image-150x150.png 150w, https:\/\/itdd.au.dk\/edb-kursisterne\/wp-content\/uploads\/sites\/51\/2026\/04\/image-768x768.png 768w, https:\/\/itdd.au.dk\/edb-kursisterne\/wp-content\/uploads\/sites\/51\/2026\/04\/image-600x600.png 600w\" sizes=\"auto, (max-width: 901px) 100vw, 901px\" \/><\/figure>\n<\/div>\n\n\n<p>Eller hvad?&nbsp;Men d\u00e9t- blandt andet&nbsp;&#8211;&nbsp;har vi sat os for at unders\u00f8ge:&nbsp;&nbsp;<\/p>\n\n\n\n<p>Vi er,&nbsp;i min studiegruppe,&nbsp;midt i&nbsp;en&nbsp;designproces&nbsp;om&nbsp;GAI-tryghed p\u00e5 fagdidaktikuddannelserne p\u00e5 DPU:&nbsp;<\/p>\n\n\n\n<p>Efter mange interviews, sp\u00f8rgeskemaer og dokumentanalyser st\u00e5r&nbsp;\u00e9n ting klart:&nbsp;Der er en reel sp\u00e6nding mellem de studerendes praksis med generativ AI og undervisernes forventninger.&nbsp;S\u00e5 hvordan&nbsp;lindrer&nbsp;vi&nbsp;den&nbsp;sp\u00e6nding?&nbsp;&nbsp;<\/p>\n\n\n\n<p>\ud83d\udee0\ufe0f&nbsp;Workshoppen&nbsp;<br>Vi inviterede studerende fra uddannelsesvidenskab ind i processen,&nbsp;fordi sp\u00e6ndingen vi&nbsp;unders\u00f8ger&nbsp;ikke kun g\u00e6lder vores eget studie. Gennem metoderne&nbsp;Crazy&nbsp;Eight&nbsp;og&nbsp;Four&nbsp;Categories&nbsp;skabte vi id\u00e9er bredt og kategoriserede dem som den&nbsp;mest rationelle, &#8220;the&nbsp;darling&#8221;, \u201clongshot\u201d og \u201cdelightful\u201d. Det resulterede i id\u00e9er som vendespil med prompts, f\u00e6lles eksperimenterende aktiviteter og undervisning p\u00e5 tv\u00e6rs af undervisere og studerende.&nbsp;<\/p>\n\n\n\n<p>Vi pr\u00e6senterede desuden vores fund for&nbsp;Uddannelsesn\u00e6vnets GAI-udvalg,&nbsp;som&nbsp;bekr\u00e6ftede mange af vores observationer. Faktisk synes de s\u00e5 godt om vores observationer, at&nbsp;vi&nbsp;blev&nbsp;inviteret&nbsp;med i udviklingen af et kodeks der skal udformes til DPU! Nu har vi lidt flere opgaver at kigge ind i \u2013 men det g\u00f8r vi med gl\u00e6de!&nbsp;&nbsp;<\/p>\n\n\n\n<p>\ud83d\udcd0&nbsp;Vores nye designprincipper:&nbsp;<\/p>\n\n\n\n<ul class=\"wp-block-list\">\n<li>En designl\u00f8sning skal skabe bevidsthed om klimap\u00e5virkninger ved brugen af&nbsp;GenAI.&nbsp;<\/li>\n<\/ul>\n\n\n\n<ul class=\"wp-block-list\">\n<li>En designl\u00f8sning skal kunne implementeres med omtanke for omkostninger.&nbsp;<\/li>\n<\/ul>\n\n\n\n<ul class=\"wp-block-list\">\n<li>En designl\u00f8sning skal hj\u00e6lpe med at forme god studiepraksis med&nbsp;GenAI&nbsp;&#8211;&nbsp;med rum til individuelle til- og fravalg.&nbsp;<\/li>\n<\/ul>\n\n\n\n<ul class=\"wp-block-list\">\n<li>Designl\u00f8sningen m\u00e5 gerne v\u00e6re eksperimenterende og unders\u00f8gende.&nbsp;<\/li>\n<\/ul>\n\n\n\n<ul class=\"wp-block-list\">\n<li>En designl\u00f8sning skal pr\u00e6sentere&nbsp;GenAI&nbsp;som didaktisk udvikling frem&nbsp;for en snydemaskine.&nbsp;<\/li>\n<\/ul>\n\n\n\n<p>Vi n\u00e6rmer os fase 4:&nbsp;prototyping. F\u00f8lg med&nbsp;&#8211;&nbsp;det bliver sp\u00e6ndende! \ud83d\ude80&nbsp;<\/p>\n\n\n\n<p><\/p>\n\n\n\n<p><\/p>\n\n\n\n<p><\/p>\n\n\n\n<p>F\u00d8LG ERIK P\u00c5 LINKEDIN: <a href=\"https:\/\/www.linkedin.com\/in\/erik-gammelmark-651a5a3b6\/ \">https:\/\/www.linkedin.com\/in\/erik-gammelmark-651a5a3b6\/ <\/a><\/p>\n\n\n\n<figure class=\"wp-block-image size-large\"><img loading=\"lazy\" decoding=\"async\" width=\"571\" height=\"1024\" src=\"https:\/\/itdd.au.dk\/edb-kursisterne\/wp-content\/uploads\/sites\/51\/2026\/04\/91AB9B2C-86E2-45A4-A7C0-95E09631A1D6-571x1024.png\" alt=\"\" class=\"wp-image-90\" srcset=\"https:\/\/itdd.au.dk\/edb-kursisterne\/wp-content\/uploads\/sites\/51\/2026\/04\/91AB9B2C-86E2-45A4-A7C0-95E09631A1D6-571x1024.png 571w, https:\/\/itdd.au.dk\/edb-kursisterne\/wp-content\/uploads\/sites\/51\/2026\/04\/91AB9B2C-86E2-45A4-A7C0-95E09631A1D6-167x300.png 167w, https:\/\/itdd.au.dk\/edb-kursisterne\/wp-content\/uploads\/sites\/51\/2026\/04\/91AB9B2C-86E2-45A4-A7C0-95E09631A1D6.png 638w\" sizes=\"auto, (max-width: 571px) 100vw, 571px\" \/><\/figure>\n\n\n\t<div id=\"respond\" class=\"comment-respond wp-block-post-comments-form\">\n\t\t<h3 id=\"reply-title\" class=\"comment-reply-title\">Skriv et svar <small><a rel=\"nofollow\" id=\"cancel-comment-reply-link\" href=\"\/edb-kursisterne\/wp-json\/wp\/v2\/pages\/40#respond\" style=\"display:none;\">Annuller svar<\/a><\/small><\/h3><p class=\"must-log-in\">Du skal v\u00e6re <a href=\"https:\/\/itdd.au.dk\/edb-kursisterne\/wp-login.php?redirect_to=https%3A%2F%2Fitdd.au.dk%2Fedb-kursisterne%2Fdevelop%2F\">logget ind<\/a> for at skrive en kommentar.<\/p>\t<\/div><!-- #respond -->\n\t\n\n\n<p><\/p>\n","protected":false},"excerpt":{"rendered":"<p>\ud83d\udd2c\u00a0Generativ AI skaber utryghed blandt studerende!\u00a0\ud83d\udd2c\u00a0 Eller hvad?&nbsp;Men d\u00e9t- blandt andet&nbsp;&#8211;&nbsp;har vi sat os for at unders\u00f8ge:&nbsp;&nbsp; Vi er,&nbsp;i min studiegruppe,&nbsp;midt i&nbsp;en&nbsp;designproces&nbsp;om&nbsp;GAI-tryghed p\u00e5 fagdidaktikuddannelserne p\u00e5 DPU:&nbsp; Efter mange interviews, sp\u00f8rgeskemaer og dokumentanalyser st\u00e5r&nbsp;\u00e9n ting klart:&nbsp;Der er en reel sp\u00e6nding mellem de studerendes praksis med generativ AI og undervisernes forventninger.&nbsp;S\u00e5 hvordan&nbsp;lindrer&nbsp;vi&nbsp;den&nbsp;sp\u00e6nding?&nbsp;&nbsp; \ud83d\udee0\ufe0f&nbsp;Workshoppen&nbsp;Vi inviterede studerende fra uddannelsesvidenskab [&hellip;]<\/p>\n","protected":false},"author":82,"featured_media":0,"parent":0,"menu_order":0,"comment_status":"open","ping_status":"closed","template":"","meta":{"footnotes":""},"class_list":["post-40","page","type-page","status-publish","hentry","entry"],"_links":{"self":[{"href":"https:\/\/itdd.au.dk\/edb-kursisterne\/wp-json\/wp\/v2\/pages\/40","targetHints":{"allow":["GET"]}}],"collection":[{"href":"https:\/\/itdd.au.dk\/edb-kursisterne\/wp-json\/wp\/v2\/pages"}],"about":[{"href":"https:\/\/itdd.au.dk\/edb-kursisterne\/wp-json\/wp\/v2\/types\/page"}],"author":[{"embeddable":true,"href":"https:\/\/itdd.au.dk\/edb-kursisterne\/wp-json\/wp\/v2\/users\/82"}],"replies":[{"embeddable":true,"href":"https:\/\/itdd.au.dk\/edb-kursisterne\/wp-json\/wp\/v2\/comments?post=40"}],"version-history":[{"count":10,"href":"https:\/\/itdd.au.dk\/edb-kursisterne\/wp-json\/wp\/v2\/pages\/40\/revisions"}],"predecessor-version":[{"id":96,"href":"https:\/\/itdd.au.dk\/edb-kursisterne\/wp-json\/wp\/v2\/pages\/40\/revisions\/96"}],"wp:attachment":[{"href":"https:\/\/itdd.au.dk\/edb-kursisterne\/wp-json\/wp\/v2\/media?parent=40"}],"curies":[{"name":"wp","href":"https:\/\/api.w.org\/{rel}","templated":true}]}}