{"id":151,"date":"2024-10-27T11:04:59","date_gmt":"2024-10-27T11:04:59","guid":{"rendered":"https:\/\/itdd.au.dk\/dt25\/?page_id=151"},"modified":"2025-11-02T07:26:50","modified_gmt":"2025-11-02T07:26:50","slug":"annotering-3","status":"publish","type":"page","link":"https:\/\/itdd.au.dk\/dt25\/annotering-3\/","title":{"rendered":"Annotering 3"},"content":{"rendered":"\n<h1 class=\"wp-block-heading\">Annotering til session 3 &#8211; (S\u00f8ndag d. 2\/11 &#8211; Mandag d. 24\/11)<\/h1>\n\n\n\n<hr class=\"wp-block-separator has-alpha-channel-opacity\"\/>\n\n\n\n<p class=\"has-white-color has-vivid-red-background-color has-text-color has-background has-link-color wp-elements-84273659e7d44adf38e0f43f0639f831\">Bem\u00e6rk at deadline til annotering session 3 kommer p\u00e5 bagkant af jeres bes\u00f8g p\u00e5 DOKK1, s\u00e5 det er en rigtig god ide at komme i gang med annoteringsopgaven s\u00e5 tidligt som muligt, s\u00e5 I kan have fuld fokus p\u00e5 processen omkring DOKK1 og ideelt set genbes\u00f8ge annoteringerne over en l\u00e6ngere periode.<strong> Det er ogs\u00e5 derfor at opgaven bliver \u00e5bnet fire uger f\u00f8r deadline<\/strong>.<\/p>\n\n\n\n<div class=\"wp-block-group has-light-green-cyan-background-color has-background\"><div class=\"wp-block-group__inner-container is-layout-constrained wp-block-group-is-layout-constrained\">\n<h2 class=\"wp-block-heading\"><strong>Opgave 1 &#8211; <\/strong>Studiegruppeopgave <strong>inden mandag d. 24\/11\u00a0 kl. 11.00 (men gerne tidligere)<\/strong><\/h2>\n\n\n\n<p><strong>Hver studiegruppe har ansvaret for at lave et &#8220;take home&#8221;&nbsp;<\/strong>med de vigtigste pointer som gruppen mener man kan tage med fra teksten (Take-home skal laves som et<strong>&nbsp;Page Note&nbsp;<\/strong>og i&nbsp;<strong>skal bruge tag \u201dGruppenavn\u201d,<\/strong>&nbsp;take home skal max v\u00e6re 4-600 anslag)<\/p>\n\n\n\n<p>[ direkte link til annoteringsteksterne ligger i <a href=\"https:\/\/aarhusuniversitet.sharepoint.com\/:f:\/r\/sites\/ARTSITDD_UDDANNELSE-ITDD_2025\/Delte%20dokumenter\/ITDD_2025\/Digitale%20Teknologier\/Annotering?csf=1&amp;web=1&amp;e=npjudQ\" data-type=\"link\" data-id=\"https:\/\/aarhusuniversitet.sharepoint.com\/:f:\/r\/sites\/ARTSITDD_UDDANNELSE-ITDD_2025\/Delte%20dokumenter\/ITDD_2025\/Digitale%20Teknologier\/Annotering?csf=1&amp;web=1&amp;e=npjudQ\" target=\"_blank\" rel=\"noreferrer noopener nofollow\">OneDrive<\/a> ]<\/p>\n\n\n\n<h2 class=\"wp-block-heading\"><strong>Grupper:<\/strong><\/h2>\n\n\n\n<p><strong><mark style=\"background-color:#00d084\" class=\"has-inline-color\">CAJA.ITDD<\/mark><\/strong>\u00a0\u00a0 <strong><em>:<\/em><\/strong> <strong>Mollick, Ethan (2024). \u201dCh. 3 \u2013 Four rules for Co-Intelligence\u201d i\u00a0<em>Co-Intelligence: Living and Working with AI<\/em>.<\/strong> Penguin.<\/p>\n\n\n\n<p><strong><mark style=\"background-color:#fcb900\" class=\"has-inline-color\">CTRL+ALT+KAFFE<\/mark><\/strong>\u00a0 <strong>Kentaro Toyama (2015) Ch. 2: The Law of Amplification I\u00a0<em>Geek Heresy: Rescuing Social Change from the Cult of Technology<\/em><\/strong>. Public Affairs.<\/p>\n\n\n\n<p><strong><mark style=\"background-color:#f78da7\" class=\"has-inline-color\">4\u00d84 &#8211; blog not found<\/mark><\/strong> <strong><em>:<\/em><\/strong> <strong>S\u00e4lj\u00f6, R. (2010). Digital tools and challenges to institutional traditions of learning: technologies, social memory and the performative nature of learning. Journal of computer assisted learning,<\/strong> 26(1), 53-64.\u00a0https:\/\/doi.org\/10.1111\/j.1365-2729.2009.00341.x\u00a0\u00a0\u00a0<\/p>\n\n\n\n<p><strong><mark style=\"background-color:#8ed1fc\" class=\"has-inline-color\">One Night in Bangkok<\/mark>\u00a0<em>:<\/em><\/strong> <strong>Salomon, G., Perkins, D. N., &amp; Globerson, T. (1991). Partners in Cognition: Extending Human Intelligence with Intelligent Technologies.<\/strong>\u00a0<em>Educational Researcher<\/em>,\u00a0<em>20<\/em>(3), 2-9.\u00a0https:\/\/doi.org\/10.3102\/0013189X020003002\u00a0<\/p>\n\n\n\n<p><strong><em>:<\/em><\/strong> <strong>Dalsgaard, Christian, Pedersen, N.F. &amp; Aaen, Janus (2013): L\u00e6ring p\u00e5 tv\u00e6rs af kontekster \u2013 l\u00e6ringspotentialer i mobilt medieret information og kommunikation<\/strong>, LOM 10\u00a0http:\/\/ojs.statsbiblioteket.dk\/index.php\/lom\/article\/view\/7293<\/p>\n<\/div><\/div>\n\n\n\n<div class=\"wp-block-group has-pale-cyan-blue-background-color has-background\"><div class=\"wp-block-group__inner-container is-layout-constrained wp-block-group-is-layout-constrained\">\n<h2 class=\"wp-block-heading\"><strong>Opgave 2 &#8211; <\/strong>Individuel <strong>opgave (bem\u00e6rk deadlines)<\/strong><\/h2>\n\n\n\n<p>Teksterne til session 3 er ikke en &#8220;one size fits all&#8221; og det vil derfor v\u00e6re individuelt hvilken\/hvilke tekster man v\u00e6lger at annotere i.<\/p>\n\n\n\n<p><strong>I har mulighed for at annotere i teksterne over tolv dage<\/strong>, hvert loop har en deadline hvor annoteringerne skal v\u00e6re lavet inden, I skal i alt minimum annotere i teksterne 4 gange sammenlagt (gerne mere).<\/p>\n\n\n\n<h2 class=\"wp-block-heading\"><strong>Loop 1:<\/strong><\/h2>\n\n\n\n<p>Start med at&nbsp;<strong>annotere i den samme tekst som I laver &#8220;take-home&#8221; til<\/strong>: (inden l\u00f8rdag d. 22\/11 kl. 16.00)&nbsp;<strong>M\u00e5let er at finde viden som vi kan anvende, men ogs\u00e5 at stille undrende sp\u00f8rgsm\u00e5l til teksten<\/strong>, er der noget der provokere, v\u00e6kker forundring eller m\u00e5ske ikke giver mening.<\/p>\n\n\n\n<h2 class=\"wp-block-heading\"><strong>Loop 2:<\/strong>&nbsp;&nbsp;<\/h2>\n\n\n\n<p><strong>Bes\u00f8g de andre tekster<\/strong>&nbsp;og svar p\u00e5 sp\u00f8rgsm\u00e5l\/ eller stil nye sp\u00f8rgsm\u00e5l til teksten. (inden s\u00f8ndag d. 23\/11 kl. 16.00)<\/p>\n\n\n\n<h2 class=\"wp-block-heading\"><strong>Loop 3:<\/strong><\/h2>\n\n\n\n<p><strong>N\u00e5r man har lavet f\u00f8rste og andet Loop m\u00e5 der frit annoteres i teksterne:<\/strong>&nbsp;(indtil mandag d 24. kl. 12.00)<\/p>\n\n\n\n<h2 class=\"wp-block-heading\"><strong>Loop 4:<\/strong><\/h2>\n\n\n\n<p><strong>Genbes\u00f8g annoteringerne efter m\u00f8det mandag d. 24\/11<\/strong> for at se om der er sp\u00f8rgsm\u00e5l der stadig mangler svar og for at se p\u00e5 litteratur til jeres opgaver til Session 3 (indtil tirsdag d. 26\/11 kl. 15.00)<\/p>\n\n\n\n<p><\/p>\n<\/div><\/div>\n\n\n\n<p><strong>M\u00e5let med opgaven er som altid:<\/strong><\/p>\n\n\n\n<ul class=\"wp-block-list\">\n<li>At f\u00e5 l\u00e6st og diskuteret teksterne<\/li>\n\n\n\n<li>At annotere i flere tekster<\/li>\n\n\n\n<li>At interagere med teksterne og hinanden gennem at stille og svare p\u00e5 sp\u00f8rgsm\u00e5l<\/li>\n\n\n\n<li>At anvende tags til at kategorisere annoteringer med henblik p\u00e5 at skabe &#8220;actionable knowledge&#8221;, viden som vi kan anvende.<\/li>\n<\/ul>\n\n\n\n<p><strong>Note:<\/strong><\/p>\n\n\n\n<ul class=\"wp-block-list\">\n<li><strong>Ideelt set bes\u00f8ger og genbes\u00f8ger man teksterne l\u00f8bende i hele annoteringsperioden<\/strong><\/li>\n\n\n\n<li><strong>Man m\u00e5 meget gerne bes\u00f8ge og annotere i teksterne flere gange<\/strong><\/li>\n\n\n\n<li><strong>Man m\u00e5 gerne fors\u00f8ge at prioritere at lave den f\u00f8rste kommentar s\u00e5 tidligt i processen som man kan s\u00e5 andre har mulighed for at kommenterer p\u00e5 den<\/strong><\/li>\n\n\n\n<li><strong>Husk at bruge tag&#8217;s fra kodebogen n\u00e5r i annoterer.<\/strong><\/li>\n<\/ul>\n\n\n\n<p><\/p>\n","protected":false},"excerpt":{"rendered":"<p>Annotering til session 3 &#8211; (S\u00f8ndag d. 2\/11 &#8211; Mandag d. 24\/11) Bem\u00e6rk at deadline til annotering session 3 kommer p\u00e5 bagkant af jeres bes\u00f8g p\u00e5 DOKK1, s\u00e5 det er en rigtig god ide at komme i gang med annoteringsopgaven s\u00e5 tidligt som muligt, s\u00e5 I kan have fuld fokus p\u00e5 processen omkring DOKK1 og [&hellip;]<\/p>\n","protected":false},"author":3,"featured_media":0,"parent":0,"menu_order":0,"comment_status":"closed","ping_status":"closed","template":"","meta":{"footnotes":""},"class_list":["post-151","page","type-page","status-publish","hentry","entry"],"_links":{"self":[{"href":"https:\/\/itdd.au.dk\/dt25\/wp-json\/wp\/v2\/pages\/151","targetHints":{"allow":["GET"]}}],"collection":[{"href":"https:\/\/itdd.au.dk\/dt25\/wp-json\/wp\/v2\/pages"}],"about":[{"href":"https:\/\/itdd.au.dk\/dt25\/wp-json\/wp\/v2\/types\/page"}],"author":[{"embeddable":true,"href":"https:\/\/itdd.au.dk\/dt25\/wp-json\/wp\/v2\/users\/3"}],"replies":[{"embeddable":true,"href":"https:\/\/itdd.au.dk\/dt25\/wp-json\/wp\/v2\/comments?post=151"}],"version-history":[{"count":16,"href":"https:\/\/itdd.au.dk\/dt25\/wp-json\/wp\/v2\/pages\/151\/revisions"}],"predecessor-version":[{"id":564,"href":"https:\/\/itdd.au.dk\/dt25\/wp-json\/wp\/v2\/pages\/151\/revisions\/564"}],"wp:attachment":[{"href":"https:\/\/itdd.au.dk\/dt25\/wp-json\/wp\/v2\/media?parent=151"}],"curies":[{"name":"wp","href":"https:\/\/api.w.org\/{rel}","templated":true}]}}