{"id":14,"date":"2024-07-04T11:39:46","date_gmt":"2024-07-04T11:39:46","guid":{"rendered":"https:\/\/itdd.au.dk\/dt25\/?page_id=14"},"modified":"2025-11-29T02:16:01","modified_gmt":"2025-11-29T02:16:01","slug":"digitale-kompetencer","status":"publish","type":"page","link":"https:\/\/itdd.au.dk\/dt25\/digitale-kompetencer\/","title":{"rendered":"Kompetencer_i_forandring"},"content":{"rendered":"\n<h1 class=\"wp-block-heading has-text-align-center\">PF4: Kompetencer i forandring<\/h1>\n\n\n\n<h2 class=\"wp-block-heading\">Udgangspunkt og form\u00e5l<\/h2>\n\n\n\n<p>Den sidste portfolio-opgave handler om at reflektere over l\u00e6ringspotentialerne i nogle af de IT-v\u00e6rkt\u00f8jer og praksisser, som er blevet introduceret i dette kursus (og ligeledes i forbindelse med jeres projekter p\u00e5 Digitale L\u00e6ringskontekster), samt de kompetencer der bliver p\u00e5kr\u00e6vet, dem som mister deres relevans, og dem som er i forandring. <br>NB: digitale kompetencer <\/p>\n\n\n\n<hr class=\"wp-block-separator has-alpha-channel-opacity\"\/>\n\n\n\n<h2 class=\"wp-block-heading\">Undervisningsaktiviteter<\/h2>\n\n\n\n<p class=\"has-background\" style=\"background-color:#fdf1d2\">[Fremadrettet <a href=\"https:\/\/uni3.getoutline.com\/doc\/feedback-pf3-ekstra-begreber-zTjrAbtfyF#h-generel-feedback-28-nov-pa-den-faerdige-version\" target=\"_blank\" rel=\"noreferrer noopener\">feedback p\u00e5 PF3 <\/a>og <a href=\"https:\/\/aarhusuniversitet.sharepoint.com\/sites\/ARTSITDD_UDDANNELSE-ITDD_2025\/Delte%20dokumenter\/ITDD_2025\/Digitale%20Teknologier\/Slides_og_evt_optagelser\/Portfolio_4\/DT25-tyvstart_til_PF4.pdf\">slides-med-PF4-tyvstart<\/a> er tilg\u00e6ngelige fra fredag d. 28. november]<br><br><strong>Mandag d. 1. december <\/strong><br>kl. 12.00-13.30: videom\u00f8de med <strong>opgavestart<\/strong> til PF4<br>kl. 23:59: deadline til at angive <a href=\"https:\/\/aarhusuniversitet.sharepoint.com\/:w:\/r\/sites\/ARTSITDD_UDDANNELSE-ITDD_2025\/Delte%20dokumenter\/ITDD_2025\/Digitale%20Teknologier\/Portfolio_afleveringer\/PF4_Kompetencer_i_spil\/A-PF4-2025-Hvad_skriver_og_l%C3%A6ser_I_om.docx?d=w05c7ae7ddb934dd9b666599348dd424e&amp;csf=1&amp;web=1&amp;e=ELHIC9\" target=\"_blank\" rel=\"noreferrer noopener\">Hvad skriver du om?<\/a><br><br><strong>Tirsdag d. 2. december <\/strong><br>kl. 13.00: deadline til annotering af tekster<br>kl. 14:00-15:30: <strong><strong>videom\u00f8de med<\/strong> diskussion om tekster og annoteringsopgave<\/strong><br> <br><strong>Fredag d. 5. december <\/strong><br>kl: 12:00: deadline til aflevering af udkast (PF4 + samlet portfolio)<br>kl. 12.00-16.00: l\u00e6rerne kommenterer skriftligt<br>kl. 16.00-17.00: <strong><strong>videom\u00f8de med<\/strong> generel feedback<\/strong> (se noter og optagelse)<\/p>\n\n\n\n<p class=\"has-pale-pink-background-color has-background\"><strong>DEADLINES<\/strong><br>Mandag d. 1. december kl. 23:59: <a href=\"https:\/\/aarhusuniversitet.sharepoint.com\/:w:\/r\/sites\/ARTSITDD_UDDANNELSE-ITDD_2025\/Delte%20dokumenter\/ITDD_2025\/Digitale%20Teknologier\/Portfolio_afleveringer\/PF4_Kompetencer_i_spil\/A-PF4-2025-Hvad_skriver_og_l%C3%A6ser_I_om.docx?d=w05c7ae7ddb934dd9b666599348dd424e&amp;csf=1&amp;web=1&amp;e=ELHIC9\" target=\"_blank\" rel=\"noreferrer noopener\">Hvad skriver du om?:<\/a> <br>Tirsdag d. 3. december kl. 12.00: Annotering af pensums tekster<br>Fredag d. 6. december kl. 12.00: aflevering af udkast af PF4 + pr\u00f8ve-udskrift af samlet portfolio<br>NB: Aflevering af portfolio: fredag d. 13-12-2024 kl. 12.00 (men i burde v\u00e6re allerede f\u00e6rdige d. 6.12!)<\/p>\n\n\n\n<hr class=\"wp-block-separator has-alpha-channel-opacity\"\/>\n\n\n\n<h2 class=\"wp-block-heading\">Opgaveformulering portfolio #4<\/h2>\n\n\n\n<p class=\"has-pale-cyan-blue-background-color has-background\"><strong>Portfolio #4:<\/strong><em><strong> Diskussionsopgave om digitale kompetencer<\/strong><\/em> &#8211; 2 sider<br>I denne runde skal I skrive, hvad der svarer til et diskussionsafsnit i en st\u00f8rre opgave. Det betyder, at opgaven fx ikke rummer en systematisk indsamling af empirisk materiale og analyse heraf. I stedet skal I tr\u00e6kke p\u00e5 de erfaringer, I har gjort jer med jeres cases og projekter og diskutere disse ud fra relevant teori.<br>NB: v\u00e6lg \u00c9N af de tekster om digitale kompetencer og \u00c9N case, eller foresl\u00e5 en ny case efter aftale med underviserne.<br><br><strong><em>Diskut\u00e9r<\/em><\/strong>: Hvordan kan man forst\u00e5 digitale kompetencer og hvilke kompetencer kommer i spil i jeres unders\u00f8gelser? Tag udgangspunkt i de cases\/projekter og de pointer i er kommet frem til. Det kan b\u00e5de v\u00e6re cases fra litteraturen, fra jeres tidligere portfolio-opgaver eller fra jeres erfaring som l\u00e6rere og\/eller mediebrugere mm.<br><br>Du kan l\u00e6se <a href=\"https:\/\/aarhusuniversitet.sharepoint.com\/:w:\/r\/sites\/ARTSITDD_UDDANNELSE-ITDD_2025\/Delte%20dokumenter\/ITDD_2025\/Digitale%20Teknologier\/Portfolio_afleveringer\/PF4_Kompetencer_i_spil\/A-PF4_2025-En_mulig_struktur.docx?d=w090bd62095034dbfa79e523784bdb954&amp;csf=1&amp;web=1&amp;e=IdxE9P\" target=\"_blank\" rel=\"noreferrer noopener\">et forslag til format og struktur for opgaven<\/a><br>Hvad overvejer du at skrive om? &#8211; vi indsamler jeres ideer i denne fil (linket kommer)<br>(deadline: &#8211;&gt; mandag d. 2.2 kl. 23.59).<\/p>\n\n\n\n<h2 class=\"wp-block-heading\">Litteratur til Portfolio #4<\/h2>\n\n\n\n<p class=\"has-background\" style=\"background-color:#beecbf\"><strong>Litteratur<\/strong>&nbsp;<br>1. Se <a href=\"https:\/\/itdd.au.dk\/dt25\/annotering-4\/\">annoteringsopgave<\/a><br><br><strong>2.<\/strong> Hver studerende skimmer og gerne (gen)l\u00e6ser&nbsp;&nbsp;<br> Fra tekstbogen (Dalsgaard &amp; Ryberg, 2022), kapitlet 1 (is\u00e6r side 26-33) og <br> det centrale afsnit om \u201dDet Digitale L\u00e6ringsrum\u201d (s. 61-121), &nbsp;<br><em> som rammes\u00e6tter praksisser og v\u00e6rkt\u00f8jer. Det anbefaler vi at I l\u00e6ser f\u00f8r i g\u00e5r i gang med at skrive&nbsp;<br>mindst to af teksterne i &#8220;pakkerne&#8221; eller en af de \u201dekstra l\u00e6sninger\u201d.&nbsp;<\/em><br><br><strong>3. <\/strong>Derudover skal I finde jeres egen case med afs\u00e6t i jeres tidligere portfolio-afleveringer, egne erfaringer eller litteratur. Nedenst\u00e5ende litteratur indeholder eksempler, og I skal l\u00e6se 1-2 tekster til inspiration for jeres egen case (eller finde egen litteratur).&nbsp;<br><em>Ekstra l\u00e6sninger &#8211; tekster til inspiration til cases<\/em>&nbsp;<br>Tilf\u00f8jet 27.11!<br>S\u00e4lj\u00f6, Roger. (2012). Literacy, Digital Literacy and Epistemic Practices: The Co-Evolution of Hybrid Minds and External Memory Systems. <em>Nordic Journal of Digital Literacy<\/em>; <em>7<\/em>(1); 5\u201319. <a href=\"https:\/\/doi.org\/10.18261\/ISSN1891-943X-2012-01-02\">https:\/\/doi.org\/10.18261\/ISSN1891-943X-2012-01-02<\/a> <br><em>Dvs. teksten, som Christian D. bruger i starten af sin forel\u00e6sning om &#8220;<a href=\"https:\/\/uni3.getoutline.com\/doc\/christian-dalsgaard-partnerskaber-mellem-elever-og-ai-BCmyK0W8mx\" target=\"_blank\" rel=\"noreferrer noopener\">Partnerskab mellem elever og AI<\/a>&#8220;<br>(bem\u00e6rk: I m\u00e5 gerne inddrage Christians &#8220;tekst&#8221; som kilde!).<\/em><br><br>Video til inspiration: &nbsp;CD om <a href=\"https:\/\/panopto.au.dk\/Panopto\/Pages\/Viewer.aspx?id=b23dfee1-9821-427c-bbe7-af4f00ad9279\">Kompetencer og digitale kompetencer<\/a> (+ <a href=\"https:\/\/aarhusuniversitet-my.sharepoint.com\/:b:\/g\/personal\/au181755_uni_au_dk\/EczNPOius3hFlEY6NGuzhTMBlGkldayi5-hat6El95XPMA?e=dObser\">PDF-fil med slides og links<\/a>)&nbsp;<br><br>CD\/FCs <a href=\"https:\/\/emu.dk\/stx\/paedagogik-og-didaktik\/digitale-faellesskaber?b=t6-t385\" target=\"_blank\" rel=\"noreferrer noopener\">EMU-artikler om digitale kompetencer og digitale f\u00e6llesskaber<\/a>:&nbsp;<br><em>NB: det handler om \u2019formidlingsartikler\u2019 med litteraturhenvisninger til uddybning&nbsp;&nbsp;<\/em><br>&#8211; <a href=\"https:\/\/emu.dk\/stx\/paedagogik-og-didaktik\/digitale-faellesskaber\/samskrivning-som-vej-til-kollaborativ?b=t6-t385-t5379\" target=\"_blank\" rel=\"noreferrer noopener\">Samskrivning som vej til kollaborativ vidensopbygning<\/a>&nbsp;<br>&#8211; <a href=\"https:\/\/emu.dk\/stx\/paedagogik-og-didaktik\/digitale-faellesskaber\/informationsvurdering-lateral-laesning-som?b=t6-t385-t5379\" target=\"_blank\" rel=\"noreferrer noopener\">Informationsvurdering: Lateral l\u00e6sning som byggesten til flokimmunitet<\/a>&nbsp;<br><br><em>Artikler som rammer flere vinkler om kompetencer og teknologi<\/em><br>Jensen, Jakob Linaa, &amp; T\u00e6kke, Jesper (2018). Ch. 8. Cognition, undervisning og l\u00e6ring. I <em>Sociale medier<\/em>. Samfundslitteratur, s. 121-132.&nbsp; (<a href=\"https:\/\/aarhusuniversitet.sharepoint.com\/sites\/ARTSITDD_UDDANNELSE-ITDD_2025\/Delte%20dokumenter\/ITDD_2025\/Litteratur_i_PDF\/T%c3%a6kke_3_b%c3%b8lger_single.pdf\" target=\"_blank\" rel=\"noreferrer noopener\">OneDrive<\/a>)<br><em>Med et overblik over Paulsen og T\u00e6kkes teori om tre faser af mediebrug i skolen.<\/em><br><em>Artiklen er skrevet tidligere, men kan godt l\u00e6ses \u201ci dialog\u201d med Fawns overvejelser om \u201centangled pedagogy\u201d.<\/em><br><br>Wineburg, S., &amp; McGrew, S. (2017). <em>Lateral Reading: Reading Less and Learning More When Evaluating Digital Information<\/em> (SSRN Scholarly Paper No. ID 3048994). Rochester, NY: Social Science Research Network. Retrieved from<a href=\"https:\/\/papers.ssrn.com\/abstract=3048994\"> https:\/\/papers.ssrn.com\/abstract=3048994<\/a> [ca 50 s.] (v\u00e6lg &#8220;Open in Browser&#8221;)&nbsp;<br><em>En kritik af traditionelle tilgange til informationsvurdering og l\u00e6sning p\u00e5 nettet.<\/em>&nbsp;<br><em>Undervisningsmaterialer er tilg\u00e6ngelige her: <\/em><a href=\"https:\/\/sheg.stanford.edu\/\"><em>https:\/\/sheg.stanford.edu\/<\/em><\/a><em>&nbsp; -se is\u00e6r <\/em><a href=\"https:\/\/cor.stanford.edu\/\"><em>Civic Online Reasoning<\/em><\/a><em> (registrering p\u00e5kr\u00e6vet)<\/em>&nbsp;<br><br>Haider, J., &amp; Sundin, O. (2019). <em>Invisible Search and Online Search Engines: The ubiquity of search in everyday life<\/em>. New York: Routledge. <a href=\"https:\/\/doi.org\/10.4324\/9780429448546\">https:\/\/doi.org\/10.4324\/9780429448546<\/a> [150 s.] (<a href=\"https:\/\/aarhusuniversitet.sharepoint.com\/sites\/ARTSITDD_UDDANNELSE-ITDD_2025\/Delte%20dokumenter\/ITDD_2025\/Litteratur_i_PDF\/Sundin_2019_Invisible_search_Heider-Sundin.pdf\" target=\"_blank\" rel=\"noreferrer noopener\">nu i OneDrive<\/a>)&nbsp;<br><em>En ny vinkel til informationss\u00f8gning og -vurdering, med \u201cinfrastrukturel meningsdannelse\u201d som l\u00e6ringsm\u00e5l. En vigtig og ambiti\u00f8s bog.<\/em>&nbsp;<br>Kapitel 3 forklarer, hvordan en s\u00f8gemaskine fungerer. <br>Se ogs\u00e5 Olof Sundin <a href=\"https:\/\/aarhusuniversitet.sharepoint.com\/sites\/ARTSITDD_UDDANNELSE-ITDD_2024\/_layouts\/15\/stream.aspx?id=%2Fsites%2FARTSITDD%5FUDDANNELSE%2DITDD%5F2024%2FDelte%20dokumenter%2FITDD%5F2024%2FLitteratur%5Fi%5FPDF%2FVideo%2FOlofSundin%5Fom%5Fkildekritik%2FK%C3%A4llkritikens%5Fdilemman%5Fi%5Fskolan%2Emp4&amp;referrer=StreamWebApp%2EWeb&amp;referrerScenario=AddressBarCopied%2Eview%2Ec246be5e%2D6abd%2D4d81%2Db411%2Df939fa886080\">i denne video om kildekritik<\/a> (p\u00e5 svensk, med danske og engelske undertekster)<br><br>Tidsskriftet L\u00e6ring og Medier (LOM) (2018). <em>Teknologiforst\u00e5else, digital dannelse og computational thinking<\/em>. \u00c5rg. 11 Nr. 19&nbsp; <a href=\"https:\/\/tidsskrift.dk\/lom\/issue\/view\/7430\">https:\/\/tidsskrift.dk\/lom\/issue\/view\/7430<\/a> &nbsp;<br><em>Tidsskriftet udgiver en r\u00e6kke artikler med fokus p\u00e5 forskellige uddannelsestrin og faglige vinkler.<\/em>&nbsp;<br><br>Caeli, Elisa Nadire (2020). <em>Teknologiforst\u00e5else<\/em>. Aarhus Universitetsforlag.&nbsp;<br><br>Mehlsen, C., &amp; Hendricks, V. F. (Red.). (2019). <em>Like: Shitstorme, fake news, fear of missing out, what\u2019s not to like?<\/em> Center for Information og Boblestudier (CIBS), K\u00f8benhavns Universitet. <a href=\"https:\/\/digitaluddannelse.org\/bogen-like\/\" target=\"_blank\" rel=\"noreferrer noopener\">https:\/\/digitaluddannelse.org\/bogen-like\/<\/a>&nbsp; (<a href=\"https:\/\/static1.squarespace.com\/static\/55cc5f25e4b05e0d3664416d\/t\/64183eb3bae7d81a0269934d\/1679310521833\/LIKE-web.pdf\">direkte link<\/a> \u2013 kan annoteres med Hypothes.is)&nbsp;<br><em>Tekstbog finansieret af TrygFonden med stor v\u00e6gt p\u00e5 psykologien bag online adf\u00e6rd.<\/em><br><br>O\u2019Donovan, M. (2019).<em> A commentary on digital academic literacy. Towards a definition that honours agency in social practices<\/em>.Aarhus Universitet. (<a href=\"https:\/\/aarhusuniversitet.sharepoint.com\/sites\/ARTSITDD_UDDANNELSE-ITDD_2024\/Delte%20dokumenter\/ITDD_2024\/Litteratur_i_PDF\/ODonovanCommentary_on_academic_digital_%20literacy.pdf\">OneDrive<\/a>)&nbsp;<br><em>Et fint overview og opsummering af frameworks for \u2018digital literacy\u2019 p\u00e5 universiteter rundt i verden, som ogs\u00e5 er relevant for andre uddannelsestrin og professionel udvikling ift. fokus om \u2018agency\u2019.<\/em><br><br>Ito, M. (2010). <em>Hanging out, messing around, and geeking out: kids living and learning with new media<\/em>. Cambridge, MA: MIT Press.&nbsp; (<a href=\"https:\/\/aarhusuniversitet.sharepoint.com\/sites\/ARTSITDD_UDDANNELSE-ITDD_2025\/Delte%20dokumenter\/ITDD_2025\/Litteratur_i_PDF\/Ito_al_Hanging_Out.pdf\" target=\"_blank\" rel=\"noreferrer noopener\">OneDrive<\/a>)&nbsp;[link til <a href=\"https:\/\/direct-mit-edu.ez.statsbiblioteket.dk:12048\/books\/book\/2344\/Hanging-Out-Messing-Around-and-Geeking-OutKids\">library.au.dk<\/a>] L\u00e6s \u2018introduction\u2019 + \u2018Media Ecologies\u2019&nbsp;(s. 30-78)<br><em>N\u00e5r i l\u00e6ser denne tekst kan I fors\u00f8ge at reflektere over, hvilke potentialer de forskellige uformelle \u2018participation genres\u2019 kan have for formel, institutionel undervisning.<\/em>&nbsp;<br><br>Anderson, T., &amp; Dron, J. (2010). Three generations of distance education pedagogy. <em>The International Review of Research in Open and Distance Learning<\/em>; Vol 12, No 3 (2011): Special Issue &#8211; Connectivism: Design and Delivery of Social Networked Learning.<a href=\"http:\/\/www.irrodl.org\/index.php\/irrodl\/article\/view\/890\"> http:\/\/www.irrodl.org\/index.php\/irrodl\/article\/view\/890<\/a>&nbsp; (til annotering: <a href=\"https:\/\/aarhusuniversitet.sharepoint.com\/sites\/ARTSITDD_UDDANNELSE-ITDD_2025\/Delte%20dokumenter\/ITDD_2025\/Litteratur_i_PDF\/Anderson_Dron_2011_Three_generations.pdf\" data-type=\"link\" data-id=\"https:\/\/aarhusuniversitet.sharepoint.com\/sites\/ARTSITDD_UDDANNELSE-ITDD_2025\/Delte%20dokumenter\/ITDD_2025\/Litteratur_i_PDF\/Anderson_Dron_2011_Three_generations.pdf\" target=\"_blank\" rel=\"noreferrer noopener\">OneDrive<\/a>)<br><em>I denne artikel opsummerer Dron &amp; Anderson tre p\u00e6dagogiske tilgange til fjernundervisning. Herunder den lidt radikale Connectivism-tankegang, som har som udgangspunkt at l\u00e6ring sker, n\u00e5r man skaber relationer mellem informationer. Her har man taget ideen om selvstyrede l\u00e6ringsaktiviteter meget langt&#8230;<\/em>&nbsp;<em>Artiklen er is\u00e6r relevant for dem, som har erfaring med MOOCs.<\/em>&nbsp; <br><br>Horn, M. S. (2018). Tangible Interaction and Cultural Forms: Supporting Learning in Informal Environments. <em>Journal of the Learning Sciences<\/em>, <em>27<\/em>(4), 632\u2013665. <a href=\"http:\/\/ez.statsbiblioteket.dk:2048\/login?url=https:\/\/www.tandfonline.com\/doi\/full\/10.1080\/10508406.2018.1468259\">http:\/\/ez.statsbiblioteket.dk:2048\/login?url=https:\/\/www.tandfonline.com\/doi\/full\/10.1080\/10508406.2018.1468259<\/a> (kan annoteres direkte)<br><em>Ogs\u00e5 om ressourcer til l\u00e6ring i museer og andre uformelle sammenh\u00e6nge.<\/em><br><\/p>\n\n\n\n<p><\/p>\n","protected":false},"excerpt":{"rendered":"<p>PF4: Kompetencer i forandring Udgangspunkt og form\u00e5l Den sidste portfolio-opgave handler om at reflektere over l\u00e6ringspotentialerne i nogle af de IT-v\u00e6rkt\u00f8jer og praksisser, som er blevet introduceret i dette kursus (og ligeledes i forbindelse med jeres projekter p\u00e5 Digitale L\u00e6ringskontekster), samt de kompetencer der bliver p\u00e5kr\u00e6vet, dem som mister deres relevans, og dem som er [&hellip;]<\/p>\n","protected":false},"author":4,"featured_media":0,"parent":0,"menu_order":0,"comment_status":"closed","ping_status":"closed","template":"","meta":{"footnotes":""},"class_list":["post-14","page","type-page","status-publish","hentry","entry"],"_links":{"self":[{"href":"https:\/\/itdd.au.dk\/dt25\/wp-json\/wp\/v2\/pages\/14","targetHints":{"allow":["GET"]}}],"collection":[{"href":"https:\/\/itdd.au.dk\/dt25\/wp-json\/wp\/v2\/pages"}],"about":[{"href":"https:\/\/itdd.au.dk\/dt25\/wp-json\/wp\/v2\/types\/page"}],"author":[{"embeddable":true,"href":"https:\/\/itdd.au.dk\/dt25\/wp-json\/wp\/v2\/users\/4"}],"replies":[{"embeddable":true,"href":"https:\/\/itdd.au.dk\/dt25\/wp-json\/wp\/v2\/comments?post=14"}],"version-history":[{"count":50,"href":"https:\/\/itdd.au.dk\/dt25\/wp-json\/wp\/v2\/pages\/14\/revisions"}],"predecessor-version":[{"id":576,"href":"https:\/\/itdd.au.dk\/dt25\/wp-json\/wp\/v2\/pages\/14\/revisions\/576"}],"wp:attachment":[{"href":"https:\/\/itdd.au.dk\/dt25\/wp-json\/wp\/v2\/media?parent=14"}],"curies":[{"name":"wp","href":"https:\/\/api.w.org\/{rel}","templated":true}]}}