{"id":6,"date":"2024-07-04T11:34:35","date_gmt":"2024-07-04T11:34:35","guid":{"rendered":"https:\/\/itdd.au.dk\/dt24\/?page_id=6"},"modified":"2024-10-04T06:16:46","modified_gmt":"2024-10-04T06:16:46","slug":"kommunikation-paa-internettet","status":"publish","type":"page","link":"https:\/\/itdd.au.dk\/dt24\/kommunikation-paa-internettet\/","title":{"rendered":"Kommunikation p\u00e5 internettet"},"content":{"rendered":"\n<h1 class=\"wp-block-heading has-text-align-center\">Kommunikation p\u00e5 internettet<\/h1>\n\n\n\n<h2 class=\"wp-block-heading\">Udgangspunkt og form\u00e5l<\/h2>\n\n\n\n<p>Nye teknologier og brugsm\u00f8nstre p\u00e5 internettet har p\u00e5virket forholdet mellem de klassiske definitioner af afsendere og modtagere af kommunikation. I dette tema vil vi unders\u00f8ge, hvad der karakteriserer de nye afsender-\/modtagerforhold p\u00e5 internettet.<\/p>\n\n\n\n<p>For at forst\u00e5 megen af den kommunikation vi i dag ser p\u00e5 nettet, er det n\u00f8dvendigt at forholde sig til nogle af de kommunikationsmodeller, der stammer fra en tid f\u00f8r internettet. Megen kommunikation p\u00e5 nettet i dag tr\u00e6kker tydeligvis p\u00e5 disse tanker, og internettet udfordrer de \u2018gamle\u2019 ved at s\u00e6tte sp\u00f8rgsm\u00e5l ved bl.a. afsender- og modtagerbegreber. Som en del af dette emne diskuterer vi derfor ud fra nyere tekster behovet for revidering eller forkastelse af modellerne.<\/p>\n\n\n\n<p><strong>Opgaveformulering<\/strong>&nbsp;<\/p>\n\n\n\n<p>I skal analysere en specifik brug af et element i jeres l\u00e6ringsrelaterede medie\u00f8kologi: det kan handle fx om en gruppe p\u00e5 et socialt medie, et v\u00e6rkt\u00f8j til vidensopbygning, et element i et LMS. I skal med andre ord ikke blot analysere mediet, men ogs\u00e5 analysere en r\u00e6kke interaktioner med mediet og\/eller andre brugere. I den forbindelse m\u00e5 I ogs\u00e5 gerne sammenligne to medier eller to interaktioner med det samme medie.&nbsp;&nbsp;<\/p>\n\n\n\n<p>I skal lave en vinkel, der giver jer mulighed for at applicere teori om kommunikation. Husk at analysen skal v\u00e6re motiveret af en problemstilling, s\u00e5 I ikke bare applicerer teorien p\u00e5 en case uden at have et form\u00e5l. I denne opgave skal analysen fokusere p\u00e5 mediet, mens l\u00e6ringsvinklen bliver i baggrunden som kontekst.&nbsp;<\/p>\n\n\n\n<p>Den <strong>ene sides opgave<\/strong> kan ikke indeholde meget, men I skal fokusere p\u00e5 at skrive <strong>en problemformulering, en afgr\u00e6nsning og en introduktion af metoden<\/strong>, som I har anvendt til opgaven. Derudover skal I vise et analyseeksempel i bilaget (fx et screendump fra jeres case med en kommentar eller annotering &#8211; det kan ogs\u00e5 v\u00e6re et interview-citat). Opgaven skal som det sidste ogs\u00e5 rumme en litteraturliste (t\u00e6ller ikke med i de 2.400 tegn, som udg\u00f8r en normalside).&nbsp;<\/p>\n\n\n\n<hr class=\"wp-block-separator has-alpha-channel-opacity\"\/>\n\n\n\n<h2 class=\"wp-block-heading\">Undervisningsaktiviteter<\/h2>\n\n\n\n<p class=\"has-background\" style=\"background-color:#fdf1d2\">Semesterstart (i Aarhus) d. 2.-3. september &#8211; <a href=\"https:\/\/aarhusuniversitet.sharepoint.com\/:f:\/r\/sites\/ARTSITDD_UDDANNELSE-ITDD_2024\/Delte%20dokumenter\/ITDD_2024\/Digitale%20Teknologier\/Slides_og_evt_optagelser\/0-Startseminar_mandag_og_tirsdag?csf=1&amp;web=1&amp;e=kfLd9H\">mappe med slides<\/a><br>Online opgavestart d. 27. september kl. 12.00-13.30 &#8211;> 12:15 &#8211; 13:45 <a href=\"https:\/\/aarhusuniversitet.sharepoint.com\/:v:\/r\/sites\/ARTSITDD_UDDANNELSE-ITDD_2024\/Delte%20dokumenter\/ITDD_2024\/Digitale%20Teknologier\/Slides_og_evt_optagelser\/Portfolio%201\/27_sept_24_pf1_opgavestart.mp4?csf=1&amp;web=1&amp;e=6z3tyf\" target=\"_blank\" rel=\"noreferrer noopener\">video p\u00e5 dette link<\/a> og <a href=\"https:\/\/aarhusuniversitet.sharepoint.com\/:w:\/s\/ARTSITDD_UDDANNELSE-KUNFORUNDERVISERE\/EQHowoWiEqtFiWRvejsLumABA99awiZtGw66VxuxMN0vig?e=J7Psai\" target=\"_blank\" rel=\"noreferrer noopener\">f\u00e6lles tekst med jeres ideer<\/a><br>(Skriftlig feedback d. 1. oktober kl. 12.00-16.00) &#8211; i <a href=\"https:\/\/aarhusuniversitet.sharepoint.com\/:f:\/r\/sites\/ARTSITDD_UDDANNELSE-ITDD_2024\/Delte%20dokumenter\/ITDD_2024\/Digitale%20Teknologier\/Portfolio_afleveringer\/PF1?csf=1&amp;web=1&amp;e=KCxUh1\">denne mappe<\/a><br>Online feedback d. 1. oktober kl. 16.00-17.00 <a href=\"https:\/\/aarhusuniversity.zoom.us\/j\/64286341836\">p\u00e5 dette link<\/a> (se <a href=\"https:\/\/aarhusuniversitet.sharepoint.com\/:v:\/r\/sites\/ARTSITDD_UDDANNELSE-ITDD_2024\/Delte%20dokumenter\/ITDD_2024\/Digitale%20Teknologier\/Slides_og_evt_optagelser\/Portfolio%201\/1_okt_24_PF1_fdb_til_udkast.mp4\">optagelse<\/a> og <a href=\"https:\/\/aarhusuniversitet.sharepoint.com\/:w:\/r\/sites\/ARTSITDD_UDDANNELSE-ITDD_2024\/Delte%20dokumenter\/ITDD_2024\/Digitale%20Teknologier\/Slides_og_evt_optagelser\/Portfolio%201\/-generel_fdb_1_okt.docx?d=we2f6395a7de84ac09b1a759c228bf274&amp;csf=1&amp;web=1&amp;e=gMcwl9\">skr. noter<\/a>)<br>(Skriftlig feedback d. 4. oktober kl. 13.30-)<\/p>\n\n\n\n<hr class=\"wp-block-separator has-alpha-channel-opacity\"\/>\n\n\n\n<h2 class=\"wp-block-heading\">Opgaveformulering portfolio #1<\/h2>\n\n\n\n<p class=\"has-pale-cyan-blue-background-color has-background\"><strong>Portfolio #1<\/strong><br>I skal analysere en specifik brug af et element i jeres l\u00e6ringsrelaterede medie\u00f8kologi: det kan handle fx om en gruppe p\u00e5 et socialt medie, et v\u00e6rkt\u00f8j til vidensopbygning, et element i et LMS. I skal med andre ord ikke blot analysere mediet, men ogs\u00e5 analysere en r\u00e6kke interaktioner med mediet og\/eller andre brugere. I den forbindelse m\u00e5 I ogs\u00e5 gerne sammenligne to medier eller to interaktioner med det samme medie.<br>I skal lave en vinkel, der giver jer mulighed for at applicere teori om kommunikation. Husk at analysen skal v\u00e6re motiveret af en problemstilling, s\u00e5 I ikke bare applicerer teorien p\u00e5 en case uden at have et form\u00e5l. I denne opgave skal analysen fokusere p\u00e5 mediet, mens l\u00e6ringsvinklen bliver i baggrunden som kontekst.<br><br>Den <strong>ene sides opgave<\/strong> kan ikke indeholde meget, men I skal fokusere p\u00e5 at skrive <strong>en problemformulering, en afgr\u00e6nsning og en introduktion af metoden<\/strong>, som I har anvendt til opgaven. Derudover skal I vise et analyseeksempel i bilaget (fx et screendump fra jeres case med en kommentar eller annotering &#8211; det kan ogs\u00e5 v\u00e6re et interview-citat). Opgaven skal som det sidste ogs\u00e5 rumme en litteraturliste (t\u00e6ller ikke med i de 2.400 tegn, som udg\u00f8r en normalside).<br><br><strong>Metode-sp\u00f8rgsm\u00e5l:<\/strong> <em>Hvordan unders\u00f8ger og analyserer man f\u00e6nomener p\u00e5 internettet?<\/em><br>L\u00e6s metode-teksterne og se de tre videoer om metoder i unders\u00f8gelse af digitale teknologier:&nbsp; <a href=\"https:\/\/panopto.au.dk\/Panopto\/Pages\/Viewer.aspx?id=f481257c-3a3e-47d9-a988-aeea0057860e\">Etnografi og netnografi<\/a> \/ <a href=\"https:\/\/panopto.au.dk\/Panopto\/Pages\/Viewer.aspx?id=ef85eee0-135c-4a60-8cdb-aeea0057860e\">Dataindsamling<\/a> \/ <a href=\"https:\/\/panopto.au.dk\/Panopto\/Pages\/Viewer.aspx?id=b161bbe4-312a-42d3-83ce-aeea0057860e\">Videnskabelighed<\/a><br>Opgaven <strong>f\u00f8r den online opgavestart<\/strong> er at stille et sp\u00f8rgsm\u00e5l i kommentarsporen per gruppe til metoden. Disse sp\u00f8rgsm\u00e5l tager vi med i vores diskussioner, n\u00e5r vi introducerer emnet p\u00e5 videom\u00f8de d. 30. sept.<br><br>Teksterne s\u00e6tter fokus p\u00e5 de s\u00e6rlige udfordringer, der er ved at unders\u00f8ge internettet som genstand. Hvordan sikrer man, at ens unders\u00f8gelse er valid? Hvordan laver man en etisk forsvarlig opgave? Vi vil blandt andet diskutere begrebet netnografi, brugen af receptionsanalyse og tekstanalyse og de etiske problemstillinger, der er forbundet med det.<\/p>\n\n\n\n<p class=\"has-pale-pink-background-color has-background\"><strong>DEADLINES<\/strong><br>30. september kl. 13.00: Annotering af pensums tekster<br>1. oktober kl. 12.00: Aflevering af udkast til PF1 i <a href=\"https:\/\/aarhusuniversitet.sharepoint.com\/:f:\/r\/sites\/ARTSITDD_UDDANNELSE-ITDD_2024\/Delte%20dokumenter\/ITDD_2024\/Digitale%20Teknologier\/Portfolio_afleveringer\/PF1?csf=1&amp;web=1&amp;e=KCxUh1\">denne mappe<\/a><br>4. oktober kl. 12.00: Aflevering af PF1 (samme mappe, med _f\u00e6rdig i titlen<\/p>\n\n\n\n<h2 class=\"wp-block-heading\">Litteratur til Portfolio #1<\/h2>\n\n\n\n<p class=\"has-light-green-cyan-background-color has-background\">Baym, Nancy. K. (2015). <em>Personal connections in the digital age<\/em>. Cambridge, UK; Malden, MA: Polity. Kapitel 3: Communication in digital spaces (s. 57 sgg og eller 50-71 i den 2010 udgave- k\u00f8b bogen<strong>; <\/strong>ogs\u00e5 tilg\u00e6ngelig <a href=\"https:\/\/www.wiley.com\/en-dk\/Personal+Connections+in+the+Digital+Age,+2nd+Edition-p-9780745670331\" target=\"_blank\" rel=\"noreferrer noopener\">p\u00e5 AU-Library<\/a>)&nbsp;<br><em>Denne tekst giver en bund til at reflektere over, hvilke implikationer nettet har for den interpersonelle kommunikation.<\/em>&nbsp;<\/p>\n\n\n\n<p class=\"has-light-green-cyan-background-color has-background\">Hoem, Jon (2006). Openness in communication. <em>First Monday<\/em>, <em>11<\/em>(7). <a href=\"https:\/\/doi.org\/10.5210\/fm.v11i7.1367\" target=\"_blank\" rel=\"noreferrer noopener\">https:\/\/doi.org\/10.5210\/fm.v11i7.1367<\/a> (MEN: <a href=\"https:\/\/aarhusuniversitet.sharepoint.com\/sites\/ARTSITDD_UDDANNELSE-ITDD_2024\/Delte%20dokumenter\/ITDD_2024\/Litteratur_i_PDF\/Hoem_2006_Openness_in_communication.pdf\" target=\"_blank\" rel=\"noreferrer noopener\">brug filen i OneDrive<\/a> til at l\u00e6se og annotere!)&nbsp;<br><em>I denne tekst pr\u00e6senteres en model, der kan anvendes til at operationalisere interaktivitetsbegrebet i analyser af nye internettjenester. Her tydeligg\u00f8res det ogs\u00e5, at den kommunikation, der findes p\u00e5 nettet er en hybrid mellem massemediekommunikation og interpersonel kommunikation.<\/em>&nbsp;<\/p>\n\n\n\n<p class=\"has-light-green-cyan-background-color has-background\">Kozinets, Robert V. (2010). Ch. 4. The method of Netnography. I <em>Netnography: Ethnographic research in the age of the internet<\/em> (s. 58\u201373). Sage. (<a href=\"https:\/\/aarhusuniversitet.sharepoint.com\/sites\/ARTSITDD_UDDANNELSE-ITDD_2024\/Delte%20dokumenter\/ITDD_2024\/Litteratur_i_PDF\/kozinets2010netnographyCh4Method.pdf\" target=\"_blank\" rel=\"noreferrer noopener\">OneDrive<\/a>)&nbsp;<br><em>I denne tekst pr\u00e6senterer forfatteren en ny etnografisk metode, der kombinerer det deltager-observerende research med online feltarbejde. V\u00e6r opm\u00e6rksom p\u00e5, at der bliver pr\u00e6senteret en metode, der b\u00e5de kan fungere som selvst\u00e6ndig metode p\u00e5 Internettet, men ogs\u00e5 i kombination med klassiske etnografiske metoder som interviews og observationer.<\/em>&nbsp;<\/p>\n\n\n\n<p class=\"has-light-green-cyan-background-color has-background\">Videoer og tekster til metode &#8211; (i Panopto \u2013 med mulighed for at annotere):&nbsp;&nbsp;<\/p>\n\n\n\n<p class=\"has-light-green-cyan-background-color has-background\">Anders Hjortskov &#8211; 3<a href=\"https:\/\/www.youtube.com\/watch?v=QySLfze3fVQ&amp;list=PLewyYaOZl9Efc9K83Wm5BVbfh5MxB-Smo\" target=\"_blank\" rel=\"noreferrer noopener\"> <\/a><a href=\"https:\/\/panopto.au.dk\/Panopto\/Pages\/Sessions\/List.aspx?folderID=2c6df39e-5bd8-47b4-a3a6-af1e00a9a1ec\" target=\"_blank\" rel=\"noreferrer noopener\">videoer om medium-theory<\/a><em>&nbsp;<\/em>&nbsp;<\/p>\n\n\n\n<p class=\"has-light-green-cyan-background-color has-background\">Anders Hjortskov &#8211; 3 videoer om metode: <a href=\"https:\/\/panopto.au.dk\/Panopto\/Pages\/Viewer.aspx?id=f481257c-3a3e-47d9-a988-aeea0057860e\" target=\"_blank\" rel=\"noreferrer noopener\">Etnografi og netnografi<\/a> \/ <a href=\"https:\/\/panopto.au.dk\/Panopto\/Pages\/Viewer.aspx?id=ef85eee0-135c-4a60-8cdb-aeea0057860e\" target=\"_blank\" rel=\"noreferrer noopener\">Dataindsamling<\/a> \/ <a href=\"https:\/\/panopto.au.dk\/Panopto\/Pages\/Viewer.aspx?id=b161bbe4-312a-42d3-83ce-aeea0057860e\" target=\"_blank\" rel=\"noreferrer noopener\">Videnskabelighed<\/a>&nbsp;<\/p>\n\n\n\n<p class=\"has-light-green-cyan-background-color has-background\"><strong><em>Supplerende tekster og videoer:<\/em><\/strong>&nbsp;<\/p>\n\n\n\n<p class=\"has-light-green-cyan-background-color has-background\">Beneito-Montagut, Roser (2011). Ethnography goes online: Towards a user-centred methodology to research interpersonal communication on the internet. <em>Qualitative Research<\/em>, <em>11<\/em>(6), 716\u2013735.&nbsp; <a href=\"https:\/\/doi.org\/10.1177\/1468794111413368\" target=\"_blank\" rel=\"noreferrer noopener\">https:\/\/doi.org\/10.1177\/1468794111413368&nbsp;<\/a> (<a href=\"https:\/\/aarhusuniversitet.sharepoint.com\/sites\/ARTSITDD_UDDANNELSE-ITDD_2024\/Delte%20dokumenter\/ITDD_2024\/Litteratur_i_PDF\/BeneitoMontagut2011.pdf\" target=\"_blank\" rel=\"noreferrer noopener\">OneDrive<\/a>)&nbsp;<br><em>Det vigtige i denne tekst er at v\u00e6re opm\u00e6rksom p\u00e5 hvilke vilk\u00e5r, der er \u00e6ndret, n\u00e5r vi unders\u00f8ger interaktioner, der foreg\u00e5r online. Forfatteren benytter ikke begrebet \u201cnetnography\u201d men diskuterer til geng\u00e6ld en \u201cexpanded etnography\u201d. Reflekter over hvilke forskelle og ligheder disse to begreber rummer.&nbsp; <\/em>&nbsp;<\/p>\n\n\n\n<p class=\"has-light-green-cyan-background-color has-background\">Hargittai, Eszter &amp; Sandvig, Christian (2016). Kapitel 1 . How to Think about Digital Research. I Eszter Hargittai &amp; Christian Sandvig (Red). <em>Digital Research confidential. The secret of studying behavior online.<\/em> (hele bog p\u00e5 dette link ved library.au.dk)&nbsp;<br><em>Artiklen diskuterer internettet som forskningsobjekt i socialvidenskaber, med fokus om at forst\u00e5 adf\u00e6rd. Resten af bogen &#8211; som er tilg\u00e6ngelig via AU-Library <\/em><a href=\"http:\/\/ebookcentral.proquest.com.ez.statsbiblioteket.dk:2048\/lib\/asb\/detail.action?docID=4397949\" target=\"_blank\" rel=\"noreferrer noopener\"><em>p\u00e5 dette link<\/em><\/a><em> (login p\u00e5kr\u00e6vet) &#8211; pr\u00e6senterer eksempler af konkrete unders\u00f8gelser. Flere gode eksempler af web-baseret unders\u00f8gelser i <\/em>Hargittai (2009), <em>Research Confidential: Solutions to Problems Most Social Scientists Pretend They Never Have<\/em> (bogen er tilg\u00e6ngelig <a href=\"http:\/\/ebookcentral.proquest.com.ez.statsbiblioteket.dk:2048\/lib\/asb\/detail.action?docID=3414794\" target=\"_blank\" rel=\"noreferrer noopener\">p\u00e5 dette link<\/a>).&nbsp;&nbsp;<\/p>\n\n\n\n<p class=\"has-light-green-cyan-background-color has-background\">Baym, Nancy K. (2009). What Constitutes Quality in Qualitative Internet Research? I Annette Markham &amp; Nancy Baym, <em>Internet Inquiry: Conversations About Method<\/em> (s. 173\u2013189). SAGE. <a href=\"https:\/\/doi.org\/10.4135\/9781483329086.n16\" target=\"_blank\" rel=\"noreferrer noopener\">https:\/\/doi.org\/10.4135\/9781483329086.n16<\/a> (filen findes i <a href=\"https:\/\/aarhusuniversitet.sharepoint.com\/sites\/ARTSITDD_UDDANNELSE-ITDD_2024\/Delte%20dokumenter\/ITDD_2024\/Litteratur_i_PDF\/Markham&amp;BaymInternetInquiry.pdf\" target=\"_blank\" rel=\"noreferrer noopener\">OneDrive<\/a>)&nbsp;<br><em>Med denne tekst kan vi stille sp\u00f8rgsm\u00e5l til, hvordan vi laver videnskabelig forskning indenfor feltet, og hvilke krav vi kan s\u00e6tte til gode kvalitative unders\u00f8gelser.&nbsp;<\/em>&nbsp;<\/p>\n\n\n\n<p class=\"has-light-green-cyan-background-color has-background\">Pedersen, Nicholai Friis: Screencasts om interaktivitet og brugerinvolvering:&nbsp;&nbsp;<a href=\"https:\/\/www.youtube.com\/watch?v=_CgD-7YZyRc\" target=\"_blank\" rel=\"noreferrer noopener\"><strong>Del 1<\/strong><\/a><strong> &#8211; <\/strong><a href=\"https:\/\/www.youtube.com\/watch?v=KZiEG3xbSWw\" target=\"_blank\" rel=\"noreferrer noopener\"><strong>Del 2<\/strong><\/a> &#8211; <a href=\"https:\/\/www.youtube.com\/watch?v=7EFjku6GkIc\" target=\"_blank\" rel=\"noreferrer noopener\"><strong>Del 3<\/strong><\/a>&nbsp;<\/p>\n\n\n\n<p class=\"has-light-green-cyan-background-color has-background\">Dalsgaard, Christian (2009). From transmission to dialogue: Personalised and social knowledge media. <em>MedieKultur: Journal of media and communication research<\/em>, <em>25<\/em>(46). https:\/\/doi.org\/10.7146\/mediekultur.v25i46.1333 (bedre i OneDrive)&nbsp;<br><em>I denne tekst skal i bide m\u00e6rke i to ting: for det f\u00f8rste giver teksten en kort og pr\u00e6cis indf\u00f8ring i sociokulturel l\u00e6ringsteori, og for det andet beskriver den, hvordan den \u00f8gede dialog og brugerinvolvering p\u00e5 nettet for\u00e5rsaget af Web 2.0-b\u00f8lgen \u00e5bner for nye l\u00e6ringspotentialer.<\/em>&nbsp;<\/p>\n\n\n\n<p class=\"has-light-green-cyan-background-color has-background\">Ellison, Nicole B., &amp; Boyd, Danah M. (2013). Sociality Through Social Network Sites. I William H. Dutton (Red.), <em>The Oxford Handbook of Internet Studies<\/em> (Bd. 1). Oxford University Press. <a href=\"https:\/\/doi.org\/10.1093\/oxfordhb\/9780199589074.013.0008\" target=\"_blank\" rel=\"noreferrer noopener\">https:\/\/doi.org\/10.1093\/oxfordhb\/9780199589074.013.0008<\/a> (ogs\u00e5 <a href=\"https:\/\/www-oxfordhandbooks-com.ez.statsbiblioteket.dk:12048\/view\/10.1093\/oxfordhb\/9780199589074.001.0001\/oxfordhb-9780199589074-e-8?print=pdf\" target=\"_blank\" rel=\"noreferrer noopener\">direkte link)<\/a>&nbsp;<br><em>I denne tekst defineres Social Network Sites p\u00e5 en relevant m\u00e5de &#8211; Ellison og boyd vender tilbage til deres 2007-definition og revurderer den, da internetf\u00e6nomener har udviklet sig.&nbsp;<\/em>&nbsp;<\/p>\n\n\n\n<p class=\"has-light-green-cyan-background-color has-background\">Bruns, Axel (2007). <a href=\"http:\/\/produsage.org\/node\/16\" target=\"_blank\" rel=\"noreferrer noopener\">Produsage: Towards a Broader Framework for User-Led Content Creation<\/a>. Proceedings of <em>Creativity &amp; Cognition Conference<\/em>, Washington, DC, 14 June 2007. <a href=\"http:\/\/produsage.org\/files\/Produsage%20(Creativity%20and%20Cognition%202007).pdf\" target=\"_blank\" rel=\"noreferrer noopener\">http:\/\/produsage.org\/files\/Produsage%20(Creativity%20and%20Cognition%202007).pdf<\/a>&nbsp;<br><em>I tr\u00e5d med von Hippel pr\u00e6senterer Bruns et begreb om produsage, der illustrerer, hvordan gr\u00e6nsen mellem production og usage udviskes p\u00e5 nettet. Produsage er et godt begreb til at beskrive og forst\u00e5 det dynamiske forhold mellem brugere og indholdsudbyder, der kendetegner nettet. <\/em>&nbsp;<\/p>\n\n\n\n<p class=\"has-light-green-cyan-background-color has-background\">Fiske, John (1990): <em>Introduction to Communication Studies<\/em>, Routledge, London s.1-60 (OneDrive) (I beh\u00f8ver ikke at l\u00e6se de analyseafsnit, der findes i teksten)&nbsp;<br><em>Denne tekst giver en god indf\u00f8ring i kommunikationsteorien. N\u00e5r I l\u00e6ser den vil det v\u00e6re fint, hvis i reflekterer over, hvordan processkolen og den semiotiske skole adskiller sig fra hinanden. Desuden b\u00f8r I i l\u00e6sningen bide m\u00e6rke i de begreber, der introduceres. Disse er meget centrale for kommunikationsanalyse.&nbsp;<\/em>&nbsp;<\/p>\n\n\n\n<p class=\"has-light-green-cyan-background-color has-background\">van Dijck, Jos\u00e9 (2009) \u201cUsers like you? Theorizing agency in user-generated content\u201d in <em>Media Culture Society, 31<\/em>(1), 41-58. (<a href=\"https:\/\/aarhusuniversitet.sharepoint.com\/sites\/ARTSITDD_UDDANNELSE-ITDD_2024\/Delte%20dokumenter\/ITDD_2024\/Litteratur_i_PDF\/vanDijck2009.pdf\" target=\"_blank\" rel=\"noreferrer noopener\">OneDrive<\/a>)&nbsp;&nbsp;<br><em>I sin artikel problematiserer van Dijck opfattelsen af brugerens nye magt p\u00e5 nettet. P\u00e5standen er, at virksomheder og andre professionelle akt\u00f8rer gennem automatiseret mining af data har f\u00e5et nye former for magt. Hun eftersp\u00f8rger, at dette aspekt af brugerinvolvering g\u00f8res til genstand for ny forskning.<\/em><\/p>\n\n\n\n<h2 class=\"wp-block-heading\">Analyser af online tjenester<\/h2>\n\n\n\n<div class=\"padlet-embed\" style=\"border:1px solid rgba(0,0,0,0.1);border-radius:2px;box-sizing:border-box;overflow:hidden;position:relative;width:100%;background:#F4F4F4\"><p style=\"padding:0;margin:0\"><iframe src=\"https:\/\/aarhusuni.padlet.org\/embed\/j2xddj6icozrh36s\" frameborder=\"0\" allow=\"camera;microphone;geolocation\" style=\"width:100%;height:608px;display:block;padding:0;margin:0\"><\/iframe><\/p><div style=\"display:flex;align-items:center;justify-content:end;margin:0;height:28px\"><a href=\"https:\/\/padlet.com?ref=embed\" style=\"display:block;flex-grow:0;margin:0;border:none;padding:0;text-decoration:none\" target=\"_blank\" rel=\"noopener\"><div style=\"display:flex;align-items:center;\"><img loading=\"lazy\" decoding=\"async\" src=\"https:\/\/padlet.net\/embeds\/made_with_padlet_2022.png\" width=\"114\" height=\"28\" style=\"padding:0;margin:0;background:0 0;border:none;box-shadow:none\" alt=\"Made with Padlet\"><\/div><\/a><\/div><\/div>\n","protected":false},"excerpt":{"rendered":"<p>Kommunikation p\u00e5 internettet Udgangspunkt og form\u00e5l Nye teknologier og brugsm\u00f8nstre p\u00e5 internettet har p\u00e5virket forholdet mellem de klassiske definitioner af afsendere og modtagere af kommunikation. I dette tema vil vi unders\u00f8ge, hvad der karakteriserer de nye afsender-\/modtagerforhold p\u00e5 internettet. For at forst\u00e5 megen af den kommunikation vi i dag ser p\u00e5 nettet, er det n\u00f8dvendigt [&hellip;]<\/p>\n","protected":false},"author":4,"featured_media":0,"parent":0,"menu_order":0,"comment_status":"closed","ping_status":"closed","template":"","meta":{"footnotes":""},"class_list":["post-6","page","type-page","status-publish","hentry","entry"],"_links":{"self":[{"href":"https:\/\/itdd.au.dk\/dt24\/wp-json\/wp\/v2\/pages\/6","targetHints":{"allow":["GET"]}}],"collection":[{"href":"https:\/\/itdd.au.dk\/dt24\/wp-json\/wp\/v2\/pages"}],"about":[{"href":"https:\/\/itdd.au.dk\/dt24\/wp-json\/wp\/v2\/types\/page"}],"author":[{"embeddable":true,"href":"https:\/\/itdd.au.dk\/dt24\/wp-json\/wp\/v2\/users\/4"}],"replies":[{"embeddable":true,"href":"https:\/\/itdd.au.dk\/dt24\/wp-json\/wp\/v2\/comments?post=6"}],"version-history":[{"count":22,"href":"https:\/\/itdd.au.dk\/dt24\/wp-json\/wp\/v2\/pages\/6\/revisions"}],"predecessor-version":[{"id":182,"href":"https:\/\/itdd.au.dk\/dt24\/wp-json\/wp\/v2\/pages\/6\/revisions\/182"}],"wp:attachment":[{"href":"https:\/\/itdd.au.dk\/dt24\/wp-json\/wp\/v2\/media?parent=6"}],"curies":[{"name":"wp","href":"https:\/\/api.w.org\/{rel}","templated":true}]}}