{"id":151,"date":"2024-10-27T11:04:59","date_gmt":"2024-10-27T11:04:59","guid":{"rendered":"https:\/\/itdd.au.dk\/dt24\/?page_id=151"},"modified":"2024-10-27T11:13:15","modified_gmt":"2024-10-27T11:13:15","slug":"annotering-3","status":"publish","type":"page","link":"https:\/\/itdd.au.dk\/dt24\/annotering-3\/","title":{"rendered":"Annotering 3"},"content":{"rendered":"\n<h1 class=\"wp-block-heading\">Annotering til session 3 &#8211; (S\u00f8ndag d. 27\/10 &#8211; Mandag d. 25\/11)<\/h1>\n\n\n\n<hr class=\"wp-block-separator has-alpha-channel-opacity\"\/>\n\n\n\n<p class=\"has-white-color has-vivid-red-background-color has-text-color has-background has-link-color wp-elements-76a85434b8c21ff05a2fd2da1a197a52\">Bem\u00e6rk at webinar om annotering til session 3 kommer p\u00e5 bagkant af jeres bes\u00f8g p\u00e5 DOKK1 s\u00e5 det er en rigtig god ide at komme igang med annoteringsopgaven s\u00e5 tidligt som muligt, s\u00e5 I kan have fuld fokus p\u00e5 processen omkring DOKK1 og ideelt set genbes\u00f8ge annoteringerne over en l\u00e6ngere periode,<strong> det er ogs\u00e5 derfor at opgaven bliver \u00e5bnet en m\u00e5ned f\u00f8r deadline<\/strong>.<\/p>\n\n\n\n<div class=\"wp-block-group has-light-green-cyan-background-color has-background\"><div class=\"wp-block-group__inner-container is-layout-constrained wp-block-group-is-layout-constrained\">\n<h2 class=\"wp-block-heading\"><strong>Opgave 1 &#8211; <\/strong>Studiegruppeopgave <strong>inden mandag d. 27\/11\u00a0 kl. 11.00 (men gerne tidligere)<\/strong><\/h2>\n\n\n\n<p><strong>Hver studiegruppe har ansvaret for at lave et &#8220;take home&#8221;&nbsp;<\/strong>med de vigtigste pointer som gruppen mener man kan tage med fra teksten (Take-home skal laves som et<strong>&nbsp;Page Note&nbsp;<\/strong>og i&nbsp;<strong>skal bruge tag \u201dGruppenavn\u201d,<\/strong>&nbsp;take home skal max v\u00e6re 4-600 anslag)<br><br>[ <a href=\"https:\/\/aarhusuniversitet.sharepoint.com\/:w:\/r\/sites\/ARTSITDD_UDDANNELSE-ITDD_2024\/Delte%20dokumenter\/ITDD_2024\/Digitale%20Teknologier\/Annotering\/link_til_annoteringstekster.docx?d=w637630301cc543ec9dab113844b17dd2&amp;csf=1&amp;web=1&amp;e=1cA3d2\" data-type=\"link\" data-id=\"https:\/\/aarhusuniversitet.sharepoint.com\/:w:\/r\/sites\/ARTSITDD_UDDANNELSE-ITDD_2024\/Delte%20dokumenter\/ITDD_2024\/Digitale%20Teknologier\/Annotering\/link_til_annoteringstekster.docx?d=w637630301cc543ec9dab113844b17dd2&amp;csf=1&amp;web=1&amp;e=1cA3d2\" target=\"_blank\" rel=\"noreferrer noopener\">ALLE  TEKSTER KAN OGS\u00c5 FINDES HER<\/a> ] <\/p>\n\n\n\n<h2 class=\"wp-block-heading\"><strong>Grupper:<\/strong><\/h2>\n\n\n\n<p><strong><em>Amplexus:<\/em><\/strong> <strong>Mollick, Ethan (2024). \u201dCh. 3 \u2013 Four rules for Co-Intelligence\u201d i&nbsp;<em>Co-Intelligence: Living and Working with AI<\/em>.<\/strong> Penguin. (<a href=\"https:\/\/aarhusuniversitet.sharepoint.com\/sites\/ARTSITDD_UDDANNELSE-ITDD_2024\/Delte%20dokumenter\/ITDD_2024\/Litteratur_i_PDF\/Mollick_Co-Intelligence_ch3_four_rules.pdf?CT=1724326320097&amp;OR=ItemsView&amp;wdOrigin=TEAMSFILE.FILEBROWSER.DOCUMENTLIBRARY\" target=\"_blank\" rel=\"noreferrer noopener\">OneDrive<\/a>)<\/p>\n\n\n\n<p><strong><em>De Legende Legender:<\/em><\/strong> <strong>Kentaro Toyama (2015) Ch. 2: The Law of Amplification I&nbsp;<em>Geek Heresy: Rescuing Social Change from the Cult of Technology<\/em><\/strong>. Public Affairs. (<a href=\"https:\/\/aarhusuniversitet.sharepoint.com\/sites\/ARTSITDD_UDDANNELSE-ITDD_2024\/Delte%20dokumenter\/ITDD_2024\/Litteratur_i_PDF\/GeekHeresy_%20kap_2_RescuingSocialChange.pdf\" target=\"_blank\" rel=\"noreferrer noopener\">OneDrive<\/a>)<\/p>\n\n\n\n<p><strong><em>Tech Trio:<\/em><\/strong> <strong>S\u00e4lj\u00f6, R. (2010). Digital tools and challenges to institutional traditions of learning: technologies, social memory and the performative nature of learning. Journal of computer assisted learning,<\/strong> 26(1), 53-64.&nbsp;<a href=\"https:\/\/doi.org\/10.1111\/j.1365-2729.2009.00341.x\">https:\/\/doi.org\/10.1111\/j.1365-2729.2009.00341.x<\/a>&nbsp;&nbsp;&nbsp;<a href=\"https:\/\/onlinelibrary-wiley-com.ez.statsbiblioteket.dk:12048\/doi\/pdf\/10.1111\/j.1365-2729.2009.00341.x\">direkt_link<\/a>) (<a href=\"https:\/\/aarhusuniversitet.sharepoint.com\/sites\/ARTSITDD_UDDANNELSE-ITDD_2024\/Delte%20dokumenter\/ITDD_2024\/Litteratur_i_PDF\/Saljo_2010_digital%20tools.pdf\" target=\"_blank\" rel=\"noreferrer noopener\">OneDrive<\/a>)<\/p>\n\n\n\n<p><strong><em>Femtentusindottehunderedeseks: <\/em>Caeli, Elisa, &amp; Bundsgaard, Jeppe (2019). Datalogisk t\u00e6nkning og teknologiforst\u00e5else i folkeskolen tur-retur.&nbsp;<\/strong><em>Tidsskriftet L\u00e6ring Og Medier (LOM)<\/em>,&nbsp;<em>11<\/em>(19), 30.&nbsp;<a href=\"https:\/\/doi.org\/10.7146\/lom.v11i19.110919\">https:\/\/doi.org\/10.7146\/lom.v11i19.110919<\/a>&nbsp;(<a href=\"https:\/\/aarhusuniversitet.sharepoint.com\/sites\/ARTSITDD_UDDANNELSE-ITDD_2024\/Delte%20dokumenter\/ITDD_2024\/Litteratur_i_PDF\/Elisa_Jeppe_2019_teknologiforstaaelse.pdf\" target=\"_blank\" rel=\"noreferrer noopener\">OneDrive<\/a>)<\/p>\n\n\n\n<p><strong><em>1713:<\/em><\/strong> <strong>Dalsgaard, Christian, Pedersen, N.F. &amp; Aaen, Janus (2013): L\u00e6ring p\u00e5 tv\u00e6rs af kontekster \u2013 l\u00e6ringspotentialer i mobilt medieret information og kommunikation<\/strong>, LOM 10&nbsp;<a href=\"http:\/\/ojs.statsbiblioteket.dk\/index.php\/lom\/article\/view\/7293\">http:\/\/ojs.statsbiblioteket.dk\/index.php\/lom\/article\/view\/7293<\/a><\/p>\n\n\n\n<p><strong><em>Datadr\u00f8mmen:<\/em><\/strong> <strong>Salomon, G., Perkins, D. N., &amp; Globerson, T. (1991). Partners in Cognition: Extending Human Intelligence with Intelligent Technologies.<\/strong>&nbsp;<em>Educational Researcher<\/em>,&nbsp;<em>20<\/em>(3), 2-9.&nbsp;<a href=\"https:\/\/doi.org\/10.3102\/0013189X020003002\">https:\/\/doi.org\/10.3102\/0013189X020003002<\/a>&nbsp;(<a href=\"https:\/\/aarhusuniversitet.sharepoint.com\/sites\/ARTSITDD_UDDANNELSE-ITDD_2024\/Delte%20dokumenter\/ITDD_2024\/Litteratur_i_PDF\/Salomon1991_partners.pdf\" target=\"_blank\" rel=\"noreferrer noopener\">OneDrive<\/a>)<\/p>\n\n\n\n<p><strong><em>Fremtidens IT-didaktiker:<\/em><\/strong> <strong>Jonassen, David H., Carr, Chad, &amp; Yueh, Hsiu-Ping (1998). Computers as mindtools for engaging learners in critical thinking.<\/strong> TechTrends, 43(2), 24\u201332.&nbsp;<a href=\"https:\/\/doi.org\/10.1007\/BF02818172\">https:\/\/doi.org\/10.1007\/BF02818172<\/a>&nbsp; (<a href=\"https:\/\/aarhusuniversitet.sharepoint.com\/sites\/ARTSITDD_UDDANNELSE-ITDD_2024\/Delte%20dokumenter\/ITDD_2024\/Litteratur_i_PDF\/Jonassen1998_ComputersAsMindtoolsForEngagin.pdf\" target=\"_blank\" rel=\"noreferrer noopener\">OneDrive<\/a>)<br><em>Artiklen bygger p\u00e5 Salomon et al. (1991) og fokuserer p\u00e5 teknologier \u2013 fx regneark eller databaser \u2013 som var blevet en del af arbejdsmilj\u00f8et i \u201890erne. Indholdet er mere konkret end i Salomons artikel, i det at teksten er mindre akademisk. Artiklen var en af de mest l\u00e6ste i sin tid, og \u2018mindtools\u2019-begrebet var et fors\u00f8g om at formidle ideen om teknologi som \u2018kognitiv partner\u2019 med et mindre akademisk sprog.<\/em> Artiklen var vision\u00e6r, men de teknologier som bliver n\u00e6vnt er de teknologier som var mest relevant\u2026 for 25 \u00e5r siden. <strong>Jeres l\u00e6se\/annoterings-opgave er derfor at highlighte de gode ideer og gent\u00e6nke, hvilke teknologier (eller funktioner inden for dem) du ville fremh\u00e6ve i dag hvis den skulle opdateres<\/strong><\/p>\n<\/div><\/div>\n\n\n\n<div class=\"wp-block-group has-pale-cyan-blue-background-color has-background\"><div class=\"wp-block-group__inner-container is-layout-constrained wp-block-group-is-layout-constrained\">\n<h2 class=\"wp-block-heading\"><strong>Opgave 2 &#8211; <\/strong>Individuel <strong>opgave (bem\u00e6rk deadlines)<\/strong><\/h2>\n\n\n\n<p>Teksterne til session 3 er ikke en &#8220;one size fits all&#8221; og det vil derfor v\u00e6re individuelt hvilken\/hvilke tekster man v\u00e6lger at annotere i.<\/p>\n\n\n\n<p><strong>I har mulighed for at annotere i teksterne over tolv dage<\/strong>, hvert loop har en deadline hvor annoteringerne skal v\u00e6re lavet inden, I skal i alt minimum annotere i teksterne 4 gange sammenlagt (gerne mere).<\/p>\n\n\n\n<h2 class=\"wp-block-heading\"><strong>Loop 1:<\/strong><\/h2>\n\n\n\n<p>Start med at&nbsp;<strong>annotere i den samme tekst som I laver &#8220;take-home&#8221; til<\/strong>: (inden l\u00f8rdag d. 23\/11 kl. 16.00)&nbsp;<strong>M\u00e5let er at finde viden som vi kan anvende, men ogs\u00e5 at stille undrende sp\u00f8rgsm\u00e5l til teksten<\/strong>, er der noget der provokere, v\u00e6kker forundring eller m\u00e5ske ikke giver mening.<\/p>\n\n\n\n<h2 class=\"wp-block-heading\"><strong>Loop 2:<\/strong>&nbsp;&nbsp;<\/h2>\n\n\n\n<p><strong>Bes\u00f8g de andre tekster<\/strong>&nbsp;og svar p\u00e5 sp\u00f8rgsm\u00e5l\/ eller stil nye sp\u00f8rgsm\u00e5l til teksten. (inden s\u00f8ndag d. 24\/11 kl. 16.00)<\/p>\n\n\n\n<h2 class=\"wp-block-heading\"><strong>Loop 3:<\/strong><\/h2>\n\n\n\n<p><strong>N\u00e5r man har lavet f\u00f8rste og andet Loop m\u00e5 der frit annoteres i teksterne:<\/strong>&nbsp;(indtil mandag d 25. kl. 12.00)<\/p>\n\n\n\n<h2 class=\"wp-block-heading\"><strong>Loop 4:<\/strong><\/h2>\n\n\n\n<p><strong>Genbes\u00f8g annoteringerne efter m\u00f8det mandag d. 25\/11<\/strong> for at se om der er sp\u00f8rgsm\u00e5l der stadig mangler svar og for at se p\u00e5 litteratur til jeres opgaver til Session 3 (indtil tirsdag d. 26\/11 kl. 15.00)<\/p>\n\n\n\n<p><\/p>\n<\/div><\/div>\n\n\n\n<p><strong>M\u00e5let med opgaven er som altid:<\/strong><\/p>\n\n\n\n<ul class=\"wp-block-list\">\n<li>At f\u00e5 l\u00e6st og diskuteret teksterne<\/li>\n\n\n\n<li>At annotere i flere tekster<\/li>\n\n\n\n<li>At interagere med teksterne og hinanden gennem at stille og svare p\u00e5 sp\u00f8rgsm\u00e5l<\/li>\n\n\n\n<li>At anvende tags til at kategorisere annoteringer med henblik p\u00e5 at skabe &#8220;actionable knowledge&#8221;, viden som vi kan anvende.<\/li>\n<\/ul>\n\n\n\n<p><strong>Note:<\/strong><\/p>\n\n\n\n<ul class=\"wp-block-list\">\n<li><strong>Ideelt set bes\u00f8ger og genbes\u00f8ger man teksterne l\u00f8bende i hele annoteringsperioden<\/strong><\/li>\n\n\n\n<li><strong>Man m\u00e5 meget gerne bes\u00f8ge og annotere i teksterne flere gange<\/strong><\/li>\n\n\n\n<li><strong>Man m\u00e5 gerne fors\u00f8ge at prioritere at lave den f\u00f8rste kommentar s\u00e5 tidligt i processen som man kan s\u00e5 andre har mulighed for at kommenterer p\u00e5 den<\/strong><\/li>\n\n\n\n<li><strong>Husk at bruge tag&#8217;s fra kodebogen n\u00e5r i annoterer.<\/strong><\/li>\n<\/ul>\n\n\n\n<p><\/p>\n","protected":false},"excerpt":{"rendered":"<p>Annotering til session 3 &#8211; (S\u00f8ndag d. 27\/10 &#8211; Mandag d. 25\/11) Bem\u00e6rk at webinar om annotering til session 3 kommer p\u00e5 bagkant af jeres bes\u00f8g p\u00e5 DOKK1 s\u00e5 det er en rigtig god ide at komme igang med annoteringsopgaven s\u00e5 tidligt som muligt, s\u00e5 I kan have fuld fokus p\u00e5 processen omkring DOKK1 og [&hellip;]<\/p>\n","protected":false},"author":3,"featured_media":0,"parent":0,"menu_order":0,"comment_status":"closed","ping_status":"closed","template":"","meta":{"footnotes":""},"class_list":["post-151","page","type-page","status-publish","hentry","entry"],"_links":{"self":[{"href":"https:\/\/itdd.au.dk\/dt24\/wp-json\/wp\/v2\/pages\/151","targetHints":{"allow":["GET"]}}],"collection":[{"href":"https:\/\/itdd.au.dk\/dt24\/wp-json\/wp\/v2\/pages"}],"about":[{"href":"https:\/\/itdd.au.dk\/dt24\/wp-json\/wp\/v2\/types\/page"}],"author":[{"embeddable":true,"href":"https:\/\/itdd.au.dk\/dt24\/wp-json\/wp\/v2\/users\/3"}],"replies":[{"embeddable":true,"href":"https:\/\/itdd.au.dk\/dt24\/wp-json\/wp\/v2\/comments?post=151"}],"version-history":[{"count":9,"href":"https:\/\/itdd.au.dk\/dt24\/wp-json\/wp\/v2\/pages\/151\/revisions"}],"predecessor-version":[{"id":211,"href":"https:\/\/itdd.au.dk\/dt24\/wp-json\/wp\/v2\/pages\/151\/revisions\/211"}],"wp:attachment":[{"href":"https:\/\/itdd.au.dk\/dt24\/wp-json\/wp\/v2\/media?parent=151"}],"curies":[{"name":"wp","href":"https:\/\/api.w.org\/{rel}","templated":true}]}}