{"id":14,"date":"2024-07-04T11:39:46","date_gmt":"2024-07-04T11:39:46","guid":{"rendered":"https:\/\/itdd.au.dk\/dt24\/?page_id=14"},"modified":"2024-12-06T21:35:01","modified_gmt":"2024-12-06T21:35:01","slug":"digitale-kompetencer","status":"publish","type":"page","link":"https:\/\/itdd.au.dk\/dt24\/digitale-kompetencer\/","title":{"rendered":"Digitale kompetencer"},"content":{"rendered":"\n<h1 class=\"wp-block-heading has-text-align-center\">Digitale kompetencer<\/h1>\n\n\n\n<h2 class=\"wp-block-heading\">Udgangspunkt og form\u00e5l<\/h2>\n\n\n\n<p>Den sidste portfolio-opgave handler om at reflektere over l\u00e6ringspotentialerne i nogle af de IT-v\u00e6rkt\u00f8jer og praksisser, som er blevet introduceret i dette kursus (og ligeledes i forbindelse med jeres projekter p\u00e5 Digitale L\u00e6ringskontekster), samt de kompetencer der bliver p\u00e5kr\u00e6vet, dem som mister deres relevans, og dem som er i forandring.<\/p>\n\n\n\n<hr class=\"wp-block-separator has-alpha-channel-opacity\"\/>\n\n\n\n<h2 class=\"wp-block-heading\">Undervisningsaktiviteter<\/h2>\n\n\n\n<p class=\"has-background\" style=\"background-color:#fdf1d2\"><strong>Tyvstart_slides_og_video<\/strong> er tilg\u00e6ngelige fra fredag d. 29. nov. (start med de <a href=\"https:\/\/aarhusuniversitet.sharepoint.com\/:b:\/r\/sites\/ARTSITDD_UDDANNELSE-ITDD_2024\/Delte%20dokumenter\/ITDD_2024\/Digitale%20Teknologier\/Slides_og_evt_optagelser\/Portfolio4_start_fdb_og_slutevaluering\/DT24-Webinar_til_PF4.pdf?csf=1&amp;web=1&amp;e=yNwAb9\">slides<\/a> plus evt. video <a href=\"https:\/\/aarhusuniversitet.sharepoint.com\/:v:\/r\/sites\/ARTSITDD2023test\/Delte%20dokumenter\/ITDD_2023\/Digitale%20Teknologier\/Slides\/Portfolio4\/PF4_del0.mp4?csf=1&amp;web=1&amp;e=A0UBCm\">del_1<\/a>, <a href=\"https:\/\/aarhusuniversitet.sharepoint.com\/:v:\/r\/sites\/ARTSITDD2023test\/Delte%20dokumenter\/ITDD_2023\/Digitale%20Teknologier\/Slides\/Portfolio4\/PF4_del1_klippet.mp4?csf=1&amp;web=1&amp;e=KBCkQb\">del_2<\/a> og <a href=\"https:\/\/aarhusuniversitet.sharepoint.com\/:v:\/r\/sites\/ARTSITDD2023test\/Delte%20dokumenter\/ITDD_2023\/Digitale%20Teknologier\/Slides\/Portfolio4\/PF4_del3_klippet.mp4?csf=1&amp;web=1&amp;e=gKoYQx\">del_3<\/a>) &#8211; samt <strong>delt dokument om &#8220;<a href=\"https:\/\/aarhusuniversitet.sharepoint.com\/:w:\/r\/sites\/ARTSITDD_UDDANNELSE-ITDD_2024\/Delte%20dokumenter\/ITDD_2024\/Digitale%20Teknologier\/Portfolio_afleveringer\/PF4\/A-PF4-2024-Hvad_skriver_og_l%C3%A6ser_I_om.docx?d=w9dfb2a221d684ffab30b297e22d5c320&amp;csf=1&amp;web=1&amp;e=kP1wMg\" target=\"_blank\" rel=\"noreferrer noopener\">hvad skriver I om<\/a>&#8220;<\/strong> og <strong>frivillig sp\u00f8rgetime kl. 12:30-13:00 (<a href=\"https:\/\/aarhusuniversity.zoom.us\/j\/69745758338\">Zoom-link<\/a>)<\/strong><br>Online opgavestart mandag d. 2. december kl. 12.00-14:00 &#8211; <a href=\"https:\/\/aarhusuniversitet.sharepoint.com\/:v:\/s\/ARTSITDD_UDDANNELSE-ITDD_2024\/EZPf2N4n4uFPphYEfBn6y0MBIZssCIaJCqBKsWdOY9uN1Q?nav=eyJyZWZlcnJhbEluZm8iOnsicmVmZXJyYWxBcHAiOiJTdHJlYW1XZWJBcHAiLCJyZWZlcnJhbFZpZXciOiJTaGFyZURpYWxvZy1MaW5rIiwicmVmZXJyYWxBcHBQbGF0Zm9ybSI6IldlYiIsInJlZmVycmFsTW9kZSI6InZpZXcifX0%3D&amp;e=feZR2u\">Video<\/a> + <a href=\"https:\/\/aarhusuniversitet.sharepoint.com\/:b:\/s\/ARTSITDD_UDDANNELSE-ITDD_2024\/ETl2DNUivdVHsgSkqn9ZDTABDsD_e1oTO7EGFh4GBXJmPQ?e=roDpM7\">slides<\/a><br>Evaluering af <a href=\"https:\/\/itdd.au.dk\/dt24\/annotering-4\/\" data-type=\"link\" data-id=\"https:\/\/itdd.au.dk\/dt24\/annotering-4\/\">annoteringsopgave <\/a>tirsdag d. 3. december kl. 14:00-15:30 &#8211; Zoom-link ligger i teams og p\u00e5 Bright Space<br>(Skriftlig feedback fredag d. 6. december kl. 12.00-16.00)<br>Online feedback <strong>p\u00e5 udkastet<\/strong> (+ Q&amp;A slutaflevering + slutevaluering) fredag d. 6. december kl. 16.00-17.00 &#8211; <a href=\"https:\/\/aarhusuniversitet.sharepoint.com\/:v:\/r\/sites\/ARTSITDD2023test\/Delte%20dokumenter\/ITDD_2023\/Digitale%20Teknologier\/Slides\/Portfolio4\/PF4_fdb_fre_6_dec.mp4\" data-type=\"link\" data-id=\"https:\/\/aarhusuniversity.zoom.us\/j\/61773859289\">video<\/a><\/p>\n\n\n\n<hr class=\"wp-block-separator has-alpha-channel-opacity\"\/>\n\n\n\n<h2 class=\"wp-block-heading\">Opgaveformulering portfolio #4<\/h2>\n\n\n\n<p class=\"has-pale-cyan-blue-background-color has-background\"><strong>Portfolio #4:<\/strong><em><strong> Diskussionsopgave om digitale kompetencer<\/strong><\/em> &#8211; 2 sider<br>I denne runde skal I skrive, hvad der svarer til et diskussionsafsnit i en st\u00f8rre opgave. Det betyder, at opgaven fx ikke rummer en systematisk indsamling af empirisk materiale og analyse heraf. I stedet skal I tr\u00e6kke p\u00e5 de erfaringer, I har gjort jer med jeres cases og projekter og diskutere disse ud fra relevant teori.<br>NB: v\u00e6lg \u00c9N af de tekster om digitale kompetencer og \u00c9N case, eller foresl\u00e5 en ny case efter aftale med underviserne.<br><br><strong><em>Diskut\u00e9r<\/em><\/strong>: Hvordan kan man forst\u00e5 digitale kompetencer og hvilke kompetencer kommer i spil i jeres unders\u00f8gelser? Tag udgangspunkt i de cases\/projekter og de pointer i er kommet frem til. Det kan b\u00e5de v\u00e6re cases fra litteraturen, fra jeres tidligere portfolio-opgaver eller fra jeres erfaring som l\u00e6rere og\/eller mediebrugere mm.<br><br>Du kan l\u00e6se <a href=\"https:\/\/aarhusuniversitet.sharepoint.com\/:w:\/r\/sites\/ARTSITDD_UDDANNELSE-ITDD_2024\/Delte%20dokumenter\/ITDD_2024\/Digitale%20Teknologier\/Portfolio_afleveringer\/PF4\/A-PF4_2024-En_mulig_struktur.docx?d=wcc16e929e09043849d5bc9a86343f199&amp;csf=1&amp;web=1&amp;e=hDuj28\">et forslag til format og struktur for opgaven<\/a><br>Hvad overvejer du at skrive om? &#8211; vi indsamler jeres ideer i denne fil (linket kommer)<br>(deadline: &#8211;&gt; mandag d. 2.2 kl. 23.59).<\/p>\n\n\n\n<p class=\"has-pale-pink-background-color has-background\"><strong>DEADLINES<\/strong><br>Mandag d. 3. december kl. 23:59: <a href=\"https:\/\/aarhusuniversitet.sharepoint.com\/:w:\/r\/sites\/ARTSITDD_UDDANNELSE-ITDD_2024\/Delte%20dokumenter\/ITDD_2024\/Digitale%20Teknologier\/Portfolio_afleveringer\/PF4\/A-PF4-2024-Hvad_skriver_og_l%C3%A6ser_I_om.docx?d=w9dfb2a221d684ffab30b297e22d5c320&amp;csf=1&amp;web=1&amp;e=kP1wMg\">Hvad skriver du om?:<\/a> <br>Tirsdag d. 3. december kl. 12.00: Annotering af pensums tekster<br>Fredag d. 6. december kl. 12.00: aflevering af udkast (PF4 + samlet portfolio)<br>NB: Aflevering af portfolio: fredag d. 13-12-2024 kl. 12.00 (men i burde v\u00e6re allerede f\u00e6rdige d. 6.12!)<\/p>\n\n\n\n<h2 class=\"wp-block-heading\">Litteratur til Portfolio #4<\/h2>\n\n\n\n<p class=\"has-background\" style=\"background-color:#beecbf\"><strong>Litteratur<\/strong>&nbsp;<br>1. Se <a href=\"https:\/\/itdd.au.dk\/dt24\/annotering-4\/\">annoteringsopgave<\/a><br><br><strong>2.<\/strong> Hver studerende skimmer og gerne (gen)l\u00e6ser&nbsp;&nbsp;<br> Fra tekstbogen (Dalsgaard &amp; Ryberg, 2022), kapitlet 1 (is\u00e6r side 26-33) og <br> det centrale afsnit om \u201dDet Digitale L\u00e6ringsrum\u201d (s. 61-121), &nbsp;<br><em> som rammes\u00e6tter praksisser og v\u00e6rkt\u00f8jer. Det anbefaler vi at I l\u00e6ser f\u00f8r i g\u00e5r i gang med at skrive&nbsp;<br>mindst to af teksterne i &#8220;pakkerne&#8221; eller en af de \u201dekstra l\u00e6sninger\u201d.&nbsp;<\/em><br><br><strong>3. <\/strong>Derudover skal I finde jeres egen case med afs\u00e6t i jeres tidligere portfolio-afleveringer, egne erfaringer eller litteratur. Nedenst\u00e5ende litteratur indeholder eksempler, og I skal l\u00e6se 1-2 tekster til inspiration for jeres egen case (eller finde egen litteratur).&nbsp;<br><em>Ekstra l\u00e6sninger &#8211; tekster til inspiration til cases<\/em>&nbsp;<br><br>Video til inspiration: &nbsp;CD om <a href=\"https:\/\/panopto.au.dk\/Panopto\/Pages\/Viewer.aspx?id=b23dfee1-9821-427c-bbe7-af4f00ad9279\">Kompetencer og digitale kompetencer<\/a> (+ <a href=\"https:\/\/aarhusuniversitet-my.sharepoint.com\/:b:\/g\/personal\/au181755_uni_au_dk\/EczNPOius3hFlEY6NGuzhTMBlGkldayi5-hat6El95XPMA?e=dObser\">PDF-fil med slides og links<\/a>)&nbsp;<br><br>CD\/FCs <a href=\"https:\/\/emu.dk\/stx\/paedagogik-og-didaktik\/digitale-faellesskaber?b=t6-t385\" target=\"_blank\" rel=\"noreferrer noopener\">EMU-artikler om digitale kompetencer og digitale f\u00e6llesskaber<\/a>:&nbsp;<br><em>NB: det handler om \u2019formidlingsartikler\u2019 med litteraturhenvisninger til uddybning&nbsp;&nbsp;<\/em><br>&#8211; <a href=\"https:\/\/emu.dk\/stx\/paedagogik-og-didaktik\/digitale-faellesskaber\/samskrivning-som-vej-til-kollaborativ?b=t6-t385-t5379\" target=\"_blank\" rel=\"noreferrer noopener\">Samskrivning som vej til kollaborativ vidensopbygning<\/a>&nbsp;<br>&#8211; <a href=\"https:\/\/emu.dk\/stx\/paedagogik-og-didaktik\/digitale-faellesskaber\/informationsvurdering-lateral-laesning-som?b=t6-t385-t5379\" target=\"_blank\" rel=\"noreferrer noopener\">Informationsvurdering: Lateral l\u00e6sning som byggesten til flokimmunitet<\/a>&nbsp;<br><br>Wineburg, S., &amp; McGrew, S. (2017). <em>Lateral Reading: Reading Less and Learning More When Evaluating Digital Information<\/em> (SSRN Scholarly Paper No. ID 3048994). Rochester, NY: Social Science Research Network. Retrieved from<a href=\"https:\/\/papers.ssrn.com\/abstract=3048994\"> https:\/\/papers.ssrn.com\/abstract=3048994<\/a> [ca 50 s.] (<a href=\"https:\/\/deliverypdf.ssrn.com\/delivery.php?ID=036104118122119094065076024122066091118034032080036086072002116090127067118100030095039031120001116015022105022066102116010025061050017010060098000104076126121119007088053079115112088104000015126117001077001116118027124096098108093110096066009000009009&amp;EXT=pdf&amp;INDEX=TRUE\">direkt link til annotering<\/a>)&nbsp;<br><em>En kritik af traditionelle tilgange til informationsvurdering og l\u00e6sning p\u00e5 nettet.<\/em>&nbsp;<br><em>Undervisningsmaterialer er tilg\u00e6ngelige her: <\/em><a href=\"https:\/\/sheg.stanford.edu\/\"><em>https:\/\/sheg.stanford.edu\/<\/em><\/a><em>&nbsp; -se is\u00e6r <\/em><a href=\"https:\/\/cor.stanford.edu\/\"><em>Civic Online Reasoning<\/em><\/a><em> (registrering p\u00e5kr\u00e6vet)<\/em>&nbsp;<br><br>Haider, J., &amp; Sundin, O. (2019). <em>Invisible Search and Online Search Engines: The ubiquity of search in everyday life<\/em>. New York: Routledge. <a href=\"https:\/\/doi.org\/10.4324\/9780429448546\">https:\/\/doi.org\/10.4324\/9780429448546<\/a> [150 s.] (<a href=\"https:\/\/aarhusuniversitet.sharepoint.com\/sites\/ARTSITDD_UDDANNELSE-ITDD_2024\/Delte%20dokumenter\/ITDD_2024\/Litteratur_i_PDF\/2019_Invisible_search_Sundin.pdf\">nu i OneDrive<\/a>)&nbsp;<br><em>En ny vinkel til informationss\u00f8gning og -vurdering, med \u201cinfrastrukturel meningsdannelse\u201d som l\u00e6ringsm\u00e5l. En vigtig og ambiti\u00f8s bog.<\/em>&nbsp;<br>Kapitel 3 forklarer, hvordan en s\u00f8gemaskine fungerer. <br>Se ogs\u00e5 Olof Sundin <a href=\"https:\/\/aarhusuniversitet.sharepoint.com\/sites\/ARTSITDD_UDDANNELSE-ITDD_2024\/_layouts\/15\/stream.aspx?id=%2Fsites%2FARTSITDD%5FUDDANNELSE%2DITDD%5F2024%2FDelte%20dokumenter%2FITDD%5F2024%2FLitteratur%5Fi%5FPDF%2FVideo%2FOlofSundin%5Fom%5Fkildekritik%2FK%C3%A4llkritikens%5Fdilemman%5Fi%5Fskolan%2Emp4&amp;referrer=StreamWebApp%2EWeb&amp;referrerScenario=AddressBarCopied%2Eview%2Ec246be5e%2D6abd%2D4d81%2Db411%2Df939fa886080\">i denne video om kildekritik<\/a> (p\u00e5 svensk, med danske og engelske undertekster)<br><br>Tidsskriftet L\u00e6ring og Medier (LOM) (2018). <em>Teknologiforst\u00e5else, digital dannelse og computational thinking<\/em>. \u00c5rg. 11 Nr. 19&nbsp; <a href=\"https:\/\/tidsskrift.dk\/lom\/issue\/view\/7430\">https:\/\/tidsskrift.dk\/lom\/issue\/view\/7430<\/a> &nbsp;<br><em>Tidsskriftet udgiver en r\u00e6kke artikler med fokus p\u00e5 forskellige uddannelsestrin og faglige vinkler.<\/em>&nbsp;<br><br>Caeli, Elisa Nadire (2020). <em>Teknologiforst\u00e5else<\/em>. Aarhus Universitetsforlag.&nbsp;<br><br>Mehlsen, C., &amp; Hendricks, V. F. (Red.). (2019). <em>Like: Shitstorme, fake news, fear of missing out, what\u2019s not to like?<\/em> Center for Information og Boblestudier (CIBS), K\u00f8benhavns Universitet. <a href=\"https:\/\/digitaluddannelse.org\/bogen-like\/\">https:\/\/digitaluddannelse.org\/bogen-like\/<\/a>&nbsp; (direkte <a href=\"https:\/\/digitaluddannelse.org\/wp-content\/uploads\/2019\/03\/DUDE-_-LIKE-INDHOLD-2019-DIGITAL-VERSION.-enkeltsider.pdf\">link<\/a> \u2013 kan annoteres med Hypothes.is)&nbsp;<br><em>Tekstbog finansieret af TrygFonden med stor v\u00e6gt p\u00e5 psykologien bag online adf\u00e6rd.<\/em><br><br>O\u2019Donovan, M. (2019).<em> A commentary on digital academic literacy. Towards a definition that honours agency in social practices<\/em>.Aarhus Universitet. (<a href=\"https:\/\/aarhusuniversitet.sharepoint.com\/sites\/ARTSITDD_UDDANNELSE-ITDD_2024\/Delte%20dokumenter\/ITDD_2024\/Litteratur_i_PDF\/ODonovanCommentary_on_academic_digital_%20literacy.pdf\">OneDrive<\/a>)&nbsp;<br><em>Et fint overview og opsummering af frameworks for \u2018digital literacy\u2019 p\u00e5 universiteter rundt i verden, som ogs\u00e5 er relevant for andre uddannelsestrin og professionel udvikling ift. fokus om \u2018agency\u2019.<\/em><br><br>Ito, M. (2010). <em>Hanging out, messing around, and geeking out: kids living and learning with new media<\/em>. Cambridge, MA: MIT Press.&nbsp; (<a href=\"https:\/\/aarhusuniversitet.sharepoint.com\/sites\/ARTSITDD_UDDANNELSE-ITDD_2024\/Delte%20dokumenter\/ITDD_2024\/Litteratur_i_PDF\/Ito_al_Hanging_Out.pdf\">OneDrive<\/a>)&nbsp;[link til <a href=\"https:\/\/direct-mit-edu.ez.statsbiblioteket.dk:12048\/books\/book\/2344\/Hanging-Out-Messing-Around-and-Geeking-OutKids\">library.au.dk<\/a>] L\u00e6s \u2018introduction\u2019 + \u2018Media Ecologies\u2019&nbsp;(s. 30-78)<br><em>N\u00e5r i l\u00e6ser denne tekst kan I fors\u00f8ge at reflektere over, hvilke potentialer de forskellige uformelle \u2018participation genres\u2019 kan have for formel, institutionel undervisning.<\/em>&nbsp;<br><br>Anderson, T., &amp; Dron, J. (2010). Three generations of distance education pedagogy. <em>The International Review of Research in Open and Distance Learning<\/em>; Vol 12, No 3 (2011): Special Issue &#8211; Connectivism: Design and Delivery of Social Networked Learning.<a href=\"http:\/\/www.irrodl.org\/index.php\/irrodl\/article\/view\/890\"> http:\/\/www.irrodl.org\/index.php\/irrodl\/article\/view\/890<\/a>&nbsp;<br><em>I denne artikel opsummerer Dron &amp; Anderson tre p\u00e6dagogiske tilgange til fjernundervisning. Herunder den lidt radikale Connectivism-tankegang, som har som udgangspunkt at l\u00e6ring sker, n\u00e5r man skaber relationer mellem informationer. Her har man taget ideen om selvstyrede l\u00e6ringsaktiviteter meget langt&#8230;<\/em>&nbsp;<em>Artiklen er is\u00e6r relevant for dem, som har erfaring med MOOCs.<\/em>&nbsp; <br><br>Horn, M. S. (2018). Tangible Interaction and Cultural Forms: Supporting Learning in Informal Environments. <em>Journal of the Learning Sciences<\/em>, <em>27<\/em>(4), 632\u2013665. <a href=\"http:\/\/ez.statsbiblioteket.dk:2048\/login?url=https:\/\/www.tandfonline.com\/doi\/full\/10.1080\/10508406.2018.1468259\">http:\/\/ez.statsbiblioteket.dk:2048\/login?url=https:\/\/www.tandfonline.com\/doi\/full\/10.1080\/10508406.2018.1468259<\/a><br><em>Ogs\u00e5 om ressourcer til l\u00e6ring i museer og andre uformelle sammenh\u00e6nge.<\/em><br><\/p>\n\n\n\n<p><\/p>\n","protected":false},"excerpt":{"rendered":"<p>Digitale kompetencer Udgangspunkt og form\u00e5l Den sidste portfolio-opgave handler om at reflektere over l\u00e6ringspotentialerne i nogle af de IT-v\u00e6rkt\u00f8jer og praksisser, som er blevet introduceret i dette kursus (og ligeledes i forbindelse med jeres projekter p\u00e5 Digitale L\u00e6ringskontekster), samt de kompetencer der bliver p\u00e5kr\u00e6vet, dem som mister deres relevans, og dem som er i forandring. [&hellip;]<\/p>\n","protected":false},"author":4,"featured_media":0,"parent":0,"menu_order":0,"comment_status":"closed","ping_status":"closed","template":"","meta":{"footnotes":""},"class_list":["post-14","page","type-page","status-publish","hentry","entry"],"_links":{"self":[{"href":"https:\/\/itdd.au.dk\/dt24\/wp-json\/wp\/v2\/pages\/14","targetHints":{"allow":["GET"]}}],"collection":[{"href":"https:\/\/itdd.au.dk\/dt24\/wp-json\/wp\/v2\/pages"}],"about":[{"href":"https:\/\/itdd.au.dk\/dt24\/wp-json\/wp\/v2\/types\/page"}],"author":[{"embeddable":true,"href":"https:\/\/itdd.au.dk\/dt24\/wp-json\/wp\/v2\/users\/4"}],"replies":[{"embeddable":true,"href":"https:\/\/itdd.au.dk\/dt24\/wp-json\/wp\/v2\/comments?post=14"}],"version-history":[{"count":32,"href":"https:\/\/itdd.au.dk\/dt24\/wp-json\/wp\/v2\/pages\/14\/revisions"}],"predecessor-version":[{"id":273,"href":"https:\/\/itdd.au.dk\/dt24\/wp-json\/wp\/v2\/pages\/14\/revisions\/273"}],"wp:attachment":[{"href":"https:\/\/itdd.au.dk\/dt24\/wp-json\/wp\/v2\/media?parent=14"}],"curies":[{"name":"wp","href":"https:\/\/api.w.org\/{rel}","templated":true}]}}