{"id":10,"date":"2024-07-04T11:39:08","date_gmt":"2024-07-04T11:39:08","guid":{"rendered":"https:\/\/itdd.au.dk\/dt24\/?page_id=10"},"modified":"2024-10-08T15:42:10","modified_gmt":"2024-10-08T15:42:10","slug":"faellesskaber-og-netvaerk","status":"publish","type":"page","link":"https:\/\/itdd.au.dk\/dt24\/faellesskaber-og-netvaerk\/","title":{"rendered":"F\u00e6llesskaber og netv\u00e6rk"},"content":{"rendered":"\n<h1 class=\"wp-block-heading has-text-align-center\">F\u00e6llesskaber og netv\u00e6rk<\/h1>\n\n\n\n<h2 class=\"wp-block-heading\">Udgangspunkt og form\u00e5l<\/h2>\n\n\n\n<p>Dette tema vil s\u00e6tte fokus p\u00e5 internettet og dets implikationer for det sociale.<\/p>\n\n\n\n<p>Ud fra teksterne vil vi benytte Medium Theory til at analysere, hvad der karakteriserer Internettet som medie, hvilke s\u00e6rlige tr\u00e6k, der adskiller det fra andre medier og hvad begreber som mediematricer d\u00e6kker over. Online communities har v\u00e6ret diskuteret siden Internettets ungdom, is\u00e6r i forhold til om internet f\u00e6llesskaber kan erstatte gammeldags face-to-face-baserede f\u00e6llesskaber. De senere \u00e5r har netv\u00e6rksstrukturen p\u00e5 fx Facebook og i blogosf\u00e6ren endvidere gjort, at det moderne Internet bliver klandret for ikke l\u00e6ngere at underst\u00f8tte \u2018\u00e6gte\u2019 communities men i stedet er blevet individualiseret og overfladisk. I dette emne vil vi fors\u00f8ge at definere, hvad der kendetegner de to typer kommunikation, og hvad deres potentialer er for l\u00e6ring. <strong><\/strong><\/p>\n\n\n\n<hr class=\"wp-block-separator has-alpha-channel-opacity\"\/>\n\n\n\n<h2 class=\"wp-block-heading\">Undervisningsaktiviteter<\/h2>\n\n\n\n<p class=\"has-background\" style=\"background-color:#fdf1d2\"><br><strong>Online opgavestart fredag d. 4. okt kl. 12.00-13.30<\/strong> &#8211; <a href=\"https:\/\/aarhusuniversitet.sharepoint.com\/:b:\/r\/sites\/ARTSITDD_UDDANNELSE-ITDD_2024\/Delte%20dokumenter\/ITDD_2024\/Digitale%20Teknologier\/Slides_og_evt_optagelser\/Portfolio2_start_og_fdb_paa_udkast\/ITDD24-DM_%20Webinar%20til%20Portfolio%202.pdf?csf=1&amp;web=1&amp;e=ysLtQk\">slides<\/a>, <a href=\"https:\/\/aarhusuniversitet.sharepoint.com\/:v:\/r\/sites\/ARTSITDD_UDDANNELSE-ITDD_2024\/Delte%20dokumenter\/ITDD_2024\/Digitale%20Teknologier\/Slides_og_evt_optagelser\/Portfolio2_start_og_fdb_paa_udkast\/4_okt_pf2_start.mp4\">video<\/a> og <a href=\"https:\/\/aarhusuniversitet.sharepoint.com\/:w:\/r\/sites\/ARTSITDD_UDDANNELSE-ITDD_2024\/Delte%20dokumenter\/ITDD_2024\/Fredag_4_okt_pf2_start_mm.docx?d=w18b2e00554e4418380c5dcb78aa7f49c&amp;csf=1&amp;web=1&amp;e=u81uof\">f\u00e6lles dokument<\/a> (ogs\u00e5 med ekstra henvisning; skriv gerne hvad du skriver om)<br>Zoom m\u00f8de om annotering af pensumtekster mandag . 7. oktober kl 14.00 -15.30<br>(Skriftlig feedback p\u00e5 udkastet tirsdag d. 8. oktober kl. 12.00-16.00)<br>Online feedback tirsdag d. 8. oktober kl. 16.00-17.00 <a href=\"https:\/\/aarhusuniversity.zoom.us\/j\/67414419848\">p\u00e5 dette link<\/a><br>[<strong>NB<\/strong>: Videom\u00f8de for at komme i gang med l\u00e6sninger om portfolio #3 allerede torsdag d. 10: kl. 12:00-13:30 &#8211; <a href=\"https:\/\/aarhusuniversity.zoom.us\/j\/66879539576\">p\u00e5 dette link<\/a>, med optagelse] <br>(Skriftlig feedback torsdag d. 10. oktober kl. 13:30-17.00)<\/p>\n\n\n\n<hr class=\"wp-block-separator has-alpha-channel-opacity\"\/>\n\n\n\n<h2 class=\"wp-block-heading\">Opgaveformulering portfolio #2<\/h2>\n\n\n\n<p class=\"has-pale-cyan-blue-background-color has-background\"><strong>Portfolio #<\/strong>2 &#8211; 4 sider<br>V\u00e6lg en case i form af interaktioner p\u00e5 en social tjeneste, en hjemmeside, en MOOC eller lignende. Casen skal have elementer af tovejskommunikation\/dialog, som I kan benytte som jeres empiri. Casen kunne eksempelvis v\u00e6re en Facebook-gruppe, et hashtag p\u00e5 Twitter, en tr\u00e5d p\u00e5 reddit, et forum p\u00e5 bold.dk, en vin p\u00e5 Vivino eller noget helt syvende. Husk at reflektere over, hvordan I afgr\u00e6nser jeres case, og om der evt. er etiske overvejelser, der g\u00f8r sig g\u00e6ldende. <em>NB: Vi indsamler jeres forslag f\u00f8r vi starter opgaven!<\/em><br><br>F\u00f8lgende to delopgaver skal besvares:<br><strong>&#8211; <em>Diskut\u00e9r, hvordan mediet p\u00e5virker eller underst\u00f8tter de sociale interaktioner,<\/em><br><em>der foreg\u00e5r.<\/em><br>&#8211; <em>Foretag en analyse: Har casen tr\u00e6k af community, netv\u00e6rk eller andre former?<\/em><\/strong><br><br><strong><a href=\"https:\/\/aarhusuniversitet.sharepoint.com\/:w:\/r\/sites\/ARTSITDD_UDDANNELSE-ITDD_2024\/Delte%20dokumenter\/ITDD_2024\/Digitale%20Teknologier\/Portfolio_afleveringer\/PF2\/PF2_skabelon.docx?d=w0342e454cd864a0cb9fbb1d1570f0593&amp;csf=1&amp;web=1&amp;e=VQdpYm\">Anbefalet struktur<\/a><\/strong><\/p>\n\n\n\n<hr class=\"wp-block-separator has-alpha-channel-opacity\"\/>\n\n\n\n<p class=\"has-pale-pink-background-color has-background\"><strong>DEADLINES<\/strong><br>Mandag d. 7. oktober kl. 13.00: Annotering af pensums tekster<br>Tirsdag d. 8. oktober kl. 12.00: Aflevering af udkast til PF2 (feedback som <a href=\"https:\/\/aarhusuniversitet.sharepoint.com\/sites\/ARTSITDD_UDDANNELSE-ITDD_2024\/_layouts\/15\/stream.aspx?id=%2Fsites%2FARTSITDD%5FUDDANNELSE%2DITDD%5F2024%2FDelte%20dokumenter%2FITDD%5F2024%2FDigitale%20Teknologier%2FSlides%5Fog%5Fevt%5Foptagelser%2FPortfolio2%5Fstart%5Fog%5Ffdb%5Fpaa%5Fudkast%2F8%5Fokt%5Ffdb%5Fudkast%5FPF2%2Emp4 \u2060\">video<\/a> og <a href=\"https:\/\/aarhusuniversitet.sharepoint.com\/:w:\/s\/ARTSITDD_UDDANNELSE-ITDD_2024\/EeUijQgsZ59CsHdxP5FGwBwB-BgPAGWG11m75Z5jjhcRUg?e=lezA54\">tekst<\/a>)<br>Torsdag d. 10. oktober kl. 12.00: Aflevering af PF2<\/p>\n\n\n\n<h2 class=\"wp-block-heading\">Litteratur til Portfolio #2<\/h2>\n\n\n\n<p class=\"has-background\" style=\"background-color:#beecbf\"><em><strong>Fra tekstbogen<\/strong><br><\/em>Dalsgaard &amp; Ryberg (2022) <a href=\"https:\/\/samfundslitteratur.dk\/bog\/digitale-l%C3%A6ringsrum\"><em>Digitale l\u00e6ringsrum<\/em><\/a>.<br>S. 93-125: kap. 6 om \u201dInteressef\u00e6llesskab \u2013 delingsv\u00e6rkt\u00f8jer\u201d + kap. 7 om \u201d\u00c5bne forbindelser: netv\u00e6rksrelationer og netv\u00e6rkseffekter\u201d<\/p>\n\n\n\n<p class=\"has-background\" style=\"background-color:#beecbf\"><em><strong>Prim\u00e6r tekst til annotering<\/strong><br><\/em>Garrison, D. R. (2016). Ch. 3 &#8211; Technology and Thinking and Ch. 4 &#8211; A new era. In <em>Thinking collaboratively. Learning in a Community of Inquiry<\/em>. Routledge, pp.&nbsp; 25-35 and&nbsp;&nbsp; 37-51. [24 s.] (<a href=\"https:\/\/aarhusuniversitet.sharepoint.com\/sites\/ARTSITDD_UDDANNELSE-ITDD_2024\/Delte%20dokumenter\/ITDD_2024\/Litteratur_i_PDF\/GarrisonCommunityInquiry2016cap345.pdf\">OneDrive<\/a>)<br><br>Baym, Nancy. K. (2015). <em>Personal connections in the digital age<\/em>. Polity. Kap. 4. Communities and Networks. S.81-111 (72-98 i den 2010 udgave) (<a href=\"https:\/\/aarhusuniversitet.sharepoint.com\/sites\/ARTSITDD_UDDANNELSE-ITDD_2024\/Delte%20dokumenter\/ITDD_2024\/Litteratur_i_PDF\/Baym_Personal_Connections_kap_4.pdf\">OneDrive<\/a>)<br><em>I dette kapitel pr\u00e6senterer Baym fem punkter hvorudfra man kan analysere communities. Dette er den teoretiske hj\u00f8rnesten i dette emne, s\u00e5 l\u00e6s i bund!<\/em><\/p>\n\n\n\n<p class=\"has-background\" style=\"background-color:#beecbf\"><em><strong>Andre prim\u00e6re tekster<br><\/strong><\/em>Egenskaber af \u2018affinity spaces\u2019, i&nbsp; Gee, J. P.&nbsp; &amp; Hayes, E.&nbsp; (2010). Public Pedagogy through Video Games: Design, Resources &amp; Affinity Spaces. In J. A. Sandlin, B. D. Schultz, J. Burdick (Eds), <em>Handbook of Public Pedagogy: Education and Learning Beyond Schooling<\/em>. New York and London: Routledge, pp. 185\u2013193.&nbsp; (<a href=\"https:\/\/aarhusuniversitet.sharepoint.com\/sites\/ARTSITDD_UDDANNELSE-ITDD_2024\/Delte%20dokumenter\/ITDD_2024\/Litteratur_i_PDF\/GeeAffinitySpaces.pdf\">OneDrive<\/a>)<br><em>Et andet synspunkt om communities. Vi kan sammenligne denne liste af egenskaber med Bayms fem heuristikker om communities.<\/em><\/p>\n\n\n\n<p class=\"has-background\" style=\"background-color:#beecbf\"><strong><em>Videoer om begrebsredskaber<br><\/em><\/strong><a href=\"https:\/\/www.youtube.com\/watch?v=QySLfze3fVQ&amp;list=PLewyYaOZl9Efc9K83Wm5BVbfh5MxB-Smo\">Video<strong>er til medium-theory<\/strong><\/a><strong><u> (And<\/u>ers Hjortskov) (<\/strong><a href=\"https:\/\/panopto.au.dk\/Panopto\/Pages\/Sessions\/List.aspx#folderID=%22f3d3aac5-0442-4dc4-8dd8-aeea00569601%22\">Panopto<\/a>)<br><br><a href=\"https:\/\/www.youtube.com\/playlist?list=PLWpFai2ud9m0FlEJJid6AkI4SYMFdRIHK\">Video<strong>er til f\u00e6llesskaber og netv\u00e6rk<\/strong><\/a><strong><u> (Jan<\/u>us Aaen) (<\/strong><a href=\"https:\/\/panopto.au.dk\/Panopto\/Pages\/Sessions\/List.aspx#folderID=%22f3d3aac5-0442-4dc4-8dd8-aeea00569601%22\">Panopto<\/a>)<a id=\"_msocom_1\"><\/a><\/p>\n\n\n\n<hr class=\"wp-block-separator has-alpha-channel-opacity\"\/>\n\n\n\n<p class=\"has-background\" style=\"background-color:#beecbf\"><strong><em>Supplerende l\u00e6sning<\/em><\/strong><br>NB: listen er lang, men vi vil gerne give indblik i forskellige vinkler om emnet<br><br>Klastrup, Lisbeth (2016). Kapitel 1 Hvad er sociale netv\u00e6rksmedier? I <em>Sociale netv\u00e6rksmedier<\/em>, Samfundslitteratur, s. 8-26. (<a href=\"https:\/\/aarhusuniversitet.sharepoint.com\/sites\/ARTSITDD_UDDANNELSE-ITDD_2024\/Delte%20dokumenter\/ITDD_2024\/Litteratur_i_PDF\/Klastrup2016SocialeMedierSingle.pdf\">OneDrive<\/a>)<br><em>Fin dansk tekst om sociale netv\u00e6rksmedier og definitionen p\u00e5 denne. Eksemplerne tr\u00e6kker desuden ogs\u00e5 p\u00e5 en dansk kontekst, hvilket kan v\u00e6re meget givtigt!<\/em><br><br>Tusting, Karin (2020). Kapitel \u201dGeneral Introduction\u201d i <em><a href=\"https:\/\/www-taylorfrancis-com.ez.statsbiblioteket.dk\/books\/edit\/10.4324\/9781315675824\/routledge-handbook-linguistic-ethnography-karin-tusting\">Routledge Handbook of Linguistic Ethnoghraphy<\/a><\/em>, s. 1-4. (<a href=\"https:\/\/aarhusuniversitet.sharepoint.com\/sites\/ARTSITDD_UDDANNELSE-ITDD_2024\/Delte%20dokumenter\/ITDD_2024\/Litteratur_i_PDF\/Routledge_Hdbk_Linguistic_Ethnography_1_history.pdf\">OneDrive<\/a>)<br><em>Vi vil bruge lingvistisk etnografi i metodefaget (2. semester). Teksten giver et f\u00f8rst introduktion om hvilke tilgange, lingvistisk etnografi er inspireret af. Hele bogen er <a href=\"https:\/\/www-taylorfrancis-com.ez.statsbiblioteket.dk\/books\/edit\/10.4324\/9781315675824\/routledge-handbook-linguistic-ethnography-karin-tusting\">tilg\u00e6ngelig via library.au<\/a>.<\/em><\/p>\n\n\n\n<p class=\"has-background\" style=\"background-color:#beecbf\"><br>Meyrowitz, Joshua (1994). Medium Theory. I David Crowley &amp; David Mitchell&nbsp;(red.) <em>Communication Theory Today<\/em>, Polity Press, s. 50-77 (<a href=\"https:\/\/aarhusuniversitet.sharepoint.com\/sites\/ARTSITDD_UDDANNELSE-ITDD_2024\/Delte%20dokumenter\/ITDD_2024\/Litteratur_i_PDF\/MeyrowitzMediumTheory1994Single.pdf\">OneDrive<\/a>)<br>Det grundl\u00e6ggende Medium Theory-perspektiv bliver her diskuteret, hvor man arbejder ud fra et todelt sp\u00f8rgsm\u00e5l: 1.) Hvilke unikke karakteristika findes for det p\u00e5g\u00e6ldende medie? 2.) Hvilke sociale og kulturelle konsekvenser har brugen af det p\u00e5g\u00e6ldende medie for fx familielivet, adf\u00e6rd p\u00e5 arbejdsmarkedet eller samfundet i en bredere forstand?<br><br>Meyrowitz, Joshua (1997). Tre paradigmer i medieforskningen. <em>MedieKultur: Journal of Media and Communication Research<\/em>, <em>13<\/em>(26), 14 pages. <a href=\"https:\/\/doi.org\/10.7146\/mediekultur.v13i26.1090\">https:\/\/doi.org\/10.7146\/mediekultur.v13i26.1090<\/a> (<a href=\"https:\/\/aarhusuniversitet.sharepoint.com\/sites\/ARTSITDD_UDDANNELSE-ITDD_2024\/Delte%20dokumenter\/ITDD_2024\/Litteratur_i_PDF\/Meyrowitz3paradigmer1997OCR.pdf\">OneDrive<\/a>)<br><em>I denne tekst pr\u00e6senteres tre forskellige perspektiver p\u00e5 medier: medier som kanaler, medier som sprog og medier som milj\u00f8er, hvoraf den sidstn\u00e6vnte metafor er den vigtigste at fokusere p\u00e5 i forhold til det Medium Theory-perspektiv, som vi her vil anl\u00e6gge.<\/em><br><br>boyd, danah (2014) It&#8217;s Complicated: The Social Lives of Networked Teens. Yale University Press, p. 1-28. <a href=\"https:\/\/www.danah.org\/books\/ItsComplicated.pdf\">https:\/\/www.danah.org\/books\/ItsComplicated.pdf<\/a> <br><em>I denne tekst giver boyd et sociologisk take p\u00e5 unders\u00f8gelsen af digitale teknologier &#8211; tilmed i en ungdomskontekst. Begrebet \u201cnetworked publics\u201d bliver introduceret og eksemplificeret.<\/em><br><br>Gruzd, Anatoliy, Wellman, Barry, &amp; Takhteyev, Yuri (2011). Imagining Twitter as an Imagined Community. <em>American Behavioral Scientist<\/em>, <em>55<\/em>(10), 1294\u20131318. <a href=\"https:\/\/doi.org\/10.1177\/0002764211409378\">https:\/\/doi.org\/10.1177\/0002764211409378<\/a> (<a href=\"https:\/\/aarhusuniversitet.sharepoint.com\/sites\/ARTSITDD_UDDANNELSE-ITDD_2024\/Delte%20dokumenter\/ITDD_2024\/Litteratur_i_PDF\/GruzdTwitterImaginedCommunity.pdf\">OneDrive<\/a>)<br><em>Wellman og company udfordrer ligesom Baym den traditionelle forst\u00e5else af communities, og ser p\u00e5 hvordan twitter kan anskues som et imagined community, hvor folk m\u00e5ske ikke kender hinanden, men f\u00f8ler sig som en del af et st\u00f8rre f\u00e6llesskab alligevel. Overvej hvor der ellers kunne eksistere imagined communities, og tag det med hvis det er relevant i analysen af din case.<\/em><br><br>Meyrowitz, J. (1986). Part I &#8211; Media as Change Mechanisms. I <em>No sense of place: The impact of electronic media on social behavior<\/em> (s. 1\u201368). New York: Oxford Univ. Press. (<a href=\"https:\/\/aarhusuniversitet.sharepoint.com\/sites\/ARTSITDD_UDDANNELSE-ITDD_2024\/Delte%20dokumenter\/ITDD_2024\/Litteratur_i_PDF\/MeyrowitzNoSensePlaceSingle.pdf\">OneDrive<\/a>)<br><br>Goffman, E. (1992). 3: Omr\u00e5der og omr\u00e5de-adf\u00e6rd. I <em>Vore rollespil i hverdagen<\/em>. Hans Reitzel. (<a href=\"https:\/\/aarhusuniversitet.sharepoint.com\/sites\/ARTSITDD_UDDANNELSE-ITDD_2024\/Delte%20dokumenter\/ITDD_2024\/Litteratur_i_PDF\/GoffmanOmraaderOCR.pdf\">OneDrive<\/a>)<br><br>Jenkins, H. (2004). Why Heather Can Write. <em>MIT Technology<\/em> <em>review<\/em>, February.<a href=\"http:\/\/www.technologyreview.com\/news\/402471\/why-heather-can-write\/\"> <\/a>&nbsp;<a href=\"https:\/\/www.technologyreview.com\/2004\/02\/06\/40304\/why-heather-can-write\/\">https:\/\/www.technologyreview.com\/2004\/02\/06\/40304\/why-heather-can-write\/<\/a><br><br>Cress, U., &amp; Kimmerle, J. (2018). Collective Knowledge Construction. I F. Fisher, C. E. Hmelo-Silver, S. R. Goldman, &amp; P. Reimann (Red.), In<em>ternational Handbook of the Learning Sciences<\/em> (s. 137\u2013146). (<a href=\"http:\/\/ez.statsbiblioteket.dk:2048\/login?url=https:\/\/doi.org\/10.4324\/9781315617572-14\">link fra AU Library<\/a>)<br><br>Granovetter, M. S. (1973). The Strength of Weak Ties. <em>American Journal of Sociology<\/em>, <em>78<\/em>, 1360\u20131380. <a href=\"http:\/\/ez.statsbiblioteket.dk:2048\/login?url=http:\/\/www.jstor.org\/stable\/2776392\">http:\/\/www.jstor.org\/stable\/2776392<\/a> &nbsp;(<a href=\"https:\/\/aarhusuniversitet.sharepoint.com\/sites\/ARTSITDD_UDDANNELSE-ITDD_2024\/Delte%20dokumenter\/ITDD_2024\/Litteratur_i_PDF\/Granovetter1973StrenghtWeakTies.pdf\">OneDrive<\/a>)<br><br>Svendsen, Gunnar L.H., &amp; Svendsen, Gert T. (2016). Trust, Social Capital and the Scandinavian Welfare State: Explaining the Flight of the Bumblebee. Edward Elgar Publishing Limited. (<a href=\"https:\/\/ebookcentral-proquest-com.ez.statsbiblioteket.dk:12048\/lib\/asb\/detail.action?docID=4443158\">link fra library.au<\/a>)<br><em>Om socialkapital og tillid i de nordiske lande.<\/em><\/p>\n","protected":false},"excerpt":{"rendered":"<p>F\u00e6llesskaber og netv\u00e6rk Udgangspunkt og form\u00e5l Dette tema vil s\u00e6tte fokus p\u00e5 internettet og dets implikationer for det sociale. Ud fra teksterne vil vi benytte Medium Theory til at analysere, hvad der karakteriserer Internettet som medie, hvilke s\u00e6rlige tr\u00e6k, der adskiller det fra andre medier og hvad begreber som mediematricer d\u00e6kker over. Online communities har [&hellip;]<\/p>\n","protected":false},"author":4,"featured_media":0,"parent":0,"menu_order":0,"comment_status":"closed","ping_status":"closed","template":"","meta":{"footnotes":""},"class_list":["post-10","page","type-page","status-publish","hentry","entry"],"_links":{"self":[{"href":"https:\/\/itdd.au.dk\/dt24\/wp-json\/wp\/v2\/pages\/10","targetHints":{"allow":["GET"]}}],"collection":[{"href":"https:\/\/itdd.au.dk\/dt24\/wp-json\/wp\/v2\/pages"}],"about":[{"href":"https:\/\/itdd.au.dk\/dt24\/wp-json\/wp\/v2\/types\/page"}],"author":[{"embeddable":true,"href":"https:\/\/itdd.au.dk\/dt24\/wp-json\/wp\/v2\/users\/4"}],"replies":[{"embeddable":true,"href":"https:\/\/itdd.au.dk\/dt24\/wp-json\/wp\/v2\/comments?post=10"}],"version-history":[{"count":16,"href":"https:\/\/itdd.au.dk\/dt24\/wp-json\/wp\/v2\/pages\/10\/revisions"}],"predecessor-version":[{"id":191,"href":"https:\/\/itdd.au.dk\/dt24\/wp-json\/wp\/v2\/pages\/10\/revisions\/191"}],"wp:attachment":[{"href":"https:\/\/itdd.au.dk\/dt24\/wp-json\/wp\/v2\/media?parent=10"}],"curies":[{"name":"wp","href":"https:\/\/api.w.org\/{rel}","templated":true}]}}