{"id":14,"date":"2024-08-09T11:19:05","date_gmt":"2024-08-09T11:19:05","guid":{"rendered":"https:\/\/itdd.au.dk\/dl25\/?page_id=14"},"modified":"2025-08-13T11:07:57","modified_gmt":"2025-08-13T11:07:57","slug":"forside","status":"publish","type":"page","link":"https:\/\/itdd.au.dk\/dl25\/","title":{"rendered":"Forside"},"content":{"rendered":"\n<h2 class=\"wp-block-heading\"><strong>Velkommen til Digitale L\u00e6ringskontekster 2025<br><\/strong><\/h2>\n\n\n\n<figure class=\"wp-block-video\"><video height=\"720\" style=\"aspect-ratio: 1280 \/ 720;\" width=\"1280\" controls src=\"https:\/\/itdd.au.dk\/dl25\/wp-content\/uploads\/sites\/38\/2024\/08\/Videofinal.mp4\"><\/video><\/figure>\n\n\n\n<h2 class=\"wp-block-heading\">Velkommen &#8211; Video om rammen for modulet<\/h2>\n\n\n\n<hr class=\"wp-block-separator has-alpha-channel-opacity\"\/>\n\n\n\n<p><\/p>\n\n\n\n<p><\/p>\n\n\n\n<div class=\"wp-block-cover\"><img loading=\"lazy\" decoding=\"async\" width=\"989\" height=\"742\" class=\"wp-block-cover__image-background wp-image-139\" alt=\"\" src=\"https:\/\/itdd.au.dk\/dl25\/wp-content\/uploads\/sites\/38\/2024\/08\/earth-full-view_6125_990x7421.jpg\" style=\"object-position:51% 16%\" data-object-fit=\"cover\" data-object-position=\"51% 16%\" srcset=\"https:\/\/itdd.au.dk\/dl25\/wp-content\/uploads\/sites\/38\/2024\/08\/earth-full-view_6125_990x7421.jpg 989w, https:\/\/itdd.au.dk\/dl25\/wp-content\/uploads\/sites\/38\/2024\/08\/earth-full-view_6125_990x7421-300x225.jpg 300w, https:\/\/itdd.au.dk\/dl25\/wp-content\/uploads\/sites\/38\/2024\/08\/earth-full-view_6125_990x7421-768x576.jpg 768w\" sizes=\"auto, (max-width: 989px) 100vw, 989px\" \/><span aria-hidden=\"true\" class=\"wp-block-cover__background has-background-dim\"><\/span><div class=\"wp-block-cover__inner-container is-layout-flow wp-block-cover-is-layout-flow\">\n<p class=\"has-text-align-center has-large-font-size\"><\/p>\n<\/div><\/div>\n\n\n\n<p><\/p>\n\n\n\n<p>Og ja, den her jordklode sv\u00e6vende ude i det tomme rum symboliserer modulet. Vi er globale og lokale p\u00e5 samme tid.<\/p>\n\n\n\n<p><\/p>\n\n\n\n<p><\/p>\n\n\n\n<p><\/p>\n\n\n\n<hr class=\"wp-block-separator has-alpha-channel-opacity\"\/>\n\n\n\n<pre class=\"wp-block-verse\">Hjerteslag<br><br>Det akademiske er et \u00e5ndedr\u00e6t<br>Med en smag af gul himmel<br>Trukket helt ned i maven<br><br>Det akademiske er en handling<br>En flamme i en sort hverdag<br>En \u00e6ndring i et menneskes liv<br><br>Det akademiske har god tid<br>\u00d8jet slentrer igennem gr\u00e6sset<br>F\u00f8dderne skriver nye tanker<br><br>Det akademiske er en dr\u00f8m<br>En uendelig samtale om frihed<br>En hvisken om et f\u00e6llesskab<br><br>Det akademiske stopper aldrig<br>Alle kan rejse alle steder hen<br>Jordkloden er en legeplads<br><br><br>fra Thestrup, K. (exp. 2025). At st\u00e5 i det n\u00e6ste: forlaget mellemgaard<\/pre>\n\n\n\n<p><\/p>\n\n\n\n<p><\/p>\n","protected":false},"excerpt":{"rendered":"<p>Velkommen til Digitale L\u00e6ringskontekster 2025 Velkommen &#8211; Video om rammen for modulet Og ja, den her jordklode sv\u00e6vende ude i det tomme rum symboliserer modulet. Vi er globale og lokale p\u00e5 samme tid. HjerteslagDet akademiske er et \u00e5ndedr\u00e6tMed en smag af gul himmelTrukket helt ned i mavenDet akademiske er en handlingEn flamme i en sort [&hellip;]<\/p>\n","protected":false},"author":3,"featured_media":139,"parent":0,"menu_order":0,"comment_status":"closed","ping_status":"closed","template":"","meta":{"footnotes":""},"class_list":["post-14","page","type-page","status-publish","has-post-thumbnail","hentry","entry","has-media"],"_links":{"self":[{"href":"https:\/\/itdd.au.dk\/dl25\/wp-json\/wp\/v2\/pages\/14","targetHints":{"allow":["GET"]}}],"collection":[{"href":"https:\/\/itdd.au.dk\/dl25\/wp-json\/wp\/v2\/pages"}],"about":[{"href":"https:\/\/itdd.au.dk\/dl25\/wp-json\/wp\/v2\/types\/page"}],"author":[{"embeddable":true,"href":"https:\/\/itdd.au.dk\/dl25\/wp-json\/wp\/v2\/users\/3"}],"replies":[{"embeddable":true,"href":"https:\/\/itdd.au.dk\/dl25\/wp-json\/wp\/v2\/comments?post=14"}],"version-history":[{"count":19,"href":"https:\/\/itdd.au.dk\/dl25\/wp-json\/wp\/v2\/pages\/14\/revisions"}],"predecessor-version":[{"id":356,"href":"https:\/\/itdd.au.dk\/dl25\/wp-json\/wp\/v2\/pages\/14\/revisions\/356"}],"wp:featuredmedia":[{"embeddable":true,"href":"https:\/\/itdd.au.dk\/dl25\/wp-json\/wp\/v2\/media\/139"}],"wp:attachment":[{"href":"https:\/\/itdd.au.dk\/dl25\/wp-json\/wp\/v2\/media?parent=14"}],"curies":[{"name":"wp","href":"https:\/\/api.w.org\/{rel}","templated":true}]}}