{"id":186,"date":"2024-04-08T12:31:58","date_gmt":"2024-04-08T11:31:58","guid":{"rendered":"https:\/\/itdd.au.dk\/didaktisk-fusion\/?page_id=186"},"modified":"2024-04-08T12:31:58","modified_gmt":"2024-04-08T11:31:58","slug":"velkommen-til-didaktisk-fusion","status":"publish","type":"page","link":"https:\/\/itdd.au.dk\/didaktisk-fusion\/","title":{"rendered":"Velkommen til Didaktisk fusion"},"content":{"rendered":"\n<div class=\"wp-block-columns is-layout-flex wp-container-core-columns-is-layout-9d6595d7 wp-block-columns-is-layout-flex\">\n<div class=\"wp-block-column is-layout-flow wp-block-column-is-layout-flow\">\n<p>Vi er gruppe studerende der l\u00e6se It, didaktisk design.<\/p>\n\n\n\n<p>Her kan du f\u00f8lge vores designprojekt om Nydansker og sprogtilegnelse.<\/p>\n\n\n\n<p>Du kan ogs\u00e5 l\u00e6se vores tidligere projekter i faget digitale l\u00e6ringskontekster<\/p>\n<\/div>\n\n\n\n<div class=\"wp-block-column is-layout-flow wp-block-column-is-layout-flow\">\n<div class=\"wp-block-query is-layout-flow wp-block-query-is-layout-flow\"><ul class=\"wp-block-post-template is-layout-flow wp-block-post-template-is-layout-flow\"><li class=\"wp-block-post post-210 post type-post status-publish format-standard hentry category-blogpost entry\">\n<h2 class=\"wp-block-post-title\"><a href=\"https:\/\/itdd.au.dk\/didaktisk-fusion\/2024\/05\/17\/delivering-how-to-dansk\/\" target=\"_self\" >Delivering How to dansk \u00a0<\/a><\/h2>\n\n\n\n<div class=\"wp-block-post-excerpt\"><p class=\"wp-block-post-excerpt__excerpt\">I dette blogindl\u00e6g vil vi pr\u00e6sentere jer for How to dansk, som er\u00a0en l\u00e6ringsplatform der giver mulighed for at l\u00e6re den danske sprogkultur bedre at kende. \u00a0 Du kan finde How to dansk her: https:\/\/howtodansk.wordpress.com\/ &nbsp; I videoen gennemg\u00e5r vi How to dansk og de tanker vi har gjort os omkring de forskellige l\u00e6ringsmoduler. &nbsp;&hellip; <\/p><\/div>\n\n\n<hr class=\"wp-block-separator has-css-opacity\"\/>\n\n\n<div class=\"wp-block-post-date\"><time datetime=\"2024-05-17T11:10:52+01:00\">05\/17\/2024<\/time><\/div>\n<\/li><li class=\"wp-block-post post-203 post type-post status-publish format-standard hentry category-blogpost entry\">\n<h2 class=\"wp-block-post-title\"><a href=\"https:\/\/itdd.au.dk\/didaktisk-fusion\/2024\/04\/29\/develop-of-a-new-sprogkultur\/\" target=\"_self\" >Develop of a new sprogkultur<\/a><\/h2>\n\n\n\n<div class=\"wp-block-post-excerpt\"><p class=\"wp-block-post-excerpt__excerpt\">Hvad er kultur? Og hvad er sprog? Og hvordan h\u00e6nger det sammen? Dette er tre sp\u00f8rgsm\u00e5l, som har fyldt i vores develop-fase. Vi har i denne fase skulle agere i sp\u00e6ndingsfeltet mellem klassisk sprogindl\u00e6ring og Intercultural Communication og finde ud af hvilket ben, vi skal st\u00e5 p\u00e5 ift. vores endelige design. I virkeligheden fandt vi&hellip; <\/p><\/div>\n\n\n<hr class=\"wp-block-separator has-css-opacity\"\/>\n\n\n<div class=\"wp-block-post-date\"><time datetime=\"2024-04-29T10:40:31+01:00\">04\/29\/2024<\/time><\/div>\n<\/li><\/ul><\/div>\n<\/div>\n\n\n\n<div class=\"wp-block-column is-layout-flow wp-block-column-is-layout-flow\">\n<figure class=\"wp-block-embed is-type-wp-embed is-provider-didaktisk-fusion wp-block-embed-didaktisk-fusion\"><div class=\"wp-block-embed__wrapper\">\n<div class=\"oceanwp-oembed-wrap clr\"><blockquote class=\"wp-embedded-content\" data-secret=\"5BC9F28Rxk\"><a href=\"https:\/\/itdd.au.dk\/didaktisk-fusion\/2023\/09\/19\/hvem-er-didaktisk-fusion\/\">Hvem er Didaktisk Fusion?<\/a><\/blockquote><iframe loading=\"lazy\" class=\"wp-embedded-content\" sandbox=\"allow-scripts\" security=\"restricted\" style=\"position: absolute; clip: rect(1px, 1px, 1px, 1px);\" title=\"&#8220;Hvem er Didaktisk Fusion?&#8221; &#8212; Didaktisk fusion\" src=\"https:\/\/itdd.au.dk\/didaktisk-fusion\/2023\/09\/19\/hvem-er-didaktisk-fusion\/embed\/#?secret=eiLAKLZDHS#?secret=5BC9F28Rxk\" data-secret=\"5BC9F28Rxk\" width=\"600\" height=\"338\" frameborder=\"0\" marginwidth=\"0\" marginheight=\"0\" scrolling=\"no\"><\/iframe><\/div>\n<\/div><\/figure>\n<\/div>\n<\/div>\n","protected":false},"excerpt":{"rendered":"<p>Vi er gruppe studerende der l\u00e6se It, didaktisk design. Her kan du f\u00f8lge vores designprojekt om Nydansker og sprogtilegnelse. Du kan ogs\u00e5 l\u00e6se vores tidligere projekter i faget digitale l\u00e6ringskontekster<\/p>\n","protected":false},"author":9,"featured_media":0,"parent":0,"menu_order":0,"comment_status":"closed","ping_status":"closed","template":"","meta":{"footnotes":""},"class_list":["post-186","page","type-page","status-publish","hentry","entry"],"_links":{"self":[{"href":"https:\/\/itdd.au.dk\/didaktisk-fusion\/wp-json\/wp\/v2\/pages\/186","targetHints":{"allow":["GET"]}}],"collection":[{"href":"https:\/\/itdd.au.dk\/didaktisk-fusion\/wp-json\/wp\/v2\/pages"}],"about":[{"href":"https:\/\/itdd.au.dk\/didaktisk-fusion\/wp-json\/wp\/v2\/types\/page"}],"author":[{"embeddable":true,"href":"https:\/\/itdd.au.dk\/didaktisk-fusion\/wp-json\/wp\/v2\/users\/9"}],"replies":[{"embeddable":true,"href":"https:\/\/itdd.au.dk\/didaktisk-fusion\/wp-json\/wp\/v2\/comments?post=186"}],"version-history":[{"count":3,"href":"https:\/\/itdd.au.dk\/didaktisk-fusion\/wp-json\/wp\/v2\/pages\/186\/revisions"}],"predecessor-version":[{"id":189,"href":"https:\/\/itdd.au.dk\/didaktisk-fusion\/wp-json\/wp\/v2\/pages\/186\/revisions\/189"}],"wp:attachment":[{"href":"https:\/\/itdd.au.dk\/didaktisk-fusion\/wp-json\/wp\/v2\/media?parent=186"}],"curies":[{"name":"wp","href":"https:\/\/api.w.org\/{rel}","templated":true}]}}