{"id":588,"date":"2024-03-05T10:22:49","date_gmt":"2024-03-05T10:22:49","guid":{"rendered":"https:\/\/itdd.au.dk\/design26\/?page_id=588"},"modified":"2026-01-06T11:02:17","modified_gmt":"2026-01-06T11:02:17","slug":"reflect","status":"publish","type":"page","link":"https:\/\/itdd.au.dk\/design26\/reflect\/","title":{"rendered":"REFLECT"},"content":{"rendered":"\n<h1 class=\"wp-block-heading has-text-align-center\">REFLECT<\/h1>\n\n\n\n<h2 class=\"wp-block-heading\">Form\u00e5l<\/h2>\n\n\n\n<p>Form\u00e5let med REFLECT-fasen er i princippet at udarbejde den endelige l\u00f8sning af designudfordringen og formulere svaret p\u00e5 forskningssp\u00f8rgsm\u00e5let. I realiteten er der tale om den f\u00f8rste l\u00f8sning og det f\u00f8rste svar, der samtidig skal give anledning til at stille nye sp\u00f8rgsm\u00e5l til de tidligere faser, discover, define, develop og deliver. I denne fase reflekteres over det n\u00e6ste skridt i designprocessen, der fx kan v\u00e6re at vende tilbage til tidligere faser med nye sp\u00f8rgsm\u00e5l. I denne fase udarbejdes det endelige bud p\u00e5 en designl\u00f8sning og et svar p\u00e5 forskningssp\u00f8rgsm\u00e5let. Fokus for reflect er at begrunde og argumentere for designl\u00f8sningen og svaret p\u00e5 forskningssp\u00f8rgsm\u00e5l p\u00e5 baggrund af de tidligere faser.<\/p>\n\n\n\n<div class=\"wp-block-columns has-white-background-color has-background is-layout-flex wp-container-core-columns-is-layout-9d6595d7 wp-block-columns-is-layout-flex\">\n<div class=\"wp-block-column is-layout-flow wp-block-column-is-layout-flow\">\n<p><strong>Sp\u00f8rgsm\u00e5l til forskning<br><\/strong>\u2022 Hvordan besvares forskningssp\u00f8rgsm\u00e5let teoretisk\/begrebsligt (p\u00e5 baggrund af test af prototype)?<\/p>\n<\/div>\n\n\n\n<div class=\"wp-block-column is-layout-flow wp-block-column-is-layout-flow\">\n<p><strong>Sp\u00f8rgsm\u00e5l til design<br><\/strong>\u2022 Hvordan besvares designudfordringen gennem en designl\u00f8sning?<\/p>\n<\/div>\n<\/div>\n\n\n\n<hr class=\"wp-block-separator has-alpha-channel-opacity\"\/>\n\n\n\n<h2 class=\"wp-block-heading\">Reflect \/ Refleksion<\/h2>\n\n\n\n<p><em>Nedenst\u00e5ende figurerer viser eksempler p\u00e5 tilsvarende faser inden for forskellige designmodeller.<\/em><\/p>\n\n\n\n<figure class=\"wp-block-gallery has-nested-images columns-4 wp-block-gallery-1 is-layout-flex wp-block-gallery-is-layout-flex\">\n<figure class=\"wp-block-image size-large\"><a href=\"https:\/\/itdd.au.dk\/design26\/wp-content\/uploads\/sites\/49\/2024\/03\/Reflect1.png\"><img loading=\"lazy\" decoding=\"async\" width=\"842\" height=\"459\" data-id=\"721\" src=\"https:\/\/itdd.au.dk\/design26\/wp-content\/uploads\/sites\/49\/2024\/03\/Reflect1.png\" alt=\"\" class=\"wp-image-721\" srcset=\"https:\/\/itdd.au.dk\/design26\/wp-content\/uploads\/sites\/49\/2024\/03\/Reflect1.png 842w, https:\/\/itdd.au.dk\/design26\/wp-content\/uploads\/sites\/49\/2024\/03\/Reflect1-300x164.png 300w, https:\/\/itdd.au.dk\/design26\/wp-content\/uploads\/sites\/49\/2024\/03\/Reflect1-768x419.png 768w\" sizes=\"auto, (max-width: 842px) 100vw, 842px\" \/><\/a><figcaption class=\"wp-element-caption\">Framework for Innovation (2024)<\/figcaption><\/figure>\n\n\n\n<figure class=\"wp-block-image size-large\"><a href=\"https:\/\/itdd.au.dk\/design26\/wp-content\/uploads\/sites\/49\/2024\/03\/Reflect2.png\"><img loading=\"lazy\" decoding=\"async\" width=\"729\" height=\"476\" data-id=\"722\" src=\"https:\/\/itdd.au.dk\/design26\/wp-content\/uploads\/sites\/49\/2024\/03\/Reflect2.png\" alt=\"\" class=\"wp-image-722\" srcset=\"https:\/\/itdd.au.dk\/design26\/wp-content\/uploads\/sites\/49\/2024\/03\/Reflect2.png 729w, https:\/\/itdd.au.dk\/design26\/wp-content\/uploads\/sites\/49\/2024\/03\/Reflect2-300x196.png 300w\" sizes=\"auto, (max-width: 729px) 100vw, 729px\" \/><\/a><figcaption class=\"wp-element-caption\">Christensen, et al. (2012)<\/figcaption><\/figure>\n\n\n\n<figure class=\"wp-block-image size-large\"><a href=\"https:\/\/itdd.au.dk\/design26\/wp-content\/uploads\/sites\/49\/2024\/03\/Reflect3.png\"><img loading=\"lazy\" decoding=\"async\" width=\"824\" height=\"417\" data-id=\"720\" src=\"https:\/\/itdd.au.dk\/design26\/wp-content\/uploads\/sites\/49\/2024\/03\/Reflect3.png\" alt=\"\" class=\"wp-image-720\" srcset=\"https:\/\/itdd.au.dk\/design26\/wp-content\/uploads\/sites\/49\/2024\/03\/Reflect3.png 824w, https:\/\/itdd.au.dk\/design26\/wp-content\/uploads\/sites\/49\/2024\/03\/Reflect3-300x152.png 300w, https:\/\/itdd.au.dk\/design26\/wp-content\/uploads\/sites\/49\/2024\/03\/Reflect3-768x389.png 768w\" sizes=\"auto, (max-width: 824px) 100vw, 824px\" \/><\/a><figcaption class=\"wp-element-caption\">Institute of Design at Stanford (n.d.)<\/figcaption><\/figure>\n\n\n\n<figure class=\"wp-block-image size-large\"><a href=\"https:\/\/itdd.au.dk\/design26\/wp-content\/uploads\/sites\/49\/2024\/03\/Reflect4.png\"><img loading=\"lazy\" decoding=\"async\" width=\"787\" height=\"393\" data-id=\"723\" src=\"https:\/\/itdd.au.dk\/design26\/wp-content\/uploads\/sites\/49\/2024\/03\/Reflect4.png\" alt=\"\" class=\"wp-image-723\" srcset=\"https:\/\/itdd.au.dk\/design26\/wp-content\/uploads\/sites\/49\/2024\/03\/Reflect4.png 787w, https:\/\/itdd.au.dk\/design26\/wp-content\/uploads\/sites\/49\/2024\/03\/Reflect4-300x150.png 300w, https:\/\/itdd.au.dk\/design26\/wp-content\/uploads\/sites\/49\/2024\/03\/Reflect4-768x384.png 768w\" sizes=\"auto, (max-width: 787px) 100vw, 787px\" \/><\/a><figcaption class=\"wp-element-caption\">McKenney &amp; Reeves (2018)<\/figcaption><\/figure>\n<\/figure>\n\n\n\n<hr class=\"wp-block-separator has-alpha-channel-opacity\"\/>\n\n\n\n<h2 class=\"wp-block-heading\">Undervisningsaktiviteter<\/h2>\n\n\n\n<p class=\"has-black-color has-text-color has-background has-link-color wp-elements-205d162f703e0418e72e4574fb66354e\" style=\"background-color:#fdf1d2\">Seminar #5 d. 21. maj kl. 12.00-16.00<br>Vejledning d. 28. maj kl. 13.00-16.00<\/p>\n\n\n\n<hr class=\"wp-block-separator has-alpha-channel-opacity\"\/>\n\n\n\n<h2 class=\"wp-block-heading\">Designaktiviteter<\/h2>\n\n\n\n<p class=\"has-pale-cyan-blue-background-color has-background\"><strong>8. Designl\u00f8sning<\/strong><br>Svar p\u00e5 forskningssp\u00f8rgsm\u00e5let og designudfordringen (fx i form af designl\u00f8sning #2 eller evt. designprincipper #3). Det er samtidig blevet tid til at kigge tilbage p\u00e5 og reflektere over jeres designproces. Er I blevet f\u00e6rdige med designet, eller hvad er n\u00e6ste skridt? Skal I fx tilbage og gennemf\u00f8re en tidligere fase igen p\u00e5 en revideret m\u00e5de, eller skal I forfine jeres designl\u00f8sning. Beskriv, hvad I ville g\u00f8re som n\u00e6ste skridt, hvis I havde mere tid.<\/p>\n\n\n\n<p class=\"has-pale-pink-background-color has-background\"><strong>DEADLINE<\/strong><br>I forbindelse med aflevering af eksamensopgaven d. 4. juni<\/p>\n\n\n\n<hr class=\"wp-block-separator has-alpha-channel-opacity\"\/>\n\n\n\n<h2 class=\"wp-block-heading\">WordPress<\/h2>\n\n\n\n<p class=\"has-pale-cyan-blue-background-color has-background\"><strong>Indl\u00e6g (videopr\u00e6sentation)<\/strong><br>Endelig skal I nu til sidst lave et indl\u00e6g p\u00e5 gruppens WordPress-side, hvor I pr\u00e6senterer jeres endelige designl\u00f8sning og samtidig formulerer jeres bidrag til, hvordan vi kan designe til postdigital uddannelse (med andre ord et bud p\u00e5 et svar p\u00e5 forskningssp\u00f8rgsm\u00e5let). Dette indl\u00e6g er ligeledes udgangspunkt for jeres pr\u00e6sentation p\u00e5 det afsluttende webinar. Indl\u00e6gget skal indeholde en videopr\u00e6sentation af designl\u00f8sningen og have en form, der formidler jeres resultater til eksterne l\u00e6sere.<\/p>\n\n\n\n<p class=\"has-pale-pink-background-color has-background\"><strong>DEADLINE<\/strong><br>Mandag d. 1. juni kl. 12.00 (Indl\u00e6g)<\/p>\n\n\n\n<hr class=\"wp-block-separator has-alpha-channel-opacity\"\/>\n\n\n\n<h2 class=\"wp-block-heading\">Litteratur<\/h2>\n\n\n\n<p class=\"has-white-background-color has-background\"><em>Nedenst\u00e5ende litteratur introducerer til arbejdet med &#8216;reflect&#8217;.<\/em><\/p>\n\n\n\n<p class=\"has-background\" style=\"background-color:#beecbf\">McKenney, S., &amp; Reeves, T. (2019).&nbsp;Conducting educational design research. Routledge.&nbsp;<a href=\"https:\/\/soeg.kb.dk\/permalink\/45KBDK_KGL\/1pioq0f\/alma99124023353505763\">[KBlink]<\/a><br>&#8211; Kap. 6 (s. 161-198) (OBS! samme tekst som ved Deliver-fasen)<br><br>Bakker, A. (2018).&nbsp;Design research in education: A practical guide for early career researchers. Routledge.&nbsp;<a href=\"https:\/\/soeg.kb.dk\/permalink\/45KBDK_KGL\/1pioq0f\/alma99123084996605763\">[KBlink]<\/a><br>&#8211; kap. 5 (&#8220;Research quality in design research&#8221;)<\/p>\n\n\n\n<p class=\"has-background\" style=\"background-color:#beecbf\"><em><strong>Supplerende litteratur til refleksion<\/strong><\/em><br>Nathan, M. J. &amp; Sawyer, R. K. (2022). Foundations of Learning Sciences. In R. K. Sawyer (Ed.). The Cambridge Handbook of the Learning Sciences (Second Edition) (Chapter 2). Cambridge University Press: Cambridge, England, UK.&nbsp;<a href=\"https:\/\/soeg.kb.dk\/permalink\/45KBDK_KGL\/1pioq0f\/alma99124029946405763\">[KBlink]<\/a><br><br>O\u2019Neill, D. K. (2016). Understanding design research\u2013practice partnerships in context and time: Why learning sciences scholars should learn from cultural-historical activity theory approaches to design-based research. Journal of the Learning Sciences, 25(4), 497-502. <a href=\"https:\/\/doi.org\/10.1080\/10508406.2016.1226835\" target=\"_blank\" rel=\"noreferrer noopener\">https:\/\/doi.org\/10.1080\/10508406.2016.1226835<\/a>&nbsp;<a href=\"https:\/\/soeg.kb.dk\/permalink\/45KBDK_KGL\/1f0go08\/cdi_webofscience_primary_000386123000002CitationCount\">[KBlink]<\/a><\/p>\n","protected":false},"excerpt":{"rendered":"<p>REFLECT Form\u00e5l Form\u00e5let med REFLECT-fasen er i princippet at udarbejde den endelige l\u00f8sning af designudfordringen og formulere svaret p\u00e5 forskningssp\u00f8rgsm\u00e5let. I realiteten er der tale om den f\u00f8rste l\u00f8sning og det f\u00f8rste svar, der samtidig skal give anledning til at stille nye sp\u00f8rgsm\u00e5l til de tidligere faser, discover, define, develop og deliver. I denne fase [&hellip;]<\/p>\n","protected":false},"author":4,"featured_media":0,"parent":0,"menu_order":0,"comment_status":"closed","ping_status":"closed","template":"","meta":{"footnotes":""},"class_list":["post-588","page","type-page","status-publish","hentry","entry"],"_links":{"self":[{"href":"https:\/\/itdd.au.dk\/design26\/wp-json\/wp\/v2\/pages\/588","targetHints":{"allow":["GET"]}}],"collection":[{"href":"https:\/\/itdd.au.dk\/design26\/wp-json\/wp\/v2\/pages"}],"about":[{"href":"https:\/\/itdd.au.dk\/design26\/wp-json\/wp\/v2\/types\/page"}],"author":[{"embeddable":true,"href":"https:\/\/itdd.au.dk\/design26\/wp-json\/wp\/v2\/users\/4"}],"replies":[{"embeddable":true,"href":"https:\/\/itdd.au.dk\/design26\/wp-json\/wp\/v2\/comments?post=588"}],"version-history":[{"count":17,"href":"https:\/\/itdd.au.dk\/design26\/wp-json\/wp\/v2\/pages\/588\/revisions"}],"predecessor-version":[{"id":918,"href":"https:\/\/itdd.au.dk\/design26\/wp-json\/wp\/v2\/pages\/588\/revisions\/918"}],"wp:attachment":[{"href":"https:\/\/itdd.au.dk\/design26\/wp-json\/wp\/v2\/media?parent=588"}],"curies":[{"name":"wp","href":"https:\/\/api.w.org\/{rel}","templated":true}]}}