{"id":534,"date":"2024-03-04T13:16:19","date_gmt":"2024-03-04T13:16:19","guid":{"rendered":"https:\/\/itdd.au.dk\/design26\/?page_id=534"},"modified":"2026-02-16T10:50:42","modified_gmt":"2026-02-16T10:50:42","slug":"deliver","status":"publish","type":"page","link":"https:\/\/itdd.au.dk\/design26\/deliver\/","title":{"rendered":"DELIVER"},"content":{"rendered":"\n<h1 class=\"wp-block-heading has-text-align-center\">DELIVER<\/h1>\n\n\n\n<h2 class=\"wp-block-heading\">Form\u00e5l<\/h2>\n\n\n\n<p>Form\u00e5let med DELIVER-fasen er at iscenes\u00e6tte en f\u00f8rste udgave af designet i praksis og dermed gennemf\u00f8re en form for afpr\u00f8vning eller test, der skal kvalificere designet yderligere. I denne fase gennemf\u00f8res prototyping ved at udvikle en protoype eller mockup af designet og afpr\u00f8ve det med inddragelse af brugere.<\/p>\n\n\n\n<div class=\"wp-block-columns has-white-background-color has-background is-layout-flex wp-container-core-columns-is-layout-9d6595d7 wp-block-columns-is-layout-flex\">\n<div class=\"wp-block-column is-layout-flow wp-block-column-is-layout-flow\">\n<p><strong>Sp\u00f8rgsm\u00e5l til forskning<br><\/strong>\u2022 Hvad tilf\u00f8jer afpr\u00f8vningen af designl\u00f8sningen til eksisterende teorier og begreber?<\/p>\n<\/div>\n\n\n\n<div class=\"wp-block-column is-layout-flow wp-block-column-is-layout-flow\">\n<p><strong>Sp\u00f8rgsm\u00e5l til design<br><\/strong>\u2022 Hvordan er designl\u00f8sningen i praksis?<br>\u2022 Hvad fungerer ved designl\u00f8sningen, og hvad fungerer ikke?<\/p>\n<\/div>\n<\/div>\n\n\n\n<hr class=\"wp-block-separator has-alpha-channel-opacity\"\/>\n\n\n\n<h2 class=\"wp-block-heading\">Deliver \/ Intervention \/ Prototype &amp; Test \/ Evaluation<\/h2>\n\n\n\n<p><em>Nedenst\u00e5ende figurerer viser eksempler p\u00e5 tilsvarende faser inden for forskellige designmodeller.<\/em><\/p>\n\n\n\n<figure class=\"wp-block-gallery has-nested-images columns-4 wp-block-gallery-1 is-layout-flex wp-block-gallery-is-layout-flex\">\n<figure class=\"wp-block-image size-large\"><a href=\"https:\/\/itdd.au.dk\/design26\/wp-content\/uploads\/sites\/49\/2024\/03\/Deliver1.png\"><img loading=\"lazy\" decoding=\"async\" width=\"770\" height=\"481\" data-id=\"712\" src=\"https:\/\/itdd.au.dk\/design26\/wp-content\/uploads\/sites\/49\/2024\/03\/Deliver1.png\" alt=\"\" class=\"wp-image-712\" srcset=\"https:\/\/itdd.au.dk\/design26\/wp-content\/uploads\/sites\/49\/2024\/03\/Deliver1.png 770w, https:\/\/itdd.au.dk\/design26\/wp-content\/uploads\/sites\/49\/2024\/03\/Deliver1-300x187.png 300w, https:\/\/itdd.au.dk\/design26\/wp-content\/uploads\/sites\/49\/2024\/03\/Deliver1-768x480.png 768w\" sizes=\"auto, (max-width: 770px) 100vw, 770px\" \/><\/a><figcaption class=\"wp-element-caption\">Framework for Innovation (2024)<\/figcaption><\/figure>\n\n\n\n<figure class=\"wp-block-image size-large\"><a href=\"https:\/\/itdd.au.dk\/design26\/wp-content\/uploads\/sites\/49\/2024\/03\/Deliver2.png\"><img loading=\"lazy\" decoding=\"async\" width=\"754\" height=\"482\" data-id=\"714\" src=\"https:\/\/itdd.au.dk\/design26\/wp-content\/uploads\/sites\/49\/2024\/03\/Deliver2.png\" alt=\"\" class=\"wp-image-714\" srcset=\"https:\/\/itdd.au.dk\/design26\/wp-content\/uploads\/sites\/49\/2024\/03\/Deliver2.png 754w, https:\/\/itdd.au.dk\/design26\/wp-content\/uploads\/sites\/49\/2024\/03\/Deliver2-300x192.png 300w\" sizes=\"auto, (max-width: 754px) 100vw, 754px\" \/><\/a><figcaption class=\"wp-element-caption\">Christensen, et al. (2012)<\/figcaption><\/figure>\n\n\n\n<figure class=\"wp-block-image size-large\"><img loading=\"lazy\" decoding=\"async\" width=\"727\" height=\"420\" data-id=\"736\" src=\"https:\/\/itdd.au.dk\/design26\/wp-content\/uploads\/sites\/49\/2024\/03\/Deliver3-2.png\" alt=\"\" class=\"wp-image-736\" srcset=\"https:\/\/itdd.au.dk\/design26\/wp-content\/uploads\/sites\/49\/2024\/03\/Deliver3-2.png 727w, https:\/\/itdd.au.dk\/design26\/wp-content\/uploads\/sites\/49\/2024\/03\/Deliver3-2-300x173.png 300w\" sizes=\"auto, (max-width: 727px) 100vw, 727px\" \/><figcaption class=\"wp-element-caption\">Institute of Design at Stanford (n.d.)<\/figcaption><\/figure>\n\n\n\n<figure class=\"wp-block-image size-large\"><a href=\"https:\/\/itdd.au.dk\/design26\/wp-content\/uploads\/sites\/49\/2024\/03\/Deliver4.png\"><img loading=\"lazy\" decoding=\"async\" width=\"772\" height=\"399\" data-id=\"713\" src=\"https:\/\/itdd.au.dk\/design26\/wp-content\/uploads\/sites\/49\/2024\/03\/Deliver4.png\" alt=\"\" class=\"wp-image-713\" srcset=\"https:\/\/itdd.au.dk\/design26\/wp-content\/uploads\/sites\/49\/2024\/03\/Deliver4.png 772w, https:\/\/itdd.au.dk\/design26\/wp-content\/uploads\/sites\/49\/2024\/03\/Deliver4-300x155.png 300w, https:\/\/itdd.au.dk\/design26\/wp-content\/uploads\/sites\/49\/2024\/03\/Deliver4-768x397.png 768w\" sizes=\"auto, (max-width: 772px) 100vw, 772px\" \/><\/a><figcaption class=\"wp-element-caption\">McKenney &amp; Reeves (2018)<\/figcaption><\/figure>\n<\/figure>\n\n\n\n<hr class=\"wp-block-separator has-alpha-channel-opacity\"\/>\n\n\n\n<h2 class=\"wp-block-heading\">Undervisningsaktiviteter<\/h2>\n\n\n\n<p class=\"has-black-color has-text-color has-background has-link-color wp-elements-ce351e79b4719352ab7684c701ac47f7\" style=\"background-color:#fdf1d2\">Seminar #4 d. 29. april kl. 12.00-16.00<br>Workshop #4 d. 30. april kl. 13.00-16.00<br>Vejledning d. 5. maj kl. 13.00-16.00<br>Underviserfeedback d. 18.-19. maj<\/p>\n\n\n\n<p class=\"has-background\" style=\"background-color:#e5d1a2\"><strong>Teknologiworkshop<\/strong><br>I Deliver-fasen s\u00e6tter vi fokus p\u00e5, hvordan digitale teknologier kan anvendes til prototyping.<br>L\u00e6s detaljer om <a href=\"https:\/\/itdd.au.dk\/lab\/workshop-prototyping\/\" target=\"_blank\" rel=\"noreferrer noopener\">Workshop #4: Prototyping<\/a><\/p>\n\n\n\n<hr class=\"wp-block-separator has-alpha-channel-opacity\"\/>\n\n\n\n<h2 class=\"wp-block-heading\">Designaktiviteter<\/h2>\n\n\n\n<p class=\"has-pale-cyan-blue-background-color has-background\"><strong>7. Prototyping<\/strong><br>Prototyping best\u00e5r af to delaktiviteter.<br>A) Gennemf\u00f8r prototyping ved at udarbejde en skitse til designl\u00f8sning #1. Designl\u00f8sningen har form af en prototype eller en mock-up, der skal kunne anvendes til at afpr\u00f8ve l\u00f8sningen. Tag billeder af jeres prototype eller mockup, herunder gerne billeder af skitser og inspiration, som har haft indflydelse p\u00e5 den endelige prototype\/mock-up.<br>B) Foretag dern\u00e6st en afpr\u00f8vning eller test af designl\u00f8sning #1 (prototype\/mock-up) med inddragelse af brugere. Tag ogs\u00e5 billeder (uden ansigter) fra jeres test. L\u00e6g billederne i vores <a href=\"https:\/\/miro.com\/app\/board\/uXjVI8BNWXY=\/?share_link_id=179024463039\">Miro<\/a>.<br>I projektdokumentet skal I freml\u00e6gge, dokumentere og redeg\u00f8re for jeres prototyping.<br>Diskut\u00e9r ogs\u00e5 gerne forsknings- og designsp\u00f8rgsm\u00e5lene: Hvad tilf\u00f8jer afpr\u00f8vningen af designl\u00f8sning til eksisterende teorier og begreber? og Hvordan virker designl\u00f8sningen i praksis?<\/p>\n\n\n\n<p class=\"has-pale-pink-background-color has-background\"><strong>DEADLINE<\/strong><br>Mandag d. 18. maj kl. 12.00 (I &#8216;Designprojekt&#8217;-dokumentet i OneDrive under afsnittet &#8216;Prototype\/Test&#8217;.)<\/p>\n\n\n\n<hr class=\"wp-block-separator has-alpha-channel-opacity\"\/>\n\n\n\n<h2 class=\"wp-block-heading\">WordPress<\/h2>\n\n\n\n<p class=\"has-pale-cyan-blue-background-color has-background\"><strong>a) Indl\u00e6g<\/strong><br>Udarbejd et indl\u00e6g, hvor I pr\u00e6senterer og demonstrerer jeres prototype og freml\u00e6gger erfaringerne og resultaterne fra jeres brugerinddragelse. Dette indl\u00e6g skal prim\u00e6rt henvende sig til jeres studiekammerater og undervisere \u2013 fortsat i en \u00e5ben, diskuterende og sp\u00f8rgende form.<\/p>\n\n\n\n<p class=\"has-pale-cyan-blue-background-color has-background\"><strong>b) Kommentarer<\/strong><br>L\u00e6s de \u00f8vrige gruppers indl\u00e6g. P\u00e5 seminar #5 skal I kommentere mundtligt p\u00e5 hinandens indl\u00e6g. T\u00e6nk samtidig p\u00e5, om I selv kan bruge noget fra de indl\u00e6g, I l\u00e6ser, i jeres eget designprojekt.<\/p>\n\n\n\n<p class=\"has-pale-pink-background-color has-background\"><strong>DEADLINE<\/strong>S<br>Mandag d. 18. maj kl. 12.00 (Indl\u00e6g)<\/p>\n\n\n\n<hr class=\"wp-block-separator has-alpha-channel-opacity\"\/>\n\n\n\n<iframe loading=\"lazy\" width=\"768\" height=\"432\" src=\"https:\/\/miro.com\/app\/live-embed\/uXjVJnyLt6g=\/?embedMode=view_only_without_ui&#038;moveToViewport=-700,-441,1400,880&#038;embedId=545209122704\" frameborder=\"0\" scrolling=\"no\" allow=\"fullscreen; clipboard-read; clipboard-write\" allowfullscreen><\/iframe>\n\n\n\n<h2 class=\"wp-block-heading\">Litteratur<\/h2>\n\n\n\n<p class=\"has-white-background-color has-background\"><em>Nedenst\u00e5ende litteratur introducerer til arbejdet med &#8216;deliver&#8217; med s\u00e6rligt fokus p\u00e5 metoder til &#8216;prototyping&#8217;.<\/em><\/p>\n\n\n\n<p class=\"has-background\" style=\"background-color:#beecbf\"><strong><em>Educational Design Research<\/em><\/strong><br>(Uddrag af) McKenney, S., &amp; Reeves, T. (2019).&nbsp;Conducting educational design research. Routledge.&nbsp;<a href=\"https:\/\/soeg.kb.dk\/permalink\/45KBDK_KGL\/1pioq0f\/alma99124023353505763\">[KBlink]<\/a><br>&#8211; Kap. 6 (s. 161-198)<br><br>Stage 4 in the Design Thinking Process: Prototype. <a href=\"https:\/\/www.interaction-design.org\/literature\/article\/stage-4-in-the-design-thinking-process-prototype\" target=\"_blank\" rel=\"noreferrer noopener\">HTML<\/a><br><br>Stage 5 in the Design Thinking Process: Test. <a href=\"https:\/\/www.interaction-design.org\/literature\/article\/stage-5-in-the-design-thinking-process-test\" target=\"_blank\" rel=\"noreferrer noopener\">HTML<\/a><\/p>\n\n\n\n<p class=\"has-background\" style=\"background-color:#beecbf\"><strong><em>Metoder<\/em><\/strong><br>Design method toolkit. <a href=\"https:\/\/toolkits.dss.cloud\/design\/\" target=\"_blank\" rel=\"noreferrer noopener\">HTML<\/a><br><br>Designkit. <a href=\"https:\/\/www.designkit.org\/methods.html\" target=\"_blank\" rel=\"noreferrer noopener\">HTML<\/a><br><br>Floyd, C. (1984). A systematic look at prototyping. In&nbsp;Approaches to prototyping&nbsp;(pp. 1-18). Springer Berlin Heidelberg. <a href=\"https:\/\/link.springer.com\/chapter\/10.1007\/978-3-642-69796-8_1\" target=\"_blank\" rel=\"noreferrer noopener\">https:\/\/link.springer.com\/chapter\/10.1007\/978-3-642-69796-8_1<\/a> <a href=\"https:\/\/soeg.kb.dk\/permalink\/45KBDK_KGL\/1f0go08\/cdi_springer_books_10_1007_978_3_642_69796_8_1\">[KBlink]<\/a><br><br>Camburn, B., Viswanathan, V., Linsey, J., Anderson, D., Jensen, D., Crawford, R., . . . Wood, K. (2017). Design prototyping methods: State of the art in strategies, techniques, and guidelines.&nbsp;Design Science,&nbsp;3, E13. <a href=\"https:\/\/doi.org\/10.1017\/dsj.2017.10\" target=\"_blank\" rel=\"noreferrer noopener\">https:\/\/doi.org\/10.1017\/dsj.2017.10<\/a>&nbsp;<a href=\"https:\/\/soeg.kb.dk\/permalink\/45KBDK_KGL\/1f0go08\/cdi_doaj_primary_oai_doaj_org_article_7933fe348d664603b25c2bd0b93c649f\">[KBlink]<\/a><br><br>Alan Dix and Layda Gongora. (2011). Externalisation and design. In Procedings of the Second Conference on Creativity and Innovation in Design (DESIRE &#8217;11). Association for Computing Machinery, New York, NY, USA, 31\u201342.&nbsp;<a href=\"https:\/\/soeg.kb.dk\/permalink\/45KBDK_KGL\/1f0go08\/cdi_acm_books_10_1145_2079216_2079220_brief\">[KBlink]<\/a><br><br>Lim, Y.-K., Stolterman, E., and Tenenberg, J. (2008). The anatomy of prototypes: Prototypes as filters, prototypes as manifestations of design ideas. ACM Trans. Comput.-Hum. Interact. 15, 2, Article 7 (July 2008). <a href=\"https:\/\/dl.acm.org\/doi\/abs\/10.1145\/1375761.1375762\" target=\"_blank\" rel=\"noreferrer noopener\">https:\/\/dl.acm.org\/doi\/abs\/10.1145\/1375761.1375762<\/a>&nbsp;<a href=\"https:\/\/soeg.kb.dk\/permalink\/45KBDK_KGL\/1f0go08\/cdi_crossref_citationtrail_10_1145_1375761_1375762\">[KBlink]<\/a><br><br>Parra Pennefather, P. (2023). Prototyping with Generative AI. In Creative Prototyping with Generative AI: Augmenting Creative Workflows with Generative AI (pp. 109-143). Berkeley, CA: Apress. <a href=\"https:\/\/link.springer.com\/chapter\/10.1007\/978-1-4842-9579-3_5\">https:\/\/link.springer.com\/chapter\/10.1007\/978-1-4842-9579-3_5<\/a>&nbsp; <a href=\"https:\/\/soeg.kb.dk\/permalink\/45KBDK_KGL\/1pioq0f\/alma99125090999605763\">[KBlink]<\/a><br><br><em>Supplerende<br><\/em>Introduktion til en bog:<br>Koskinen, Ilpo (2011) Design Research Through Practice: From the Lab, Field, and Showroom. Elsevier Science &amp; Technology. Kap. 8. <a href=\"https:\/\/doi.org\/10.1109\/TPC.2013.2274109\" target=\"_blank\" rel=\"noreferrer noopener\">https:\/\/doi.org\/10.1109\/TPC.2013.2274109<\/a>&nbsp;<a href=\"https:\/\/soeg.kb.dk\/permalink\/45KBDK_KGL\/1pioq0f\/alma99123008548005763\">[KBlink]<\/a><\/p>\n","protected":false},"excerpt":{"rendered":"<p>DELIVER Form\u00e5l Form\u00e5let med DELIVER-fasen er at iscenes\u00e6tte en f\u00f8rste udgave af designet i praksis og dermed gennemf\u00f8re en form for afpr\u00f8vning eller test, der skal kvalificere designet yderligere. I denne fase gennemf\u00f8res prototyping ved at udvikle en protoype eller mockup af designet og afpr\u00f8ve det med inddragelse af brugere. Sp\u00f8rgsm\u00e5l til forskning\u2022 Hvad tilf\u00f8jer [&hellip;]<\/p>\n","protected":false},"author":4,"featured_media":0,"parent":0,"menu_order":0,"comment_status":"closed","ping_status":"closed","template":"","meta":{"footnotes":""},"class_list":["post-534","page","type-page","status-publish","hentry","entry"],"_links":{"self":[{"href":"https:\/\/itdd.au.dk\/design26\/wp-json\/wp\/v2\/pages\/534","targetHints":{"allow":["GET"]}}],"collection":[{"href":"https:\/\/itdd.au.dk\/design26\/wp-json\/wp\/v2\/pages"}],"about":[{"href":"https:\/\/itdd.au.dk\/design26\/wp-json\/wp\/v2\/types\/page"}],"author":[{"embeddable":true,"href":"https:\/\/itdd.au.dk\/design26\/wp-json\/wp\/v2\/users\/4"}],"replies":[{"embeddable":true,"href":"https:\/\/itdd.au.dk\/design26\/wp-json\/wp\/v2\/comments?post=534"}],"version-history":[{"count":43,"href":"https:\/\/itdd.au.dk\/design26\/wp-json\/wp\/v2\/pages\/534\/revisions"}],"predecessor-version":[{"id":936,"href":"https:\/\/itdd.au.dk\/design26\/wp-json\/wp\/v2\/pages\/534\/revisions\/936"}],"wp:attachment":[{"href":"https:\/\/itdd.au.dk\/design26\/wp-json\/wp\/v2\/media?parent=534"}],"curies":[{"name":"wp","href":"https:\/\/api.w.org\/{rel}","templated":true}]}}