{"id":532,"date":"2024-03-04T13:16:04","date_gmt":"2024-03-04T13:16:04","guid":{"rendered":"https:\/\/itdd.au.dk\/design26\/?page_id=532"},"modified":"2026-04-09T10:53:17","modified_gmt":"2026-04-09T10:53:17","slug":"develop","status":"publish","type":"page","link":"https:\/\/itdd.au.dk\/design26\/develop\/","title":{"rendered":"DEVELOP"},"content":{"rendered":"\n<h1 class=\"wp-block-heading has-text-align-center\">DEVELOP<\/h1>\n\n\n\n<h2 class=\"wp-block-heading\">Form\u00e5l<\/h2>\n\n\n\n<p>Form\u00e5let med DEVELOP-fasen er at p\u00e5begynde udviklingen af designet, og fasen har i f\u00f8rste omgang fokus p\u00e5 id\u00e9udvikling (Ideation). I denne fase gennemf\u00f8res aktiviteter for id\u00e9udvikling, hvor der inddrages potentielle brugere fra dom\u00e6net eller praksissen. P\u00e5 baggrund af resultaterne fra brugerinddragelsen og tidligere udviklede designprincipper udarbejdes nye (eller en revideret version) af designprincipper, der skal danne udgangspunkt for udviklingen af designl\u00f8sning #1 (i form af en protoype eller mock-up).<\/p>\n\n\n\n<div class=\"wp-block-columns has-white-background-color has-background is-layout-flex wp-container-core-columns-is-layout-9d6595d7 wp-block-columns-is-layout-flex\">\n<div class=\"wp-block-column is-layout-flow wp-block-column-is-layout-flow\">\n<p><strong>Sp\u00f8rgsm\u00e5l til forskning<br><\/strong>\u2022 Hvilke teorier og begreber er relevante for at besvare forskningssp\u00f8rgsm\u00e5lene?<\/p>\n<\/div>\n\n\n\n<div class=\"wp-block-column is-layout-flow wp-block-column-is-layout-flow\">\n<p><strong>Sp\u00f8rgsm\u00e5l til design<br><\/strong>\u2022 Hvilke id\u00e9er er der til en designl\u00f8sning?<br>\u2022 Hvordan ser designet ud?<\/p>\n<\/div>\n<\/div>\n\n\n\n<hr class=\"wp-block-separator has-alpha-channel-opacity\"\/>\n\n\n\n<h2 class=\"wp-block-heading\">Develop \/ Lab \/ Ideate \/ Design &amp; Construction<\/h2>\n\n\n\n<p><em>Nedenst\u00e5ende figurerer viser eksempler p\u00e5 tilsvarende faser inden for forskellige designmodeller.<\/em><\/p>\n\n\n\n<figure class=\"wp-block-gallery has-nested-images columns-4 wp-block-gallery-1 is-layout-flex wp-block-gallery-is-layout-flex\">\n<figure class=\"wp-block-image size-large\"><a href=\"https:\/\/itdd.au.dk\/design26\/wp-content\/uploads\/sites\/49\/2024\/03\/Develop1.png\"><img loading=\"lazy\" decoding=\"async\" width=\"772\" height=\"478\" data-id=\"703\" src=\"https:\/\/itdd.au.dk\/design26\/wp-content\/uploads\/sites\/49\/2024\/03\/Develop1.png\" alt=\"\" class=\"wp-image-703\" srcset=\"https:\/\/itdd.au.dk\/design26\/wp-content\/uploads\/sites\/49\/2024\/03\/Develop1.png 772w, https:\/\/itdd.au.dk\/design26\/wp-content\/uploads\/sites\/49\/2024\/03\/Develop1-300x186.png 300w, https:\/\/itdd.au.dk\/design26\/wp-content\/uploads\/sites\/49\/2024\/03\/Develop1-768x476.png 768w\" sizes=\"auto, (max-width: 772px) 100vw, 772px\" \/><\/a><figcaption class=\"wp-element-caption\">Framework for Innovation (2024)<\/figcaption><\/figure>\n\n\n\n<figure class=\"wp-block-image size-large\"><a href=\"https:\/\/itdd.au.dk\/design26\/wp-content\/uploads\/sites\/49\/2024\/03\/Develop2.png\"><img loading=\"lazy\" decoding=\"async\" width=\"748\" height=\"486\" data-id=\"705\" src=\"https:\/\/itdd.au.dk\/design26\/wp-content\/uploads\/sites\/49\/2024\/03\/Develop2.png\" alt=\"\" class=\"wp-image-705\" srcset=\"https:\/\/itdd.au.dk\/design26\/wp-content\/uploads\/sites\/49\/2024\/03\/Develop2.png 748w, https:\/\/itdd.au.dk\/design26\/wp-content\/uploads\/sites\/49\/2024\/03\/Develop2-300x195.png 300w\" sizes=\"auto, (max-width: 748px) 100vw, 748px\" \/><\/a><figcaption class=\"wp-element-caption\">Christensen, et al. (2012)<\/figcaption><\/figure>\n\n\n\n<figure class=\"wp-block-image size-large\"><a href=\"https:\/\/itdd.au.dk\/design26\/wp-content\/uploads\/sites\/49\/2024\/03\/Develop3.png\"><img loading=\"lazy\" decoding=\"async\" width=\"718\" height=\"409\" data-id=\"706\" src=\"https:\/\/itdd.au.dk\/design26\/wp-content\/uploads\/sites\/49\/2024\/03\/Develop3.png\" alt=\"\" class=\"wp-image-706\" srcset=\"https:\/\/itdd.au.dk\/design26\/wp-content\/uploads\/sites\/49\/2024\/03\/Develop3.png 718w, https:\/\/itdd.au.dk\/design26\/wp-content\/uploads\/sites\/49\/2024\/03\/Develop3-300x171.png 300w\" sizes=\"auto, (max-width: 718px) 100vw, 718px\" \/><\/a><figcaption class=\"wp-element-caption\">Institute of Design at Stanford (n.d.)<\/figcaption><\/figure>\n\n\n\n<figure class=\"wp-block-image size-large\"><a href=\"https:\/\/itdd.au.dk\/design26\/wp-content\/uploads\/sites\/49\/2024\/03\/Develop4.png\"><img loading=\"lazy\" decoding=\"async\" width=\"761\" height=\"409\" data-id=\"704\" src=\"https:\/\/itdd.au.dk\/design26\/wp-content\/uploads\/sites\/49\/2024\/03\/Develop4.png\" alt=\"\" class=\"wp-image-704\" srcset=\"https:\/\/itdd.au.dk\/design26\/wp-content\/uploads\/sites\/49\/2024\/03\/Develop4.png 761w, https:\/\/itdd.au.dk\/design26\/wp-content\/uploads\/sites\/49\/2024\/03\/Develop4-300x161.png 300w\" sizes=\"auto, (max-width: 761px) 100vw, 761px\" \/><\/a><figcaption class=\"wp-element-caption\">McKenney &amp; Reeves (2018)<\/figcaption><\/figure>\n<\/figure>\n\n\n\n<hr class=\"wp-block-separator has-alpha-channel-opacity\"\/>\n\n\n\n<h2 class=\"wp-block-heading\">Undervisningsaktiviteter<\/h2>\n\n\n\n<p class=\"has-black-color has-text-color has-background has-link-color wp-elements-3a575f2e681c6cccac4565b37be99442\" style=\"background-color:#fdf1d2\">Seminar #3 d. 9. april kl. 12.00-16.00<br>Workshop #3 d. 10. april kl. 12.00-15.00<br>\u2013 L\u00e6s detaljer om workshoppen &#8216;<a href=\"https:\/\/itdd.au.dk\/lab\/workshop-creativity-and-ideation-support\/\">Tools for Creativity&#8217;<\/a><br>Vejledning d. 16. april kl. 13.00-16.00<br>Underviserfeedback d. 27.-28. april<\/p>\n\n\n\n<p class=\"has-background\" style=\"background-color:#e5d1a2\"><strong>Teknologiworkshop<\/strong><br>I Develop-fasen s\u00e6tter vi fokus p\u00e5, hvordan digitale teknologier kan underst\u00f8tte processer for kreativitet og id\u00e9udvikling.<br>L\u00e6s detaljer om <a href=\"https:\/\/itdd.au.dk\/lab\/workshop-creativity-and-ideation-support\/\" target=\"_blank\" rel=\"noreferrer noopener\">Workshop #3: Tools for creativity<\/a><\/p>\n\n\n\n<hr class=\"wp-block-separator has-alpha-channel-opacity\"\/>\n\n\n\n<h2 class=\"wp-block-heading\">Designaktiviteter<\/h2>\n\n\n\n<p class=\"has-pale-cyan-blue-background-color has-background\"><strong>5. Id\u00e9udvikling<\/strong><br>Planl\u00e6g og gennemf\u00f8r id\u00e9udviklingsaktiviteter med inddragelse af brugere. Tag billeder (uden ansigter) fra jeres id\u00e9udviklingsaktiviteter og l\u00e6g dem i dette <a href=\"https:\/\/miro.com\/app\/board\/uXjVIH0BKus=\/?share_link_id=144677087053\">Miro-board<\/a>.<br>I projektdokumentet skal I argumentere for, freml\u00e6gge, dokumentere og redeg\u00f8re for jeres id\u00e9udviklingsaktiviteter. Husk at argumentere for jeres valg af metode til id\u00e9udvikling gennem designteorier og -metoder. Beskriv og argumenter ogs\u00e5 gerne for jeres valg af (digitale) v\u00e6rkt\u00f8jer til at underst\u00f8tte id\u00e9udvikling.<\/p>\n\n\n\n<p class=\"has-pale-cyan-blue-background-color has-background\"><strong>6. Designprincipper #2<\/strong><br>Udarbejd p\u00e5 baggrund af den brugerinddragende id\u00e9udvikling nye designprincipper #2, der skal have form af en revision (og supplement) af designprincipper #1. Designprincipperne skal give et forel\u00f8bigt bud p\u00e5, hvordan man designer til postdigital uddannelse.<br>Inddrag her ogs\u00e5 gerne relevante teorier og begreber fra modulerne Digital l\u00e6ringskontekster og Digitale teknologier. Findes der her fx teorier om l\u00e6ring og teknologier, som er relevante at inddrage i udarbejdelsen af jeres designprincipper?<br>I projektdokumentet skal I freml\u00e6gge jeres designprincipper #2 og beskrive, hvordan I er kommet frem til dem p\u00e5 baggrund af id\u00e9udviklingsaktiviteterne og p\u00e5 baggrund af teori<br><strong>Refleksion<\/strong>: Tag gerne et kig p\u00e5 jeres designudfordring og forskningssp\u00f8rgsm\u00e5l. Har I opn\u00e5et en indsigt, der g\u00f8r, at de skal omformuleres?<\/p>\n\n\n\n<p class=\"has-pale-pink-background-color has-background\"><strong>DEADLINE<\/strong><br>Fredag d. 24. april kl. 12.00 (I &#8216;Designprojekt&#8217;-dokumentet i OneDrive under afsnittet &#8216;Develop\/Ideate&#8217;.)<\/p>\n\n\n\n<hr class=\"wp-block-separator has-alpha-channel-opacity\"\/>\n\n\n\n<h2 class=\"wp-block-heading\">WordPress<\/h2>\n\n\n\n<p class=\"has-pale-cyan-blue-background-color has-background\"><strong>a) Indl\u00e6g<\/strong><br><em><strong>OBS!<\/strong> Det er \u00e5bent, hvordan I fortolker dette indl\u00e6g. Skriv gerne, hvad der giver mest mening at formidle fra jeres projekt!<\/em><br>Skriv et indl\u00e6g p\u00e5 gruppens WordPress-side, hvor I freml\u00e6gger jeres samlede id\u00e9er til designprincipper og udpeger, hvordan de l\u00e6gger op til design til postdigital uddannelse. Dette indl\u00e6g skal have en form, der formidler jeres nuv\u00e6rende id\u00e9er og tanker til eksterne l\u00e6sere. I skal skrive indl\u00e6gget, s\u00e5 det vil v\u00e6re velegnet til et fagligt netv\u00e6rk (s\u00e5som LinkedIn). Husk stadig at v\u00e6re \u00e5ben, diskuterende og sp\u00f8rgende i jeres indl\u00e6g.<\/p>\n\n\n\n<p class=\"has-pale-cyan-blue-background-color has-background\"><strong>b) Kommentarer<\/strong><br>Komment\u00e9r individuelt p\u00e5 1-2 af de \u00f8vrige gruppers WordPress-indl\u00e6g. Skriv jeres umiddelbare tanker, stil sp\u00f8rgsm\u00e5l og kom gerne med id\u00e9er eller forslag ud fra jeres eget projekt. T\u00e6nk samtidig p\u00e5, om I selv kan bruge noget fra de indl\u00e6g, I l\u00e6ser. Fordel de \u00f8vrige gruppers indl\u00e6g mellem jer internt i gruppen, s\u00e5ledes at I f\u00e5r l\u00e6st og kommenteret flest mulige grupper.<\/p>\n\n\n\n<p class=\"has-pale-pink-background-color has-background\"><strong>DEADLINE<\/strong>S<br>Mandag d. 27. april kl. 12.00 (Indl\u00e6g)<br>Tirsdag d. 28. april kl. 12.00 (Kommentarer)<\/p>\n\n\n\n<hr class=\"wp-block-separator has-alpha-channel-opacity\"\/>\n\n\n\n<iframe loading=\"lazy\" width=\"768\" height=\"432\" src=\"https:\/\/miro.com\/app\/live-embed\/uXjVJnyQdCs=\/?embedMode=view_only_without_ui&#038;moveToViewport=-700,-441,1400,880&#038;embedId=750574101204\" frameborder=\"0\" scrolling=\"no\" allow=\"fullscreen; clipboard-read; clipboard-write\" allowfullscreen><\/iframe>\n\n\n\n<h2 class=\"wp-block-heading\">Litteratur<\/h2>\n\n\n\n<p class=\"has-white-background-color has-background\"><em>Nedenst\u00e5ende litteratur introducerer til arbejdet med &#8216;develop&#8217; og &#8216;ideation, herunder specifikke designmetoder og mere overordnede designtilgange.<\/em><\/p>\n\n\n\n<p class=\"has-background\" style=\"background-color:#beecbf\"><strong><em>Educational Design Research<\/em><\/strong><br>(Uddrag af) McKenney, S., &amp; Reeves, T. (2019).&nbsp;Conducting educational design research. Routledge.&nbsp;<a href=\"https:\/\/soeg.kb.dk\/permalink\/45KBDK_KGL\/1pioq0f\/alma99124023353505763\">[KBlink]<\/a><br>&#8211; Kap. 5 (s. 126-160)<\/p>\n\n\n\n<p class=\"has-background\" style=\"background-color:#beecbf\"><strong><em>Design Thinking<br><\/em><\/strong>Stage 3 in the Design Thinking Process: Ideate. <a href=\"https:\/\/www.interaction-design.org\/literature\/article\/stage-3-in-the-design-thinking-process-ideate\" target=\"_blank\" rel=\"noreferrer noopener\">HTML<\/a><\/p>\n\n\n\n<p class=\"has-background\" style=\"background-color:#beecbf\"><strong><em>Litteratur om designmetoder<\/em><\/strong><br>Design method toolkit. <a href=\"https:\/\/toolkits.dss.cloud\/design\/\" target=\"_blank\" rel=\"noreferrer noopener\">HTML.<\/a><br><br>Designkit. <a href=\"https:\/\/www.designkit.org\/methods.html\" target=\"_blank\" rel=\"noreferrer noopener\">HTML<\/a><br><br>Lucero, A., Dalsgaard, P., Halskov, K., &amp; Buur, J. (2016). Designing with cards.&nbsp;Collaboration in creative design: Methods and tools, 75-95. <a href=\"https:\/\/link.springer.com\/chapter\/10.1007\/978-3-319-29155-0_5\" target=\"_blank\" rel=\"noreferrer noopener\">https:\/\/link.springer.com\/chapter\/10.1007\/978-3-319-29155-0_5<\/a>&nbsp;<a href=\"https:\/\/soeg.kb.dk\/permalink\/45KBDK_KGL\/1f0go08\/cdi_springer_books_10_1007_978_3_319_29155_0_5\">[KBlink]<\/a><br><br>Halskov &amp; Dalsgaard (2006). Inspiration Card Workshop. <a href=\"https:\/\/dl.acm.org\/doi\/abs\/10.1145\/1142405.1142409\" target=\"_blank\" rel=\"noreferrer noopener\">https:\/\/dl.acm.org\/doi\/abs\/10.1145\/1142405.1142409<\/a>&nbsp;<a href=\"https:\/\/soeg.kb.dk\/permalink\/45KBDK_KGL\/1f0go08\/cdi_acm_books_10_1145_1142405_1142409_brief\">[KBlink]<\/a><\/p>\n\n\n\n<p class=\"has-background\" style=\"background-color:#beecbf\"><strong><em>Litteratur om designtilgange<\/em><\/strong><br>(Uddrag fra) Friedman, B. &amp; Hendry, D.G. (2019). Value sensitive design. Shaping technology with moral imagination. The MIT Press.<br><br>Still, B., &amp; Crane, K. (2017). Fundamentals of User-Centered Design: A Practical Approach (1st ed.). CRC Press. kap 3: UCD principles <a href=\"https:\/\/soeg.kb.dk\/permalink\/45KBDK_KGL\/1pioq0f\/alma99124016677105763\">[KBlink]<\/a><br><em>(Denne bog har ogs\u00e5 sp\u00e6ndende indledende kapitler om baggrunden for og historien bag user-centered design, is\u00e6r kap. 1-2)<\/em><br><br><em>Supplerende om designtilgange<\/em><br>Nelson, H.G. &amp; Stolterman, E. (2012). The design way: intentional change in an unpredictable world. MiT Press Kap. 1 og Kap. 5. &nbsp;<a href=\"https:\/\/soeg.kb.dk\/permalink\/45KBDK_KGL\/1pioq0f\/alma99123775059205763\">[KBlink]<\/a><br><br>Dunne, A. &amp; Raby, F. (2013). Speculative everything. Design, fiction, and social dreaming. The MIT Press.&nbsp; <a href=\"https:\/\/soeg.kb.dk\/permalink\/45KBDK_KGL\/1pioq0f\/alma99123016107105763\">[KBlink]<\/a><\/p>\n\n\n\n<p class=\"has-background\" style=\"background-color:#beecbf\"><strong><em>Litteratur til refleksion<\/em><\/strong><br>(Uddrag fra) Jasanoff, S. (2016). The ethics of invention. Technology and the human future. W.W. Norton &amp; Company.<br><br>(Uddrag fra) Verbeek, P-P (2011). Moralizing technology. Understanding and designing for the morality of things. The University of Chicago Press.&nbsp;<a href=\"https:\/\/soeg.kb.dk\/permalink\/45KBDK_KGL\/1pioq0f\/alma99123057013805763\">[KBlink]<\/a><\/p>\n\n\n\n<p class=\"has-background\" style=\"background-color:#beecbf\"><strong><em>Litteratur fra Digitale l\u00e6ringskontekster + Digitale teknologier<\/em><\/strong><br>Inddrag relevant litteratur fra Digitale l\u00e6ringskontekster + Digitale teknologier.<\/p>\n\n\n\n<p class=\"has-background\" style=\"background-color:#beecbf\"><em><strong>Creativity support tools (Litteratur til Workshop #3)<\/strong><\/em><strong><br><\/strong><em>Nedenst\u00e5ende litteratur til Workshop #3 introducerer til begrebet om &#8216;creativity support tools&#8217;.<\/em><br><br>Frich, J., MacDonald Vermeulen, L., Remy, C., Biskjaer, M. M., &amp; Dalsgaard, P. (2019, May). Mapping the landscape of creativity support tools in HCI. In Proceedings of the 2019 CHI Conference on Human Factors in Computing Systems (pp. 1-18). <a href=\"https:\/\/dl.acm.org\/doi\/abs\/10.1145\/3290605.3300619\" target=\"_blank\" rel=\"noreferrer noopener\">https:\/\/dl.acm.org\/doi\/abs\/10.1145\/3290605.3300619<\/a> &nbsp;<a href=\"https:\/\/soeg.kb.dk\/permalink\/45KBDK_KGL\/1f0go08\/cdi_acm_books_10_1145_3290605_3300619\">[KBlink]<\/a><br><br>Dalsgaard, P. (2017). Instruments of inquiry: Understanding the nature and role of tools in design. International Journal of Design, 11(1). <a href=\"https:\/\/www.ijdesign.org\/index.php\/IJDesign\/article\/view\/2275\" target=\"_blank\" rel=\"noreferrer noopener\">https:\/\/www.ijdesign.org\/index.php\/IJDesign\/article\/view\/2275<\/a>&nbsp;<a href=\"https:\/\/soeg.kb.dk\/permalink\/45KBDK_KGL\/1f0go08\/cdi_proquest_journals_2170588517\">[KBlink]<\/a><\/p>\n","protected":false},"excerpt":{"rendered":"<p>DEVELOP Form\u00e5l Form\u00e5let med DEVELOP-fasen er at p\u00e5begynde udviklingen af designet, og fasen har i f\u00f8rste omgang fokus p\u00e5 id\u00e9udvikling (Ideation). I denne fase gennemf\u00f8res aktiviteter for id\u00e9udvikling, hvor der inddrages potentielle brugere fra dom\u00e6net eller praksissen. P\u00e5 baggrund af resultaterne fra brugerinddragelsen og tidligere udviklede designprincipper udarbejdes nye (eller en revideret version) af designprincipper, [&hellip;]<\/p>\n","protected":false},"author":4,"featured_media":0,"parent":0,"menu_order":0,"comment_status":"closed","ping_status":"closed","template":"","meta":{"footnotes":""},"class_list":["post-532","page","type-page","status-publish","hentry","entry"],"_links":{"self":[{"href":"https:\/\/itdd.au.dk\/design26\/wp-json\/wp\/v2\/pages\/532","targetHints":{"allow":["GET"]}}],"collection":[{"href":"https:\/\/itdd.au.dk\/design26\/wp-json\/wp\/v2\/pages"}],"about":[{"href":"https:\/\/itdd.au.dk\/design26\/wp-json\/wp\/v2\/types\/page"}],"author":[{"embeddable":true,"href":"https:\/\/itdd.au.dk\/design26\/wp-json\/wp\/v2\/users\/4"}],"replies":[{"embeddable":true,"href":"https:\/\/itdd.au.dk\/design26\/wp-json\/wp\/v2\/comments?post=532"}],"version-history":[{"count":42,"href":"https:\/\/itdd.au.dk\/design26\/wp-json\/wp\/v2\/pages\/532\/revisions"}],"predecessor-version":[{"id":939,"href":"https:\/\/itdd.au.dk\/design26\/wp-json\/wp\/v2\/pages\/532\/revisions\/939"}],"wp:attachment":[{"href":"https:\/\/itdd.au.dk\/design26\/wp-json\/wp\/v2\/media?parent=532"}],"curies":[{"name":"wp","href":"https:\/\/api.w.org\/{rel}","templated":true}]}}