{"id":530,"date":"2024-03-04T13:15:44","date_gmt":"2024-03-04T13:15:44","guid":{"rendered":"https:\/\/itdd.au.dk\/design26\/?page_id=530"},"modified":"2025-12-02T16:13:48","modified_gmt":"2025-12-02T16:13:48","slug":"define","status":"publish","type":"page","link":"https:\/\/itdd.au.dk\/design26\/define\/","title":{"rendered":"DEFINE"},"content":{"rendered":"\n<h1 class=\"wp-block-heading has-text-align-center\">DEFINE<\/h1>\n\n\n\n<h2 class=\"wp-block-heading\">Form\u00e5l<\/h2>\n\n\n\n<p>Form\u00e5let med DEFINE-fasen er at komme frem til designprojektets centrale designproblem-, udfordring eller -m\u00e5l samt projektets centrale forskningssp\u00f8rgsm\u00e5l. Dette udarbejdes p\u00e5 baggrund af resultaterne af det indsamlede empiriske materiale fra unders\u00f8gelsen og overblikket fra litteraturreviewet. P\u00e5 baggrund af begge udarbejdes f\u00f8rste version af designprincipper, der skal danne udgangspunkt for det videre arbejde med at udarbejde et design (i Develop-fasen).<\/p>\n\n\n\n<div class=\"wp-block-columns has-white-background-color has-background is-layout-flex wp-container-core-columns-is-layout-9d6595d7 wp-block-columns-is-layout-flex\">\n<div class=\"wp-block-column is-layout-flow wp-block-column-is-layout-flow\">\n<p><strong>Sp\u00f8rgsm\u00e5l til forskning<br><\/strong>\u2022 Hvad er projektets forskningssp\u00f8rgsm\u00e5l?<\/p>\n<\/div>\n\n\n\n<div class=\"wp-block-column is-layout-flow wp-block-column-is-layout-flow\">\n<p><strong>Sp\u00f8rgsm\u00e5l til design<br><\/strong>\u2022 Hvad er projektets designproblem?<br>\u2022 Hvilke designprincipper skal anvendes?<\/p>\n<\/div>\n<\/div>\n\n\n\n<hr class=\"wp-block-separator has-alpha-channel-opacity\"\/>\n\n\n\n<h2 class=\"wp-block-heading\">Define \/ Kontekst \/ Define \/ Exploration<\/h2>\n\n\n\n<p><em>Nedenst\u00e5ende figurerer viser eksempler p\u00e5 tilsvarende faser inden for forskellige designmodeller.<\/em><\/p>\n\n\n\n<figure class=\"wp-block-gallery has-nested-images columns-4 wp-block-gallery-1 is-layout-flex wp-block-gallery-is-layout-flex\">\n<figure class=\"wp-block-image size-large\"><a href=\"https:\/\/itdd.au.dk\/design26\/wp-content\/uploads\/sites\/49\/2024\/03\/Define3.png\"><img loading=\"lazy\" decoding=\"async\" width=\"789\" height=\"480\" data-id=\"685\" src=\"https:\/\/itdd.au.dk\/design26\/wp-content\/uploads\/sites\/49\/2024\/03\/Define3.png\" alt=\"\" class=\"wp-image-685\" srcset=\"https:\/\/itdd.au.dk\/design26\/wp-content\/uploads\/sites\/49\/2024\/03\/Define3.png 789w, https:\/\/itdd.au.dk\/design26\/wp-content\/uploads\/sites\/49\/2024\/03\/Define3-300x183.png 300w, https:\/\/itdd.au.dk\/design26\/wp-content\/uploads\/sites\/49\/2024\/03\/Define3-768x467.png 768w\" sizes=\"auto, (max-width: 789px) 100vw, 789px\" \/><\/a><figcaption class=\"wp-element-caption\"> Framework for Innovation (2024)<\/figcaption><\/figure>\n\n\n\n<figure class=\"wp-block-image size-large\"><a href=\"https:\/\/itdd.au.dk\/design26\/wp-content\/uploads\/sites\/49\/2024\/03\/Define4.png\"><img loading=\"lazy\" decoding=\"async\" width=\"800\" height=\"497\" data-id=\"686\" src=\"https:\/\/itdd.au.dk\/design26\/wp-content\/uploads\/sites\/49\/2024\/03\/Define4.png\" alt=\"\" class=\"wp-image-686\" srcset=\"https:\/\/itdd.au.dk\/design26\/wp-content\/uploads\/sites\/49\/2024\/03\/Define4.png 800w, https:\/\/itdd.au.dk\/design26\/wp-content\/uploads\/sites\/49\/2024\/03\/Define4-300x186.png 300w, https:\/\/itdd.au.dk\/design26\/wp-content\/uploads\/sites\/49\/2024\/03\/Define4-768x477.png 768w\" sizes=\"auto, (max-width: 800px) 100vw, 800px\" \/><\/a><figcaption class=\"wp-element-caption\">Christensen, et al. (2012)<\/figcaption><\/figure>\n\n\n\n<figure class=\"wp-block-image size-large\"><a href=\"https:\/\/itdd.au.dk\/design26\/wp-content\/uploads\/sites\/49\/2024\/03\/Define2.png\"><img loading=\"lazy\" decoding=\"async\" width=\"763\" height=\"436\" data-id=\"688\" src=\"https:\/\/itdd.au.dk\/design26\/wp-content\/uploads\/sites\/49\/2024\/03\/Define2.png\" alt=\"\" class=\"wp-image-688\" srcset=\"https:\/\/itdd.au.dk\/design26\/wp-content\/uploads\/sites\/49\/2024\/03\/Define2.png 763w, https:\/\/itdd.au.dk\/design26\/wp-content\/uploads\/sites\/49\/2024\/03\/Define2-300x171.png 300w\" sizes=\"auto, (max-width: 763px) 100vw, 763px\" \/><\/a><figcaption class=\"wp-element-caption\">Institute of Design at Stanford (n.d.)<\/figcaption><\/figure>\n\n\n\n<figure class=\"wp-block-image size-large\"><a href=\"https:\/\/itdd.au.dk\/design26\/wp-content\/uploads\/sites\/49\/2024\/03\/Define1.png\"><img loading=\"lazy\" decoding=\"async\" width=\"832\" height=\"427\" data-id=\"687\" src=\"https:\/\/itdd.au.dk\/design26\/wp-content\/uploads\/sites\/49\/2024\/03\/Define1.png\" alt=\"\" class=\"wp-image-687\" srcset=\"https:\/\/itdd.au.dk\/design26\/wp-content\/uploads\/sites\/49\/2024\/03\/Define1.png 832w, https:\/\/itdd.au.dk\/design26\/wp-content\/uploads\/sites\/49\/2024\/03\/Define1-300x154.png 300w, https:\/\/itdd.au.dk\/design26\/wp-content\/uploads\/sites\/49\/2024\/03\/Define1-768x394.png 768w\" sizes=\"auto, (max-width: 832px) 100vw, 832px\" \/><\/a><figcaption class=\"wp-element-caption\">McKenney &amp; Reeves (2018)<\/figcaption><\/figure>\n<\/figure>\n\n\n\n<hr class=\"wp-block-separator has-alpha-channel-opacity\"\/>\n\n\n\n<h2 class=\"wp-block-heading\">Undervisningsaktiviteter<\/h2>\n\n\n\n<p class=\"has-black-color has-text-color has-background has-link-color wp-elements-d4440e1c99457ff3c47d3032458ac186\" style=\"background-color:#fdf1d2\">Seminar #2 d. 24. marts kl. 13.00- 15.00<br>Underviserfeedback d. 7.- 8. april<\/p>\n\n\n\n<hr class=\"wp-block-separator has-alpha-channel-opacity\"\/>\n\n\n\n<h2 class=\"wp-block-heading\">Designaktiviteter<\/h2>\n\n\n\n<p class=\"has-pale-cyan-blue-background-color has-background\"><strong>3. Designudfordring og forskningssp\u00f8rgsm\u00e5<\/strong>l<br>Formul\u00e9r (p\u00e5 baggrund af empirisk unders\u00f8gelse og litteraturreview) projektets designudfordring og forskningssp\u00f8rgsm\u00e5l.<\/p>\n\n\n\n<p class=\"has-pale-cyan-blue-background-color has-background\"><strong>4. Designprincipper #1<\/strong><br>Udarbejd og beskriv designprincipper #1 (design requirements) p\u00e5 baggrund af empirisk unders\u00f8gelse og litteraturreview. Designprincipperne skal beskrive, hvordan henholdsvis empiriske data og teorier kan &#8220;overs\u00e6ttes til bidrag til designl\u00f8sningen.<\/p>\n\n\n\n<p class=\"has-pale-pink-background-color has-background\"><strong>DEADLINE<\/strong><br>Tirsdag d. 7. april kl. 12.00 (I &#8216;Designprojekt&#8217;-dokumentet i OneDrive under afsnittene &#8216;Problemformulering\/designudfordring&#8217; og &#8216;Define&#8217;.)<\/p>\n\n\n\n<hr class=\"wp-block-separator has-alpha-channel-opacity\"\/>\n\n\n\n<h2 class=\"wp-block-heading\">WordPress<\/h2>\n\n\n\n<p class=\"has-pale-cyan-blue-background-color has-background\"><strong>a) Indl\u00e6g<\/strong><br>Skriv et indl\u00e6g p\u00e5 gruppens WordPress-side, hvor I forklarer og formidler jeres designudfordring og forskningssp\u00f8rgsm\u00e5l, og hvor I p\u00e5 en \u00e5ben, diskuterende og sp\u00f8rgende m\u00e5de pr\u00e6senterer jeres forel\u00f8bige bud p\u00e5 designprincipper (til postdigital uddannelse). Tag afs\u00e6t i centrale resultater af b\u00e5de unders\u00f8gelsen og litteraturreviewet. Indl\u00e6g et skal prim\u00e6rt henvende sig til jeres studiekammerater og undervisere.<\/p>\n\n\n\n<p class=\"has-pale-cyan-blue-background-color has-background\"><strong>b) Kommentarer<\/strong><br>Komment\u00e9r individuelt p\u00e5 1-2 af de \u00f8vrige gruppers WordPress-indl\u00e6g. Skriv jeres umiddelbare tanker, stil sp\u00f8rgsm\u00e5l og kom gerne med id\u00e9er eller forslag ud fra jeres eget projekt. T\u00e6nk samtidig p\u00e5, om I selv kan bruge noget fra de indl\u00e6g, I l\u00e6ser. Fordel de \u00f8vrige gruppers indl\u00e6g mellem jer internt i gruppen, s\u00e5ledes at I f\u00e5r l\u00e6st og kommenteret flest mulige grupper.<\/p>\n\n\n\n<p class=\"has-pale-pink-background-color has-background\"><strong>DEADLINE<\/strong>S<br>Tirsdag d. 7. april kl. 12.00 (Indl\u00e6g)<br>Onsdag d. 8. april kl. 12.00 (Kommentarer)<\/p>\n\n\n\n<hr class=\"wp-block-separator has-alpha-channel-opacity\"\/>\n\n\n\n<h2 class=\"wp-block-heading\">Litteratur<\/h2>\n\n\n\n<p class=\"has-white-background-color has-background\"><em>Nedenst\u00e5ende litteratur introducerer til arbejdet med &#8216;define&#8217;, herunder udarbejdelse af f\u00f8rste udkast til designprincipper (eller &#8216;design requirements&#8217;)<\/em><\/p>\n\n\n\n<p class=\"has-background\" style=\"background-color:#beecbf\"><strong><em>Educational Design Research<\/em><\/strong><br>(Uddrag af) McKenney, S., &amp; Reeves, T. (2019).\u00a0<em>Conducting educational design research<\/em>. Routledge.\u00a0<a href=\"https:\/\/soeg.kb.dk\/permalink\/45KBDK_KGL\/1pioq0f\/alma99124023353505763\">[KBlink]<\/a><br>&#8211; Kap. 4 (s. 90-125) (OBS! samme tekst som ved Discover-fasen)<br><br>Bakker, A. (2018).\u00a0Design research in education: A practical guide for early career researchers. Routledge.\u00a0<a href=\"https:\/\/soeg.kb.dk\/permalink\/45KBDK_KGL\/1pioq0f\/alma99123084996605763\">[KBlink]<\/a><br>&#8211; kap. 3 (&#8220;Design principles&#8221;)<br><br><em><strong>Design Thinking<\/strong><\/em><br>Stage 2 in the Design Thinking Process: Define the Problem and Interpret the Results. <a href=\"https:\/\/www.interaction-design.org\/literature\/article\/stage-2-in-the-design-thinking-process-define-the-problem-and-interpret-the-results\" target=\"_blank\" rel=\"noreferrer noopener\">HTML.<\/a><br><br>Hangh\u00f8j et al (2022). Exploring the messiness of design principles in design-based research. <a href=\"https:\/\/doi.org\/10.18261\/njdl.17.4.3\" target=\"_blank\" rel=\"noreferrer noopener\">https:\/\/doi.org\/10.18261\/njdl.17.4.3<\/a><\/p>\n","protected":false},"excerpt":{"rendered":"<p>DEFINE Form\u00e5l Form\u00e5let med DEFINE-fasen er at komme frem til designprojektets centrale designproblem-, udfordring eller -m\u00e5l samt projektets centrale forskningssp\u00f8rgsm\u00e5l. Dette udarbejdes p\u00e5 baggrund af resultaterne af det indsamlede empiriske materiale fra unders\u00f8gelsen og overblikket fra litteraturreviewet. P\u00e5 baggrund af begge udarbejdes f\u00f8rste version af designprincipper, der skal danne udgangspunkt for det videre arbejde med [&hellip;]<\/p>\n","protected":false},"author":4,"featured_media":0,"parent":0,"menu_order":0,"comment_status":"closed","ping_status":"closed","template":"","meta":{"footnotes":""},"class_list":["post-530","page","type-page","status-publish","hentry","entry"],"_links":{"self":[{"href":"https:\/\/itdd.au.dk\/design26\/wp-json\/wp\/v2\/pages\/530","targetHints":{"allow":["GET"]}}],"collection":[{"href":"https:\/\/itdd.au.dk\/design26\/wp-json\/wp\/v2\/pages"}],"about":[{"href":"https:\/\/itdd.au.dk\/design26\/wp-json\/wp\/v2\/types\/page"}],"author":[{"embeddable":true,"href":"https:\/\/itdd.au.dk\/design26\/wp-json\/wp\/v2\/users\/4"}],"replies":[{"embeddable":true,"href":"https:\/\/itdd.au.dk\/design26\/wp-json\/wp\/v2\/comments?post=530"}],"version-history":[{"count":35,"href":"https:\/\/itdd.au.dk\/design26\/wp-json\/wp\/v2\/pages\/530\/revisions"}],"predecessor-version":[{"id":910,"href":"https:\/\/itdd.au.dk\/design26\/wp-json\/wp\/v2\/pages\/530\/revisions\/910"}],"wp:attachment":[{"href":"https:\/\/itdd.au.dk\/design26\/wp-json\/wp\/v2\/media?parent=530"}],"curies":[{"name":"wp","href":"https:\/\/api.w.org\/{rel}","templated":true}]}}