{"id":55,"date":"2025-09-15T12:13:14","date_gmt":"2025-09-15T12:13:14","guid":{"rendered":"https:\/\/itdd.au.dk\/ctrl-alt-kaffe\/?page_id=55"},"modified":"2025-09-17T12:23:07","modified_gmt":"2025-09-17T12:23:07","slug":"madbloggen","status":"publish","type":"page","link":"https:\/\/itdd.au.dk\/ctrl-alt-kaffe\/madbloggen\/","title":{"rendered":"Madbloggen"},"content":{"rendered":"\n<div class=\"wp-block-group alignfull is-layout-flow wp-block-group-is-layout-flow\"><\/div>\n\n\n\n<div class=\"wp-block-group alignfull has-global-padding is-layout-constrained wp-block-group-is-layout-constrained\" style=\"margin-top:0;margin-bottom:0\">\n<div class=\"wp-block-columns alignwide is-layout-flex wp-container-core-columns-is-layout-65e523f9 wp-block-columns-is-layout-flex\">\n<div class=\"wp-block-column is-layout-flow wp-block-column-is-layout-flow\" style=\"flex-basis:66.66%\">\n<div class=\"wp-block-query is-layout-flow wp-block-query-is-layout-flow\"><ul class=\"wp-block-post-template is-layout-flow wp-block-post-template-is-layout-flow\"><li class=\"wp-block-post post-212 post type-post status-publish format-standard hentry category-uncategorized\">\n\n<div class=\"wp-block-group is-layout-flow wp-container-core-group-is-layout-81d5c4b5 wp-block-group-is-layout-flow\">\n\n<div style=\"font-style:normal;font-weight:300\" class=\"taxonomy-category has-link-color wp-elements-7e25d0198db94e2785ffafdb5bb852e8 wp-block-post-terms\"><a href=\"https:\/\/itdd.au.dk\/ctrl-alt-kaffe\/category\/uncategorized\/\" rel=\"tag\">Uncategorized<\/a><\/div><\/div>\n\n<\/li><\/ul><\/div>\n\n\n\n<figure class=\"wp-block-video\"><video height=\"312\" style=\"aspect-ratio: 720 \/ 312;\" width=\"720\" controls src=\"https:\/\/itdd.au.dk\/ctrl-alt-kaffe\/wp-content\/uploads\/sites\/44\/2025\/09\/Madblog-Lille1.mp4\"><\/video><\/figure>\n\n\n\n<figure class=\"wp-block-image size-large\"><img loading=\"lazy\" decoding=\"async\" width=\"1024\" height=\"389\" src=\"https:\/\/itdd.au.dk\/ctrl-alt-kaffe\/wp-content\/uploads\/sites\/44\/2025\/09\/Alle-er-klar-til-at-lave-mad-screendump-fra-Zoom-2-1024x389.png\" alt=\"\" class=\"wp-image-56\" srcset=\"https:\/\/itdd.au.dk\/ctrl-alt-kaffe\/wp-content\/uploads\/sites\/44\/2025\/09\/Alle-er-klar-til-at-lave-mad-screendump-fra-Zoom-2-1024x389.png 1024w, https:\/\/itdd.au.dk\/ctrl-alt-kaffe\/wp-content\/uploads\/sites\/44\/2025\/09\/Alle-er-klar-til-at-lave-mad-screendump-fra-Zoom-2-300x114.png 300w, https:\/\/itdd.au.dk\/ctrl-alt-kaffe\/wp-content\/uploads\/sites\/44\/2025\/09\/Alle-er-klar-til-at-lave-mad-screendump-fra-Zoom-2-768x292.png 768w, https:\/\/itdd.au.dk\/ctrl-alt-kaffe\/wp-content\/uploads\/sites\/44\/2025\/09\/Alle-er-klar-til-at-lave-mad-screendump-fra-Zoom-2-1536x583.png 1536w, https:\/\/itdd.au.dk\/ctrl-alt-kaffe\/wp-content\/uploads\/sites\/44\/2025\/09\/Alle-er-klar-til-at-lave-mad-screendump-fra-Zoom-2.png 1880w\" sizes=\"auto, (max-width: 1024px) 100vw, 1024px\" \/><\/figure>\n<\/div>\n\n\n\n<div class=\"wp-block-column is-layout-flow wp-block-column-is-layout-flow\" style=\"flex-basis:33.33%\">\n<div class=\"wp-block-query is-layout-flow wp-block-query-is-layout-flow\"><ul class=\"wp-block-post-template is-layout-flow wp-block-post-template-is-layout-flow\"><li class=\"wp-block-post post-159 post type-post status-publish format-standard hentry category-uncategorized\">\n\n<div class=\"wp-block-group is-layout-flow wp-container-core-group-is-layout-81d5c4b5 wp-block-group-is-layout-flow\"><h2 class=\"wp-block-post-title\"><a href=\"https:\/\/itdd.au.dk\/ctrl-alt-kaffe\/2025\/12\/09\/blog-post-4\/\" target=\"_self\" >Blog post 4- Fra Udkantsdanmark til Uganda<\/a><\/h2>\n\n<div style=\"font-style:normal;font-weight:300\" class=\"taxonomy-category has-link-color wp-elements-7e25d0198db94e2785ffafdb5bb852e8 wp-block-post-terms\"><a href=\"https:\/\/itdd.au.dk\/ctrl-alt-kaffe\/category\/uncategorized\/\" rel=\"tag\">Uncategorized<\/a><\/div><\/div>\n\n<\/li><\/ul><\/div>\n\n\n\n<figure class=\"wp-block-image size-full\"><img loading=\"lazy\" decoding=\"async\" width=\"768\" height=\"545\" src=\"https:\/\/itdd.au.dk\/ctrl-alt-kaffe\/wp-content\/uploads\/sites\/44\/2025\/09\/what-time-is-brunch-blog_feature-1.webp\" alt=\"\" class=\"wp-image-57\" srcset=\"https:\/\/itdd.au.dk\/ctrl-alt-kaffe\/wp-content\/uploads\/sites\/44\/2025\/09\/what-time-is-brunch-blog_feature-1.webp 768w, https:\/\/itdd.au.dk\/ctrl-alt-kaffe\/wp-content\/uploads\/sites\/44\/2025\/09\/what-time-is-brunch-blog_feature-1-300x213.webp 300w\" sizes=\"auto, (max-width: 768px) 100vw, 768px\" \/><\/figure>\n<\/div>\n<\/div>\n<\/div>\n\n\n\n<figure class=\"wp-block-image size-large\"><img loading=\"lazy\" decoding=\"async\" width=\"1024\" height=\"390\" src=\"https:\/\/itdd.au.dk\/ctrl-alt-kaffe\/wp-content\/uploads\/sites\/44\/2025\/09\/Skaermbillede-2025-09-15-101712-1024x390.png\" alt=\"\" class=\"wp-image-101\" srcset=\"https:\/\/itdd.au.dk\/ctrl-alt-kaffe\/wp-content\/uploads\/sites\/44\/2025\/09\/Skaermbillede-2025-09-15-101712-1024x390.png 1024w, https:\/\/itdd.au.dk\/ctrl-alt-kaffe\/wp-content\/uploads\/sites\/44\/2025\/09\/Skaermbillede-2025-09-15-101712-300x114.png 300w, https:\/\/itdd.au.dk\/ctrl-alt-kaffe\/wp-content\/uploads\/sites\/44\/2025\/09\/Skaermbillede-2025-09-15-101712-768x293.png 768w, https:\/\/itdd.au.dk\/ctrl-alt-kaffe\/wp-content\/uploads\/sites\/44\/2025\/09\/Skaermbillede-2025-09-15-101712-1536x585.png 1536w, https:\/\/itdd.au.dk\/ctrl-alt-kaffe\/wp-content\/uploads\/sites\/44\/2025\/09\/Skaermbillede-2025-09-15-101712.png 1725w\" sizes=\"auto, (max-width: 1024px) 100vw, 1024px\" \/><\/figure>\n\n\n\n<div class=\"wp-block-group alignfull has-global-padding is-layout-constrained wp-block-group-is-layout-constrained\" style=\"margin-top:0;margin-bottom:0\">\n<div style=\"height:var(--wp--preset--spacing--30)\" aria-hidden=\"true\" class=\"wp-block-spacer\"><\/div>\n\n\n\n<div class=\"wp-block-columns alignwide is-layout-flex wp-container-core-columns-is-layout-65e523f9 wp-block-columns-is-layout-flex\">\n<div class=\"wp-block-column is-layout-flow wp-block-column-is-layout-flow\">\n<p><strong>Problemstilling<\/strong><\/p>\n\n\n\n<p>Vi har valgt at unders\u00f8ge online-f\u00e6llesskabets muligheder ved at lave mad sammen virtuelt. Til dette form\u00e5l har vi inddraget Zoom for at underst\u00f8tte den synkrone kommunikation gennem b\u00e5de lyd og billede, s\u00e5 samarbejdet opleves mere n\u00e6rv\u00e6rende. Samtidig har vi integreret en asynkron dimension ved, at hvert gruppemedlem selv indk\u00f8ber dagligvarer forud for aktiviteten.<br><\/p>\n\n\n\n<p><strong>Observationer fra praksisf\u00e6lleskabet<\/strong><\/p>\n\n\n\n<p>Gruppen har undervejs benyttet b\u00e5de synkron og asynkron kommunikation \u2013 gennem samtaler i realtid og tekstbaseret dialog \u2013 for at afklare omdrejningspunktet for aktiviteten. Enigheden faldt p\u00e5 at arrangere en brunch med s\u00e6rligt fokus p\u00e5 \u00e6g.<\/p>\n\n\n\n<p>Processen var pr\u00e6get af en oplevelse af flow, idet gruppemedlemmerne lod sig inspirere af de mange retter, der blev skabt i det digitale f\u00e6llesskab. Undervejs opstod enkelte udfordringer i form af manglende inspiration, men her viste det etablerede online-f\u00e6llesskab sig som en v\u00e6rdifuld ressource. Gruppen valgte at anvende Zoom til at underst\u00f8tte aktiviteten og im\u00f8dekomme <em>\u201cDoing\u201d<\/em>-dimensionen i Cultures of Creativity.<\/p>\n\n\n\n<p>Derudover opstod et \u201cf\u00e6lles tredje\u201d i form af en f\u00e6lles interesse for k\u00f8kkenhaven \u2013 s\u00e6rligt hvilke urter de enkelte medlemmer havde til r\u00e5dighed, og hvordan de kunne inddrages i madlavningen. Dette relaterer sig til <em>\u201cHaving\u201d<\/em>-dimensionen i Cultures of Creativity.<\/p>\n\n\n\n<p>Afslutningsvis delte gruppen gl\u00e6den ved maden omkring bordet. Selvom smag og duft m\u00e5tte opleves asynkront, lykkedes det at integrere b\u00e5de synkron og asynkron kommunikation i aktiviteten.<\/p>\n\n\n\n<p><strong>Evaluering og opf\u00f8lgning<\/strong><\/p>\n\n\n\n<p>Efter aktiviteten stoppede vi optagelsen og dr\u00f8ftede n\u00e6ste skridt: udarbejdelsen af en blogpost. Her opstod et dilemma, idet nogle gruppemedlemmer ans\u00e5 opgaven som bedst egnet til et kooperativt samarbejde, mens andre forstod den som en kollaborativ opgave.<\/p>\n\n\n\n<p>Vi besluttede derfor f\u00f8rst at reflektere individuelt, for derefter at bringe vores perspektiver i spil i det genoptagede online-f\u00e6llesskab p\u00e5 det gruppem\u00f8de. Enigheden blev at l\u00f8se pr\u00e6sentationsdelen gennem et kooperativt samarbejde, mens analysen af aktiviteten skulle tilg\u00e5s kollaborativt.<\/p>\n<\/div>\n<\/div>\n\n\n\n<hr class=\"wp-block-separator alignfull has-alpha-channel-opacity\"\/>\n\n\n\n<figure class=\"wp-block-image size-large\"><img loading=\"lazy\" decoding=\"async\" width=\"768\" height=\"1024\" src=\"https:\/\/itdd.au.dk\/ctrl-alt-kaffe\/wp-content\/uploads\/sites\/44\/2025\/09\/Lars-faerdig-mad-2-768x1024.jpeg\" alt=\"\" class=\"wp-image-58\" srcset=\"https:\/\/itdd.au.dk\/ctrl-alt-kaffe\/wp-content\/uploads\/sites\/44\/2025\/09\/Lars-faerdig-mad-2-768x1024.jpeg 768w, https:\/\/itdd.au.dk\/ctrl-alt-kaffe\/wp-content\/uploads\/sites\/44\/2025\/09\/Lars-faerdig-mad-2-225x300.jpeg 225w, https:\/\/itdd.au.dk\/ctrl-alt-kaffe\/wp-content\/uploads\/sites\/44\/2025\/09\/Lars-faerdig-mad-2-1152x1536.jpeg 1152w, https:\/\/itdd.au.dk\/ctrl-alt-kaffe\/wp-content\/uploads\/sites\/44\/2025\/09\/Lars-faerdig-mad-2-1536x2048.jpeg 1536w, https:\/\/itdd.au.dk\/ctrl-alt-kaffe\/wp-content\/uploads\/sites\/44\/2025\/09\/Lars-faerdig-mad-2-scaled.jpeg 1920w\" sizes=\"auto, (max-width: 768px) 100vw, 768px\" \/><\/figure>\n\n\n\n<div style=\"height:var(--wp--preset--spacing--30)\" aria-hidden=\"true\" class=\"wp-block-spacer\"><\/div>\n\n\n\n<figure class=\"wp-block-image size-large\"><img loading=\"lazy\" decoding=\"async\" width=\"768\" height=\"1024\" src=\"https:\/\/itdd.au.dk\/ctrl-alt-kaffe\/wp-content\/uploads\/sites\/44\/2025\/09\/Casper-faerdig-mad-2-768x1024.jpg\" alt=\"\" class=\"wp-image-59\" srcset=\"https:\/\/itdd.au.dk\/ctrl-alt-kaffe\/wp-content\/uploads\/sites\/44\/2025\/09\/Casper-faerdig-mad-2-768x1024.jpg 768w, https:\/\/itdd.au.dk\/ctrl-alt-kaffe\/wp-content\/uploads\/sites\/44\/2025\/09\/Casper-faerdig-mad-2-225x300.jpg 225w, https:\/\/itdd.au.dk\/ctrl-alt-kaffe\/wp-content\/uploads\/sites\/44\/2025\/09\/Casper-faerdig-mad-2-1152x1536.jpg 1152w, https:\/\/itdd.au.dk\/ctrl-alt-kaffe\/wp-content\/uploads\/sites\/44\/2025\/09\/Casper-faerdig-mad-2-1536x2048.jpg 1536w, https:\/\/itdd.au.dk\/ctrl-alt-kaffe\/wp-content\/uploads\/sites\/44\/2025\/09\/Casper-faerdig-mad-2-scaled.jpg 1920w\" sizes=\"auto, (max-width: 768px) 100vw, 768px\" \/><\/figure>\n\n\n\n<figure class=\"wp-block-image size-full\"><img loading=\"lazy\" decoding=\"async\" width=\"665\" height=\"883\" src=\"https:\/\/itdd.au.dk\/ctrl-alt-kaffe\/wp-content\/uploads\/sites\/44\/2025\/09\/Skaermbillede-2025-09-15-114744-1.png\" alt=\"\" class=\"wp-image-60\" srcset=\"https:\/\/itdd.au.dk\/ctrl-alt-kaffe\/wp-content\/uploads\/sites\/44\/2025\/09\/Skaermbillede-2025-09-15-114744-1.png 665w, https:\/\/itdd.au.dk\/ctrl-alt-kaffe\/wp-content\/uploads\/sites\/44\/2025\/09\/Skaermbillede-2025-09-15-114744-1-226x300.png 226w\" sizes=\"auto, (max-width: 665px) 100vw, 665px\" \/><\/figure>\n\n\n\n<figure class=\"wp-block-image size-full is-resized\"><img loading=\"lazy\" decoding=\"async\" width=\"491\" height=\"659\" src=\"https:\/\/itdd.au.dk\/ctrl-alt-kaffe\/wp-content\/uploads\/sites\/44\/2025\/09\/Skaermbillede-2025-09-15-141231.png\" alt=\"\" class=\"wp-image-61\" style=\"width:645px;height:auto\" srcset=\"https:\/\/itdd.au.dk\/ctrl-alt-kaffe\/wp-content\/uploads\/sites\/44\/2025\/09\/Skaermbillede-2025-09-15-141231.png 491w, https:\/\/itdd.au.dk\/ctrl-alt-kaffe\/wp-content\/uploads\/sites\/44\/2025\/09\/Skaermbillede-2025-09-15-141231-224x300.png 224w\" sizes=\"auto, (max-width: 491px) 100vw, 491px\" \/><\/figure>\n<\/div>\n\n\n\n<div class=\"wp-block-group alignfull has-global-padding is-layout-constrained wp-block-group-is-layout-constrained\" style=\"margin-top:0;margin-bottom:0\">\n<div class=\"wp-block-group alignwide has-global-padding is-layout-constrained wp-block-group-is-layout-constrained\">\n<div class=\"wp-block-group alignwide is-layout-flow wp-block-group-is-layout-flow\">\n<p class=\"has-small-font-size\">Twenty Twenty-Five<\/p>\n\n\n\n<p class=\"has-small-font-size\">email@example.com<br>+1 555 349 1806<\/p>\n<\/div>\n<\/div>\n\n\n\n<div class=\"wp-block-comments\"><h2 id=\"comments\" class=\"wp-block-comments-title\">5 svar til &#8220;Madbloggen&#8221;<\/h2>\n\n<ol class=\"wp-block-comment-template\"><li id=\"comment-2\" class=\"comment byuser comment-author-sool25 even thread-even depth-1\">\n\n<div class=\"wp-block-columns is-layout-flex wp-container-core-columns-is-layout-28f84493 wp-block-columns-is-layout-flex\">\n<div class=\"wp-block-column is-layout-flow wp-block-column-is-layout-flow\" style=\"flex-basis:40px\"><div class=\"wp-block-avatar\"><img alt='sool25 Avatar' src='https:\/\/secure.gravatar.com\/avatar\/60608fa606dd07ae11199f4cb54ee364dbe446a193051bc965ffdec95f01c1ea?s=40&#038;d=mm&#038;r=g' srcset='https:\/\/secure.gravatar.com\/avatar\/60608fa606dd07ae11199f4cb54ee364dbe446a193051bc965ffdec95f01c1ea?s=80&#038;d=mm&#038;r=g 2x' class='avatar avatar-40 photo wp-block-avatar__image' height='40' width='40'  style=\"border-radius:20px;\"\/><\/div><\/div>\n\n\n\n<div class=\"wp-block-column is-layout-flow wp-block-column-is-layout-flow\"><div class=\"wp-block-comment-author-name has-small-font-size\">sool25<\/div>\n\n\n<div class=\"wp-block-group is-layout-flex wp-block-group-is-layout-flex\" style=\"margin-top:0px;margin-bottom:0px\"><div class=\"wp-block-comment-date has-small-font-size\"><time datetime=\"2025-09-17T12:37:26+00:00\"><a href=\"https:\/\/itdd.au.dk\/ctrl-alt-kaffe\/madbloggen\/#comment-2\">september 17, 2025<\/a><\/time><\/div>\n\n<\/div>\n\n\n<div class=\"wp-block-comment-content\"><p>Vi kan godt lide jeres id\u00e9 med et mindmap, der visualiserer jeres tanker om processen. Dette kunne m\u00e5ske med fordel have v\u00e6ret lidt st\u00f8rre.<\/p>\n<p>Af videoen er det tydeligt, at I hj\u00e6lper og inspirerer hinanden undervejs i processen. P\u00e5 den m\u00e5de fungerer videoen godt til at give os andre et indblik i jeres proces.<\/p>\n<\/div>\n\n<div class=\"wp-block-comment-reply-link has-small-font-size\"><a rel=\"nofollow\" class=\"comment-reply-login\" href=\"https:\/\/itdd.au.dk\/ctrl-alt-kaffe\/wp-login.php?redirect_to=https%3A%2F%2Fitdd.au.dk%2Fctrl-alt-kaffe%2Fmadbloggen%2F\">Log ind for at svare<\/a><\/div><\/div>\n<\/div>\n\n<\/li><li id=\"comment-3\" class=\"comment byuser comment-author-klaust odd alt thread-odd thread-alt depth-1\">\n\n<div class=\"wp-block-columns is-layout-flex wp-container-core-columns-is-layout-28f84493 wp-block-columns-is-layout-flex\">\n<div class=\"wp-block-column is-layout-flow wp-block-column-is-layout-flow\" style=\"flex-basis:40px\"><div class=\"wp-block-avatar\"><img alt='klaust Avatar' src='https:\/\/secure.gravatar.com\/avatar\/16f7bad764ec3b0ca651d1506f5616f6ddb921c572403bc55849e9d660f7440e?s=40&#038;d=mm&#038;r=g' srcset='https:\/\/secure.gravatar.com\/avatar\/16f7bad764ec3b0ca651d1506f5616f6ddb921c572403bc55849e9d660f7440e?s=80&#038;d=mm&#038;r=g 2x' class='avatar avatar-40 photo wp-block-avatar__image' height='40' width='40'  style=\"border-radius:20px;\"\/><\/div><\/div>\n\n\n\n<div class=\"wp-block-column is-layout-flow wp-block-column-is-layout-flow\"><div class=\"wp-block-comment-author-name has-small-font-size\">klaust<\/div>\n\n\n<div class=\"wp-block-group is-layout-flex wp-block-group-is-layout-flex\" style=\"margin-top:0px;margin-bottom:0px\"><div class=\"wp-block-comment-date has-small-font-size\"><time datetime=\"2025-09-17T20:09:06+00:00\"><a href=\"https:\/\/itdd.au.dk\/ctrl-alt-kaffe\/madbloggen\/#comment-3\">september 17, 2025<\/a><\/time><\/div>\n\n<\/div>\n\n\n<div class=\"wp-block-comment-content\"><p>Hej, vil bare sige, at jeg ogs\u00e5 kommenterer p\u00e5 de posts, der handler om jer. Jeg vil her bare pege p\u00e5, at det er interessant, at en af jer taler om at v\u00e6re i forandring.  Det er jo en m\u00e5de at forst\u00e5 en blog p\u00e5 og kommunikationen p\u00e5, at det er det, der er meningen &#8211; at s\u00f8ge nye veje&#8230;<\/p>\n<\/div>\n\n<div class=\"wp-block-comment-reply-link has-small-font-size\"><a rel=\"nofollow\" class=\"comment-reply-login\" href=\"https:\/\/itdd.au.dk\/ctrl-alt-kaffe\/wp-login.php?redirect_to=https%3A%2F%2Fitdd.au.dk%2Fctrl-alt-kaffe%2Fmadbloggen%2F\">Log ind for at svare<\/a><\/div><\/div>\n<\/div>\n\n<\/li><li id=\"comment-4\" class=\"comment byuser comment-author-klaust even thread-even depth-1\">\n\n<div class=\"wp-block-columns is-layout-flex wp-container-core-columns-is-layout-28f84493 wp-block-columns-is-layout-flex\">\n<div class=\"wp-block-column is-layout-flow wp-block-column-is-layout-flow\" style=\"flex-basis:40px\"><div class=\"wp-block-avatar\"><img alt='klaust Avatar' src='https:\/\/secure.gravatar.com\/avatar\/16f7bad764ec3b0ca651d1506f5616f6ddb921c572403bc55849e9d660f7440e?s=40&#038;d=mm&#038;r=g' srcset='https:\/\/secure.gravatar.com\/avatar\/16f7bad764ec3b0ca651d1506f5616f6ddb921c572403bc55849e9d660f7440e?s=80&#038;d=mm&#038;r=g 2x' class='avatar avatar-40 photo wp-block-avatar__image' height='40' width='40'  style=\"border-radius:20px;\"\/><\/div><\/div>\n\n\n\n<div class=\"wp-block-column is-layout-flow wp-block-column-is-layout-flow\"><div class=\"wp-block-comment-author-name has-small-font-size\">klaust<\/div>\n\n\n<div class=\"wp-block-group is-layout-flex wp-block-group-is-layout-flex\" style=\"margin-top:0px;margin-bottom:0px\"><div class=\"wp-block-comment-date has-small-font-size\"><time datetime=\"2025-09-17T20:41:02+00:00\"><a href=\"https:\/\/itdd.au.dk\/ctrl-alt-kaffe\/madbloggen\/#comment-4\">september 17, 2025<\/a><\/time><\/div>\n\n<\/div>\n\n\n<div class=\"wp-block-comment-content\"><p>Ja, jeg er enig.  Modellen kan g\u00f8res st\u00f8rre, ogs\u00e5 fordi der ligger s\u00e5 meget guld i den. Der er et v\u00e6ld af overvejelser omkring processen, som kunne foldes ud.<\/p>\n<p>I videoen foreg\u00e5r der en del. is\u00e6r med hvem der l\u00e6rer hvem hvad? Det bliver tydeligt at kameraernes placering st\u00f8tter at det overhovedet er muligt at se hvad de andre laver. Man skal ret t\u00e6t p\u00e5 for at kunne f\u00f8lge med. Det sp\u00f8rgsm\u00e5l I rejser om hvad I egentlig er sammen om, er vigtigt. At lave noget mad p\u00e5 en bestemt m\u00e5de &#8211; eller det at v\u00e6re sammen om at v\u00e6re sammen og s\u00e5 lave hver sin mad.  Begge dele fandt sted i videoen. M\u00e5ske er vi her t\u00e6t p\u00e5 en kompleksitet i uformelt pr\u00e6gede samv\u00e6r. Det kan b\u00e5de v\u00e6re at m\u00f8des og s\u00e5 m\u00f8des om noget s\u00e6rskilt vigtigt. <\/p>\n<p>Om samarbejdet tror jeg , at det kan v\u00e6re nemmere at starte med at lave noget kooperativt, men s\u00e5 kommer det kollaborative ved at pr\u00f8ve sig frem. Afstanden forhindrer jo ikke kollaboration &#8211; det at lave en video sammen kan v\u00e6re et eksempel p\u00e5 at kunne skabe noget sammen. videoklip, tekst, lyd f\u00f8jes sammen af gruppen og er en form for f\u00e6lles madlavning hvor retten s\u00e5 at sige findes alle 4 steder og ikke kun et&#8230;.  <\/p>\n<p>Men at lave mad hvert sit sted er jo ogs\u00e5 noget, der kan indeholde noget f\u00e6lles, som I demonstrerer ved at lave \u00e6g sammen. I er i et v\u00e6rksted, hvor alle laver sit &#8211; brunch &#8211; men chancen er der for at p\u00e5virke hinanden og \u00e6ndre hinandens &#8211; \u00e6g.<\/p>\n<\/div>\n\n<div class=\"wp-block-comment-reply-link has-small-font-size\"><a rel=\"nofollow\" class=\"comment-reply-login\" href=\"https:\/\/itdd.au.dk\/ctrl-alt-kaffe\/wp-login.php?redirect_to=https%3A%2F%2Fitdd.au.dk%2Fctrl-alt-kaffe%2Fmadbloggen%2F\">Log ind for at svare<\/a><\/div><\/div>\n<\/div>\n\n<\/li><li id=\"comment-5\" class=\"comment byuser comment-author-asno25 odd alt thread-odd thread-alt depth-1\">\n\n<div class=\"wp-block-columns is-layout-flex wp-container-core-columns-is-layout-28f84493 wp-block-columns-is-layout-flex\">\n<div class=\"wp-block-column is-layout-flow wp-block-column-is-layout-flow\" style=\"flex-basis:40px\"><div class=\"wp-block-avatar\"><img alt='asno25 Avatar' src='https:\/\/secure.gravatar.com\/avatar\/87e5722062090ea832daeeab2e975668e7ae2a65dc0e290ca10aaac4709f3d7a?s=40&#038;d=mm&#038;r=g' srcset='https:\/\/secure.gravatar.com\/avatar\/87e5722062090ea832daeeab2e975668e7ae2a65dc0e290ca10aaac4709f3d7a?s=80&#038;d=mm&#038;r=g 2x' class='avatar avatar-40 photo wp-block-avatar__image' height='40' width='40'  style=\"border-radius:20px;\"\/><\/div><\/div>\n\n\n\n<div class=\"wp-block-column is-layout-flow wp-block-column-is-layout-flow\"><div class=\"wp-block-comment-author-name has-small-font-size\">asno25<\/div>\n\n\n<div class=\"wp-block-group is-layout-flex wp-block-group-is-layout-flex\" style=\"margin-top:0px;margin-bottom:0px\"><div class=\"wp-block-comment-date has-small-font-size\"><time datetime=\"2025-09-18T07:47:26+00:00\"><a href=\"https:\/\/itdd.au.dk\/ctrl-alt-kaffe\/madbloggen\/#comment-5\">september 18, 2025<\/a><\/time><\/div>\n\n<\/div>\n\n\n<div class=\"wp-block-comment-content\"><p>Vi synes jeres video er super hyggelig og &#8220;cozy&#8221;. I er virkelig gode til at skabe et f\u00e6lles rum, hvor der er plads til alle p\u00e5 tv\u00e6rs af &#8220;madkundskabelige&#8221; erfaringer. I lykkes med at skabe en kreativ platform, hvor I er med til at inspirere og hj\u00e6lpe hinanden undervejs. <\/p>\n<p>Til Lars: Vi h\u00e5ber ikke at det er f\u00f8rste og sidste gang du f\u00e5r lavet en portion r\u00f8r\u00e6g&#8230; \ud83d\ude42<\/p>\n<\/div>\n\n<div class=\"wp-block-comment-reply-link has-small-font-size\"><a rel=\"nofollow\" class=\"comment-reply-login\" href=\"https:\/\/itdd.au.dk\/ctrl-alt-kaffe\/wp-login.php?redirect_to=https%3A%2F%2Fitdd.au.dk%2Fctrl-alt-kaffe%2Fmadbloggen%2F\">Log ind for at svare<\/a><\/div><\/div>\n<\/div>\n\n<\/li><li id=\"comment-6\" class=\"comment byuser comment-author-maso25 even thread-even depth-1\">\n\n<div class=\"wp-block-columns is-layout-flex wp-container-core-columns-is-layout-28f84493 wp-block-columns-is-layout-flex\">\n<div class=\"wp-block-column is-layout-flow wp-block-column-is-layout-flow\" style=\"flex-basis:40px\"><div class=\"wp-block-avatar\"><img alt='maso25 Avatar' src='https:\/\/secure.gravatar.com\/avatar\/f8177aa0d9edd8bc955231e0eda2f2ba99d2db746474717ba72d39e25094e847?s=40&#038;d=mm&#038;r=g' srcset='https:\/\/secure.gravatar.com\/avatar\/f8177aa0d9edd8bc955231e0eda2f2ba99d2db746474717ba72d39e25094e847?s=80&#038;d=mm&#038;r=g 2x' class='avatar avatar-40 photo wp-block-avatar__image' height='40' width='40'  style=\"border-radius:20px;\"\/><\/div><\/div>\n\n\n\n<div class=\"wp-block-column is-layout-flow wp-block-column-is-layout-flow\"><div class=\"wp-block-comment-author-name has-small-font-size\">maso25<\/div>\n\n\n<div class=\"wp-block-group is-layout-flex wp-block-group-is-layout-flex\" style=\"margin-top:0px;margin-bottom:0px\"><div class=\"wp-block-comment-date has-small-font-size\"><time datetime=\"2025-09-18T17:52:09+00:00\"><a href=\"https:\/\/itdd.au.dk\/ctrl-alt-kaffe\/madbloggen\/#comment-6\">september 18, 2025<\/a><\/time><\/div>\n\n<\/div>\n\n\n<div class=\"wp-block-comment-content\"><p>Virkelig fin madblog, med b\u00e5de teori og praksis. Interessant hvordan i deler erfaringer og forskelle l\u00f8bende, i jeres madlavning. Vi kunne ogs\u00e5 godt lide jeres mindmap, som viser at der er t\u00e6nkt over processen bag.<\/p>\n<p>Hvis jeg, kort, tager mine kritiske briller p\u00e5 &#8211; kunne man s\u00e5 forestille sig, at tilrettel\u00e6gge fremtidige opgaver, s\u00e5 at alle gruppemedlemmer er lige meget med i selve aktiviteten? Det kan jo godt v\u00e6re en udfordring online, som man m\u00e5ske ikke ville se fysisk. M\u00e5ske der var en mening med, at alle ikke var lige &#8220;deltagende&#8221; &#8211; lige som, at Eriks rolle var mest fremtr\u00e6dende.<\/p>\n<p>Ellers er det virkelig fint hvordan i kobler Cultures of creativitys forskellige dimensioner ind i jeres eget forl\u00f8b med online madlavning.<\/p>\n<\/div>\n\n<div class=\"wp-block-comment-reply-link has-small-font-size\"><a rel=\"nofollow\" class=\"comment-reply-login\" href=\"https:\/\/itdd.au.dk\/ctrl-alt-kaffe\/wp-login.php?redirect_to=https%3A%2F%2Fitdd.au.dk%2Fctrl-alt-kaffe%2Fmadbloggen%2F\">Log ind for at svare<\/a><\/div><\/div>\n<\/div>\n\n<\/li><\/ol>\n\n\n\n\t<div id=\"respond\" class=\"comment-respond wp-block-post-comments-form\">\n\t\t<h3 id=\"reply-title\" class=\"comment-reply-title\">Skriv et svar <small><a rel=\"nofollow\" id=\"cancel-comment-reply-link\" href=\"\/ctrl-alt-kaffe\/wp-json\/wp\/v2\/pages\/55#respond\" style=\"display:none;\">Annuller svar<\/a><\/small><\/h3><p class=\"must-log-in\">Du skal v\u00e6re <a href=\"https:\/\/itdd.au.dk\/ctrl-alt-kaffe\/wp-login.php?redirect_to=https%3A%2F%2Fitdd.au.dk%2Fctrl-alt-kaffe%2Fmadbloggen%2F\">logget ind<\/a> for at skrive en kommentar.<\/p>\t<\/div><!-- #respond -->\n\t<\/div>\n<\/div>\n","protected":false},"excerpt":{"rendered":"<p>Problemstilling Vi har valgt at unders\u00f8ge online-f\u00e6llesskabets muligheder ved at lave mad sammen virtuelt. Til dette form\u00e5l har vi inddraget Zoom for at underst\u00f8tte den synkrone kommunikation gennem b\u00e5de lyd og billede, s\u00e5 samarbejdet opleves mere n\u00e6rv\u00e6rende. Samtidig har vi integreret en asynkron dimension ved, at hvert gruppemedlem selv indk\u00f8ber dagligvarer forud for aktiviteten. Observationer [&hellip;]<\/p>\n","protected":false},"author":80,"featured_media":0,"parent":0,"menu_order":0,"comment_status":"open","ping_status":"closed","template":"","meta":{"footnotes":""},"class_list":["post-55","page","type-page","status-publish","hentry"],"_links":{"self":[{"href":"https:\/\/itdd.au.dk\/ctrl-alt-kaffe\/wp-json\/wp\/v2\/pages\/55","targetHints":{"allow":["GET"]}}],"collection":[{"href":"https:\/\/itdd.au.dk\/ctrl-alt-kaffe\/wp-json\/wp\/v2\/pages"}],"about":[{"href":"https:\/\/itdd.au.dk\/ctrl-alt-kaffe\/wp-json\/wp\/v2\/types\/page"}],"author":[{"embeddable":true,"href":"https:\/\/itdd.au.dk\/ctrl-alt-kaffe\/wp-json\/wp\/v2\/users\/80"}],"replies":[{"embeddable":true,"href":"https:\/\/itdd.au.dk\/ctrl-alt-kaffe\/wp-json\/wp\/v2\/comments?post=55"}],"version-history":[{"count":11,"href":"https:\/\/itdd.au.dk\/ctrl-alt-kaffe\/wp-json\/wp\/v2\/pages\/55\/revisions"}],"predecessor-version":[{"id":117,"href":"https:\/\/itdd.au.dk\/ctrl-alt-kaffe\/wp-json\/wp\/v2\/pages\/55\/revisions\/117"}],"wp:attachment":[{"href":"https:\/\/itdd.au.dk\/ctrl-alt-kaffe\/wp-json\/wp\/v2\/media?parent=55"}],"curies":[{"name":"wp","href":"https:\/\/api.w.org\/{rel}","templated":true}]}}