{"id":202,"date":"2023-12-11T12:24:12","date_gmt":"2023-12-11T12:24:12","guid":{"rendered":"https:\/\/itdd.au.dk\/cklasfananas\/?page_id=202"},"modified":"2023-12-14T11:05:07","modified_gmt":"2023-12-14T11:05:07","slug":"fremtidens-digiteringsloeb","status":"publish","type":"page","link":"https:\/\/itdd.au.dk\/cklasfananas\/fremtidens-digiteringsloeb\/","title":{"rendered":"Fremtidens Digiteringsl\u00f8b"},"content":{"rendered":"\n<figure class=\"wp-block-image aligncenter size-large is-resized\"><img loading=\"lazy\" decoding=\"async\" width=\"774\" height=\"1024\" src=\"https:\/\/itdd.au.dk\/cklasfananas\/wp-content\/uploads\/sites\/4\/2023\/12\/Skaermbillede-2023-12-11-kl.-13.21.41-774x1024.png\" alt=\"\" class=\"wp-image-206\" style=\"width:364px;height:auto\" srcset=\"https:\/\/itdd.au.dk\/cklasfananas\/wp-content\/uploads\/sites\/4\/2023\/12\/Skaermbillede-2023-12-11-kl.-13.21.41-774x1024.png 774w, https:\/\/itdd.au.dk\/cklasfananas\/wp-content\/uploads\/sites\/4\/2023\/12\/Skaermbillede-2023-12-11-kl.-13.21.41-227x300.png 227w, https:\/\/itdd.au.dk\/cklasfananas\/wp-content\/uploads\/sites\/4\/2023\/12\/Skaermbillede-2023-12-11-kl.-13.21.41-768x1016.png 768w, https:\/\/itdd.au.dk\/cklasfananas\/wp-content\/uploads\/sites\/4\/2023\/12\/Skaermbillede-2023-12-11-kl.-13.21.41-1161x1536.png 1161w, https:\/\/itdd.au.dk\/cklasfananas\/wp-content\/uploads\/sites\/4\/2023\/12\/Skaermbillede-2023-12-11-kl.-13.21.41.png 1244w\" sizes=\"auto, (max-width: 774px) 100vw, 774px\" \/><\/figure>\n\n\n\n<p>Den f\u00f8rste test af digiteringsl\u00f8bet afsl\u00f8rede et behov for en grundig facilitering fra l\u00e6reren\/igangs\u00e6tterens side med introduktion til Padlet som digital afleveringsbase, f\u00f8r selve l\u00f8bet gik i gang. Derudover oplevede flere deltagere, at QR-koder, Padlet mv. skabte mange faner p\u00e5 Safari at skulle navigere rundt i. En l\u00f8sning p\u00e5 begge udfordringer kunne f.eks. v\u00e6re, at fremtidens digiteringsl\u00f8b foreg\u00e5r p\u00e5 \u00e9n samlet platform, s\u00e5 deltageren kun skal benytte \u00e9n app i gennemf\u00f8relsen af aktiviteten. Platformen vil underst\u00f8tte aktiviteten, idet deltagerne ikke vil opleve tekniske udfordringer i skiftet af fanerne eller ved brug af Padlet, og det vil kun kr\u00e6ve introduktion til en enkelt platform.<br>I fremtidens digiteringsl\u00f8b ville det v\u00e6re hensigtsm\u00e6ssigt at tilbyde deltagerne iPads til aktiviteterne for at undg\u00e5 udfordringer forbundet med variationer i deltagernes egne tablets. I en samlet digiteringsl\u00f8bsapp vil akt\u00f8rer som \u2018Padlet\u2019 blive fjernet fra netv\u00e6rket, mens der vil blive tilf\u00f8jet nye. En ny, samlet platform vil indg\u00e5 som en ny aktant, der erstatter flere af de forbindelser, der i f\u00f8rste koncept var mellem deltagere og de benyttede teknologier. Foruden l\u00f8sning af vores udfordringer, fremg\u00e5r det af modellen ovenfor, at en digiteringsapp vil simplificere netv\u00e6rket og skabe nye forbindelser til l\u00e6ring.<\/p>\n\n\n\n<figure class=\"wp-block-image size-full\"><img loading=\"lazy\" decoding=\"async\" width=\"881\" height=\"542\" src=\"https:\/\/itdd.au.dk\/cklasfananas\/wp-content\/uploads\/sites\/4\/2023\/12\/393973114_884443576400838_7934415144704843687_n.png\" alt=\"\" class=\"wp-image-208\" srcset=\"https:\/\/itdd.au.dk\/cklasfananas\/wp-content\/uploads\/sites\/4\/2023\/12\/393973114_884443576400838_7934415144704843687_n.png 881w, https:\/\/itdd.au.dk\/cklasfananas\/wp-content\/uploads\/sites\/4\/2023\/12\/393973114_884443576400838_7934415144704843687_n-300x185.png 300w, https:\/\/itdd.au.dk\/cklasfananas\/wp-content\/uploads\/sites\/4\/2023\/12\/393973114_884443576400838_7934415144704843687_n-768x472.png 768w\" sizes=\"auto, (max-width: 881px) 100vw, 881px\" \/><\/figure>\n\n\n\n<p>(Egenudviklet model &#8211; Udgangspunkt i akt\u00f8r-netv\u00e6rk-teori)<\/p>\n\n\n\n<p><strong>Litteraturliste<\/strong><\/p>\n\n\n\n<p>Brier, S. (2017): Tv\u00e6rvidenskabsteori. Samfundslitteratur.<\/p>\n\n\n\n<div class=\"wp-block-comments\">\n\n\n\n\n\n\t<div id=\"respond\" class=\"comment-respond wp-block-post-comments-form\">\n\t\t<h3 id=\"reply-title\" class=\"comment-reply-title\">Skriv et svar <small><a rel=\"nofollow\" id=\"cancel-comment-reply-link\" href=\"\/cklasfananas\/wp-json\/wp\/v2\/pages\/202#respond\" style=\"display:none;\">Annuller svar<\/a><\/small><\/h3><p class=\"must-log-in\">Du skal v\u00e6re <a href=\"https:\/\/itdd.au.dk\/cklasfananas\/wp-login.php?redirect_to=https%3A%2F%2Fitdd.au.dk%2Fcklasfananas%2Ffremtidens-digiteringsloeb%2F\">logget ind<\/a> for at skrive en kommentar.<\/p>\t<\/div><!-- #respond -->\n\t<\/div>\n","protected":false},"excerpt":{"rendered":"<p>Den f\u00f8rste test af digiteringsl\u00f8bet afsl\u00f8rede et behov for en grundig facilitering fra l\u00e6reren\/igangs\u00e6tterens side med introduktion til Padlet som digital afleveringsbase, f\u00f8r selve l\u00f8bet gik i gang. Derudover oplevede flere deltagere, at QR-koder, Padlet mv. skabte mange faner p\u00e5 Safari at skulle navigere rundt i. En l\u00f8sning p\u00e5 begge udfordringer kunne f.eks. v\u00e6re, at [&hellip;]<\/p>\n","protected":false},"author":33,"featured_media":0,"parent":0,"menu_order":0,"comment_status":"open","ping_status":"closed","template":"","meta":{"footnotes":""},"class_list":["post-202","page","type-page","status-publish","hentry"],"_links":{"self":[{"href":"https:\/\/itdd.au.dk\/cklasfananas\/wp-json\/wp\/v2\/pages\/202","targetHints":{"allow":["GET"]}}],"collection":[{"href":"https:\/\/itdd.au.dk\/cklasfananas\/wp-json\/wp\/v2\/pages"}],"about":[{"href":"https:\/\/itdd.au.dk\/cklasfananas\/wp-json\/wp\/v2\/types\/page"}],"author":[{"embeddable":true,"href":"https:\/\/itdd.au.dk\/cklasfananas\/wp-json\/wp\/v2\/users\/33"}],"replies":[{"embeddable":true,"href":"https:\/\/itdd.au.dk\/cklasfananas\/wp-json\/wp\/v2\/comments?post=202"}],"version-history":[{"count":4,"href":"https:\/\/itdd.au.dk\/cklasfananas\/wp-json\/wp\/v2\/pages\/202\/revisions"}],"predecessor-version":[{"id":225,"href":"https:\/\/itdd.au.dk\/cklasfananas\/wp-json\/wp\/v2\/pages\/202\/revisions\/225"}],"wp:attachment":[{"href":"https:\/\/itdd.au.dk\/cklasfananas\/wp-json\/wp\/v2\/media?parent=202"}],"curies":[{"name":"wp","href":"https:\/\/api.w.org\/{rel}","templated":true}]}}