{"id":106,"date":"2023-09-22T08:05:09","date_gmt":"2023-09-22T08:05:09","guid":{"rendered":"https:\/\/itdd.au.dk\/cklasfananas\/?page_id=106"},"modified":"2024-04-02T09:15:05","modified_gmt":"2024-04-02T09:15:05","slug":"forside","status":"publish","type":"page","link":"https:\/\/itdd.au.dk\/cklasfananas\/","title":{"rendered":"Cklasfananas"},"content":{"rendered":"\n<div class=\"wp-block-columns alignfull is-layout-flex wp-container-core-columns-is-layout-28f84493 wp-block-columns-is-layout-flex\">\n<div class=\"wp-block-column is-layout-flow wp-block-column-is-layout-flow\">\n<figure class=\"wp-block-image size-full\"><img loading=\"lazy\" decoding=\"async\" width=\"589\" height=\"517\" src=\"https:\/\/itdd.au.dk\/cklasfananas\/wp-content\/uploads\/sites\/4\/2023\/10\/Skaermbillede-2023-10-25-kl.-16.34.27.png\" alt=\"\" class=\"wp-image-158\" srcset=\"https:\/\/itdd.au.dk\/cklasfananas\/wp-content\/uploads\/sites\/4\/2023\/10\/Skaermbillede-2023-10-25-kl.-16.34.27.png 589w, https:\/\/itdd.au.dk\/cklasfananas\/wp-content\/uploads\/sites\/4\/2023\/10\/Skaermbillede-2023-10-25-kl.-16.34.27-300x263.png 300w\" sizes=\"auto, (max-width: 589px) 100vw, 589px\" \/><\/figure>\n\n\n\n<p class=\"has-text-align-left\"><span style=\"text-decoration: underline;\">Majs<\/span><br>Navn: Frederikke Rosentoft<br>Lokation: K\u00f8benhavn<br>Alder: 25 gange rundt om solen<br>Jeg har en bachelor i P\u00e6dagogik fra K\u00f8benhavns Universitet. Jeg arbejder til daglig som studentermedhj\u00e6lper hos Danmark Magisterforening, hvor jeg startede i september 2023. Jeg holder meget af at v\u00e6re kreativ i form af at strikke, h\u00e6kle, brodere eller male. Mit dr\u00f8mmejob er at hj\u00e6lpe folk og g\u00f8re verden et bedre sted, b\u00e5de fysisk og digitalt. Jeg arbejder meget struktureret og fokuseret, men med plads til hyggen og en kop kaffe.<\/p>\n<\/div>\n\n\n\n<div class=\"wp-block-column is-layout-flow wp-block-column-is-layout-flow\">\n<figure class=\"wp-block-image size-full is-resized\"><img loading=\"lazy\" decoding=\"async\" width=\"612\" height=\"526\" src=\"https:\/\/itdd.au.dk\/cklasfananas\/wp-content\/uploads\/sites\/4\/2023\/10\/Skaermbillede-2023-10-25-kl.-16.32.39.png\" alt=\"\" class=\"wp-image-160\" style=\"aspect-ratio:1.1634980988593155;width:294px;height:auto\" srcset=\"https:\/\/itdd.au.dk\/cklasfananas\/wp-content\/uploads\/sites\/4\/2023\/10\/Skaermbillede-2023-10-25-kl.-16.32.39.png 612w, https:\/\/itdd.au.dk\/cklasfananas\/wp-content\/uploads\/sites\/4\/2023\/10\/Skaermbillede-2023-10-25-kl.-16.32.39-300x258.png 300w\" sizes=\"auto, (max-width: 612px) 100vw, 612px\" \/><\/figure>\n\n\n\n<p><span style=\"text-decoration: underline;\">Tun p\u00e5 d\u00e5s<\/span>e<br>Navn: Karina Beck aka ITrina<br>Lokation: Marinehjemmev\u00e6rnsskolen Slipshavn p\u00e5 Fyn<br>Alder: 25 gange rundt om jorden &#8211; de 10 af dem som jordomsejlinger \ud83d\ude01<br>Jeg lagde ud med 5 IT-moduler fra Centret for Informatik og Datalogi, l\u00e6ste diplom i Administration fra K\u00f8benhavns Handelsh\u00f8jskole og til l\u00e6rer med linjefag i dansk, engelsk, historie og sl\u00f8jd samt bachelor i historie med fokus p\u00e5 globalisering. Ud over erhvervserfaring som administrationschef og skolel\u00e6rer er jeg efteruddannet i jura inkl. GDPR, \u00f8konomi, administration, neurop\u00e6dagogik og l\u00e6sevejledning.<br>I min fritid er jeg IT-specialist i Marinehjemmev\u00e6rnet, hvor jeg sejler som gast for at kunne passe p\u00e5 havmilj\u00f8et, redde n\u00f8dstedte til s\u00f8s og medvirke til forsvaret af Danmark.<\/p>\n<\/div>\n\n\n\n<div class=\"wp-block-column is-layout-flow wp-block-column-is-layout-flow\">\n<figure class=\"wp-block-image size-full is-resized\"><img loading=\"lazy\" decoding=\"async\" width=\"578\" height=\"530\" src=\"https:\/\/itdd.au.dk\/cklasfananas\/wp-content\/uploads\/sites\/4\/2023\/10\/Skaermbillede-2023-10-25-kl.-16.34.45.png\" alt=\"\" class=\"wp-image-157\" style=\"aspect-ratio:1.090566037735849;width:275px;height:auto\" srcset=\"https:\/\/itdd.au.dk\/cklasfananas\/wp-content\/uploads\/sites\/4\/2023\/10\/Skaermbillede-2023-10-25-kl.-16.34.45.png 578w, https:\/\/itdd.au.dk\/cklasfananas\/wp-content\/uploads\/sites\/4\/2023\/10\/Skaermbillede-2023-10-25-kl.-16.34.45-300x275.png 300w\" sizes=\"auto, (max-width: 578px) 100vw, 578px\" \/><\/figure>\n\n\n\n<p><span style=\"text-decoration: underline;\">Kaperss<\/span><br>Navn: Nanna Emilie Wegeberg<br>Lokation: Milano, Italien<br>Alder: 25 gange rundt om solen<br>Jeg har i sommers f\u00e6rdiggjort en bachelor i P\u00e6dagogik fra K\u00f8benhavns Universitet, hvor jeg fokuserede p\u00e5 teknologiforst\u00e5else og brug af IT i det offentlige og private. Jeg arbejder til daglig p\u00e5 Center for Ungdomsforskning p\u00e5 Aalborg Universitet samt laver lidt freelance arbejde p\u00e5 andre forskningsprojekter. Jeg er struktureret og g\u00f8r mig umage med mine ting, men v\u00e6gter det ogs\u00e5 h\u00f8jt at have det sjovt og have et godt socialt liv b\u00e5de p\u00e5 studie og i fritiden.<\/p>\n<\/div>\n\n\n\n<div class=\"wp-block-column is-layout-flow wp-block-column-is-layout-flow\">\n<p><\/p>\n<\/div>\n<\/div>\n\n\n\n<div class=\"wp-block-columns is-layout-flex wp-container-core-columns-is-layout-28f84493 wp-block-columns-is-layout-flex\">\n<div class=\"wp-block-column is-layout-flow wp-block-column-is-layout-flow\">\n<div class=\"wp-block-columns is-layout-flex wp-container-core-columns-is-layout-28f84493 wp-block-columns-is-layout-flex\">\n<div class=\"wp-block-column is-layout-flow wp-block-column-is-layout-flow\"><\/div>\n\n\n\n<div class=\"wp-block-column is-layout-flow wp-block-column-is-layout-flow\"><\/div>\n<\/div>\n<\/div>\n\n\n\n<div class=\"wp-block-column is-layout-flow wp-block-column-is-layout-flow\"><\/div>\n<\/div>\n\n\n\n<div class=\"wp-block-comments\"><h2 id=\"comments\" class=\"wp-block-comments-title\">2 svar til &#8220;Cklasfananas&#8221;<\/h2>\n\n<ol class=\"wp-block-comment-template\"><li id=\"comment-13\" class=\"comment byuser comment-author-klaust even thread-even depth-1\">\n\n<div class=\"wp-block-columns is-layout-flex wp-container-core-columns-is-layout-28f84493 wp-block-columns-is-layout-flex\">\n<div class=\"wp-block-column is-layout-flow wp-block-column-is-layout-flow\" style=\"flex-basis:40px\"><div class=\"wp-block-avatar\"><img alt='klaust Avatar' src='https:\/\/secure.gravatar.com\/avatar\/16f7bad764ec3b0ca651d1506f5616f6ddb921c572403bc55849e9d660f7440e?s=40&#038;d=mm&#038;r=g' srcset='https:\/\/secure.gravatar.com\/avatar\/16f7bad764ec3b0ca651d1506f5616f6ddb921c572403bc55849e9d660f7440e?s=80&#038;d=mm&#038;r=g 2x' class='avatar avatar-40 photo wp-block-avatar__image' height='40' width='40'  style=\"border-radius:20px;\"\/><\/div><\/div>\n\n\n\n<div class=\"wp-block-column is-layout-flow wp-block-column-is-layout-flow\"><div class=\"wp-block-comment-author-name has-small-font-size\">klaust<\/div>\n\n\n<div class=\"wp-block-group is-layout-flex wp-block-group-is-layout-flex\" style=\"margin-top:0px;margin-bottom:0px\"><div class=\"wp-block-comment-date has-small-font-size\"><time datetime=\"2023-09-22T08:09:41+00:00\"><a href=\"https:\/\/itdd.au.dk\/cklasfananas\/#comment-13\">september 22, 2023<\/a><\/time><\/div>\n\n<\/div>\n\n\n<div class=\"wp-block-comment-content\"><p>Hej med jer! Nu kunne jeg godt kommentere. det kan v\u00e6re. at jeg ikke havde set muligheden? Jeg vil ikke afvise det.  men her er teksten det rette sted:<\/p>\n<p>Jeg kan vist ikke lige kommentere p\u00e5 jeres del om jer selv. S\u00e5 den kommer lige her. Sjov ide med at g\u00f8re jer selv til en del af en ret \u2013 eller en opskrift. God pointe, at alle dele tilsammen g\u00f8r en god middag\u2026 jeg bliver ogs\u00e5 nysgerrig efter at vide mere hos hver af jer. Gad vide, hvad det I kan og g\u00f8r, kommer til at betyde for jer som kommende it-didaktiske designere?<\/p>\n<\/div>\n\n<div class=\"wp-block-comment-reply-link has-small-font-size\"><a rel=\"nofollow\" class=\"comment-reply-login\" href=\"https:\/\/itdd.au.dk\/cklasfananas\/wp-login.php?redirect_to=https%3A%2F%2Fitdd.au.dk%2Fcklasfananas%2F\">Log ind for at svare<\/a><\/div><\/div>\n<\/div>\n\n<ol><li id=\"comment-16\" class=\"comment byuser comment-author-karbec bypostauthor odd alt depth-2\">\n\n<div class=\"wp-block-columns is-layout-flex wp-container-core-columns-is-layout-28f84493 wp-block-columns-is-layout-flex\">\n<div class=\"wp-block-column is-layout-flow wp-block-column-is-layout-flow\" style=\"flex-basis:40px\"><div class=\"wp-block-avatar\"><img alt='karbec Avatar' src='https:\/\/secure.gravatar.com\/avatar\/6c0dfae912558faffb17fc5d6718022252519e2e39ff3be1710c31371583cdaf?s=40&#038;d=mm&#038;r=g' srcset='https:\/\/secure.gravatar.com\/avatar\/6c0dfae912558faffb17fc5d6718022252519e2e39ff3be1710c31371583cdaf?s=80&#038;d=mm&#038;r=g 2x' class='avatar avatar-40 photo wp-block-avatar__image' height='40' width='40'  style=\"border-radius:20px;\"\/><\/div><\/div>\n\n\n\n<div class=\"wp-block-column is-layout-flow wp-block-column-is-layout-flow\"><div class=\"wp-block-comment-author-name has-small-font-size\">karbec<\/div>\n\n\n<div class=\"wp-block-group is-layout-flex wp-block-group-is-layout-flex\" style=\"margin-top:0px;margin-bottom:0px\"><div class=\"wp-block-comment-date has-small-font-size\"><time datetime=\"2023-09-22T11:00:28+00:00\"><a href=\"https:\/\/itdd.au.dk\/cklasfananas\/#comment-16\">september 22, 2023<\/a><\/time><\/div>\n\n<\/div>\n\n\n<div class=\"wp-block-comment-content\"><p>Hej Klaus.<br \/>\nVi fik f\u00f8rst kommentarboksen p\u00e5 forsiden i dag, efter at have set kommentarerne p\u00e5 vores madlavningsside.<br \/>\nAt vi som gruppemedlemmer tilsammen udg\u00f8r en god middag er resultatet af at have tilpasset os de fysiske begr\u00e6nsninger og fokuseret p\u00e5 tekniske l\u00f8sninger for s\u00e5vel synkrone som asynkrone l\u00f8sninger.<br \/>\nKan man tale om digital evolution? Alts\u00e5 at ikke n\u00f8dvendigvis de med det st\u00e6rkeste hardware eller de med det smarteste software overlever, men de, der tilpasser sig bedst?<br \/>\nMed venlig hilsen<br \/>\ncklasfananas<\/p>\n<\/div>\n\n<div class=\"wp-block-comment-reply-link has-small-font-size\"><a rel=\"nofollow\" class=\"comment-reply-login\" href=\"https:\/\/itdd.au.dk\/cklasfananas\/wp-login.php?redirect_to=https%3A%2F%2Fitdd.au.dk%2Fcklasfananas%2F\">Log ind for at svare<\/a><\/div><\/div>\n<\/div>\n\n<\/li><\/ol><\/li><\/ol>\n\n\n\n\t<div id=\"respond\" class=\"comment-respond wp-block-post-comments-form\">\n\t\t<h3 id=\"reply-title\" class=\"comment-reply-title\">Skriv et svar <small><a rel=\"nofollow\" id=\"cancel-comment-reply-link\" href=\"\/cklasfananas\/wp-json\/wp\/v2\/pages\/106#respond\" style=\"display:none;\">Annuller svar<\/a><\/small><\/h3><p class=\"must-log-in\">Du skal v\u00e6re <a href=\"https:\/\/itdd.au.dk\/cklasfananas\/wp-login.php?redirect_to=https%3A%2F%2Fitdd.au.dk%2Fcklasfananas%2F\">logget ind<\/a> for at skrive en kommentar.<\/p>\t<\/div><!-- #respond -->\n\t<\/div>\n","protected":false},"excerpt":{"rendered":"<p>MajsNavn: Frederikke RosentoftLokation: K\u00f8benhavnAlder: 25 gange rundt om solenJeg har en bachelor i P\u00e6dagogik fra K\u00f8benhavns Universitet. Jeg arbejder til daglig som studentermedhj\u00e6lper hos Danmark Magisterforening, hvor jeg startede i september 2023. Jeg holder meget af at v\u00e6re kreativ i form af at strikke, h\u00e6kle, brodere eller male. Mit dr\u00f8mmejob er at hj\u00e6lpe folk og [&hellip;]<\/p>\n","protected":false},"author":29,"featured_media":0,"parent":0,"menu_order":0,"comment_status":"open","ping_status":"closed","template":"","meta":{"footnotes":""},"class_list":["post-106","page","type-page","status-publish","hentry"],"_links":{"self":[{"href":"https:\/\/itdd.au.dk\/cklasfananas\/wp-json\/wp\/v2\/pages\/106","targetHints":{"allow":["GET"]}}],"collection":[{"href":"https:\/\/itdd.au.dk\/cklasfananas\/wp-json\/wp\/v2\/pages"}],"about":[{"href":"https:\/\/itdd.au.dk\/cklasfananas\/wp-json\/wp\/v2\/types\/page"}],"author":[{"embeddable":true,"href":"https:\/\/itdd.au.dk\/cklasfananas\/wp-json\/wp\/v2\/users\/29"}],"replies":[{"embeddable":true,"href":"https:\/\/itdd.au.dk\/cklasfananas\/wp-json\/wp\/v2\/comments?post=106"}],"version-history":[{"count":9,"href":"https:\/\/itdd.au.dk\/cklasfananas\/wp-json\/wp\/v2\/pages\/106\/revisions"}],"predecessor-version":[{"id":228,"href":"https:\/\/itdd.au.dk\/cklasfananas\/wp-json\/wp\/v2\/pages\/106\/revisions\/228"}],"wp:attachment":[{"href":"https:\/\/itdd.au.dk\/cklasfananas\/wp-json\/wp\/v2\/media?parent=106"}],"curies":[{"name":"wp","href":"https:\/\/api.w.org\/{rel}","templated":true}]}}