{"id":301,"date":"2025-09-23T12:52:07","date_gmt":"2025-09-23T12:52:07","guid":{"rendered":"https:\/\/itdd.au.dk\/caja-itdd\/?page_id=301"},"modified":"2025-12-10T12:51:12","modified_gmt":"2025-12-10T12:51:12","slug":"blogs","status":"publish","type":"page","link":"https:\/\/itdd.au.dk\/caja-itdd\/blogs\/","title":{"rendered":"Blogs"},"content":{"rendered":"\n<h2 class=\"wp-block-heading\">Har du lyst til at f\u00f8lge med i hvad vi laver?<\/h2>\n\n\n\n<p>L\u00e6s vores blogs og smid en kommentar!<\/p>\n\n\n\n<p><\/p>\n\n\n\n<p class=\"has-accent-1-color has-text-color has-link-color wp-elements-092b0af20892bd8cce4015cc3a8ec650\">k<\/p>\n\n\n\n<p><strong>Online madprojekt<\/strong><\/p>\n\n\n\n<figure class=\"wp-block-image size-large\"><a href=\"https:\/\/itdd.au.dk\/caja-itdd\/2025\/09\/18\/test\/\"><img decoding=\"async\" src=\"https:\/\/itdd.au.dk\/caja-itdd\/wp-content\/uploads\/sites\/42\/2025\/09\/anton-768x1024.jpg\" alt=\"\" class=\"wp-image-38\"\/><\/a><figcaption class=\"wp-element-caption\"><strong>Online madprojekt<\/strong><\/figcaption><\/figure>\n\n\n\n<p><strong>Jeg kan transformere! A-va-ca-do?<\/strong><\/p>\n\n\n\n<figure class=\"wp-block-image size-large\"><a href=\"https:\/\/itdd.au.dk\/caja-itdd\/2025\/09\/23\/test-test\/\"><img loading=\"lazy\" decoding=\"async\" width=\"768\" height=\"1024\" src=\"https:\/\/itdd.au.dk\/caja-itdd\/wp-content\/uploads\/sites\/42\/2025\/09\/joachims-avocado-768x1024.jpg\" alt=\"\" class=\"wp-image-351\" srcset=\"https:\/\/itdd.au.dk\/caja-itdd\/wp-content\/uploads\/sites\/42\/2025\/09\/joachims-avocado-768x1024.jpg 768w, https:\/\/itdd.au.dk\/caja-itdd\/wp-content\/uploads\/sites\/42\/2025\/09\/joachims-avocado-225x300.jpg 225w, https:\/\/itdd.au.dk\/caja-itdd\/wp-content\/uploads\/sites\/42\/2025\/09\/joachims-avocado-1152x1536.jpg 1152w, https:\/\/itdd.au.dk\/caja-itdd\/wp-content\/uploads\/sites\/42\/2025\/09\/joachims-avocado.jpg 1170w\" sizes=\"auto, (max-width: 768px) 100vw, 768px\" \/><\/a><figcaption class=\"wp-element-caption\"><strong>Jeg kan transformere! A-va-ca-do?<\/strong><\/figcaption><\/figure>\n\n\n\n<p><strong>Bare g\u00e5 bananas! Lad AI v\u00e6re inspiration &#8211; ikke konklusion<\/strong><\/p>\n\n\n\n<figure class=\"wp-block-image size-large\"><a href=\"https:\/\/itdd.au.dk\/caja-itdd\/2025\/10\/30\/blogpost-3-undervisningsforloeb\/\"><img loading=\"lazy\" decoding=\"async\" width=\"675\" height=\"1024\" src=\"https:\/\/itdd.au.dk\/caja-itdd\/wp-content\/uploads\/sites\/42\/2025\/10\/566551108_1162953012601217_9045600686618151643_n-675x1024.jpg\" alt=\"\" class=\"wp-image-401\" srcset=\"https:\/\/itdd.au.dk\/caja-itdd\/wp-content\/uploads\/sites\/42\/2025\/10\/566551108_1162953012601217_9045600686618151643_n-675x1024.jpg 675w, https:\/\/itdd.au.dk\/caja-itdd\/wp-content\/uploads\/sites\/42\/2025\/10\/566551108_1162953012601217_9045600686618151643_n-198x300.jpg 198w, https:\/\/itdd.au.dk\/caja-itdd\/wp-content\/uploads\/sites\/42\/2025\/10\/566551108_1162953012601217_9045600686618151643_n-768x1166.jpg 768w, https:\/\/itdd.au.dk\/caja-itdd\/wp-content\/uploads\/sites\/42\/2025\/10\/566551108_1162953012601217_9045600686618151643_n-1012x1536.jpg 1012w, https:\/\/itdd.au.dk\/caja-itdd\/wp-content\/uploads\/sites\/42\/2025\/10\/566551108_1162953012601217_9045600686618151643_n-1349x2048.jpg 1349w, https:\/\/itdd.au.dk\/caja-itdd\/wp-content\/uploads\/sites\/42\/2025\/10\/566551108_1162953012601217_9045600686618151643_n-scaled.jpg 1686w\" sizes=\"auto, (max-width: 675px) 100vw, 675px\" \/><\/a><figcaption class=\"wp-element-caption\"><strong>Bare g\u00e5 bananas! Lad AI v\u00e6re inspiration &#8211; ikke konklusion<\/strong><\/figcaption><\/figure>\n\n\n\n<p><strong>I praksis &#8211; Formel og Uformel kontekst<\/strong><\/p>\n\n\n\n<figure class=\"wp-block-image size-full is-resized\"><a href=\"https:\/\/itdd.au.dk\/caja-itdd\/wp-admin\/post.php?post=509&amp;action=edit\"><img loading=\"lazy\" decoding=\"async\" width=\"499\" height=\"637\" src=\"https:\/\/itdd.au.dk\/caja-itdd\/wp-content\/uploads\/sites\/42\/2025\/12\/Skaermbillede-fra-2025-12-10-09-34-16.png\" alt=\"\" class=\"wp-image-543\" style=\"width:645px;height:auto\" srcset=\"https:\/\/itdd.au.dk\/caja-itdd\/wp-content\/uploads\/sites\/42\/2025\/12\/Skaermbillede-fra-2025-12-10-09-34-16.png 499w, https:\/\/itdd.au.dk\/caja-itdd\/wp-content\/uploads\/sites\/42\/2025\/12\/Skaermbillede-fra-2025-12-10-09-34-16-235x300.png 235w\" sizes=\"auto, (max-width: 499px) 100vw, 499px\" \/><\/a><figcaption class=\"wp-element-caption\"><strong>I praksis &#8211; Formel og Uformel kontekst<\/strong><\/figcaption><\/figure>\n\n\n\n<p><\/p>\n","protected":false},"excerpt":{"rendered":"<p>Har du lyst til at f\u00f8lge med i hvad vi laver? L\u00e6s vores blogs og smid en kommentar! k Online madprojekt Jeg kan transformere! A-va-ca-do? Bare g\u00e5 bananas! Lad AI v\u00e6re inspiration &#8211; ikke konklusion I praksis &#8211; Formel og Uformel kontekst<\/p>\n","protected":false},"author":71,"featured_media":0,"parent":0,"menu_order":0,"comment_status":"closed","ping_status":"closed","template":"","meta":{"footnotes":""},"class_list":["post-301","page","type-page","status-publish","hentry"],"_links":{"self":[{"href":"https:\/\/itdd.au.dk\/caja-itdd\/wp-json\/wp\/v2\/pages\/301","targetHints":{"allow":["GET"]}}],"collection":[{"href":"https:\/\/itdd.au.dk\/caja-itdd\/wp-json\/wp\/v2\/pages"}],"about":[{"href":"https:\/\/itdd.au.dk\/caja-itdd\/wp-json\/wp\/v2\/types\/page"}],"author":[{"embeddable":true,"href":"https:\/\/itdd.au.dk\/caja-itdd\/wp-json\/wp\/v2\/users\/71"}],"replies":[{"embeddable":true,"href":"https:\/\/itdd.au.dk\/caja-itdd\/wp-json\/wp\/v2\/comments?post=301"}],"version-history":[{"count":21,"href":"https:\/\/itdd.au.dk\/caja-itdd\/wp-json\/wp\/v2\/pages\/301\/revisions"}],"predecessor-version":[{"id":591,"href":"https:\/\/itdd.au.dk\/caja-itdd\/wp-json\/wp\/v2\/pages\/301\/revisions\/591"}],"wp:attachment":[{"href":"https:\/\/itdd.au.dk\/caja-itdd\/wp-json\/wp\/v2\/media?parent=301"}],"curies":[{"name":"wp","href":"https:\/\/api.w.org\/{rel}","templated":true}]}}