{"id":777,"date":"2025-12-10T15:09:49","date_gmt":"2025-12-10T15:09:49","guid":{"rendered":"https:\/\/itdd.au.dk\/blog-not-found\/?page_id=777"},"modified":"2025-12-11T10:13:52","modified_gmt":"2025-12-11T10:13:52","slug":"det-eksperimenterende-faellesskab-en-redidaktisering","status":"publish","type":"page","link":"https:\/\/itdd.au.dk\/blog-not-found\/det-eksperimenterende-faellesskab-en-redidaktisering\/","title":{"rendered":"Det Eksperimenterende F\u00e6llesskab &#8211; en redidaktisering"},"content":{"rendered":"\n<p>I f\u00f8lgende afsnit, har vi valgt at redidaktisere vores forl\u00f8b p\u00e5 DOKK1. Overvejelserne bag dette g\u00e5r p\u00e5, at kunne overf\u00f8re forl\u00f8bet til et klasserum, da rummet p\u00e5 DOKK1 bar pr\u00e6g af et uformelt rum, hvor b\u00f8rn og voksne frivilligt \u201dtappede\u201d ind og ud af processen. Skal forl\u00f8bet rammes\u00e6ttes, m\u00e5 man g\u00e5 ud fra, at m\u00e5lgruppen deltager aktivt. Vi vil alts\u00e5 udarbejde en skitse, som g\u00f8r det muligt at omdanne et formelt rum til et uformelt, legende og kreativt rum. Vi har i det f\u00f8lgende taget udgangspunkt i rammes\u00e6tningen for SEEDS &nbsp;p\u00e6dagogikken, da denne danner ramme for digital leg og l\u00e6ring i en kreativ proces:<\/p>\n\n\n\n<p><\/p>\n\n\n\n<figure class=\"wp-block-image size-large\"><a href=\"https:\/\/itdd.au.dk\/blog-not-found\/wp-content\/uploads\/sites\/43\/2025\/12\/Skaermbillede-2025-12-10-205526.jpg\"><img loading=\"lazy\" decoding=\"async\" width=\"1024\" height=\"554\" src=\"https:\/\/itdd.au.dk\/blog-not-found\/wp-content\/uploads\/sites\/43\/2025\/12\/Skaermbillede-2025-12-10-205526-1024x554.jpg\" alt=\"\" class=\"wp-image-787\" srcset=\"https:\/\/itdd.au.dk\/blog-not-found\/wp-content\/uploads\/sites\/43\/2025\/12\/Skaermbillede-2025-12-10-205526-1024x554.jpg 1024w, https:\/\/itdd.au.dk\/blog-not-found\/wp-content\/uploads\/sites\/43\/2025\/12\/Skaermbillede-2025-12-10-205526-300x162.jpg 300w, https:\/\/itdd.au.dk\/blog-not-found\/wp-content\/uploads\/sites\/43\/2025\/12\/Skaermbillede-2025-12-10-205526-768x416.jpg 768w, https:\/\/itdd.au.dk\/blog-not-found\/wp-content\/uploads\/sites\/43\/2025\/12\/Skaermbillede-2025-12-10-205526.jpg 1114w\" sizes=\"auto, (max-width: 1024px) 100vw, 1024px\" \/><\/a><\/figure>\n\n\n\n<details class=\"wp-block-details is-layout-flow wp-block-details-is-layout-flow\"><summary><\/summary>\n<p><\/p>\n<\/details>\n\n\n\n<p><strong>Fase 1: \u201dHvad kan den her teknologi g\u00f8re?\u201d<\/strong><\/p>\n\n\n\n<p>L\u00e6reren agerer i denne fase som en guide\/instrukt\u00f8r. Hun viser og instruerer b\u00f8rnene i at prompte i FutureMirror og fort\u00e6ller desuden eleverne, hvordan man laver en god prompt. L\u00e6reren tegner en simpel tegning (gerne afgr\u00e6nset indenfor et emne \u2013 fx hav) og viser b\u00f8rnene hvordan tegningen kan omdannes i FutureMirror.<\/p>\n\n\n\n<p>Klassen bestemmer i f\u00e6llesskab en tegning der konstrueres (stadig indenfor emnet) og der laves en prompt i f\u00e6llesskab som omdanner den f\u00e6lles konstruerede tegning.<\/p>\n\n\n\n<p>Begge billeder fra FutureMirror inds\u00e6ttes i Thinglink(l\u00e6rerkonstruerede + f\u00e6lles konstruerede). Hern\u00e6st skal eleverne selv i gang med at bruge teknologierne. De arbejder sammen i par og skal inds\u00e6tte deres egne produkter i Thinglink, s\u00e5ledes at klassen har en f\u00e6lles opslagstavle at snakke ud fra. Det er vigtigt at eleverne knytter et par ord til deres prompt, eller inds\u00e6tter prompten som kommentar, s\u00e5 at andre kan forst\u00e5 processen bedre. Sammen med det promptede billede, skal ogs\u00e5 ligge et billede af den oprindelige tegning.<\/p>\n\n\n\n<p><\/p>\n\n\n\n<p><strong>Fase 2: \u201dHvad ellers kan de her teknologier?\u201d<\/strong><\/p>\n\n\n\n<p>Her \u00e5bnes en ny Thinglink (nyt l\u00e6rred)<\/p>\n\n\n\n<p>Fase to er en opdagelsesfase, hvor eleverne unders\u00f8ger teknologierne. Eleverne skal derfor fors\u00f8ge at vige fra det oprindelige tema eller knytte det oprindelige tema til andre objekter i rummet end en tegning (fx tage billeder af sit penalhus og prompte det til en skattekiste??). Ideen er, at eleverne opdager at de ikke beh\u00f8ver at tegne, men de kan bruge andre v\u00e6rkt\u00f8jer. Vi forestiller os her, at der bliver taget en masse billeder. M\u00e5ske begynder nogle elever tilmed at tage billeder af hinanden og ikke kun ting i rummet \u2013 gad vide hvad man ellers kan bruge til at skabe noget futuristisk? Eleverne skal ikke n\u00f8dvendigvis skive forklaring p\u00e5 Thinglink, hvor de ogs\u00e5 l\u00e6gger udvalgte billeder p\u00e5 (max 2 pr hold), men de f\u00e5r at vide, at de skal kunne besvare opklarende sp\u00f8rgsm\u00e5l i plenum.<\/p>\n\n\n\n<p>\u00d8velsen slutter netop af med udstilling og opklarende sp\u00f8rgsm\u00e5l i plenum, hvor eleverne forklarer deres baggrund for billedet (Hvad t\u00e6nkte de? Hvorfor?)<\/p>\n\n\n\n<p><strong>Fase 3: \u201dHvad vil vi have den her teknologi til at g\u00f8re?\u201d<\/strong><\/p>\n\n\n\n<p>I denne fase skal eleverne starte med at snakke med deres makker om, hvilke muligheder de \u00f8nsker med FutureMirror og ThingLink. Det er eleverne der st\u00e5r i centrum af processen og \u00f8velsen er derfor lige s\u00e5 meget ikke at lade teknologien blive centrum for arbejdet. For at \u00f8velsen ikke bliver for ustruktureret for eleverne, formuleres \u00e5bne sp\u00f8rgsm\u00e5l i et hj\u00e6lpeark til at st\u00f8tte eleverne i den kreative proces. Tal om et par af sp\u00f8rgsm\u00e5lene i plenum f\u00f8r opgaven igangs\u00e6ttes. L\u00e6reren er efterf\u00f8lgende med som deltager i processen. Hun deltager og sp\u00f8rger ind til elevernes ideer, samt bidrager med sp\u00f8rgsm\u00e5l der kan \u00e5bne d\u00f8re i andre retninger (hj\u00e6lper fx med at udvide tankegangen fra en lokal \u2013 national \u2013 international \u2013 tankegang.).<\/p>\n\n\n\n<figure class=\"wp-block-image size-full\"><img loading=\"lazy\" decoding=\"async\" width=\"403\" height=\"159\" src=\"https:\/\/itdd.au.dk\/blog-not-found\/wp-content\/uploads\/sites\/43\/2025\/12\/image-1.jpg\" alt=\"\" class=\"wp-image-779\" srcset=\"https:\/\/itdd.au.dk\/blog-not-found\/wp-content\/uploads\/sites\/43\/2025\/12\/image-1.jpg 403w, https:\/\/itdd.au.dk\/blog-not-found\/wp-content\/uploads\/sites\/43\/2025\/12\/image-1-300x118.jpg 300w\" sizes=\"auto, (max-width: 403px) 100vw, 403px\" \/><\/figure>\n\n\n\n<p>Hj\u00e6lpeark med sp\u00f8rgsm\u00e5l:<\/p>\n\n\n\n<ul class=\"wp-block-list\">\n<li><em>Hvordan kunne FutureMirror og Thinglink bruges p\u00e5 en helt anden m\u00e5de, end de er t\u00e6nkt til?<\/em><\/li>\n\n\n\n<li><em>Hvad ville der ske, hvis I blandede FutureMirror og Thinglink p\u00e5 en m\u00e5de ingen har pr\u00f8vet f\u00f8r?<\/em><\/li>\n\n\n\n<li><em>Hvilke nye udtryk eller fort\u00e6llinger kan teknologien hj\u00e6lpe jer med at skabe?<\/em><\/li>\n\n\n\n<li><em>Hvis I kunne \u00e6ndre teknologien frit, hvad ville I s\u00e5 tilf\u00f8je eller fjerne?<\/em><\/li>\n\n\n\n<li><em>Hvordan kan I bruge teknologien til at skabe noget, der overrasker jer selv?<\/em><\/li>\n\n\n\n<li><em>Hvilke &#8220;hvad nu hvis\u2026&#8221;-eksperimenter kan I pr\u00f8ve med de digitale v\u00e6rkt\u00f8jer?<\/em><\/li>\n\n\n\n<li><em>Hvordan \u00e6ndrer teknologien jeres m\u00e5de at arbejde sammen p\u00e5?<\/em><\/li>\n\n\n\n<li><em>Hvordan \u00e6ndrer teknologien jeres m\u00e5de at arbejde sammen p\u00e5?<\/em><\/li>\n<\/ul>\n\n\n\n<p>Eleverne pr\u00e6senteres for projektet:<\/p>\n\n\n\n<p><strong>Id\u00e9-laboratorium (FutureMirror \u00d7 Thinglink)<\/strong><\/p>\n\n\n\n<p><strong>Form\u00e5l:<\/strong> At lade eleverne kombinere og omforme teknologierne efter deres egen intention.<\/p>\n\n\n\n<p><strong>Fremgangsm\u00e5de:<\/strong><\/p>\n\n\n\n<p>Eleverne arbejder i par eller i sm\u00e5 grupper \u00e1 3.<\/p>\n\n\n\n<p>Opgaven er \u00e5ben og der findes ikke rigtig og forkert, eleverne skal dog selv finde frem til problem og l\u00f8sningsforslag. F\u00f8lgende sp\u00f8rgsm\u00e5l formulerer opgaven:<\/p>\n\n\n\n<ol start=\"1\" class=\"wp-block-list\">\n<li><em>Hvilket problem, \u00f8nske eller stemning vil I udforske?<\/em><\/li>\n\n\n\n<li><em>Hvad kan teknologien hj\u00e6lpe jer med at forst\u00e6rke, forandre eller skabe?<\/em><\/li>\n\n\n\n<li><em>Hvordan kan teknologien bruges p\u00e5 en m\u00e5de, ingen har t\u00e6nkt p\u00e5?<\/em><\/li>\n<\/ol>\n\n\n\n<p>Eleverne skitserer 2\u20133 id\u00e9er og freml\u00e6gger (I det format der giver mening for dem og deres teknologi \u2013 fx tekst\/tegning\/tale) og resten af klassen sp\u00f8rger nysgerrigt ind og bidrager til refleksion.<\/p>\n\n\n\n<p><\/p>\n\n\n\n<p>Litteratur: <\/p>\n\n\n\n<p><em>N. Dittert, K. Thestrup &amp; S. Robinson &#8220;The SEEDS pedagogy: Designing a new pedagogy for preschools using a<br>technology-based toolkit&#8221; I International Journal of Child-Computer Interaction 27 (2021)<\/em><\/p>\n\n\n\n<div style=\"height:66px\" aria-hidden=\"true\" class=\"wp-block-spacer\"><\/div>\n\n\n\n<!-- LEGO-agtig Dokk1-knap -->\n<link href=\"https:\/\/fonts.googleapis.com\/css2?family=Bangers&#038;display=swap\" rel=\"stylesheet\">\n\n<style>\n.lego-home-btn{\n  --lego-bg:#ff6b6b; \/* ROSA\/PINK som billedet *\/\n  display:flex;\n  align-items:center;\n  gap:8px;\n  padding:10px 18px;\n  border-radius:16px;\n  background:var(--lego-bg);\n  box-shadow:0 6px 16px rgba(0,0,0,.25);\n  text-decoration:none;\n  transition:transform .25s ease, box-shadow .25s ease;\n  margin:20px auto;\n  width:fit-content;\n}\n.lego-home-btn:hover{\n  transform:translateY(-3px) scale(1.04);\n  box-shadow:0 10px 22px rgba(0,0,0,.35);\n}\n.lego-home-btn svg{\n  width:26px;\n  height:auto;\n}\n.lego-home-btn span{\n  font-family:'Bangers',cursive;\n  font-size:1.1rem;\n  letter-spacing:.5px;\n  color:#fff;\n  text-shadow:2px 2px #4b1d87;\n}\n<\/style>\n\n<a class=\"lego-home-btn\"\n   href=\"https:\/\/itdd.au.dk\/blog-not-found\/dokken\/\">\n  <svg viewBox=\"0 0 15 15\" xmlns=\"http:\/\/www.w3.org\/2000\/svg\" aria-hidden=\"true\">\n    <path d=\"M3.5 3H11.5V2H3.5V3ZM13 4.5V12.5H14V4.5H13ZM11.5 14H3.5V15H11.5V14ZM2 12.5V4.5H1V12.5H2ZM3.5 14C2.67157 14 2 13.3284 2 12.5H1C1 13.8807 2.11929 15 3.5 15V14ZM13 12.5C13 13.3284 12.3284 14 11.5 14V15C12.8807 15 14 13.8807 14 12.5H13ZM11.5 3C12.3284 3 13 3.67157 13 4.5H14C14 3.11929 12.8807 2 11.5 2V3ZM3.5 2C2.11929 2 1 3.11929 1 4.5H2C2 3.67157 2.67157 3 3.5 3V2ZM5 8H6V7H5V8ZM9 8H10V7H9V8ZM10.1 9.7C8.8 11.4333 6.2 11.4333 4.9 9.7L4.1 10.3C5.8 12.5667 9.2 12.5667 10.9 10.3L10.1 9.7ZM5 2.5V1.5H4V2.5H5ZM5.5 1H9.5V0H5.5V1ZM10 1.5V2.5H11V1.5H10ZM9.5 1C9.77614 1 10 1.22386 10 1.5H11C11 0.671573 10.3284 0 9.5 0V1ZM5 1.5C5 1.22386 5.22386 1 5.5 1V0C4.67157 0 4 0.671573 4 1.5H5Z\" fill=\"#ffffff\"\/>\n  <\/svg>\n  <span>Hjem til glasset p\u00e5 Dokk1<\/span>\n<\/a>\n","protected":false},"excerpt":{"rendered":"<p>I f\u00f8lgende afsnit, har vi valgt at redidaktisere vores forl\u00f8b p\u00e5 DOKK1. Overvejelserne bag dette g\u00e5r p\u00e5, at kunne overf\u00f8re forl\u00f8bet til et klasserum, da rummet p\u00e5 DOKK1 bar pr\u00e6g af et uformelt rum, hvor b\u00f8rn og voksne frivilligt \u201dtappede\u201d ind og ud af processen. Skal forl\u00f8bet rammes\u00e6ttes, m\u00e5 man g\u00e5 ud fra, at m\u00e5lgruppen [&hellip;]<\/p>\n","protected":false},"author":85,"featured_media":0,"parent":0,"menu_order":0,"comment_status":"closed","ping_status":"closed","template":"","meta":{"footnotes":""},"class_list":["post-777","page","type-page","status-publish","hentry"],"_links":{"self":[{"href":"https:\/\/itdd.au.dk\/blog-not-found\/wp-json\/wp\/v2\/pages\/777","targetHints":{"allow":["GET"]}}],"collection":[{"href":"https:\/\/itdd.au.dk\/blog-not-found\/wp-json\/wp\/v2\/pages"}],"about":[{"href":"https:\/\/itdd.au.dk\/blog-not-found\/wp-json\/wp\/v2\/types\/page"}],"author":[{"embeddable":true,"href":"https:\/\/itdd.au.dk\/blog-not-found\/wp-json\/wp\/v2\/users\/85"}],"replies":[{"embeddable":true,"href":"https:\/\/itdd.au.dk\/blog-not-found\/wp-json\/wp\/v2\/comments?post=777"}],"version-history":[{"count":7,"href":"https:\/\/itdd.au.dk\/blog-not-found\/wp-json\/wp\/v2\/pages\/777\/revisions"}],"predecessor-version":[{"id":797,"href":"https:\/\/itdd.au.dk\/blog-not-found\/wp-json\/wp\/v2\/pages\/777\/revisions\/797"}],"wp:attachment":[{"href":"https:\/\/itdd.au.dk\/blog-not-found\/wp-json\/wp\/v2\/media?parent=777"}],"curies":[{"name":"wp","href":"https:\/\/api.w.org\/{rel}","templated":true}]}}