{"id":414,"date":"2025-10-21T21:45:30","date_gmt":"2025-10-21T21:45:30","guid":{"rendered":"https:\/\/itdd.au.dk\/blog-not-found\/?page_id=414"},"modified":"2025-10-23T10:24:59","modified_gmt":"2025-10-23T10:24:59","slug":"uge-43","status":"publish","type":"page","link":"https:\/\/itdd.au.dk\/blog-not-found\/uge-43\/","title":{"rendered":""},"content":{"rendered":"\n<div class=\"wp-block-cover alignwide\"><img loading=\"lazy\" decoding=\"async\" width=\"1024\" height=\"1024\" class=\"wp-block-cover__image-background wp-image-484\" alt=\"\" src=\"https:\/\/itdd.au.dk\/blog-not-found\/wp-content\/uploads\/sites\/43\/2025\/10\/kombucha-1.png\" data-object-fit=\"cover\" srcset=\"https:\/\/itdd.au.dk\/blog-not-found\/wp-content\/uploads\/sites\/43\/2025\/10\/kombucha-1.png 1024w, https:\/\/itdd.au.dk\/blog-not-found\/wp-content\/uploads\/sites\/43\/2025\/10\/kombucha-1-300x300.png 300w, https:\/\/itdd.au.dk\/blog-not-found\/wp-content\/uploads\/sites\/43\/2025\/10\/kombucha-1-150x150.png 150w, https:\/\/itdd.au.dk\/blog-not-found\/wp-content\/uploads\/sites\/43\/2025\/10\/kombucha-1-768x768.png 768w\" sizes=\"auto, (max-width: 1024px) 100vw, 1024px\" \/><span aria-hidden=\"true\" class=\"wp-block-cover__background has-background-dim\"><\/span><div class=\"wp-block-cover__inner-container is-layout-flow wp-block-cover-is-layout-flow\">\n<p class=\"has-text-align-center has-large-font-size\"><\/p>\n<\/div><\/div>\n\n\n\n<h1 class=\"wp-block-heading\">Fra k\u00f8kkenbryg til levende budskab<\/h1>\n\n\n\n<p>&#8211; N\u00e5r kombucha f\u00f8der et forl\u00f8b<\/p>\n\n\n\n<p>Uge 43<\/p>\n\n\n\n<div class=\"wp-block-group is-vertical is-layout-flex wp-container-core-group-is-layout-fe9cc265 wp-block-group-is-layout-flex\">\n<p><\/p>\n\n\n\n<p><strong>Overvejelser over m\u00e5lgruppens proces<\/strong><\/p>\n\n\n\n<p>Vi har besluttet at lave et tv\u00e6rfagligt forl\u00f8b som binder sig op p\u00e5 sektion 10 i padletten. Her fokuserer vi p\u00e5 den faglige transformationen  med kombucha som emne.<\/p>\n\n\n\n<p>Form\u00e5let med vores forl\u00f8b, er at eleverne f\u00e5r viden om fermenteringsprocesser, samt udvikler kritisk t\u00e6nkning med fokus p\u00e5 p\u00e5stande.<\/p>\n\n\n\n<p>Eleverne skal i forl\u00f8bet samarbejde med GAI, hvor de skal teste p\u00e5stande og anskue disse i et p\u00e5standsark. Transformationen i vores forl\u00f8b sker alts\u00e5 b\u00e5de i den biologiske, analogiske unders\u00f8gelse, men ogs\u00e5 i det digitale samarbejde, hvor processerne sammenflettes i \u00e9n workshop (workshop A). <\/p>\n\n\n\n<figure class=\"wp-block-image size-large is-resized\"><img loading=\"lazy\" decoding=\"async\" width=\"1024\" height=\"683\" src=\"https:\/\/itdd.au.dk\/blog-not-found\/wp-content\/uploads\/sites\/43\/2025\/10\/entangeld-proces-kombucha-1024x683.png\" alt=\"\" class=\"wp-image-465\" style=\"width:443px;height:auto\" srcset=\"https:\/\/itdd.au.dk\/blog-not-found\/wp-content\/uploads\/sites\/43\/2025\/10\/entangeld-proces-kombucha-1024x683.png 1024w, https:\/\/itdd.au.dk\/blog-not-found\/wp-content\/uploads\/sites\/43\/2025\/10\/entangeld-proces-kombucha-300x200.png 300w, https:\/\/itdd.au.dk\/blog-not-found\/wp-content\/uploads\/sites\/43\/2025\/10\/entangeld-proces-kombucha-768x512.png 768w, https:\/\/itdd.au.dk\/blog-not-found\/wp-content\/uploads\/sites\/43\/2025\/10\/entangeld-proces-kombucha.png 1536w\" sizes=\"auto, (max-width: 1024px) 100vw, 1024px\" \/><\/figure>\n\n\n\n<p>(ChatGPT, 2025)<\/p>\n\n\n\n<p>(Vi har valgt ikke at inddrage workshop B)<\/p>\n\n\n\n<p>Den sammenflettede proces ses i det biologifaglige som tages videre, og dyrkes i en dialogisk l\u00e6ringsproces, hvor der er fokus p\u00e5 p\u00e5stande omkring kombuchaens p\u00e5virkning p\u00e5 sundhed og velv\u00e6re. Disse p\u00e5stande afpr\u00f8ves ved hj\u00e6lp af GAI og opsummeres i f\u00e6llesskab, hvor disse s\u00e5ledes bliver genstand for debat og sp\u00f8rgsm\u00e5l til videre arbejde med at ruste eleverne til en verden fyldt med p\u00e5stande som b\u00e5de kan v\u00e6re sande og usande.<\/p>\n\n\n\n<p>&nbsp;<\/p>\n\n\n\n<div class=\"wp-block-columns is-layout-flex wp-container-core-columns-is-layout-28f84493 wp-block-columns-is-layout-flex\">\n<div class=\"wp-block-column is-layout-flow wp-block-column-is-layout-flow\" style=\"flex-basis:100%\">\n<figure class=\"wp-block-video\"><video height=\"640\" style=\"aspect-ratio: 1138 \/ 640;\" width=\"1138\" controls src=\"https:\/\/itdd.au.dk\/blog-not-found\/wp-content\/uploads\/sites\/43\/2025\/10\/Blogpost-43-1.mp4\"><\/video><\/figure>\n<\/div>\n<\/div>\n\n\n\n<p><\/p>\n\n\n\n<p>I henhold til <strong><em>Dalsgaards og Rybergs<\/em><\/strong> model (Dalsgaard &amp; Ryberg, 2022), ses et fokus p\u00e5 <em>arbejdsgruppen<\/em>, da undervisningsaktiviteterne binder sig op p\u00e5 en udskolingsklasse, hvor man samles om en faglig opgave. N\u00e5r eleverne arbejder digitalt med unders\u00f8gelse af p\u00e5stande, opbygger de en samling af p\u00e5stande og afpr\u00f8ver dem i GAI. S\u00e5ledes kobles b\u00e5de unders\u00f8gende og konstruerende l\u00e6ringsaktiviteter til forl\u00f8bet, mens den kommunikative del best\u00e5r i l\u00f8bende dialog og koordination ift. p\u00e5standene om arket, som opsummerer elevernes arbejde med GAI.&nbsp;<\/p>\n\n\n\n<figure class=\"wp-block-image size-full is-resized\"><img loading=\"lazy\" decoding=\"async\" width=\"874\" height=\"444\" src=\"https:\/\/itdd.au.dk\/blog-not-found\/wp-content\/uploads\/sites\/43\/2025\/10\/image-1.png\" alt=\"\" class=\"wp-image-477\" style=\"width:476px;height:auto\" srcset=\"https:\/\/itdd.au.dk\/blog-not-found\/wp-content\/uploads\/sites\/43\/2025\/10\/image-1.png 874w, https:\/\/itdd.au.dk\/blog-not-found\/wp-content\/uploads\/sites\/43\/2025\/10\/image-1-300x152.png 300w, https:\/\/itdd.au.dk\/blog-not-found\/wp-content\/uploads\/sites\/43\/2025\/10\/image-1-768x390.png 768w\" sizes=\"auto, (max-width: 874px) 100vw, 874px\" \/><\/figure>\n\n\n\n<p>(Dalsgaard &amp; Ryberg, 2022)<\/p>\n\n\n\n<p><strong>Overvejelser over egen proces<\/strong><\/p>\n\n\n\n<p>I vores proces har vi lavet videomaterialet i samarbejde med GAI. Vi har selv skrevet prompten og sat retningen, mens teknologien har st\u00e5et for at skabe selve videoen. Det illustrerer<strong> <\/strong>Boris Eldagsens pointe om, at man m\u00e5 fordele ansvar, intuition og beslutninger mellem mennesker og maskiner (Eldagsen, 2023).&nbsp;Set med <strong><em>Dalsgaard og Rybergs<\/em><\/strong> model over l\u00e6ringsrum (Dalsgaard &amp; Ryberg, 2022) kan vores arbejde forst\u00e5s som en bev\u00e6gelse mellem det individuelle l\u00e6ringsrum, arbejdsgruppen, interessef\u00e6llesskabet og de \u00e5bne forbindelser. I det individuelle l\u00e6ringsrum forholder vi os hver is\u00e6r eksperimenterende og reflekterende til materialet og teknologien. I arbejdsgruppen deler vi erfaringer, koordinerer vores handlinger og udvikler f\u00e6lles forst\u00e5elser gennem samarbejde. I interessef\u00e6llesskabet tr\u00e6kker vi p\u00e5 eksisterende viden og praksisser omkring b\u00e5de kombucha og GAI.<\/p>\n<\/div>\n\n\n\n<p><\/p>\n\n\n\n<p><\/p>\n\n\n\n<p><a href=\"https:\/\/itdd.au.dk\/blog-not-found\/undervisningsforloeb\/\" data-type=\"page\" data-id=\"424\">Undervisningsforl\u00f8b<\/a><\/p>\n\n\n\n<div style=\"height:100px\" aria-hidden=\"true\" class=\"wp-block-spacer\"><\/div>\n\n\n\n<p><\/p>\n\n\n\n<blockquote class=\"wp-block-quote is-layout-flow wp-block-quote-is-layout-flow\">\n<p>N\u00e5r GAI indg\u00e5r som samarbejdspartner, hvordan skaber teknologien da et rum og ansvar i undervisningen?\nHvilket l\u00e6ringsrum vil I udbygge \u2013 og med hvilken konkret aktivitet \u2013 for at styrke elevernes egen unders\u00f8gelse?<\/p>\n<\/blockquote>\n\n\n\n<p><\/p>\n\n\n\n<div class=\"wp-block-comments\"><h2 id=\"comments\" class=\"wp-block-comments-title\">3 svar til &#8220;&#8221;<\/h2>\n\n<ol class=\"wp-block-comment-template\"><li id=\"comment-13\" class=\"comment byuser comment-author-jose25 even thread-even depth-1\">\n\n<div class=\"wp-block-columns is-layout-flex wp-container-core-columns-is-layout-28f84493 wp-block-columns-is-layout-flex\">\n<div class=\"wp-block-column is-layout-flow wp-block-column-is-layout-flow\" style=\"flex-basis:40px\"><div class=\"wp-block-avatar\"><img alt='jose25 Avatar' src='https:\/\/secure.gravatar.com\/avatar\/a3ce84459dccd996158c2307f400a93b8d4b118b07b563238c54da314b0ea40a?s=40&#038;d=monsterid&#038;r=g' srcset='https:\/\/secure.gravatar.com\/avatar\/a3ce84459dccd996158c2307f400a93b8d4b118b07b563238c54da314b0ea40a?s=80&#038;d=monsterid&#038;r=g 2x' class='avatar avatar-40 photo wp-block-avatar__image' height='40' width='40'  style=\"border-radius:20px;\"\/><\/div><\/div>\n\n\n\n<div class=\"wp-block-column is-layout-flow wp-block-column-is-layout-flow\"><div class=\"wp-block-comment-author-name has-small-font-size\">jose25<\/div>\n\n\n<div class=\"wp-block-group is-layout-flex wp-block-group-is-layout-flex\" style=\"margin-top:0px;margin-bottom:0px\"><div class=\"wp-block-comment-date has-small-font-size\"><time datetime=\"2025-10-23T11:51:09+00:00\"><a href=\"https:\/\/itdd.au.dk\/blog-not-found\/uge-43\/comment-page-1\/#comment-13\">oktober 23, 2025<\/a><\/time><\/div>\n\n<\/div>\n\n\n<div class=\"wp-block-comment-content\"><p>Sp\u00e6ndende at bruge AI som kognitiv partner, kildekritisk redskab og medskabende partner. <\/p>\n<p>Er det korrekt forst\u00e5et, at en af transformationerne er<br \/>\n p\u00e5standene, som g\u00e5r fra det analoge til det digitale. Og at eleverne derefter vender tilbage til det analoge for at revurdere deres p\u00e5stande?<\/p>\n<p>I forhold til jeres sp\u00f8rgsm\u00e5l, har l\u00e6reren et overordnet ansvar for, at tydeligg\u00f8re form\u00e5let med brugen af AI, samt de etiske overvejelser omkring elevernes brug deraf.<\/p>\n<\/div>\n\n<div class=\"wp-block-comment-reply-link has-small-font-size\"><a rel=\"nofollow\" class=\"comment-reply-login\" href=\"https:\/\/itdd.au.dk\/blog-not-found\/wp-login.php?redirect_to=https%3A%2F%2Fitdd.au.dk%2Fblog-not-found%2Fuge-43%2F\">Log ind for at svare<\/a><\/div><\/div>\n<\/div>\n\n<\/li><li id=\"comment-14\" class=\"comment byuser comment-author-asno25 odd alt thread-odd thread-alt depth-1\">\n\n<div class=\"wp-block-columns is-layout-flex wp-container-core-columns-is-layout-28f84493 wp-block-columns-is-layout-flex\">\n<div class=\"wp-block-column is-layout-flow wp-block-column-is-layout-flow\" style=\"flex-basis:40px\"><div class=\"wp-block-avatar\"><img alt='asno25 Avatar' src='https:\/\/secure.gravatar.com\/avatar\/87e5722062090ea832daeeab2e975668e7ae2a65dc0e290ca10aaac4709f3d7a?s=40&#038;d=monsterid&#038;r=g' srcset='https:\/\/secure.gravatar.com\/avatar\/87e5722062090ea832daeeab2e975668e7ae2a65dc0e290ca10aaac4709f3d7a?s=80&#038;d=monsterid&#038;r=g 2x' class='avatar avatar-40 photo wp-block-avatar__image' height='40' width='40'  style=\"border-radius:20px;\"\/><\/div><\/div>\n\n\n\n<div class=\"wp-block-column is-layout-flow wp-block-column-is-layout-flow\"><div class=\"wp-block-comment-author-name has-small-font-size\">asno25<\/div>\n\n\n<div class=\"wp-block-group is-layout-flex wp-block-group-is-layout-flex\" style=\"margin-top:0px;margin-bottom:0px\"><div class=\"wp-block-comment-date has-small-font-size\"><time datetime=\"2025-10-24T06:55:13+00:00\"><a href=\"https:\/\/itdd.au.dk\/blog-not-found\/uge-43\/comment-page-1\/#comment-14\">oktober 24, 2025<\/a><\/time><\/div>\n\n<\/div>\n\n\n<div class=\"wp-block-comment-content\"><p>Fra One Night in Bangkok:<\/p>\n<p>F\u00f8rst og fremmest et sp\u00e6ndende projekt, hvor I har v\u00e6ret gode til at en masse materiale for at muligg\u00f8re jeres aktivitet. <\/p>\n<p>F\u00f8rst et sp\u00f8rgsm\u00e5l fra vores gruppe:<br \/>\nLaver eleverne deres kombucha f\u00e6rdig eller skal det mere ses som det analoge element i jeres projekt?<\/p>\n<p>Nu til jeres sp\u00f8rgsm\u00e5l:<br \/>\nN\u00e5r AI indg\u00e5r som en samarbejdspartner er det ogs\u00e5 vigtigt at v\u00e6re opm\u00e6rksom p\u00e5 dens fejlslutninger\/hallucinationer. For at eleverne ogs\u00e5 kan m\u00e5le tilstr\u00e6kkelige resultater skal forl\u00f8bet ogs\u00e5 tr\u00e6kke sig over et stykke tid for, at man kan se forandringer i kombuchaen. <\/p>\n<p>Vi \u00f8nsker at udbygge arbejdsgruppen som l\u00e6ringsrum, fordi det er her, eleverne b\u00e5de samarbejder om konkrete unders\u00f8gelser og udvikler en f\u00e6lles forst\u00e5else af, hvordan p\u00e5stande kan udforskes og dokumenteres.<\/p>\n<\/div>\n\n<div class=\"wp-block-comment-reply-link has-small-font-size\"><a rel=\"nofollow\" class=\"comment-reply-login\" href=\"https:\/\/itdd.au.dk\/blog-not-found\/wp-login.php?redirect_to=https%3A%2F%2Fitdd.au.dk%2Fblog-not-found%2Fuge-43%2F\">Log ind for at svare<\/a><\/div><\/div>\n<\/div>\n\n<\/li><li id=\"comment-15\" class=\"comment byuser comment-author-caap25 even thread-even depth-1\">\n\n<div class=\"wp-block-columns is-layout-flex wp-container-core-columns-is-layout-28f84493 wp-block-columns-is-layout-flex\">\n<div class=\"wp-block-column is-layout-flow wp-block-column-is-layout-flow\" style=\"flex-basis:40px\"><div class=\"wp-block-avatar\"><img alt='caap25 Avatar' src='https:\/\/secure.gravatar.com\/avatar\/df7a3894ded5ab895bfc270e09fe58e033da5f8fad37c013288ba4ed6c51172e?s=40&#038;d=monsterid&#038;r=g' srcset='https:\/\/secure.gravatar.com\/avatar\/df7a3894ded5ab895bfc270e09fe58e033da5f8fad37c013288ba4ed6c51172e?s=80&#038;d=monsterid&#038;r=g 2x' class='avatar avatar-40 photo wp-block-avatar__image' height='40' width='40'  style=\"border-radius:20px;\"\/><\/div><\/div>\n\n\n\n<div class=\"wp-block-column is-layout-flow wp-block-column-is-layout-flow\"><div class=\"wp-block-comment-author-name has-small-font-size\">caap25<\/div>\n\n\n<div class=\"wp-block-group is-layout-flex wp-block-group-is-layout-flex\" style=\"margin-top:0px;margin-bottom:0px\"><div class=\"wp-block-comment-date has-small-font-size\"><time datetime=\"2025-10-24T08:42:31+00:00\"><a href=\"https:\/\/itdd.au.dk\/blog-not-found\/uge-43\/comment-page-1\/#comment-15\">oktober 24, 2025<\/a><\/time><\/div>\n\n<\/div>\n\n\n<div class=\"wp-block-comment-content\"><p>L\u00e6kkert design og virkelig fint udf\u00f8rt aktivitet, der klar til at g\u00e5 direkte ud i praksis!<\/p>\n<p>I CTRL:ALT:KAFFE er vi nysgerrige p\u00e5 om en 3 part kunne v\u00e6re interessant at inddrage for at kvalificere og m\u00e5ske ogs\u00e5 bekr\u00e6fte\/afkr\u00e6fte. M\u00e5ske kan man finde en mere valid kilde i form af en internetside\/interessef\u00e6llesskab der er bygget op omkring kombucha.<\/p>\n<\/div>\n\n<div class=\"wp-block-comment-reply-link has-small-font-size\"><a rel=\"nofollow\" class=\"comment-reply-login\" href=\"https:\/\/itdd.au.dk\/blog-not-found\/wp-login.php?redirect_to=https%3A%2F%2Fitdd.au.dk%2Fblog-not-found%2Fuge-43%2F\">Log ind for at svare<\/a><\/div><\/div>\n<\/div>\n\n<\/li><\/ol>\n\n\n\n\t<div id=\"respond\" class=\"comment-respond wp-block-post-comments-form\">\n\t\t<h3 id=\"reply-title\" class=\"comment-reply-title\">Skriv et svar <small><a rel=\"nofollow\" id=\"cancel-comment-reply-link\" href=\"\/blog-not-found\/wp-json\/wp\/v2\/pages\/414#respond\" style=\"display:none;\">Annuller svar<\/a><\/small><\/h3><p class=\"must-log-in\">Du skal v\u00e6re <a href=\"https:\/\/itdd.au.dk\/blog-not-found\/wp-login.php?redirect_to=https%3A%2F%2Fitdd.au.dk%2Fblog-not-found%2Fuge-43%2F\">logget ind<\/a> for at skrive en kommentar.<\/p>\t<\/div><!-- #respond -->\n\t<\/div>\n\n\n\n<p><\/p>\n\n\n\n<p><\/p>\n\n\n\n<p><\/p>\n\n\n\n<p><\/p>\n\n\n\n<p>Kilder: <\/p>\n\n\n\n<p>Dalsgaard, C., &amp; Ryberg, T.\u202f(2022). Digitale l\u00e6ringsrum (1. udgave). Samfundslitteratur\u00a0<\/p>\n\n\n\n<p>Eldagsen, B.(2024). Outsourcing the muse?: TEDxESMTBerlin, TEDx Talks. lLokaliseret 23.10.25 p\u00e5 https:\/\/www.youtube.com\/watch?v=iW9X4vENwkM<\/p>\n\n\n\n<p><\/p>\n","protected":false},"excerpt":{"rendered":"<p>Fra k\u00f8kkenbryg til levende budskab &#8211; N\u00e5r kombucha f\u00f8der et forl\u00f8b Uge 43 Overvejelser over m\u00e5lgruppens proces Vi har besluttet at lave et tv\u00e6rfagligt forl\u00f8b som binder sig op p\u00e5 sektion 10 i padletten. Her fokuserer vi p\u00e5 den faglige transformationen med kombucha som emne. Form\u00e5let med vores forl\u00f8b, er at eleverne f\u00e5r viden om [&hellip;]<\/p>\n","protected":false},"author":85,"featured_media":0,"parent":0,"menu_order":0,"comment_status":"open","ping_status":"closed","template":"","meta":{"footnotes":""},"class_list":["post-414","page","type-page","status-publish","hentry"],"_links":{"self":[{"href":"https:\/\/itdd.au.dk\/blog-not-found\/wp-json\/wp\/v2\/pages\/414","targetHints":{"allow":["GET"]}}],"collection":[{"href":"https:\/\/itdd.au.dk\/blog-not-found\/wp-json\/wp\/v2\/pages"}],"about":[{"href":"https:\/\/itdd.au.dk\/blog-not-found\/wp-json\/wp\/v2\/types\/page"}],"author":[{"embeddable":true,"href":"https:\/\/itdd.au.dk\/blog-not-found\/wp-json\/wp\/v2\/users\/85"}],"replies":[{"embeddable":true,"href":"https:\/\/itdd.au.dk\/blog-not-found\/wp-json\/wp\/v2\/comments?post=414"}],"version-history":[{"count":22,"href":"https:\/\/itdd.au.dk\/blog-not-found\/wp-json\/wp\/v2\/pages\/414\/revisions"}],"predecessor-version":[{"id":501,"href":"https:\/\/itdd.au.dk\/blog-not-found\/wp-json\/wp\/v2\/pages\/414\/revisions\/501"}],"wp:attachment":[{"href":"https:\/\/itdd.au.dk\/blog-not-found\/wp-json\/wp\/v2\/media?parent=414"}],"curies":[{"name":"wp","href":"https:\/\/api.w.org\/{rel}","templated":true}]}}