{"id":111,"date":"2025-09-13T07:00:48","date_gmt":"2025-09-13T07:00:48","guid":{"rendered":"https:\/\/itdd.au.dk\/blog-not-found\/?page_id=111"},"modified":"2025-09-19T10:33:26","modified_gmt":"2025-09-19T10:33:26","slug":"om-404","status":"publish","type":"page","link":"https:\/\/itdd.au.dk\/blog-not-found\/om-404\/","title":{"rendered":"Om 4\u00d84 gruppen"},"content":{"rendered":"\n<p>Pr\u00f8v vores lille interaktive spil!<br>Klik <strong>Start<\/strong>, l\u00e6s tre korte punkter (eller to &#8211; hvis du v\u00e6lger sv\u00e6r tilstand) og g\u00e6t hvilken ITDD-studerende de beskriver.<br>Du f\u00e5r \u00e9t point for hvert rigtige svar \u2013 og spillet g\u00e5r automatisk eller manuelt videre til n\u00e6ste runde.<\/p>\n\n\n<p><iframe loading=\"lazy\" style=\"display: block; border: 0; overflow: hidden; box-shadow: 0 8px 24px rgba(0,0,0,.18); border-radius: 14px;\" title=\"ITDD \u2013 G\u00e6t hvem\" src=\"https:\/\/katof.github.io\/main\/\" width=\"600\" height=\"600\" scrolling=\"no\"><\/iframe><\/p>\n\n\n<div class=\"wp-block-cover alignfull is-light has-custom-content-position is-position-bottom-center\"><img loading=\"lazy\" decoding=\"async\" width=\"553\" height=\"1024\" class=\"wp-block-cover__image-background wp-image-37 size-large\" alt=\"\" src=\"https:\/\/itdd.au.dk\/blog-not-found\/wp-content\/uploads\/sites\/43\/2025\/09\/maya-1-553x1024.jpg\" style=\"object-position:34% 32%\" data-object-fit=\"cover\" data-object-position=\"34% 32%\" srcset=\"https:\/\/itdd.au.dk\/blog-not-found\/wp-content\/uploads\/sites\/43\/2025\/09\/maya-1-553x1024.jpg 553w, https:\/\/itdd.au.dk\/blog-not-found\/wp-content\/uploads\/sites\/43\/2025\/09\/maya-1-162x300.jpg 162w, https:\/\/itdd.au.dk\/blog-not-found\/wp-content\/uploads\/sites\/43\/2025\/09\/maya-1-768x1423.jpg 768w, https:\/\/itdd.au.dk\/blog-not-found\/wp-content\/uploads\/sites\/43\/2025\/09\/maya-1-829x1536.jpg 829w, https:\/\/itdd.au.dk\/blog-not-found\/wp-content\/uploads\/sites\/43\/2025\/09\/maya-1.jpg 1105w\" sizes=\"auto, (max-width: 553px) 100vw, 553px\" \/><span aria-hidden=\"true\" class=\"wp-block-cover__background has-background-dim\" style=\"background-color:#88816e\"><\/span><div class=\"wp-block-cover__inner-container has-global-padding is-layout-constrained wp-block-cover-is-layout-constrained\">\n<p class=\"has-text-align-center is-style-text-annotation has-contrast-color has-text-color has-link-color wp-elements-a3aab6920721700d8d38d254c74f2156 is-style-text-annotation--1\">Jeg hedder Maya. Jeg er 25 \u00e5r og bor i Kolding med min k\u00e6reste og datter. Jeg er uddannet socialp\u00e6dagog og l\u00e6ser nu p\u00e5 ITDD, hvor jeg h\u00e5ber p\u00e5 at f\u00e5 en masse ny, sp\u00e6ndende viden. Ved siden af studiet har jeg en lille negle-biks, hvor jeg elsker at v\u00e6re kreativ p\u00e5 alle mulige m\u00e5der.<\/p>\n<\/div><\/div>\n\n\n\n<div class=\"wp-block-cover alignfull is-light has-custom-content-position is-position-bottom-center\" style=\"min-height:465px;aspect-ratio:unset;\"><img loading=\"lazy\" decoding=\"async\" width=\"768\" height=\"1024\" class=\"wp-block-cover__image-background wp-image-32 size-large\" alt=\"\" src=\"https:\/\/itdd.au.dk\/blog-not-found\/wp-content\/uploads\/sites\/43\/2025\/09\/portraet-768x1024.jpg\" data-object-fit=\"cover\" srcset=\"https:\/\/itdd.au.dk\/blog-not-found\/wp-content\/uploads\/sites\/43\/2025\/09\/portraet-768x1024.jpg 768w, https:\/\/itdd.au.dk\/blog-not-found\/wp-content\/uploads\/sites\/43\/2025\/09\/portraet-225x300.jpg 225w, https:\/\/itdd.au.dk\/blog-not-found\/wp-content\/uploads\/sites\/43\/2025\/09\/portraet-1152x1536.jpg 1152w, https:\/\/itdd.au.dk\/blog-not-found\/wp-content\/uploads\/sites\/43\/2025\/09\/portraet-1536x2048.jpg 1536w, https:\/\/itdd.au.dk\/blog-not-found\/wp-content\/uploads\/sites\/43\/2025\/09\/portraet-scaled.jpg 1920w\" sizes=\"auto, (max-width: 768px) 100vw, 768px\" \/><span aria-hidden=\"true\" class=\"wp-block-cover__background has-background-dim\" style=\"background-color:#b2aba4\"><\/span><div class=\"wp-block-cover__inner-container has-global-padding is-layout-constrained wp-block-cover-is-layout-constrained\">\n<p class=\"has-text-align-center is-style-text-annotation has-contrast-color has-text-color has-link-color wp-elements-a720056bf37fce134d322698f60b85e7 is-style-text-annotation--2\">Hej! Mit navn er Ditte. Jeg er 28 \u00e5r og bosat i Odense. Jeg er uddannet l\u00e6rer og har arbejdet som klassel\u00e6rer i en folkeskole. Jeg dr\u00f8mmer om at give andre en positiv oplevelse og om at kombinere mine kompetencer indenfor l\u00e6rerfaget med nye kvalifikationer, IT-didaktiske greb og v\u00e6rkt\u00f8jer.<\/p>\n<\/div><\/div>\n\n\n\n<div class=\"wp-block-cover alignfull has-custom-content-position is-position-bottom-center\" style=\"min-height:465px;aspect-ratio:unset;\"><img loading=\"lazy\" decoding=\"async\" width=\"771\" height=\"1024\" class=\"wp-block-cover__image-background wp-image-38 size-large\" alt=\"\" src=\"https:\/\/itdd.au.dk\/blog-not-found\/wp-content\/uploads\/sites\/43\/2025\/09\/karina-771x1024.jpg\" style=\"object-position:55% 30%\" data-object-fit=\"cover\" data-object-position=\"55% 30%\" srcset=\"https:\/\/itdd.au.dk\/blog-not-found\/wp-content\/uploads\/sites\/43\/2025\/09\/karina-771x1024.jpg 771w, https:\/\/itdd.au.dk\/blog-not-found\/wp-content\/uploads\/sites\/43\/2025\/09\/karina-226x300.jpg 226w, https:\/\/itdd.au.dk\/blog-not-found\/wp-content\/uploads\/sites\/43\/2025\/09\/karina-768x1020.jpg 768w, https:\/\/itdd.au.dk\/blog-not-found\/wp-content\/uploads\/sites\/43\/2025\/09\/karina-1157x1536.jpg 1157w, https:\/\/itdd.au.dk\/blog-not-found\/wp-content\/uploads\/sites\/43\/2025\/09\/karina.jpg 1542w\" sizes=\"auto, (max-width: 771px) 100vw, 771px\" \/><span aria-hidden=\"true\" class=\"wp-block-cover__background has-background-dim\" style=\"background-color:#7b787f\"><\/span><div class=\"wp-block-cover__inner-container has-global-padding is-layout-constrained wp-block-cover-is-layout-constrained\">\n<p class=\"has-text-align-center is-style-text-annotation has-contrast-color has-text-color has-link-color wp-elements-eabe94cd89ec8a0087880895d389a3f4 is-style-text-annotation--3\">Jeg hedder Karina. Jeg bor i Kollafj\u00f8rdur p\u00e5 F\u00e6r\u00f8erne. Jeg er oprindeligt uddannet l\u00e6rer, men arbejder nu som redakt\u00f8r. Jeg elsker at n\u00f8rde med alt der har med l\u00e6ring at g\u00f8re \u2013 lige fra mikrobiologi til krigsstrategi \u2013 og jeg kan hurtigt fordybe mig i nye emner. N\u00e5r det kommer til mad, er jeg ret afslappet. Jeg synes al mad er godt, s\u00e5 jeg har egentlig ikke nogle favoritter.<\/p>\n<\/div><\/div>\n\n\n\n<div class=\"wp-block-cover alignfull has-custom-content-position is-position-bottom-center\"><img loading=\"lazy\" decoding=\"async\" width=\"1024\" height=\"576\" class=\"wp-block-cover__image-background wp-image-43 size-large\" alt=\"\" src=\"https:\/\/itdd.au.dk\/blog-not-found\/wp-content\/uploads\/sites\/43\/2025\/09\/bruno-1024x576.png\" data-object-fit=\"cover\" srcset=\"https:\/\/itdd.au.dk\/blog-not-found\/wp-content\/uploads\/sites\/43\/2025\/09\/bruno-1024x576.png 1024w, https:\/\/itdd.au.dk\/blog-not-found\/wp-content\/uploads\/sites\/43\/2025\/09\/bruno-300x169.png 300w, https:\/\/itdd.au.dk\/blog-not-found\/wp-content\/uploads\/sites\/43\/2025\/09\/bruno-768x432.png 768w, https:\/\/itdd.au.dk\/blog-not-found\/wp-content\/uploads\/sites\/43\/2025\/09\/bruno-1536x864.png 1536w, https:\/\/itdd.au.dk\/blog-not-found\/wp-content\/uploads\/sites\/43\/2025\/09\/bruno.png 1920w\" sizes=\"auto, (max-width: 1024px) 100vw, 1024px\" \/><span aria-hidden=\"true\" class=\"wp-block-cover__background has-background-dim\" style=\"background-color:#584a4a\"><\/span><div class=\"wp-block-cover__inner-container has-global-padding is-layout-constrained wp-block-cover-is-layout-constrained\">\n<p class=\"has-text-align-center is-style-text-annotation is-style-text-annotation--4\"><br>Jeg hedder Bruno, og jeg bor p\u00e5 N\u00f8rrebro. Jeg er arbejder som digitaliseringskonsulent i Vallensb\u00e6k Kommune. Musik fylder en del i mit liv \u2013 jeg er fast g\u00e6st p\u00e5 festivaler, koncerter og samler vinyl. Jeg n\u00f8rder med alt fra grafisk design og DJ\u2019ing til elektronik og upcycling. Jeg sv\u00f8mmer, l\u00f8ber og l\u00e6ser alt, der udfordrer min nysgerrighed \u2013 is\u00e6r om kreativitet, adf\u00e6rd og uddannelse. Og s\u00e5 speaker jeg p\u00e5 stadion hos BK FREM!<\/p>\n<\/div><\/div>\n\n\n\n<div class=\"wp-block-comments\"><h2 id=\"comments\" class=\"wp-block-comments-title\">2 svar til &#8220;Om 4\u00d84 gruppen&#8221;<\/h2>\n\n<ol class=\"wp-block-comment-template\"><li id=\"comment-5\" class=\"comment byuser comment-author-klaust even thread-even depth-1\">\n\n<div class=\"wp-block-columns is-layout-flex wp-container-core-columns-is-layout-28f84493 wp-block-columns-is-layout-flex\">\n<div class=\"wp-block-column is-layout-flow wp-block-column-is-layout-flow\" style=\"flex-basis:40px\"><div class=\"wp-block-avatar\"><img alt='klaust Avatar' src='https:\/\/secure.gravatar.com\/avatar\/16f7bad764ec3b0ca651d1506f5616f6ddb921c572403bc55849e9d660f7440e?s=40&#038;d=monsterid&#038;r=g' srcset='https:\/\/secure.gravatar.com\/avatar\/16f7bad764ec3b0ca651d1506f5616f6ddb921c572403bc55849e9d660f7440e?s=80&#038;d=monsterid&#038;r=g 2x' class='avatar avatar-40 photo wp-block-avatar__image' height='40' width='40'  style=\"border-radius:20px;\"\/><\/div><\/div>\n\n\n\n<div class=\"wp-block-column is-layout-flow wp-block-column-is-layout-flow\"><div class=\"wp-block-comment-author-name has-small-font-size\">klaust<\/div>\n\n\n<div class=\"wp-block-group is-layout-flex wp-block-group-is-layout-flex\" style=\"margin-top:0px;margin-bottom:0px\"><div class=\"wp-block-comment-date has-small-font-size\"><time datetime=\"2025-09-17T19:34:39+00:00\"><a href=\"https:\/\/itdd.au.dk\/blog-not-found\/om-404\/comment-page-1\/#comment-5\">september 17, 2025<\/a><\/time><\/div>\n\n<\/div>\n\n\n<div class=\"wp-block-comment-content\"><p>Sjov ide med spillet. Vi er interaktive med det samme og skal g\u00e6tte. N\u00e6sten umuligt, hvis der ikke lige var hints&#8230; Og s\u00e5 de store billeder, hvor I pr\u00e6senteres med n\u00e6rmest close-up. Leonardo m\u00e5 have v\u00e6ret dyr og f\u00e5 med i billedet&#8230;.<\/p>\n<\/div>\n\n<div class=\"wp-block-comment-reply-link has-small-font-size\"><a rel=\"nofollow\" class=\"comment-reply-login\" href=\"https:\/\/itdd.au.dk\/blog-not-found\/wp-login.php?redirect_to=https%3A%2F%2Fitdd.au.dk%2Fblog-not-found%2Fom-404%2F\">Log ind for at svare<\/a><\/div><\/div>\n<\/div>\n\n<\/li><li id=\"comment-6\" class=\"comment byuser comment-author-klaust odd alt thread-odd thread-alt depth-1\">\n\n<div class=\"wp-block-columns is-layout-flex wp-container-core-columns-is-layout-28f84493 wp-block-columns-is-layout-flex\">\n<div class=\"wp-block-column is-layout-flow wp-block-column-is-layout-flow\" style=\"flex-basis:40px\"><div class=\"wp-block-avatar\"><img alt='klaust Avatar' src='https:\/\/secure.gravatar.com\/avatar\/16f7bad764ec3b0ca651d1506f5616f6ddb921c572403bc55849e9d660f7440e?s=40&#038;d=monsterid&#038;r=g' srcset='https:\/\/secure.gravatar.com\/avatar\/16f7bad764ec3b0ca651d1506f5616f6ddb921c572403bc55849e9d660f7440e?s=80&#038;d=monsterid&#038;r=g 2x' class='avatar avatar-40 photo wp-block-avatar__image' height='40' width='40'  style=\"border-radius:20px;\"\/><\/div><\/div>\n\n\n\n<div class=\"wp-block-column is-layout-flow wp-block-column-is-layout-flow\"><div class=\"wp-block-comment-author-name has-small-font-size\">klaust<\/div>\n\n\n<div class=\"wp-block-group is-layout-flex wp-block-group-is-layout-flex\" style=\"margin-top:0px;margin-bottom:0px\"><div class=\"wp-block-comment-date has-small-font-size\"><time datetime=\"2025-09-17T19:36:31+00:00\"><a href=\"https:\/\/itdd.au.dk\/blog-not-found\/om-404\/comment-page-1\/#comment-6\">september 17, 2025<\/a><\/time><\/div>\n\n<\/div>\n\n\n<div class=\"wp-block-comment-content\"><p>Sjovt med det spil. vi skal g\u00e6tte og kan v\u00e6re aktive med det samme.<\/p>\n<\/div>\n\n<div class=\"wp-block-comment-reply-link has-small-font-size\"><a rel=\"nofollow\" class=\"comment-reply-login\" href=\"https:\/\/itdd.au.dk\/blog-not-found\/wp-login.php?redirect_to=https%3A%2F%2Fitdd.au.dk%2Fblog-not-found%2Fom-404%2F\">Log ind for at svare<\/a><\/div><\/div>\n<\/div>\n\n<\/li><\/ol>\n\n\n\n\t<div id=\"respond\" class=\"comment-respond wp-block-post-comments-form\">\n\t\t<h3 id=\"reply-title\" class=\"comment-reply-title\">Skriv et svar <small><a rel=\"nofollow\" id=\"cancel-comment-reply-link\" href=\"\/blog-not-found\/wp-json\/wp\/v2\/pages\/111#respond\" style=\"display:none;\">Annuller svar<\/a><\/small><\/h3><p class=\"must-log-in\">Du skal v\u00e6re <a href=\"https:\/\/itdd.au.dk\/blog-not-found\/wp-login.php?redirect_to=https%3A%2F%2Fitdd.au.dk%2Fblog-not-found%2Fom-404%2F\">logget ind<\/a> for at skrive en kommentar.<\/p>\t<\/div><!-- #respond -->\n\t<\/div>\n","protected":false},"excerpt":{"rendered":"<p>Pr\u00f8v vores lille interaktive spil!Klik Start, l\u00e6s tre korte punkter (eller to &#8211; hvis du v\u00e6lger sv\u00e6r tilstand) og g\u00e6t hvilken ITDD-studerende de beskriver.Du f\u00e5r \u00e9t point for hvert rigtige svar \u2013 og spillet g\u00e5r automatisk eller manuelt videre til n\u00e6ste runde.<\/p>\n","protected":false},"author":85,"featured_media":0,"parent":0,"menu_order":1,"comment_status":"open","ping_status":"closed","template":"","meta":{"footnotes":""},"class_list":["post-111","page","type-page","status-publish","hentry"],"_links":{"self":[{"href":"https:\/\/itdd.au.dk\/blog-not-found\/wp-json\/wp\/v2\/pages\/111","targetHints":{"allow":["GET"]}}],"collection":[{"href":"https:\/\/itdd.au.dk\/blog-not-found\/wp-json\/wp\/v2\/pages"}],"about":[{"href":"https:\/\/itdd.au.dk\/blog-not-found\/wp-json\/wp\/v2\/types\/page"}],"author":[{"embeddable":true,"href":"https:\/\/itdd.au.dk\/blog-not-found\/wp-json\/wp\/v2\/users\/85"}],"replies":[{"embeddable":true,"href":"https:\/\/itdd.au.dk\/blog-not-found\/wp-json\/wp\/v2\/comments?post=111"}],"version-history":[{"count":18,"href":"https:\/\/itdd.au.dk\/blog-not-found\/wp-json\/wp\/v2\/pages\/111\/revisions"}],"predecessor-version":[{"id":398,"href":"https:\/\/itdd.au.dk\/blog-not-found\/wp-json\/wp\/v2\/pages\/111\/revisions\/398"}],"wp:attachment":[{"href":"https:\/\/itdd.au.dk\/blog-not-found\/wp-json\/wp\/v2\/media?parent=111"}],"curies":[{"name":"wp","href":"https:\/\/api.w.org\/{rel}","templated":true}]}}