{"id":49,"date":"2024-09-16T19:07:35","date_gmt":"2024-09-16T19:07:35","guid":{"rendered":"https:\/\/itdd.au.dk\/amplexus\/?page_id=49"},"modified":"2024-11-04T18:25:52","modified_gmt":"2024-11-04T18:25:52","slug":"blogpost-1","status":"publish","type":"page","link":"https:\/\/itdd.au.dk\/amplexus\/blogpost-1\/","title":{"rendered":"Blogpost 1"},"content":{"rendered":"\n<div class=\"wp-block-cover alignfull is-light\" style=\"margin-top:0;padding-top:48px;padding-right:5vw;padding-bottom:48px;padding-left:5vw;min-height:718px;aspect-ratio:unset;\"><span aria-hidden=\"true\" class=\"wp-block-cover__background has-background-dim-100 has-background-dim has-background-gradient\" style=\"background:linear-gradient(180deg,rgb(0,0,0) 39%,rgb(83,80,123) 39%)\"><\/span><div class=\"wp-block-cover__inner-container is-layout-flow wp-block-cover-is-layout-flow\">\n<div style=\"height:100px\" aria-hidden=\"true\" class=\"wp-block-spacer\"><\/div>\n\n\n\n<div class=\"wp-block-group is-content-justification-space-between is-layout-flex wp-container-core-group-is-layout-8fca1e73 wp-block-group-is-layout-flex\">\n<div class=\"wp-block-group wp-container-content-9cfa9a5a\"><div class=\"wp-block-group__inner-container is-layout-flow wp-block-group-is-layout-flow\">\n<p class=\"has-text-align-left has-white-color has-text-color has-link-color wp-elements-dcc3fcbff61dc1d99a7eb721828de578\" style=\"font-size:172px;font-style:normal;font-weight:700;letter-spacing:-10px;line-height:0.7;text-transform:uppercase\">world wide eggs<\/p>\n<\/div><\/div>\n\n\n\n<div class=\"wp-block-group wp-container-content-9dbf05af\"><div class=\"wp-block-group__inner-container is-layout-flow wp-block-group-is-layout-flow\">\n<div class=\"wp-block-group is-content-justification-right is-nowrap is-layout-flex wp-container-core-group-is-layout-d04af797 wp-block-group-is-layout-flex\">\n<p class=\"has-white-color has-text-color has-link-color wp-elements-3a526e34fb3c7885fee96f3f754ea72a\" style=\"font-size:17px;font-style:normal;font-weight:700;letter-spacing:0px;text-decoration:none;text-transform:uppercase\">Amplexus laver mad<\/p>\n<\/div>\n<\/div><\/div>\n<\/div>\n<\/div><\/div>\n\n\n\n<div class=\"wp-block-columns alignwide are-vertically-aligned-top is-layout-flex wp-container-core-columns-is-layout-bd0aba32 wp-block-columns-is-layout-flex\">\n<div class=\"wp-block-column is-vertically-aligned-top is-layout-flow wp-block-column-is-layout-flow\">\n<div class=\"wp-block-group wp-container-content-231d8afb is-vertical is-content-justification-left is-nowrap is-layout-flex wp-container-core-group-is-layout-ee1c9ac2 wp-block-group-is-layout-flex\" style=\"margin-top:0;margin-bottom:0\">\n<figure class=\"wp-block-image size-large wp-container-content-0733e5d0\"><img loading=\"lazy\" decoding=\"async\" width=\"771\" height=\"1024\" src=\"https:\/\/itdd.au.dk\/amplexus\/wp-content\/uploads\/sites\/26\/2024\/09\/faerdig-3-771x1024.jpg\" alt=\"\" class=\"wp-image-40\" srcset=\"https:\/\/itdd.au.dk\/amplexus\/wp-content\/uploads\/sites\/26\/2024\/09\/faerdig-3-771x1024.jpg 771w, https:\/\/itdd.au.dk\/amplexus\/wp-content\/uploads\/sites\/26\/2024\/09\/faerdig-3-226x300.jpg 226w, https:\/\/itdd.au.dk\/amplexus\/wp-content\/uploads\/sites\/26\/2024\/09\/faerdig-3-768x1020.jpg 768w, https:\/\/itdd.au.dk\/amplexus\/wp-content\/uploads\/sites\/26\/2024\/09\/faerdig-3-1157x1536.jpg 1157w, https:\/\/itdd.au.dk\/amplexus\/wp-content\/uploads\/sites\/26\/2024\/09\/faerdig-3.jpg 1536w\" sizes=\"auto, (max-width: 771px) 100vw, 771px\" \/><\/figure>\n\n\n\n<div class=\"wp-block-group is-vertical is-nowrap is-layout-flex wp-container-core-group-is-layout-ebc71d8e wp-block-group-is-layout-flex\">\n<p class=\"has-medium-font-size\"><\/p>\n<\/div>\n<\/div>\n<\/div>\n\n\n\n<div class=\"wp-block-column is-vertically-aligned-top is-layout-flow wp-block-column-is-layout-flow\">\n<div class=\"wp-block-group wp-container-content-231d8afb is-vertical is-layout-flex wp-container-core-group-is-layout-692d0fb7 wp-block-group-is-layout-flex\" style=\"margin-top:0;margin-bottom:0\">\n<div class=\"wp-block-group is-vertical is-nowrap is-layout-flex wp-container-core-group-is-layout-ebc71d8e wp-block-group-is-layout-flex\">\n<div style=\"height:0px\" aria-hidden=\"true\" class=\"wp-block-spacer wp-container-content-f96796aa\"><\/div>\n\n\n\n<p class=\"has-medium-font-size\"><\/p>\n\n\n\n<p class=\"has-small-font-size\"><\/p>\n<\/div>\n\n\n\n<figure class=\"wp-block-image size-large\" style=\"font-size:14px\"><img loading=\"lazy\" decoding=\"async\" width=\"768\" height=\"1024\" src=\"https:\/\/itdd.au.dk\/amplexus\/wp-content\/uploads\/sites\/26\/2024\/09\/Faerdig-768x1024.jpeg\" alt=\"\" class=\"wp-image-88\" srcset=\"https:\/\/itdd.au.dk\/amplexus\/wp-content\/uploads\/sites\/26\/2024\/09\/Faerdig-768x1024.jpeg 768w, https:\/\/itdd.au.dk\/amplexus\/wp-content\/uploads\/sites\/26\/2024\/09\/Faerdig-225x300.jpeg 225w, https:\/\/itdd.au.dk\/amplexus\/wp-content\/uploads\/sites\/26\/2024\/09\/Faerdig-1152x1536.jpeg 1152w, https:\/\/itdd.au.dk\/amplexus\/wp-content\/uploads\/sites\/26\/2024\/09\/Faerdig.jpeg 1536w\" sizes=\"auto, (max-width: 768px) 100vw, 768px\" \/><\/figure>\n<\/div>\n<\/div>\n<\/div>\n\n\n\n<figure class=\"wp-block-embed is-type-video is-provider-youtube wp-block-embed-youtube wp-embed-aspect-4-3 wp-has-aspect-ratio\"><div class=\"wp-block-embed__wrapper\">\n<p class=\"responsive-video-wrap clr\"><iframe loading=\"lazy\" title=\"Madlavnings video f\u00e6rdig2\" width=\"1200\" height=\"900\" src=\"https:\/\/www.youtube.com\/embed\/TwY1jZURXrE?feature=oembed\" frameborder=\"0\" allow=\"accelerometer; autoplay; clipboard-write; encrypted-media; gyroscope; picture-in-picture; web-share\" referrerpolicy=\"strict-origin-when-cross-origin\" allowfullscreen><\/iframe><\/p>\n<\/div><\/figure>\n\n\n\n<h2 class=\"wp-block-heading\">Omelettes of Creativity<\/h2>\n\n\n\n<p>Vi valgte som udgangspunkt, at alle lavede den samme ret, i et synkront Zoom-opkald, hvor vi kunne snakke sammen under hele processen. Selvom vi havde samme m\u00e5l, at lave en omelet, fik vi alligevel fire meget forskellige retter som resultat. Muligheden for at tale sammen undervejs, skabte rum for at vi kunne give hinanden tips til, hvordan man laver gode omeletter.&nbsp;<\/p>\n\n\n\n<p>Selvom vi var sammen online, og teknologien hjalp med at lukke afstanden mellem os, oplevede vi det alligevel som en uvirkelig social sammenh\u00e6ng. <em>\u201c&#8230; that which seems real but is ultimately a mere simulation &#8211; and what is real.\u201d<\/em> (Baym, 2015, s. 5).&nbsp;&nbsp;<\/p>\n\n\n\n<p>I de efterf\u00f8lgende samtaler erfarede vi som gruppe at samv\u00e6ret over Zoom, p\u00e5 trods af at det var synkront, ikke opn\u00e5ede den autenticitet, som det fysiske samv\u00e6r kan byde p\u00e5. <em>\u201cBody-to-body, people have a full range of communicative resources available to them. [&#8230;] To varying degrees, digital media provides fewer social cues.\u201d<\/em> (Baym, 2015, s. 9).&nbsp;<\/p>\n\n\n\n<p>Ovenst\u00e5ende kan ske, fordi online samv\u00e6r skaber mulighed for, at man kan iscenes\u00e6tte b\u00e5de sig selv og sine omgivelser, hvorfor samv\u00e6ret bliver en mere kontrolleret social interaktion, hvor det uperfekte, mimik og kropssprog kan g\u00e5 tabt.&nbsp;<\/p>\n\n\n\n<p>Mellem omeletterne var der store geografiske afstande, der skulle tages hensyn til tidsforskelle og meget forskellige muligheder for indk\u00f8b. Gennem et set up af diverse digitale teknologier var det relativt let at overkomme udfordringerne. De digitale teknologier, som var anvendt under madlavningen, var ved f\u00f8rste antagelse et fyldestg\u00f8rende set-up. I l\u00f8bet af processen erfarede vi at kendskabet til den anvendte software, havde en h\u00f8jere l\u00e6ringskurve end f\u00f8rst antaget til produktionsudfaldet.&nbsp;&nbsp;<\/p>\n\n\n\n<p>Cultures of Creativity modellen (Gauntlett, 2013) var grundlaget for tilgangen til madlavningen. Modellen endte dog ogs\u00e5 med, at beskrive andre aspekter af samarbejdet end vi havde forudset. For eksempel de spontane input der opstod i samtalen mellem os, gav anledning til at dele viden med hinanden, som ikke var planlagt, herunder udvidede vi hinandens forst\u00e5else af de forskellige m\u00e5der, man kan lave en omelet p\u00e5. P\u00e5 denne fik vi sammen skabt \u201cCulture of Creativity\u201d.<\/p>\n\n\n\n<p>En videre refleksion af vores kreative process er, om vores l\u00e6sere mener at modellen &#8220;<em>Cultures of Creativity<\/em>&#8221; egner sig til at beskrive kreativitet i alle typer processer, herunder simple hverdagsaktiviteter s\u00e5som at lave en omelet, eller er modellen prim\u00e6rt fokuseret p\u00e5 st\u00f8rre kreative handlinger\/processer?<br>Hvad t\u00e6nker du\/I?<\/p>\n\n\n\n<p><strong>Litteratur&nbsp;<\/strong><\/p>\n\n\n\n<p>Baym, N. K. (2015) New forms of personal connection<em>. <\/em>I: <em>Peronal connections in the digital age \u2013 digital media and society series<\/em> <em>(2<sup>nd<\/sup> edition)<\/em>, polity.&nbsp;<\/p>\n\n\n\n<p>Gauntlett, D. &amp; Thomsen, B. S. (2013) <em>Cultures of Creativity<\/em>&nbsp;<\/p>\n\n\n\n<div class=\"wp-block-comments\">\t<div id=\"respond\" class=\"comment-respond wp-block-post-comments-form\">\n\t\t<h3 id=\"reply-title\" class=\"comment-reply-title\">Skriv et svar <small><a rel=\"nofollow\" id=\"cancel-comment-reply-link\" href=\"\/amplexus\/wp-json\/wp\/v2\/pages\/49#respond\" style=\"display:none;\">Annuller svar<\/a><\/small><\/h3><p class=\"must-log-in\">Du skal v\u00e6re <a href=\"https:\/\/itdd.au.dk\/amplexus\/wp-login.php?redirect_to=https%3A%2F%2Fitdd.au.dk%2Famplexus%2Fblogpost-1%2F\">logget ind<\/a> for at skrive en kommentar.<\/p>\t<\/div><!-- #respond -->\n\t<\/div>\n","protected":false},"excerpt":{"rendered":"<p>Omelettes of Creativity Vi valgte som udgangspunkt, at alle lavede den samme ret, i et synkront Zoom-opkald, hvor vi kunne snakke sammen under hele processen. Selvom vi havde samme m\u00e5l, at lave en omelet, fik vi alligevel fire meget forskellige retter som resultat. Muligheden for at tale sammen undervejs, skabte rum for at vi kunne [&hellip;]<\/p>\n","protected":false},"author":60,"featured_media":0,"parent":0,"menu_order":0,"comment_status":"open","ping_status":"closed","template":"","meta":{"footnotes":""},"class_list":["post-49","page","type-page","status-publish","hentry","entry"],"_links":{"self":[{"href":"https:\/\/itdd.au.dk\/amplexus\/wp-json\/wp\/v2\/pages\/49","targetHints":{"allow":["GET"]}}],"collection":[{"href":"https:\/\/itdd.au.dk\/amplexus\/wp-json\/wp\/v2\/pages"}],"about":[{"href":"https:\/\/itdd.au.dk\/amplexus\/wp-json\/wp\/v2\/types\/page"}],"author":[{"embeddable":true,"href":"https:\/\/itdd.au.dk\/amplexus\/wp-json\/wp\/v2\/users\/60"}],"replies":[{"embeddable":true,"href":"https:\/\/itdd.au.dk\/amplexus\/wp-json\/wp\/v2\/comments?post=49"}],"version-history":[{"count":20,"href":"https:\/\/itdd.au.dk\/amplexus\/wp-json\/wp\/v2\/pages\/49\/revisions"}],"predecessor-version":[{"id":247,"href":"https:\/\/itdd.au.dk\/amplexus\/wp-json\/wp\/v2\/pages\/49\/revisions\/247"}],"wp:attachment":[{"href":"https:\/\/itdd.au.dk\/amplexus\/wp-json\/wp\/v2\/media?parent=49"}],"curies":[{"name":"wp","href":"https:\/\/api.w.org\/{rel}","templated":true}]}}