{"id":151,"date":"2025-05-11T23:07:24","date_gmt":"2025-05-11T23:07:24","guid":{"rendered":"https:\/\/itdd.au.dk\/aktivitets-space\/?page_id=151"},"modified":"2025-05-11T23:07:24","modified_gmt":"2025-05-11T23:07:24","slug":"discord","status":"publish","type":"page","link":"https:\/\/itdd.au.dk\/aktivitets-space\/discord\/","title":{"rendered":"Discord"},"content":{"rendered":"\n<div class=\"wp-block-group alignfull is-style-section-1 has-global-padding is-layout-constrained wp-container-core-group-is-layout-cdf985e3 wp-block-group-is-layout-constrained is-style-section-1--1\" style=\"min-height:100vh;margin-top:0;margin-bottom:0;padding-top:var(--wp--preset--spacing--80);padding-right:var(--wp--preset--spacing--80);padding-bottom:var(--wp--preset--spacing--80);padding-left:var(--wp--preset--spacing--80)\">\n<div class=\"wp-block-columns alignwide are-vertically-aligned-center is-layout-flex wp-container-core-columns-is-layout-643ced6b wp-block-columns-is-layout-flex\">\n<div class=\"wp-block-column is-vertically-aligned-center is-layout-flow wp-block-column-is-layout-flow\">\n<div class=\"wp-block-columns is-layout-flex wp-container-core-columns-is-layout-28f84493 wp-block-columns-is-layout-flex\">\n<div class=\"wp-block-column is-layout-flow wp-block-column-is-layout-flow\" style=\"flex-basis:100%\">\n<div class=\"wp-block-columns is-layout-flex wp-container-core-columns-is-layout-28f84493 wp-block-columns-is-layout-flex\">\n<div class=\"wp-block-column is-layout-flow wp-block-column-is-layout-flow\" style=\"flex-basis:33.33%\">\n<figure class=\"wp-block-image size-large\"><img loading=\"lazy\" decoding=\"async\" width=\"1024\" height=\"1024\" src=\"https:\/\/itdd.au.dk\/aktivitets-space\/wp-content\/uploads\/sites\/35\/2025\/05\/image-6-1024x1024.png\" alt=\"\" class=\"wp-image-121\" srcset=\"https:\/\/itdd.au.dk\/aktivitets-space\/wp-content\/uploads\/sites\/35\/2025\/05\/image-6-1024x1024.png 1024w, https:\/\/itdd.au.dk\/aktivitets-space\/wp-content\/uploads\/sites\/35\/2025\/05\/image-6-300x300.png 300w, https:\/\/itdd.au.dk\/aktivitets-space\/wp-content\/uploads\/sites\/35\/2025\/05\/image-6-150x150.png 150w, https:\/\/itdd.au.dk\/aktivitets-space\/wp-content\/uploads\/sites\/35\/2025\/05\/image-6-768x768.png 768w, https:\/\/itdd.au.dk\/aktivitets-space\/wp-content\/uploads\/sites\/35\/2025\/05\/image-6-1536x1536.png 1536w, https:\/\/itdd.au.dk\/aktivitets-space\/wp-content\/uploads\/sites\/35\/2025\/05\/image-6-2048x2048.png 2048w\" sizes=\"auto, (max-width: 1024px) 100vw, 1024px\" \/><\/figure>\n<\/div>\n\n\n\n<div class=\"wp-block-column is-layout-flow wp-block-column-is-layout-flow\" style=\"flex-basis:66.66%\">\n<figure class=\"wp-block-image size-full\"><img loading=\"lazy\" decoding=\"async\" width=\"372\" height=\"743\" src=\"https:\/\/itdd.au.dk\/aktivitets-space\/wp-content\/uploads\/sites\/35\/2025\/05\/Skaermbillede-2025-05-12-001920.png\" alt=\"\" class=\"wp-image-152\" srcset=\"https:\/\/itdd.au.dk\/aktivitets-space\/wp-content\/uploads\/sites\/35\/2025\/05\/Skaermbillede-2025-05-12-001920.png 372w, https:\/\/itdd.au.dk\/aktivitets-space\/wp-content\/uploads\/sites\/35\/2025\/05\/Skaermbillede-2025-05-12-001920-150x300.png 150w\" sizes=\"auto, (max-width: 372px) 100vw, 372px\" \/><\/figure>\n<\/div>\n<\/div>\n<\/div>\n<\/div>\n<\/div>\n\n\n\n<div class=\"wp-block-column is-vertically-aligned-center is-layout-flow wp-block-column-is-layout-flow\">\n<div class=\"wp-block-group is-vertical is-content-justification-stretch is-layout-flex wp-container-core-group-is-layout-353c4f5a wp-block-group-is-layout-flex\">\n<div class=\"wp-block-group has-global-padding is-layout-constrained wp-block-group-is-layout-constrained\">\n<h2 class=\"wp-block-heading has-text-align-left\">Uformelt virtuelt m\u00f8derum<\/h2>\n<\/div>\n\n\n\n<p>Discord er et f\u00e6llesskabsv\u00e6rkt\u00f8j, der kan fungere som et uformelt socialt og fagligt samlingspunkt for et ITDD hold, hvor der kan skabes b\u00e5de tekst og videokanaler til deling af indhold og kommunikation med medstuderende. Discord som portal, kan give jer et rum, hvor underviserne ikke er tilstede. Tryk <a href=\"https:\/\/discord.gg\/U23FkJzC\">her<\/a> for komme til ITDD-\u00e5rgang 2024s server.<\/p>\n<\/div>\n\n\n\n<p>En af discords fordele i forhold til andre sammenlignelige medier (Messenger, Zoom, Teams etc.), er muligheden for at &#8216;hoppe&#8217; direkte mellem rum. <\/p>\n\n\n\n<p>Et eksempel: Studiegruppe A sidder i m\u00f8derum p\u00e5 Discord og er ved at lave en blogpost-opgave, de er i tvivl om hvordan de skal gribe opgaven an, da beskrivelsen er en smule uklar. Studiegruppe A ser s\u00e5, at Studiegruppe B ogs\u00e5 sidder i deres m\u00f8derum p\u00e5 Discord. Gruppe A kan nu hoppe direkte over til gruppe B og snakke med dem om opgaven fremfor at vente p\u00e5 asynkron kommunikation.<\/p>\n\n\n\n<div class=\"wp-block-group is-vertical is-content-justification-stretch is-layout-flex wp-container-core-group-is-layout-353c4f5a wp-block-group-is-layout-flex\">\n<div class=\"wp-block-columns is-layout-flex wp-container-core-columns-is-layout-28f84493 wp-block-columns-is-layout-flex\">\n<div class=\"wp-block-column is-layout-flow wp-block-column-is-layout-flow\" style=\"flex-basis:100%\">\n<div class=\"wp-block-columns is-layout-flex wp-container-core-columns-is-layout-28f84493 wp-block-columns-is-layout-flex\">\n<div class=\"wp-block-column is-layout-flow wp-block-column-is-layout-flow\">\n<p class=\"has-text-align-center\"><\/p>\n\n\n\n<p><\/p>\n<\/div>\n<\/div>\n<\/div>\n<\/div>\n<\/div>\n<\/div>\n<\/div>\n\n\n\n<blockquote class=\"wp-block-quote is-layout-flow wp-block-quote-is-layout-flow\">\n<p class=\"has-text-align-center\">&#8220;Den vigtigste v\u00e6rdi i dette f\u00e6llesskab er den usagte accept af, at man kan komme og g\u00e5, som det passer \u00e9n selv.&#8221; <\/p>\n\n\n\n<p class=\"has-text-align-center\">ITDD-studerende om v\u00e6rdien ved et uformelt rum, som Discord.<\/p>\n<\/blockquote>\n<\/div>\n\n\n\n<h2 class=\"wp-block-heading\">Fremh\u00e6vede Features:<\/h2>\n\n\n\n<div class=\"wp-block-columns is-layout-flex wp-container-core-columns-is-layout-28f84493 wp-block-columns-is-layout-flex\">\n<div class=\"wp-block-column is-layout-flow wp-block-column-is-layout-flow\">\n<p>Faglige<\/p>\n\n\n\n<p><\/p>\n<\/div>\n\n\n\n<div class=\"wp-block-column is-layout-flow wp-block-column-is-layout-flow\">\n<p>Sociale<\/p>\n\n\n\n<p><\/p>\n<\/div>\n<\/div>\n\n\n\n<h2 class=\"wp-block-heading\">Guide til ops\u00e6tning af Discord-server:<\/h2>\n\n\n\n<figure class=\"wp-block-image size-full\"><img loading=\"lazy\" decoding=\"async\" width=\"1024\" height=\"1024\" src=\"https:\/\/itdd.au.dk\/aktivitets-space\/wp-content\/uploads\/sites\/35\/2025\/05\/ChatGPT-Image-12.-maj-2025-01.05.53.png\" alt=\"\" class=\"wp-image-153\" srcset=\"https:\/\/itdd.au.dk\/aktivitets-space\/wp-content\/uploads\/sites\/35\/2025\/05\/ChatGPT-Image-12.-maj-2025-01.05.53.png 1024w, https:\/\/itdd.au.dk\/aktivitets-space\/wp-content\/uploads\/sites\/35\/2025\/05\/ChatGPT-Image-12.-maj-2025-01.05.53-300x300.png 300w, https:\/\/itdd.au.dk\/aktivitets-space\/wp-content\/uploads\/sites\/35\/2025\/05\/ChatGPT-Image-12.-maj-2025-01.05.53-150x150.png 150w, https:\/\/itdd.au.dk\/aktivitets-space\/wp-content\/uploads\/sites\/35\/2025\/05\/ChatGPT-Image-12.-maj-2025-01.05.53-768x768.png 768w\" sizes=\"auto, (max-width: 1024px) 100vw, 1024px\" \/><\/figure>\n","protected":false},"excerpt":{"rendered":"<p>Uformelt virtuelt m\u00f8derum Discord er et f\u00e6llesskabsv\u00e6rkt\u00f8j, der kan fungere som et uformelt socialt og fagligt samlingspunkt for et ITDD hold, hvor der kan skabes b\u00e5de tekst og videokanaler til deling af indhold og kommunikation med medstuderende. Discord som portal, kan give jer et rum, hvor underviserne ikke er tilstede. Tryk her for komme til [&hellip;]<\/p>\n","protected":false},"author":48,"featured_media":0,"parent":0,"menu_order":0,"comment_status":"closed","ping_status":"closed","template":"","meta":{"footnotes":""},"class_list":["post-151","page","type-page","status-publish","hentry"],"_links":{"self":[{"href":"https:\/\/itdd.au.dk\/aktivitets-space\/wp-json\/wp\/v2\/pages\/151","targetHints":{"allow":["GET"]}}],"collection":[{"href":"https:\/\/itdd.au.dk\/aktivitets-space\/wp-json\/wp\/v2\/pages"}],"about":[{"href":"https:\/\/itdd.au.dk\/aktivitets-space\/wp-json\/wp\/v2\/types\/page"}],"author":[{"embeddable":true,"href":"https:\/\/itdd.au.dk\/aktivitets-space\/wp-json\/wp\/v2\/users\/48"}],"replies":[{"embeddable":true,"href":"https:\/\/itdd.au.dk\/aktivitets-space\/wp-json\/wp\/v2\/comments?post=151"}],"version-history":[{"count":2,"href":"https:\/\/itdd.au.dk\/aktivitets-space\/wp-json\/wp\/v2\/pages\/151\/revisions"}],"predecessor-version":[{"id":155,"href":"https:\/\/itdd.au.dk\/aktivitets-space\/wp-json\/wp\/v2\/pages\/151\/revisions\/155"}],"wp:attachment":[{"href":"https:\/\/itdd.au.dk\/aktivitets-space\/wp-json\/wp\/v2\/media?parent=151"}],"curies":[{"name":"wp","href":"https:\/\/api.w.org\/{rel}","templated":true}]}}